{"id":1000,"date":"2025-01-09T22:40:17","date_gmt":"2025-01-09T22:40:17","guid":{"rendered":"https:\/\/maniapanel.win\/medicinski-fakultet\/?page_id=1000"},"modified":"2026-02-17T11:25:46","modified_gmt":"2026-02-17T11:25:46","slug":"medicina-rada","status":"publish","type":"page","link":"https:\/\/mf.unsa.ba\/en\/fakultet\/katedre\/medicina-rada\/","title":{"rendered":"Department of Occupational Medicine"},"content":{"rendered":"<p>At <strong>Department of Occupational Medicine <\/strong>teaching is conducted to provide students with an understanding of the impact of the work environment on workers\u2019 health, including risk factors in the workplace such as physical, chemical, biological, and psychosocial hazards. The program also provides insight into the prevention and treatment of diseases related to working conditions.<\/p>\n\n\n\n<p><strong>List of Courses Offered by the <\/strong><strong>Department of Occupational Medicine<\/strong><\/p>\n\n\n\n<p><strong>Required Courses:<\/strong><\/p>\n\n\n\n<ul class=\"wp-block-list\">\n<li>Department of Occupational Medicine<\/li>\n\n\n\n<li>Occupational Health<\/li>\n<\/ul>\n\n\n\n<h2 class=\"wp-block-heading\"><\/h2>\n\n\n        <div class=\"inner-notification-container-employees\">\n                            <div class=\"inner-notification-container-employes-bottom-card\">\n                   <div class=\"inner-notification-container-employes-bottom-card-image\">\n    <img decoding=\"async\" src=\"https:\/\/mf.unsa.ba\/wp-content\/uploads\/2024\/12\/sanja-brekalo-lazarevic.jpg\" alt=\"Prof. dr. Sanja Brekalo Lazarevi\u0107\">\n<\/div>\n\n                    <div class=\"inner-notification-container-employes-bottom-card-info\">\n                        <h5>Prof. dr. Sanja Brekalo Lazarevi\u0107<\/h5>\n\t\t\t\t\t\t \t\t\t\t\t\t  <p class=\"funkcija\">Head of Department \/ Associate Professor<\/p>\n\t\t\t\t\t\t                        <a href=\"tel:+387 61 729 404\">\n                            <img decoding=\"async\" class=\"iconircud\" src=\"https:\/\/mf.unsa.ba\/wp-content\/themes\/medicinski-fakultet\/images\/small-phone-icon.svg\" alt=\"phone\">\n                            +387 61 729 404                           <\/a>\n                        <a href=\"mailto:sanja.brekalo@mf.unsa.ba\">\n                            <img decoding=\"async\" class=\"iconircud\" src=\"https:\/\/mf.unsa.ba\/wp-content\/themes\/medicinski-fakultet\/images\/small-email-icon.svg\" alt=\"email\"> \n                            sanja.brekalo@mf.unsa.ba                        <\/a>\n                        <a href=\"http:\/\/0000-0002-5704-6494\">\n                            <img decoding=\"async\" class=\"iconircud\" src=\"https:\/\/mf.unsa.ba\/wp-content\/themes\/medicinski-fakultet\/\/images\/small-id-icon.svg\" alt=\"id\">ORCID ID: 0000-0002-5704-6494                        <\/a>\n                    <\/div>\n                    <div class=\"inner-notification-container-employes-bottom-card-downloads\">\n                        <h6>Download Curriculum Vitae<\/h6>\n\t\t\t\t\t\t                          <a href=\"https:\/\/mf.unsa.ba\/wp-content\/uploads\/2025\/04\/Prof.-dr-Sanja-Brekalo-Lazarevic.pdf\">\n                            <svg width=\"12\" height=\"9\" viewbox=\"0 0 12 9\" fill=\"none\" xmlns=\"http:\/\/www.w3.org\/2000\/svg\">\n                                <path d=\"M7.12652 7.77447C7.05849 7.83926 7.00393 7.9174 6.96609 8.00421C6.92825 8.09103 6.90791 8.18475 6.90627 8.27978C6.90462 8.3748 6.92173 8.4692 6.95655 8.55732C6.99137 8.64545 7.0432 8.7255 7.10894 8.79271C7.17469 8.85991 7.253 8.91289 7.3392 8.94849C7.42541 8.98409 7.51775 9.00157 7.61071 8.99989C7.70368 8.99821 7.79535 8.97741 7.88028 8.93873C7.96521 8.90005 8.04164 8.84428 8.10503 8.77474L11.7975 5.00014C11.9272 4.86743 12 4.68755 12 4.5C12 4.31245 11.9272 4.13257 11.7975 3.99986L8.10503 0.225257C8.04164 0.155722 7.96521 0.0999514 7.88028 0.0612684C7.79536 0.0225865 7.70368 0.00178681 7.61072 0.000110242C7.51775 -0.00156633 7.42541 0.0159136 7.33921 0.0515094C7.253 0.0871044 7.17469 0.140087 7.10894 0.207292C7.0432 0.274498 6.99137 0.354551 6.95655 0.442677C6.92173 0.530803 6.90463 0.625195 6.90627 0.720223C6.90791 0.815252 6.92825 0.908969 6.96609 0.995785C7.00394 1.0826 7.05849 1.16073 7.12652 1.22553L9.63741 3.79226L0.692342 3.79226C0.508722 3.79226 0.332621 3.86683 0.202782 3.99955C0.0729422 4.13228 -5.43862e-07 4.31229 -5.60272e-07 4.5C-5.76681e-07 4.6877 0.0729421 4.86772 0.202782 5.00045C0.332621 5.13317 0.508722 5.20774 0.692342 5.20774L9.63741 5.20774L7.12652 7.77447Z\" fill=\"#2487D1\"\/>\n                            <\/svg> \n                            Curriculum Vitae\n                        <\/a>\n\t\t\t\t\t\t\t\t\t\t\t\t\n\t\t\t\t\t\t                     <\/div>\n                <\/div>\n                            <div class=\"inner-notification-container-employes-bottom-card\">\n                   <div class=\"inner-notification-container-employes-bottom-card-image\">\n    <img decoding=\"async\" src=\"https:\/\/mf.unsa.ba\/wp-content\/uploads\/2024\/12\/jasmina-bescevic-tokic.jpg\" alt=\"Doc. dr. Jasmina Bi\u0161\u0107evi\u0107-Toki\u0107\">\n<\/div>\n\n                    <div class=\"inner-notification-container-employes-bottom-card-info\">\n                        <h5>Doc. dr. Jasmina Bi\u0161\u0107evi\u0107-Toki\u0107<\/h5>\n\t\t\t\t\t\t \t\t\t\t\t\t  <p class=\"funkcija\">Assistant Professor<\/p>\n\t\t\t\t\t\t                        <a href=\"tel:+387 61 295 481\">\n                            <img decoding=\"async\" class=\"iconircud\" src=\"https:\/\/mf.unsa.ba\/wp-content\/themes\/medicinski-fakultet\/images\/small-phone-icon.svg\" alt=\"phone\">\n                            +387 61 295 481                           <\/a>\n                        <a href=\"mailto:jasmina.biscevic@mf.unsa.ba\">\n                            <img decoding=\"async\" class=\"iconircud\" src=\"https:\/\/mf.unsa.ba\/wp-content\/themes\/medicinski-fakultet\/images\/small-email-icon.svg\" alt=\"email\"> \n                            jasmina.biscevic@mf.unsa.ba                        <\/a>\n                        <a href=\"http:\/\/0000-0003-1595-7123\">\n                            <img decoding=\"async\" class=\"iconircud\" src=\"https:\/\/mf.unsa.ba\/wp-content\/themes\/medicinski-fakultet\/\/images\/small-id-icon.svg\" alt=\"id\">ORCID ID: 0000-0003-1595-7123                        <\/a>\n                    <\/div>\n                    <div class=\"inner-notification-container-employes-bottom-card-downloads\">\n                        <h6>Download Curriculum Vitae<\/h6>\n\t\t\t\t\t\t                          <a href=\"https:\/\/mf.unsa.ba\/wp-content\/uploads\/2025\/04\/Prof.-dr.-Jasmina-Biscevic-Tokic.pdf\">\n                            <svg width=\"12\" height=\"9\" viewbox=\"0 0 12 9\" fill=\"none\" xmlns=\"http:\/\/www.w3.org\/2000\/svg\">\n                                <path d=\"M7.12652 7.77447C7.05849 7.83926 7.00393 7.9174 6.96609 8.00421C6.92825 8.09103 6.90791 8.18475 6.90627 8.27978C6.90462 8.3748 6.92173 8.4692 6.95655 8.55732C6.99137 8.64545 7.0432 8.7255 7.10894 8.79271C7.17469 8.85991 7.253 8.91289 7.3392 8.94849C7.42541 8.98409 7.51775 9.00157 7.61071 8.99989C7.70368 8.99821 7.79535 8.97741 7.88028 8.93873C7.96521 8.90005 8.04164 8.84428 8.10503 8.77474L11.7975 5.00014C11.9272 4.86743 12 4.68755 12 4.5C12 4.31245 11.9272 4.13257 11.7975 3.99986L8.10503 0.225257C8.04164 0.155722 7.96521 0.0999514 7.88028 0.0612684C7.79536 0.0225865 7.70368 0.00178681 7.61072 0.000110242C7.51775 -0.00156633 7.42541 0.0159136 7.33921 0.0515094C7.253 0.0871044 7.17469 0.140087 7.10894 0.207292C7.0432 0.274498 6.99137 0.354551 6.95655 0.442677C6.92173 0.530803 6.90463 0.625195 6.90627 0.720223C6.90791 0.815252 6.92825 0.908969 6.96609 0.995785C7.00394 1.0826 7.05849 1.16073 7.12652 1.22553L9.63741 3.79226L0.692342 3.79226C0.508722 3.79226 0.332621 3.86683 0.202782 3.99955C0.0729422 4.13228 -5.43862e-07 4.31229 -5.60272e-07 4.5C-5.76681e-07 4.6877 0.0729421 4.86772 0.202782 5.00045C0.332621 5.13317 0.508722 5.20774 0.692342 5.20774L9.63741 5.20774L7.12652 7.77447Z\" fill=\"#2487D1\"\/>\n                            <\/svg> \n                            Curriculum Vitae\n                        <\/a>\n\t\t\t\t\t\t\t\t\t\t\t\t\n\t\t\t\t\t\t                     <\/div>\n                <\/div>\n                    <\/div>\n    \n\n\n<h2 class=\"wp-block-heading\">Consultation Hours (2025\/2026 Academic Year)<\/h2>\n\n\n        <div class=\"inner-notification-container-termini\">\n                            <div class=\"inner-notification-container-termini-card\">\n                    <h5>Prof. dr. Sanja Brekalo Lazarevi\u0107<\/h5>\n                    <p>Fridays: 11:00 \u2013 16:00 at the Faculty of Medicine or at the Public Institution for Occupational Medicine of Sarajevo Canton, with prior appointment via email:\nsanja.brekalo@mf.unsa.ba; jasmina.biscevic@mf.unsa.ba<\/p>\n                <\/div>\n                            <div class=\"inner-notification-container-termini-card\">\n                    <h5>Doc. dr. Jasmina Bi\u0161\u010devi\u0107-Toki\u0107<\/h5>\n                    <p>Fridays: 11:00 \u2013 16:00 at the Faculty of Medicine or at the Public Institution for Occupational Medicine of Sarajevo Canton, with prior appointment via email:\nsanja.brekalo@mf.unsa.ba; jasmina.biscevic@mf.unsa.ba<\/p>\n                <\/div>\n                    <\/div>\n    \n\n\n<p><br><br><br><\/p>\n\n\n\n<p><\/p>","protected":false},"excerpt":{"rendered":"<p>Na Katedri za medicinu rada odvija se nastava koja studentima omogu\u0107ava razumijevanje uticaja radnog okru\u017eenja na zdravlje radnika, odnosno faktora rizika na radnom mjestu, kao \u0161to su fizi\u010dki, hemijski, biolo\u0161ki i psihosocijalni faktori, te pru\u017ea razumijevanje prevencije i lje\u010denja bolesti koje su povezane s radnim uvjetima. Spisak predmeta koji se realizuju na Katedri za medicinu [&hellip;]<\/p>\n","protected":false},"author":1,"featured_media":0,"parent":166,"menu_order":0,"comment_status":"closed","ping_status":"closed","template":"","meta":{"_acf_changed":false,"footnotes":""},"class_list":["post-1000","page","type-page","status-publish","hentry"],"acf":[],"yoast_head":"<!-- This site is optimized with the Yoast SEO plugin v27.3 - https:\/\/yoast.com\/product\/yoast-seo-wordpress\/ -->\n<title>MEDICINA RADA - Medicinski fakultet u Sarajevu<\/title>\n<meta name=\"robots\" content=\"index, follow, max-snippet:-1, max-image-preview:large, max-video-preview:-1\" \/>\n<link rel=\"canonical\" href=\"https:\/\/mf.unsa.ba\/en\/fakultet\/katedre\/medicina-rada\/\" \/>\n<meta property=\"og:locale\" content=\"en_US\" \/>\n<meta property=\"og:type\" content=\"article\" \/>\n<meta property=\"og:title\" content=\"MEDICINA RADA - Medicinski fakultet u Sarajevu\" \/>\n<meta property=\"og:description\" content=\"Na Katedri za medicinu rada odvija se nastava koja studentima omogu\u0107ava razumijevanje uticaja radnog okru\u017eenja na zdravlje radnika, odnosno faktora rizika na radnom mjestu, kao \u0161to su fizi\u010dki, hemijski, biolo\u0161ki i psihosocijalni faktori, te pru\u017ea razumijevanje prevencije i lje\u010denja bolesti koje su povezane s radnim uvjetima. Spisak predmeta koji se realizuju na Katedri za medicinu [&hellip;]\" \/>\n<meta property=\"og:url\" content=\"https:\/\/mf.unsa.ba\/en\/fakultet\/katedre\/medicina-rada\/\" \/>\n<meta property=\"og:site_name\" content=\"Medicinski fakultet u Sarajevu\" \/>\n<meta property=\"article:publisher\" content=\"https:\/\/www.facebook.com\/medicinski.fakultet.unsa\/\" \/>\n<meta property=\"article:modified_time\" content=\"2026-02-17T11:25:46+00:00\" \/>\n<meta name=\"twitter:card\" content=\"summary_large_image\" \/>\n<meta name=\"twitter:label1\" content=\"Est. reading time\" \/>\n\t<meta name=\"twitter:data1\" content=\"1 minute\" \/>\n<script type=\"application\/ld+json\" class=\"yoast-schema-graph\">{\"@context\":\"https:\\\/\\\/schema.org\",\"@graph\":[{\"@type\":\"WebPage\",\"@id\":\"https:\\\/\\\/mf.unsa.ba\\\/fakultet\\\/katedre\\\/medicina-rada\\\/\",\"url\":\"https:\\\/\\\/mf.unsa.ba\\\/fakultet\\\/katedre\\\/medicina-rada\\\/\",\"name\":\"MEDICINA RADA - Medicinski fakultet u Sarajevu\",\"isPartOf\":{\"@id\":\"https:\\\/\\\/mf.unsa.ba\\\/#website\"},\"datePublished\":\"2025-01-09T22:40:17+00:00\",\"dateModified\":\"2026-02-17T11:25:46+00:00\",\"breadcrumb\":{\"@id\":\"https:\\\/\\\/mf.unsa.ba\\\/fakultet\\\/katedre\\\/medicina-rada\\\/#breadcrumb\"},\"inLanguage\":\"en-US\",\"potentialAction\":[{\"@type\":\"ReadAction\",\"target\":[\"https:\\\/\\\/mf.unsa.ba\\\/fakultet\\\/katedre\\\/medicina-rada\\\/\"]}]},{\"@type\":\"BreadcrumbList\",\"@id\":\"https:\\\/\\\/mf.unsa.ba\\\/fakultet\\\/katedre\\\/medicina-rada\\\/#breadcrumb\",\"itemListElement\":[{\"@type\":\"ListItem\",\"position\":1,\"name\":\"Home\",\"item\":\"https:\\\/\\\/mf.unsa.ba\\\/\"},{\"@type\":\"ListItem\",\"position\":2,\"name\":\"Fakultet\",\"item\":\"https:\\\/\\\/mf.unsa.ba\\\/fakultet\\\/\"},{\"@type\":\"ListItem\",\"position\":3,\"name\":\"Katedre\",\"item\":\"https:\\\/\\\/mf.unsa.ba\\\/fakultet\\\/katedre\\\/\"},{\"@type\":\"ListItem\",\"position\":4,\"name\":\"MEDICINA RADA\"}]},{\"@type\":\"WebSite\",\"@id\":\"https:\\\/\\\/mf.unsa.ba\\\/#website\",\"url\":\"https:\\\/\\\/mf.unsa.ba\\\/\",\"name\":\"Medicinski fakultet u Sarajevu\",\"description\":\"\",\"potentialAction\":[{\"@type\":\"SearchAction\",\"target\":{\"@type\":\"EntryPoint\",\"urlTemplate\":\"https:\\\/\\\/mf.unsa.ba\\\/?s={search_term_string}\"},\"query-input\":{\"@type\":\"PropertyValueSpecification\",\"valueRequired\":true,\"valueName\":\"search_term_string\"}}],\"inLanguage\":\"en-US\"}]}<\/script>\n<!-- \/ Yoast SEO plugin. -->","yoast_head_json":{"title":"MEDICINA RADA - Medicinski fakultet u Sarajevu","robots":{"index":"index","follow":"follow","max-snippet":"max-snippet:-1","max-image-preview":"max-image-preview:large","max-video-preview":"max-video-preview:-1"},"canonical":"https:\/\/mf.unsa.ba\/en\/fakultet\/katedre\/medicina-rada\/","og_locale":"en_US","og_type":"article","og_title":"MEDICINA RADA - Medicinski fakultet u Sarajevu","og_description":"Na Katedri za medicinu rada odvija se nastava koja studentima omogu\u0107ava razumijevanje uticaja radnog okru\u017eenja na zdravlje radnika, odnosno faktora rizika na radnom mjestu, kao \u0161to su fizi\u010dki, hemijski, biolo\u0161ki i psihosocijalni faktori, te pru\u017ea razumijevanje prevencije i lje\u010denja bolesti koje su povezane s radnim uvjetima. Spisak predmeta koji se realizuju na Katedri za medicinu [&hellip;]","og_url":"https:\/\/mf.unsa.ba\/en\/fakultet\/katedre\/medicina-rada\/","og_site_name":"Medicinski fakultet u Sarajevu","article_publisher":"https:\/\/www.facebook.com\/medicinski.fakultet.unsa\/","article_modified_time":"2026-02-17T11:25:46+00:00","twitter_card":"summary_large_image","twitter_misc":{"Est. reading time":"1 minute"},"schema":{"@context":"https:\/\/schema.org","@graph":[{"@type":"WebPage","@id":"https:\/\/mf.unsa.ba\/fakultet\/katedre\/medicina-rada\/","url":"https:\/\/mf.unsa.ba\/fakultet\/katedre\/medicina-rada\/","name":"MEDICINA RADA - Medicinski fakultet u Sarajevu","isPartOf":{"@id":"https:\/\/mf.unsa.ba\/#website"},"datePublished":"2025-01-09T22:40:17+00:00","dateModified":"2026-02-17T11:25:46+00:00","breadcrumb":{"@id":"https:\/\/mf.unsa.ba\/fakultet\/katedre\/medicina-rada\/#breadcrumb"},"inLanguage":"en-US","potentialAction":[{"@type":"ReadAction","target":["https:\/\/mf.unsa.ba\/fakultet\/katedre\/medicina-rada\/"]}]},{"@type":"BreadcrumbList","@id":"https:\/\/mf.unsa.ba\/fakultet\/katedre\/medicina-rada\/#breadcrumb","itemListElement":[{"@type":"ListItem","position":1,"name":"Home","item":"https:\/\/mf.unsa.ba\/"},{"@type":"ListItem","position":2,"name":"Fakultet","item":"https:\/\/mf.unsa.ba\/fakultet\/"},{"@type":"ListItem","position":3,"name":"Katedre","item":"https:\/\/mf.unsa.ba\/fakultet\/katedre\/"},{"@type":"ListItem","position":4,"name":"MEDICINA RADA"}]},{"@type":"WebSite","@id":"https:\/\/mf.unsa.ba\/#website","url":"https:\/\/mf.unsa.ba\/","name":"Medicinski fakultet u Sarajevu","description":"","potentialAction":[{"@type":"SearchAction","target":{"@type":"EntryPoint","urlTemplate":"https:\/\/mf.unsa.ba\/?s={search_term_string}"},"query-input":{"@type":"PropertyValueSpecification","valueRequired":true,"valueName":"search_term_string"}}],"inLanguage":"en-US"}]}},"_links":{"self":[{"href":"https:\/\/mf.unsa.ba\/en\/wp-json\/wp\/v2\/pages\/1000","targetHints":{"allow":["GET"]}}],"collection":[{"href":"https:\/\/mf.unsa.ba\/en\/wp-json\/wp\/v2\/pages"}],"about":[{"href":"https:\/\/mf.unsa.ba\/en\/wp-json\/wp\/v2\/types\/page"}],"author":[{"embeddable":true,"href":"https:\/\/mf.unsa.ba\/en\/wp-json\/wp\/v2\/users\/1"}],"replies":[{"embeddable":true,"href":"https:\/\/mf.unsa.ba\/en\/wp-json\/wp\/v2\/comments?post=1000"}],"version-history":[{"count":8,"href":"https:\/\/mf.unsa.ba\/en\/wp-json\/wp\/v2\/pages\/1000\/revisions"}],"predecessor-version":[{"id":8043,"href":"https:\/\/mf.unsa.ba\/en\/wp-json\/wp\/v2\/pages\/1000\/revisions\/8043"}],"up":[{"embeddable":true,"href":"https:\/\/mf.unsa.ba\/en\/wp-json\/wp\/v2\/pages\/166"}],"wp:attachment":[{"href":"https:\/\/mf.unsa.ba\/en\/wp-json\/wp\/v2\/media?parent=1000"}],"curies":[{"name":"wp","href":"https:\/\/api.w.org\/{rel}","templated":true}]}}