{"id":1048,"date":"2025-01-12T11:18:47","date_gmt":"2025-01-12T11:18:47","guid":{"rendered":"https:\/\/maniapanel.win\/medicinski-fakultet\/?page_id=1048"},"modified":"2026-02-17T11:31:25","modified_gmt":"2026-02-17T11:31:25","slug":"otorinolaringologija-i-maksilofacijalna-hirurgija","status":"publish","type":"page","link":"https:\/\/mf.unsa.ba\/en\/fakultet\/katedre\/otorinolaringologija-i-maksilofacijalna-hirurgija\/","title":{"rendered":"Department of Otorhinolaryngology and Maxillofacial Surgery"},"content":{"rendered":"<p>At<strong> Department of Otorhinolaryngology and Maxillofacial Surgery<\/strong> offers both theoretical and practical instruction in the fields of ear, nose, and throat diseases, as well as maxillofacial disorders. Students acquire knowledge and skills related to the diagnosis, treatment, and surgical procedures for conditions affecting the respiratory system, hearing, voice, and the anatomical structures of the face and neck.<\/p>\n\n\n\n<p><strong>List of Courses Offered by the Department of<\/strong><strong> Otorhinolaryngology and Maxillofacial Surgery<\/strong><\/p>\n\n\n\n<p><strong>Required Courses:<\/strong><\/p>\n\n\n\n<ul class=\"wp-block-list\">\n<li>Otorinolaringologija<\/li>\n\n\n\n<li>Otorhinolaryngology and Maxillofacial Surgery<\/li>\n<\/ul>\n\n\n\n<h2 class=\"wp-block-heading\"><\/h2>\n\n\n\n\n\n<h2 class=\"wp-block-heading\">Consultation Hours (2025\/2026 Academic Year)<\/h2>\n\n\n        <p>Currently, there are no available consultation hours.<\/p>","protected":false},"excerpt":{"rendered":"<p>Na Katedri za otorinolaringologiju i maksilofacijalnu hirurgiju realizira se teorijska i prakti\u010dna nastava iz oblasti bolesti uha, nosa, grla, te maksilofacijalnih poreme\u0107aja. Studenti sti\u010du znanja i vje\u0161tine koje se odnose na dijagnosticiranje, lije\u010denje i operativne zahvate kod bolesti koje poga\u0111aju respiratorni sistem, sluh, glas i strukture lica i vrata. Spisak predmeta koji se realizuju na [&hellip;]<\/p>\n","protected":false},"author":1,"featured_media":0,"parent":166,"menu_order":0,"comment_status":"closed","ping_status":"closed","template":"","meta":{"_acf_changed":false,"footnotes":""},"class_list":["post-1048","page","type-page","status-publish","hentry"],"acf":[],"yoast_head":"<!-- This site is optimized with the Yoast SEO plugin v27.3 - https:\/\/yoast.com\/product\/yoast-seo-wordpress\/ -->\n<title>OTORINOLARINGOLOGIJA I MAKSILOFACIJALNA HIRURGIJA - Medicinski fakultet u Sarajevu<\/title>\n<meta name=\"robots\" content=\"index, follow, max-snippet:-1, max-image-preview:large, max-video-preview:-1\" \/>\n<link rel=\"canonical\" href=\"https:\/\/mf.unsa.ba\/en\/fakultet\/katedre\/otorinolaringologija-i-maksilofacijalna-hirurgija\/\" \/>\n<meta property=\"og:locale\" content=\"en_US\" \/>\n<meta property=\"og:type\" content=\"article\" \/>\n<meta property=\"og:title\" content=\"OTORINOLARINGOLOGIJA I MAKSILOFACIJALNA HIRURGIJA - Medicinski fakultet u Sarajevu\" \/>\n<meta property=\"og:description\" content=\"Na Katedri za otorinolaringologiju i maksilofacijalnu hirurgiju realizira se teorijska i prakti\u010dna nastava iz oblasti bolesti uha, nosa, grla, te maksilofacijalnih poreme\u0107aja. Studenti sti\u010du znanja i vje\u0161tine koje se odnose na dijagnosticiranje, lije\u010denje i operativne zahvate kod bolesti koje poga\u0111aju respiratorni sistem, sluh, glas i strukture lica i vrata. Spisak predmeta koji se realizuju na [&hellip;]\" \/>\n<meta property=\"og:url\" content=\"https:\/\/mf.unsa.ba\/en\/fakultet\/katedre\/otorinolaringologija-i-maksilofacijalna-hirurgija\/\" \/>\n<meta property=\"og:site_name\" content=\"Medicinski fakultet u Sarajevu\" \/>\n<meta property=\"article:publisher\" content=\"https:\/\/www.facebook.com\/medicinski.fakultet.unsa\/\" \/>\n<meta property=\"article:modified_time\" content=\"2026-02-17T11:31:25+00:00\" \/>\n<meta name=\"twitter:card\" content=\"summary_large_image\" \/>\n<script type=\"application\/ld+json\" class=\"yoast-schema-graph\">{\"@context\":\"https:\\\/\\\/schema.org\",\"@graph\":[{\"@type\":\"WebPage\",\"@id\":\"https:\\\/\\\/mf.unsa.ba\\\/fakultet\\\/katedre\\\/otorinolaringologija-i-maksilofacijalna-hirurgija\\\/\",\"url\":\"https:\\\/\\\/mf.unsa.ba\\\/fakultet\\\/katedre\\\/otorinolaringologija-i-maksilofacijalna-hirurgija\\\/\",\"name\":\"OTORINOLARINGOLOGIJA I MAKSILOFACIJALNA HIRURGIJA - Medicinski fakultet u Sarajevu\",\"isPartOf\":{\"@id\":\"https:\\\/\\\/mf.unsa.ba\\\/#website\"},\"datePublished\":\"2025-01-12T11:18:47+00:00\",\"dateModified\":\"2026-02-17T11:31:25+00:00\",\"breadcrumb\":{\"@id\":\"https:\\\/\\\/mf.unsa.ba\\\/fakultet\\\/katedre\\\/otorinolaringologija-i-maksilofacijalna-hirurgija\\\/#breadcrumb\"},\"inLanguage\":\"en-US\",\"potentialAction\":[{\"@type\":\"ReadAction\",\"target\":[\"https:\\\/\\\/mf.unsa.ba\\\/fakultet\\\/katedre\\\/otorinolaringologija-i-maksilofacijalna-hirurgija\\\/\"]}]},{\"@type\":\"BreadcrumbList\",\"@id\":\"https:\\\/\\\/mf.unsa.ba\\\/fakultet\\\/katedre\\\/otorinolaringologija-i-maksilofacijalna-hirurgija\\\/#breadcrumb\",\"itemListElement\":[{\"@type\":\"ListItem\",\"position\":1,\"name\":\"Home\",\"item\":\"https:\\\/\\\/mf.unsa.ba\\\/\"},{\"@type\":\"ListItem\",\"position\":2,\"name\":\"Fakultet\",\"item\":\"https:\\\/\\\/mf.unsa.ba\\\/fakultet\\\/\"},{\"@type\":\"ListItem\",\"position\":3,\"name\":\"Katedre\",\"item\":\"https:\\\/\\\/mf.unsa.ba\\\/fakultet\\\/katedre\\\/\"},{\"@type\":\"ListItem\",\"position\":4,\"name\":\"OTORINOLARINGOLOGIJA I MAKSILOFACIJALNA HIRURGIJA\"}]},{\"@type\":\"WebSite\",\"@id\":\"https:\\\/\\\/mf.unsa.ba\\\/#website\",\"url\":\"https:\\\/\\\/mf.unsa.ba\\\/\",\"name\":\"Medicinski fakultet u Sarajevu\",\"description\":\"\",\"potentialAction\":[{\"@type\":\"SearchAction\",\"target\":{\"@type\":\"EntryPoint\",\"urlTemplate\":\"https:\\\/\\\/mf.unsa.ba\\\/?s={search_term_string}\"},\"query-input\":{\"@type\":\"PropertyValueSpecification\",\"valueRequired\":true,\"valueName\":\"search_term_string\"}}],\"inLanguage\":\"en-US\"}]}<\/script>\n<!-- \/ Yoast SEO plugin. -->","yoast_head_json":{"title":"OTORINOLARINGOLOGIJA I MAKSILOFACIJALNA HIRURGIJA - Medicinski fakultet u Sarajevu","robots":{"index":"index","follow":"follow","max-snippet":"max-snippet:-1","max-image-preview":"max-image-preview:large","max-video-preview":"max-video-preview:-1"},"canonical":"https:\/\/mf.unsa.ba\/en\/fakultet\/katedre\/otorinolaringologija-i-maksilofacijalna-hirurgija\/","og_locale":"en_US","og_type":"article","og_title":"OTORINOLARINGOLOGIJA I MAKSILOFACIJALNA HIRURGIJA - Medicinski fakultet u Sarajevu","og_description":"Na Katedri za otorinolaringologiju i maksilofacijalnu hirurgiju realizira se teorijska i prakti\u010dna nastava iz oblasti bolesti uha, nosa, grla, te maksilofacijalnih poreme\u0107aja. Studenti sti\u010du znanja i vje\u0161tine koje se odnose na dijagnosticiranje, lije\u010denje i operativne zahvate kod bolesti koje poga\u0111aju respiratorni sistem, sluh, glas i strukture lica i vrata. Spisak predmeta koji se realizuju na [&hellip;]","og_url":"https:\/\/mf.unsa.ba\/en\/fakultet\/katedre\/otorinolaringologija-i-maksilofacijalna-hirurgija\/","og_site_name":"Medicinski fakultet u Sarajevu","article_publisher":"https:\/\/www.facebook.com\/medicinski.fakultet.unsa\/","article_modified_time":"2026-02-17T11:31:25+00:00","twitter_card":"summary_large_image","schema":{"@context":"https:\/\/schema.org","@graph":[{"@type":"WebPage","@id":"https:\/\/mf.unsa.ba\/fakultet\/katedre\/otorinolaringologija-i-maksilofacijalna-hirurgija\/","url":"https:\/\/mf.unsa.ba\/fakultet\/katedre\/otorinolaringologija-i-maksilofacijalna-hirurgija\/","name":"OTORINOLARINGOLOGIJA I MAKSILOFACIJALNA HIRURGIJA - Medicinski fakultet u Sarajevu","isPartOf":{"@id":"https:\/\/mf.unsa.ba\/#website"},"datePublished":"2025-01-12T11:18:47+00:00","dateModified":"2026-02-17T11:31:25+00:00","breadcrumb":{"@id":"https:\/\/mf.unsa.ba\/fakultet\/katedre\/otorinolaringologija-i-maksilofacijalna-hirurgija\/#breadcrumb"},"inLanguage":"en-US","potentialAction":[{"@type":"ReadAction","target":["https:\/\/mf.unsa.ba\/fakultet\/katedre\/otorinolaringologija-i-maksilofacijalna-hirurgija\/"]}]},{"@type":"BreadcrumbList","@id":"https:\/\/mf.unsa.ba\/fakultet\/katedre\/otorinolaringologija-i-maksilofacijalna-hirurgija\/#breadcrumb","itemListElement":[{"@type":"ListItem","position":1,"name":"Home","item":"https:\/\/mf.unsa.ba\/"},{"@type":"ListItem","position":2,"name":"Fakultet","item":"https:\/\/mf.unsa.ba\/fakultet\/"},{"@type":"ListItem","position":3,"name":"Katedre","item":"https:\/\/mf.unsa.ba\/fakultet\/katedre\/"},{"@type":"ListItem","position":4,"name":"OTORINOLARINGOLOGIJA I MAKSILOFACIJALNA HIRURGIJA"}]},{"@type":"WebSite","@id":"https:\/\/mf.unsa.ba\/#website","url":"https:\/\/mf.unsa.ba\/","name":"Medicinski fakultet u Sarajevu","description":"","potentialAction":[{"@type":"SearchAction","target":{"@type":"EntryPoint","urlTemplate":"https:\/\/mf.unsa.ba\/?s={search_term_string}"},"query-input":{"@type":"PropertyValueSpecification","valueRequired":true,"valueName":"search_term_string"}}],"inLanguage":"en-US"}]}},"_links":{"self":[{"href":"https:\/\/mf.unsa.ba\/en\/wp-json\/wp\/v2\/pages\/1048","targetHints":{"allow":["GET"]}}],"collection":[{"href":"https:\/\/mf.unsa.ba\/en\/wp-json\/wp\/v2\/pages"}],"about":[{"href":"https:\/\/mf.unsa.ba\/en\/wp-json\/wp\/v2\/types\/page"}],"author":[{"embeddable":true,"href":"https:\/\/mf.unsa.ba\/en\/wp-json\/wp\/v2\/users\/1"}],"replies":[{"embeddable":true,"href":"https:\/\/mf.unsa.ba\/en\/wp-json\/wp\/v2\/comments?post=1048"}],"version-history":[{"count":10,"href":"https:\/\/mf.unsa.ba\/en\/wp-json\/wp\/v2\/pages\/1048\/revisions"}],"predecessor-version":[{"id":8054,"href":"https:\/\/mf.unsa.ba\/en\/wp-json\/wp\/v2\/pages\/1048\/revisions\/8054"}],"up":[{"embeddable":true,"href":"https:\/\/mf.unsa.ba\/en\/wp-json\/wp\/v2\/pages\/166"}],"wp:attachment":[{"href":"https:\/\/mf.unsa.ba\/en\/wp-json\/wp\/v2\/media?parent=1048"}],"curies":[{"name":"wp","href":"https:\/\/api.w.org\/{rel}","templated":true}]}}