{"id":1209,"date":"2025-01-14T11:57:56","date_gmt":"2025-01-14T11:57:56","guid":{"rendered":"https:\/\/maniapanel.win\/medicinski-fakultet\/?page_id=1209"},"modified":"2025-02-23T16:20:28","modified_gmt":"2025-02-23T16:20:28","slug":"eticki-komitet","status":"publish","type":"page","link":"https:\/\/mf.unsa.ba\/en\/nauka\/eticki-komitet\/","title":{"rendered":"Ethics Committee"},"content":{"rendered":"<p><strong>ETHICS COMMITTEE OF THE UNIVERSITY OF SARAJEVO \u2013 FACULTY OF MEDICINE<\/strong><\/p>\n\n\n\n<p>The Ethics Committee of the University of Sarajevo \u2013 Faculty of Medicine evaluates and monitors the ethical aspects of scientific and professional research involving human subjects and laboratory animal models (within the framework of registered scientific and professional projects, proposals for master's theses and doctoral dissertations, as well as other professional or scientific works).<\/p>\n\n\n\n<p>The Ethics Committee is an autonomous and independent body of the University of Sarajevo \u2013 Faculty of Medicine, responsible for performing tasks within its jurisdiction related to ethical issues, in accordance with Regulation (EU) No. 536\/2014 of the European Parliament and of the Council of 16 April 2014 on clinical trials on medicinal products for human use (which replaces EU Directive 2001\/20\/EC), the Convention on Human Rights and Biomedicine (Oviedo Convention) with the Additional Protocol on Biomedical Research, the Guidelines for Good Clinical Practice (Official Gazette No. 19\/12), the Code of Ethics of the University of Sarajevo dated 27 June 2012, and other normative acts relevant to the field of ethics.<br>2001\/20\/EC), Konvencijom o ljudskim pravima i biomedicini (Konvencija iz Ovieda) sa Dodatnim protokolom o biomedicinskim istra\u017eivanjima, Smjernicama Dobre Klini\u010dke prakse (Sl. glasnik br 19\/12) i Eti\u010dkim kodeksom Univerziteta u Sarajevu od 27.06.2012, te drugim normativnim aktima koji se odnose na oblast etike.<\/p>\n\n\n\n<p>When formulating opinions on ethical issues related to biomedical research involving animals (animal models), the Committee adopts principles and applies recommendations of the Council for International Organizations of Medical Sciences (CIOMS), international principles for biomedical research involving animals, and the resolution of the World Medical Association on the use of animals in biomedical research.<\/p>\n\n\n\n<p>The Committee consists of seven (7) mandatory members, of whom five (5) are from the medical profession and two (2)<br>from non-medical fields.<\/p>\n\n\n\n<p>In carrying out its duties related to academic, scientific, and research work, the Ethics Committee closely cooperates with other bodies of the Faculty, as well as with public and private entities and healthcare institutions, with the aim of creating and ensuring conditions for the development and promotion of scientific research activities, in accordance with applicable international ethical standards.<\/p>\n\n\n\n<p>The Dean of the University of Sarajevo \u2013 Faculty of Medicine appoints the Ethics Committee by official decision.<\/p>\n\n\n\n<p><\/p>","protected":false},"excerpt":{"rendered":"<p>ETI\u010cKI KOMITET UNIVERZITETA U SARAJEVU \u2013 MEDICINSKOG FAKULTETA Eti\u010dki komitet Univerziteta u Sarajevu \u2013 Medicinskog fakulteta evaluira i nadzire eti\u010dki aspekt nau\u010dnih i stru\u010dnih istra\u017eivanja na ljudskim ispitanicima i laboratorijskim animalnim modelima (u sklopu prijavljenih nau\u010dnih i stru\u010dnih projekata, prijedloga magistarskih radova i doktorskih disertacija, te ostalih stru\u010dnih ili nau\u010dnih radova). Eti\u010dki komitet je samostalno [&hellip;]<\/p>\n","protected":false},"author":1,"featured_media":0,"parent":248,"menu_order":0,"comment_status":"closed","ping_status":"closed","template":"","meta":{"_acf_changed":false,"footnotes":""},"class_list":["post-1209","page","type-page","status-publish","hentry"],"acf":[],"yoast_head":"<!-- This site is optimized with the Yoast SEO plugin v27.3 - https:\/\/yoast.com\/product\/yoast-seo-wordpress\/ -->\n<title>Eti\u010dki komitet - Medicinski fakultet u Sarajevu<\/title>\n<meta name=\"robots\" content=\"index, follow, max-snippet:-1, max-image-preview:large, max-video-preview:-1\" \/>\n<link rel=\"canonical\" href=\"https:\/\/mf.unsa.ba\/en\/nauka\/eticki-komitet\/\" \/>\n<meta property=\"og:locale\" content=\"en_US\" \/>\n<meta property=\"og:type\" content=\"article\" \/>\n<meta property=\"og:title\" content=\"Eti\u010dki komitet - Medicinski fakultet u Sarajevu\" \/>\n<meta property=\"og:description\" content=\"ETI\u010cKI KOMITET UNIVERZITETA U SARAJEVU \u2013 MEDICINSKOG FAKULTETA Eti\u010dki komitet Univerziteta u Sarajevu \u2013 Medicinskog fakulteta evaluira i nadzire eti\u010dki aspekt nau\u010dnih i stru\u010dnih istra\u017eivanja na ljudskim ispitanicima i laboratorijskim animalnim modelima (u sklopu prijavljenih nau\u010dnih i stru\u010dnih projekata, prijedloga magistarskih radova i doktorskih disertacija, te ostalih stru\u010dnih ili nau\u010dnih radova). Eti\u010dki komitet je samostalno [&hellip;]\" \/>\n<meta property=\"og:url\" content=\"https:\/\/mf.unsa.ba\/en\/nauka\/eticki-komitet\/\" \/>\n<meta property=\"og:site_name\" content=\"Medicinski fakultet u Sarajevu\" \/>\n<meta property=\"article:publisher\" content=\"https:\/\/www.facebook.com\/medicinski.fakultet.unsa\/\" \/>\n<meta property=\"article:modified_time\" content=\"2025-02-23T16:20:28+00:00\" \/>\n<meta name=\"twitter:card\" content=\"summary_large_image\" \/>\n<meta name=\"twitter:label1\" content=\"Est. reading time\" \/>\n\t<meta name=\"twitter:data1\" content=\"2 minutes\" \/>\n<script type=\"application\/ld+json\" class=\"yoast-schema-graph\">{\"@context\":\"https:\\\/\\\/schema.org\",\"@graph\":[{\"@type\":\"WebPage\",\"@id\":\"https:\\\/\\\/mf.unsa.ba\\\/nauka\\\/eticki-komitet\\\/\",\"url\":\"https:\\\/\\\/mf.unsa.ba\\\/nauka\\\/eticki-komitet\\\/\",\"name\":\"Eti\u010dki komitet - Medicinski fakultet u Sarajevu\",\"isPartOf\":{\"@id\":\"https:\\\/\\\/mf.unsa.ba\\\/#website\"},\"datePublished\":\"2025-01-14T11:57:56+00:00\",\"dateModified\":\"2025-02-23T16:20:28+00:00\",\"breadcrumb\":{\"@id\":\"https:\\\/\\\/mf.unsa.ba\\\/nauka\\\/eticki-komitet\\\/#breadcrumb\"},\"inLanguage\":\"en-US\",\"potentialAction\":[{\"@type\":\"ReadAction\",\"target\":[\"https:\\\/\\\/mf.unsa.ba\\\/nauka\\\/eticki-komitet\\\/\"]}]},{\"@type\":\"BreadcrumbList\",\"@id\":\"https:\\\/\\\/mf.unsa.ba\\\/nauka\\\/eticki-komitet\\\/#breadcrumb\",\"itemListElement\":[{\"@type\":\"ListItem\",\"position\":1,\"name\":\"Home\",\"item\":\"https:\\\/\\\/mf.unsa.ba\\\/\"},{\"@type\":\"ListItem\",\"position\":2,\"name\":\"Nauka\",\"item\":\"https:\\\/\\\/mf.unsa.ba\\\/nauka\\\/\"},{\"@type\":\"ListItem\",\"position\":3,\"name\":\"Eti\u010dki komitet\"}]},{\"@type\":\"WebSite\",\"@id\":\"https:\\\/\\\/mf.unsa.ba\\\/#website\",\"url\":\"https:\\\/\\\/mf.unsa.ba\\\/\",\"name\":\"Medicinski fakultet u Sarajevu\",\"description\":\"\",\"potentialAction\":[{\"@type\":\"SearchAction\",\"target\":{\"@type\":\"EntryPoint\",\"urlTemplate\":\"https:\\\/\\\/mf.unsa.ba\\\/?s={search_term_string}\"},\"query-input\":{\"@type\":\"PropertyValueSpecification\",\"valueRequired\":true,\"valueName\":\"search_term_string\"}}],\"inLanguage\":\"en-US\"}]}<\/script>\n<!-- \/ Yoast SEO plugin. -->","yoast_head_json":{"title":"Eti\u010dki komitet - Medicinski fakultet u Sarajevu","robots":{"index":"index","follow":"follow","max-snippet":"max-snippet:-1","max-image-preview":"max-image-preview:large","max-video-preview":"max-video-preview:-1"},"canonical":"https:\/\/mf.unsa.ba\/en\/nauka\/eticki-komitet\/","og_locale":"en_US","og_type":"article","og_title":"Eti\u010dki komitet - Medicinski fakultet u Sarajevu","og_description":"ETI\u010cKI KOMITET UNIVERZITETA U SARAJEVU \u2013 MEDICINSKOG FAKULTETA Eti\u010dki komitet Univerziteta u Sarajevu \u2013 Medicinskog fakulteta evaluira i nadzire eti\u010dki aspekt nau\u010dnih i stru\u010dnih istra\u017eivanja na ljudskim ispitanicima i laboratorijskim animalnim modelima (u sklopu prijavljenih nau\u010dnih i stru\u010dnih projekata, prijedloga magistarskih radova i doktorskih disertacija, te ostalih stru\u010dnih ili nau\u010dnih radova). Eti\u010dki komitet je samostalno [&hellip;]","og_url":"https:\/\/mf.unsa.ba\/en\/nauka\/eticki-komitet\/","og_site_name":"Medicinski fakultet u Sarajevu","article_publisher":"https:\/\/www.facebook.com\/medicinski.fakultet.unsa\/","article_modified_time":"2025-02-23T16:20:28+00:00","twitter_card":"summary_large_image","twitter_misc":{"Est. reading time":"2 minutes"},"schema":{"@context":"https:\/\/schema.org","@graph":[{"@type":"WebPage","@id":"https:\/\/mf.unsa.ba\/nauka\/eticki-komitet\/","url":"https:\/\/mf.unsa.ba\/nauka\/eticki-komitet\/","name":"Eti\u010dki komitet - Medicinski fakultet u Sarajevu","isPartOf":{"@id":"https:\/\/mf.unsa.ba\/#website"},"datePublished":"2025-01-14T11:57:56+00:00","dateModified":"2025-02-23T16:20:28+00:00","breadcrumb":{"@id":"https:\/\/mf.unsa.ba\/nauka\/eticki-komitet\/#breadcrumb"},"inLanguage":"en-US","potentialAction":[{"@type":"ReadAction","target":["https:\/\/mf.unsa.ba\/nauka\/eticki-komitet\/"]}]},{"@type":"BreadcrumbList","@id":"https:\/\/mf.unsa.ba\/nauka\/eticki-komitet\/#breadcrumb","itemListElement":[{"@type":"ListItem","position":1,"name":"Home","item":"https:\/\/mf.unsa.ba\/"},{"@type":"ListItem","position":2,"name":"Nauka","item":"https:\/\/mf.unsa.ba\/nauka\/"},{"@type":"ListItem","position":3,"name":"Eti\u010dki komitet"}]},{"@type":"WebSite","@id":"https:\/\/mf.unsa.ba\/#website","url":"https:\/\/mf.unsa.ba\/","name":"Medicinski fakultet u Sarajevu","description":"","potentialAction":[{"@type":"SearchAction","target":{"@type":"EntryPoint","urlTemplate":"https:\/\/mf.unsa.ba\/?s={search_term_string}"},"query-input":{"@type":"PropertyValueSpecification","valueRequired":true,"valueName":"search_term_string"}}],"inLanguage":"en-US"}]}},"_links":{"self":[{"href":"https:\/\/mf.unsa.ba\/en\/wp-json\/wp\/v2\/pages\/1209","targetHints":{"allow":["GET"]}}],"collection":[{"href":"https:\/\/mf.unsa.ba\/en\/wp-json\/wp\/v2\/pages"}],"about":[{"href":"https:\/\/mf.unsa.ba\/en\/wp-json\/wp\/v2\/types\/page"}],"author":[{"embeddable":true,"href":"https:\/\/mf.unsa.ba\/en\/wp-json\/wp\/v2\/users\/1"}],"replies":[{"embeddable":true,"href":"https:\/\/mf.unsa.ba\/en\/wp-json\/wp\/v2\/comments?post=1209"}],"version-history":[{"count":4,"href":"https:\/\/mf.unsa.ba\/en\/wp-json\/wp\/v2\/pages\/1209\/revisions"}],"predecessor-version":[{"id":5610,"href":"https:\/\/mf.unsa.ba\/en\/wp-json\/wp\/v2\/pages\/1209\/revisions\/5610"}],"up":[{"embeddable":true,"href":"https:\/\/mf.unsa.ba\/en\/wp-json\/wp\/v2\/pages\/248"}],"wp:attachment":[{"href":"https:\/\/mf.unsa.ba\/en\/wp-json\/wp\/v2\/media?parent=1209"}],"curies":[{"name":"wp","href":"https:\/\/api.w.org\/{rel}","templated":true}]}}