{"id":1226,"date":"2025-01-14T14:03:35","date_gmt":"2025-01-14T14:03:35","guid":{"rendered":"https:\/\/maniapanel.win\/medicinski-fakultet\/?page_id=1226"},"modified":"2026-02-25T10:25:58","modified_gmt":"2026-02-25T10:25:58","slug":"institut-za-patologiju","status":"publish","type":"page","link":"https:\/\/mf.unsa.ba\/en\/zdravstvena-djelatnost\/institut-za-patologiju\/","title":{"rendered":"Institute of Pathology"},"content":{"rendered":"<p>Established in 1949, the Institute\/Department of Pathology integrates diagnostic, educational, and scientific activities in the field of pathology. Its operations are aligned with the vision, mission, and strategic goals of the Faculty of Medicine in achieving high standards of excellence in histopathological diagnostics, education, and scientific research. A long-standing tradition and the expertise of highly qualified specialists\u2014pathologists who also serve as professors and associate professors at the University of Sarajevo\u2014ensure adherence to current diagnostic guidelines and guarantee the quality of histopathological diagnoses.<\/p>\n\n\n\n<p>Within its healthcare services, the Institute performs routine and specialized tissue examinations, including:<br><br>- Processing and standard microscopic diagnostics of:<\/p>\n\n\n\n<ul class=\"wp-block-list\">\n<li>Small tissue samples obtained via endoscopic procedures<\/li>\n\n\n\n<li>Needle biopsies<\/li>\n\n\n\n<li>Surgical specimens and resections<\/li>\n<\/ul>\n\n\n\n<p>- Specialized services:<\/p>\n\n\n\n<ul class=\"wp-block-list\">\n<li>Special histochemical staining of tissue<\/li>\n\n\n\n<li>Immunohistochemical phenotyping of malignant and non-malignant cells using over 200 specific antibodies\/tumor markers<\/li>\n\n\n\n<li>In situ hybridization (CISH and FISH) for HER2\/Neu amplification assessment in breast cancer tissue samples<\/li>\n\n\n\n<li>Processing and cytological analysis of aspiration, puncture, and exfoliative samples, including preparation of cytological paraffin bloc<\/li>\n<\/ul>\n\n\n\n<p>Consultative services (second opinions) for other pathology specialists<\/p>\n\n\n\n<p>&nbsp;<br>Staff Structure<br>5 Medical Doctors \u2013 Specialists in Pathology<br>1 Medical Doctor<br>1 Chemist<br>4 Laboratory Technicians (Secondary School Degree)<br>1 Technical Secretary<br><br>Scientific Titles<br>5 PhDs in Medical Sciences<br><br>Academic Titles<br>2 Full - time Professors<br>2 Associate Professors<br>1 Assistant Professor<br>1 Teaching Assistant<br>1 Master of Chemistry<\/p>\n\n\n\n<p><strong>Head of the Institute<\/strong><br>Prof. Dr. Mirsad Dori\u0107, Specialist in Pathology<br><a href=\"mailto:mirsad.doric@mf.unsa.ba\">mirsad.doric@mf.unsa.ba<\/a><br>Telefon: <a href=\"tel:+387 33 226 478\">+387 33 226 478<\/a> ext. 323<br><\/p>\n\n\n        <div class=\"inner-notification-container-slider-outer\">\n            <!-- Slider main container -->\n            <div class=\"swiper inner-notification-container-slider\">\n                <!-- Additional required wrapper -->\n                <div class=\"swiper-wrapper\">\n                                            <div class=\"swiper-slide\">\n                            <img decoding=\"async\" src=\"https:\/\/mf.unsa.ba\/wp-content\/uploads\/2025\/01\/1000023285-1-scaled.jpg\" alt=\"\">\n                        <\/div>\n                                            <div class=\"swiper-slide\">\n                            <img decoding=\"async\" src=\"https:\/\/mf.unsa.ba\/wp-content\/uploads\/2025\/01\/1000023288-scaled.jpg\" alt=\"\">\n                        <\/div>\n                                            <div class=\"swiper-slide\">\n                            <img decoding=\"async\" src=\"https:\/\/mf.unsa.ba\/wp-content\/uploads\/2025\/01\/1000023289-scaled.jpg\" alt=\"\">\n                        <\/div>\n                                            <div class=\"swiper-slide\">\n                            <img decoding=\"async\" src=\"https:\/\/mf.unsa.ba\/wp-content\/uploads\/2025\/01\/1000023292.jpg\" alt=\"\">\n                        <\/div>\n                                            <div class=\"swiper-slide\">\n                            <img decoding=\"async\" src=\"https:\/\/mf.unsa.ba\/wp-content\/uploads\/2025\/01\/1000023286-scaled.jpg\" alt=\"\">\n                        <\/div>\n                                    <\/div>\n            <\/div>\n\n            <!-- Navigation buttons -->\n            <div class=\"swiper-button-prev inner-notification-prev\">\n                <div><\/div>\n                <div><\/div>\n            <\/div>\n            <div class=\"swiper-button-next inner-notification-next\">\n                <div><\/div>\n                <div><\/div>\n                <div><\/div>\n            <\/div>\n        <\/div>\n        \n\n\n<a class=\"patologija-link\" href=\"https:\/\/patologija.mf.unsa.ba\/\" target=\"_blank\">\n<div>www.patologija.mf.unsa.ba\n<img decoding=\"async\" src=\"https:\/\/mf.unsa.ba\/wp-content\/uploads\/2025\/01\/strelica-bijela.png\" alt=\"Strelica\">\n<\/div>\n<img decoding=\"async\" src=\"https:\/\/mf.unsa.ba\/wp-content\/uploads\/2025\/01\/patologija-link-absolute.png\" alt=\"Strelice\"><\/a>\n\n\n\n\n\n<p><\/p>","protected":false},"excerpt":{"rendered":"<p>Institut\/Katedra za Patologiju, koji je osnovan 1949 godine, integralno obavlja dijagnosti\u010dku, nastavnu i nau\u010dnu djelatnost u podru\u010dju patologije. Djelovanje Instituta\/Katedre za patologiju, slijedi viziju, misiju i strategiju postizanja visokih standarda izvrsnosti Medicinskog fakulteta u domenu patohistolo\u0161ke dijagnostike, obrazovanja i nau\u010dno-istra\u017eiva\u010dkog rada. Duga tradicija i &nbsp;iskustvo vrhunskih stru\u010dnjaka, patologa, koji su i nastavnici (profesori i docent) [&hellip;]<\/p>\n","protected":false},"author":1,"featured_media":0,"parent":290,"menu_order":0,"comment_status":"closed","ping_status":"closed","template":"","meta":{"_acf_changed":false,"footnotes":""},"class_list":["post-1226","page","type-page","status-publish","hentry"],"acf":[],"yoast_head":"<!-- This site is optimized with the Yoast SEO plugin v27.3 - https:\/\/yoast.com\/product\/yoast-seo-wordpress\/ -->\n<title>Institut za patologiju - Medicinski fakultet u Sarajevu<\/title>\n<meta name=\"robots\" content=\"index, follow, max-snippet:-1, max-image-preview:large, max-video-preview:-1\" \/>\n<link rel=\"canonical\" href=\"https:\/\/mf.unsa.ba\/en\/zdravstvena-djelatnost\/institut-za-patologiju\/\" \/>\n<meta property=\"og:locale\" content=\"en_US\" \/>\n<meta property=\"og:type\" content=\"article\" \/>\n<meta property=\"og:title\" content=\"Institut za patologiju - Medicinski fakultet u Sarajevu\" \/>\n<meta property=\"og:description\" content=\"Institut\/Katedra za Patologiju, koji je osnovan 1949 godine, integralno obavlja dijagnosti\u010dku, nastavnu i nau\u010dnu djelatnost u podru\u010dju patologije. Djelovanje Instituta\/Katedre za patologiju, slijedi viziju, misiju i strategiju postizanja visokih standarda izvrsnosti Medicinskog fakulteta u domenu patohistolo\u0161ke dijagnostike, obrazovanja i nau\u010dno-istra\u017eiva\u010dkog rada. Duga tradicija i &nbsp;iskustvo vrhunskih stru\u010dnjaka, patologa, koji su i nastavnici (profesori i docent) [&hellip;]\" \/>\n<meta property=\"og:url\" content=\"https:\/\/mf.unsa.ba\/en\/zdravstvena-djelatnost\/institut-za-patologiju\/\" \/>\n<meta property=\"og:site_name\" content=\"Medicinski fakultet u Sarajevu\" \/>\n<meta property=\"article:publisher\" content=\"https:\/\/www.facebook.com\/medicinski.fakultet.unsa\/\" \/>\n<meta property=\"article:modified_time\" content=\"2026-02-25T10:25:58+00:00\" \/>\n<meta property=\"og:image\" content=\"https:\/\/mf.unsa.ba\/wp-content\/uploads\/2025\/01\/strelica-bijela.png\" \/>\n<meta name=\"twitter:card\" content=\"summary_large_image\" \/>\n<meta name=\"twitter:label1\" content=\"Est. reading time\" \/>\n\t<meta name=\"twitter:data1\" content=\"2 minutes\" \/>\n<script type=\"application\/ld+json\" class=\"yoast-schema-graph\">{\"@context\":\"https:\\\/\\\/schema.org\",\"@graph\":[{\"@type\":\"WebPage\",\"@id\":\"https:\\\/\\\/mf.unsa.ba\\\/zdravstvena-djelatnost\\\/institut-za-patologiju\\\/\",\"url\":\"https:\\\/\\\/mf.unsa.ba\\\/zdravstvena-djelatnost\\\/institut-za-patologiju\\\/\",\"name\":\"Institut za patologiju - Medicinski fakultet u Sarajevu\",\"isPartOf\":{\"@id\":\"https:\\\/\\\/mf.unsa.ba\\\/#website\"},\"primaryImageOfPage\":{\"@id\":\"https:\\\/\\\/mf.unsa.ba\\\/zdravstvena-djelatnost\\\/institut-za-patologiju\\\/#primaryimage\"},\"image\":{\"@id\":\"https:\\\/\\\/mf.unsa.ba\\\/zdravstvena-djelatnost\\\/institut-za-patologiju\\\/#primaryimage\"},\"thumbnailUrl\":\"https:\\\/\\\/mf.unsa.ba\\\/wp-content\\\/uploads\\\/2025\\\/01\\\/strelica-bijela.png\",\"datePublished\":\"2025-01-14T14:03:35+00:00\",\"dateModified\":\"2026-02-25T10:25:58+00:00\",\"breadcrumb\":{\"@id\":\"https:\\\/\\\/mf.unsa.ba\\\/zdravstvena-djelatnost\\\/institut-za-patologiju\\\/#breadcrumb\"},\"inLanguage\":\"en-US\",\"potentialAction\":[{\"@type\":\"ReadAction\",\"target\":[\"https:\\\/\\\/mf.unsa.ba\\\/zdravstvena-djelatnost\\\/institut-za-patologiju\\\/\"]}]},{\"@type\":\"ImageObject\",\"inLanguage\":\"en-US\",\"@id\":\"https:\\\/\\\/mf.unsa.ba\\\/zdravstvena-djelatnost\\\/institut-za-patologiju\\\/#primaryimage\",\"url\":\"https:\\\/\\\/mf.unsa.ba\\\/wp-content\\\/uploads\\\/2025\\\/01\\\/strelica-bijela.png\",\"contentUrl\":\"https:\\\/\\\/mf.unsa.ba\\\/wp-content\\\/uploads\\\/2025\\\/01\\\/strelica-bijela.png\"},{\"@type\":\"BreadcrumbList\",\"@id\":\"https:\\\/\\\/mf.unsa.ba\\\/zdravstvena-djelatnost\\\/institut-za-patologiju\\\/#breadcrumb\",\"itemListElement\":[{\"@type\":\"ListItem\",\"position\":1,\"name\":\"Home\",\"item\":\"https:\\\/\\\/mf.unsa.ba\\\/\"},{\"@type\":\"ListItem\",\"position\":2,\"name\":\"Zdravstvena djelatnost\",\"item\":\"https:\\\/\\\/mf.unsa.ba\\\/zdravstvena-djelatnost\\\/\"},{\"@type\":\"ListItem\",\"position\":3,\"name\":\"Institut za patologiju\"}]},{\"@type\":\"WebSite\",\"@id\":\"https:\\\/\\\/mf.unsa.ba\\\/#website\",\"url\":\"https:\\\/\\\/mf.unsa.ba\\\/\",\"name\":\"Medicinski fakultet u Sarajevu\",\"description\":\"\",\"potentialAction\":[{\"@type\":\"SearchAction\",\"target\":{\"@type\":\"EntryPoint\",\"urlTemplate\":\"https:\\\/\\\/mf.unsa.ba\\\/?s={search_term_string}\"},\"query-input\":{\"@type\":\"PropertyValueSpecification\",\"valueRequired\":true,\"valueName\":\"search_term_string\"}}],\"inLanguage\":\"en-US\"}]}<\/script>\n<!-- \/ Yoast SEO plugin. -->","yoast_head_json":{"title":"Institut za patologiju - Medicinski fakultet u Sarajevu","robots":{"index":"index","follow":"follow","max-snippet":"max-snippet:-1","max-image-preview":"max-image-preview:large","max-video-preview":"max-video-preview:-1"},"canonical":"https:\/\/mf.unsa.ba\/en\/zdravstvena-djelatnost\/institut-za-patologiju\/","og_locale":"en_US","og_type":"article","og_title":"Institut za patologiju - Medicinski fakultet u Sarajevu","og_description":"Institut\/Katedra za Patologiju, koji je osnovan 1949 godine, integralno obavlja dijagnosti\u010dku, nastavnu i nau\u010dnu djelatnost u podru\u010dju patologije. Djelovanje Instituta\/Katedre za patologiju, slijedi viziju, misiju i strategiju postizanja visokih standarda izvrsnosti Medicinskog fakulteta u domenu patohistolo\u0161ke dijagnostike, obrazovanja i nau\u010dno-istra\u017eiva\u010dkog rada. Duga tradicija i &nbsp;iskustvo vrhunskih stru\u010dnjaka, patologa, koji su i nastavnici (profesori i docent) [&hellip;]","og_url":"https:\/\/mf.unsa.ba\/en\/zdravstvena-djelatnost\/institut-za-patologiju\/","og_site_name":"Medicinski fakultet u Sarajevu","article_publisher":"https:\/\/www.facebook.com\/medicinski.fakultet.unsa\/","article_modified_time":"2026-02-25T10:25:58+00:00","og_image":[{"url":"https:\/\/mf.unsa.ba\/wp-content\/uploads\/2025\/01\/strelica-bijela.png","type":"","width":"","height":""}],"twitter_card":"summary_large_image","twitter_misc":{"Est. reading time":"2 minutes"},"schema":{"@context":"https:\/\/schema.org","@graph":[{"@type":"WebPage","@id":"https:\/\/mf.unsa.ba\/zdravstvena-djelatnost\/institut-za-patologiju\/","url":"https:\/\/mf.unsa.ba\/zdravstvena-djelatnost\/institut-za-patologiju\/","name":"Institut za patologiju - Medicinski fakultet u Sarajevu","isPartOf":{"@id":"https:\/\/mf.unsa.ba\/#website"},"primaryImageOfPage":{"@id":"https:\/\/mf.unsa.ba\/zdravstvena-djelatnost\/institut-za-patologiju\/#primaryimage"},"image":{"@id":"https:\/\/mf.unsa.ba\/zdravstvena-djelatnost\/institut-za-patologiju\/#primaryimage"},"thumbnailUrl":"https:\/\/mf.unsa.ba\/wp-content\/uploads\/2025\/01\/strelica-bijela.png","datePublished":"2025-01-14T14:03:35+00:00","dateModified":"2026-02-25T10:25:58+00:00","breadcrumb":{"@id":"https:\/\/mf.unsa.ba\/zdravstvena-djelatnost\/institut-za-patologiju\/#breadcrumb"},"inLanguage":"en-US","potentialAction":[{"@type":"ReadAction","target":["https:\/\/mf.unsa.ba\/zdravstvena-djelatnost\/institut-za-patologiju\/"]}]},{"@type":"ImageObject","inLanguage":"en-US","@id":"https:\/\/mf.unsa.ba\/zdravstvena-djelatnost\/institut-za-patologiju\/#primaryimage","url":"https:\/\/mf.unsa.ba\/wp-content\/uploads\/2025\/01\/strelica-bijela.png","contentUrl":"https:\/\/mf.unsa.ba\/wp-content\/uploads\/2025\/01\/strelica-bijela.png"},{"@type":"BreadcrumbList","@id":"https:\/\/mf.unsa.ba\/zdravstvena-djelatnost\/institut-za-patologiju\/#breadcrumb","itemListElement":[{"@type":"ListItem","position":1,"name":"Home","item":"https:\/\/mf.unsa.ba\/"},{"@type":"ListItem","position":2,"name":"Zdravstvena djelatnost","item":"https:\/\/mf.unsa.ba\/zdravstvena-djelatnost\/"},{"@type":"ListItem","position":3,"name":"Institut za patologiju"}]},{"@type":"WebSite","@id":"https:\/\/mf.unsa.ba\/#website","url":"https:\/\/mf.unsa.ba\/","name":"Medicinski fakultet u Sarajevu","description":"","potentialAction":[{"@type":"SearchAction","target":{"@type":"EntryPoint","urlTemplate":"https:\/\/mf.unsa.ba\/?s={search_term_string}"},"query-input":{"@type":"PropertyValueSpecification","valueRequired":true,"valueName":"search_term_string"}}],"inLanguage":"en-US"}]}},"_links":{"self":[{"href":"https:\/\/mf.unsa.ba\/en\/wp-json\/wp\/v2\/pages\/1226","targetHints":{"allow":["GET"]}}],"collection":[{"href":"https:\/\/mf.unsa.ba\/en\/wp-json\/wp\/v2\/pages"}],"about":[{"href":"https:\/\/mf.unsa.ba\/en\/wp-json\/wp\/v2\/types\/page"}],"author":[{"embeddable":true,"href":"https:\/\/mf.unsa.ba\/en\/wp-json\/wp\/v2\/users\/1"}],"replies":[{"embeddable":true,"href":"https:\/\/mf.unsa.ba\/en\/wp-json\/wp\/v2\/comments?post=1226"}],"version-history":[{"count":13,"href":"https:\/\/mf.unsa.ba\/en\/wp-json\/wp\/v2\/pages\/1226\/revisions"}],"predecessor-version":[{"id":8065,"href":"https:\/\/mf.unsa.ba\/en\/wp-json\/wp\/v2\/pages\/1226\/revisions\/8065"}],"up":[{"embeddable":true,"href":"https:\/\/mf.unsa.ba\/en\/wp-json\/wp\/v2\/pages\/290"}],"wp:attachment":[{"href":"https:\/\/mf.unsa.ba\/en\/wp-json\/wp\/v2\/media?parent=1226"}],"curies":[{"name":"wp","href":"https:\/\/api.w.org\/{rel}","templated":true}]}}