{"id":167,"date":"2024-11-28T18:03:38","date_gmt":"2024-11-28T18:03:38","guid":{"rendered":"https:\/\/maniapanel.win\/medicinski-fakultet\/slu%c3%a5%c2%beba-za-nastavu-i-studentska-pitanja\/"},"modified":"2025-05-27T08:06:06","modified_gmt":"2025-05-27T08:06:06","slug":"sluzba-za-nastavu-i-studentska-pitanja","status":"publish","type":"page","link":"https:\/\/mf.unsa.ba\/en\/fakultet\/sluzbe-fakulteta\/sluzba-za-nastavu-i-studentska-pitanja\/","title":{"rendered":"Department for Teaching and Student Affairs"},"content":{"rendered":"<p>The Office for Teaching and Student Affairs at the University of Sarajevo \u2013 Faculty of Medicine provides comprehensive administrative support to students throughout the six-year integrated study program leading to the academic title of Doctor of Medicine. The Office is responsible for maintaining and managing student records from admission to graduation. Key responsibilities include: Support with enrollment procedures, course registration, and organization of teaching activities. Providing information on academic calendars, deadlines, and specific study requirements. Assistance in resolving academic and administrative issues, including the management of academic portfolios. Guidance on academic regulations and procedures, as well as support in exercising student rights. Facilitating communication between students and academic staff, including lecturers, teaching assistants, and professional associates. Support for further education planning, including information on postgraduate opportunities.\nThe Office plays a crucial role in ensuring a smooth academic journey and enhancing the overall student experience. Students are encouraged to contact the Office for advice and assistance in case of any academic or administrative uncertainties.<\/p>\n\n\n\n<figure class=\"wp-block-image size-large\"><img loading=\"lazy\" decoding=\"async\" width=\"1024\" height=\"269\" src=\"https:\/\/mf.unsa.ba\/wp-content\/uploads\/2025\/01\/sluzba-za-nastavu-i-studentska-pitanja-1024x269.jpg\" alt=\"\" class=\"wp-image-902\" srcset=\"https:\/\/mf.unsa.ba\/wp-content\/uploads\/2025\/01\/sluzba-za-nastavu-i-studentska-pitanja-1024x269.jpg 1024w, https:\/\/mf.unsa.ba\/wp-content\/uploads\/2025\/01\/sluzba-za-nastavu-i-studentska-pitanja-300x79.jpg 300w, https:\/\/mf.unsa.ba\/wp-content\/uploads\/2025\/01\/sluzba-za-nastavu-i-studentska-pitanja-768x202.jpg 768w, https:\/\/mf.unsa.ba\/wp-content\/uploads\/2025\/01\/sluzba-za-nastavu-i-studentska-pitanja.jpg 1099w\" sizes=\"auto, (max-width: 1024px) 100vw, 1024px\" \/><\/figure>\n\n\n\n<h2 class=\"wp-block-heading\"><br><br>Team<\/h2>\n\n\n        <div class=\"inner-notification-container-employes-bottom\">\n                            <div class=\"inner-notification-container-employes-bottom-card\">\n                   \n\t\t\t\t\t<div class=\"inner-notification-container-employes-bottom-card-image\">\n            <img decoding=\"async\" alt=\"Taida Naki\u0107, dipl. psih.\" src=\"https:\/\/mf.unsa.ba\/wp-content\/uploads\/2024\/12\/taida-nakic.jpg\">\n    <\/div>\n\t\t\t\t\t\n\t\t\t\t\t\n\t\t\t\t\t\n                    <div class=\"inner-notification-container-employes-bottom-card-info\">\n                        <h5>Taida Naki\u0107, dipl. psih.<\/h5>\n                        <p><span class=\"blue\">Position :<\/span> <br>\n                            Head of the Office for Teaching and Student Affairs                        <\/p>\n                    <\/div>\n                    <div class=\"inner-notification-container-employes-bottom-card-downloads\">\n                        <a href=\"tel:222\">\n                            <img decoding=\"async\" alt=\"phone\" src=\"https:\/\/mf.unsa.ba\/wp-content\/themes\/medicinski-fakultet\/images\/small-phone-icon.svg\">\n                            Lokal: 222                        <\/a>\n                        <a href=\"mailto:taida.kapetanovic@mf.unsa.ba\">\n                            <img decoding=\"async\" alt=\"mail\" src=\"https:\/\/mf.unsa.ba\/wp-content\/themes\/medicinski-fakultet\/images\/small-email-icon.svg\">\n                            taida.kapetanovic@mf.unsa.ba                        <\/a>\n                    <\/div>\n                <\/div>\n                            <div class=\"inner-notification-container-employes-bottom-card\">\n                   \n\t\t\t\t\t<div class=\"inner-notification-container-employes-bottom-card-image\">\n            <img decoding=\"async\" alt=\"Dina Memi\u0107, MA Engleskog jezika i knji\u017eevnosti\" src=\"https:\/\/mf.unsa.ba\/wp-content\/uploads\/2024\/12\/dina-memic.jpg\">\n    <\/div>\n\t\t\t\t\t\n\t\t\t\t\t\n\t\t\t\t\t\n                    <div class=\"inner-notification-container-employes-bottom-card-info\">\n                        <h5>Dina Memi\u0107, MA Engleskog jezika i knji\u017eevnosti<\/h5>\n                        <p><span class=\"blue\">Position :<\/span> <br>\n                            Senior Associate for Integrated and IMDP\/MSE Studies                        <\/p>\n                    <\/div>\n                    <div class=\"inner-notification-container-employes-bottom-card-downloads\">\n                        <a href=\"tel:228\">\n                            <img decoding=\"async\" alt=\"phone\" src=\"https:\/\/mf.unsa.ba\/wp-content\/themes\/medicinski-fakultet\/images\/small-phone-icon.svg\">\n                            Lokal: 228                        <\/a>\n                        <a href=\"mailto:dina.memic@mf.unsa.ba\">\n                            <img decoding=\"async\" alt=\"mail\" src=\"https:\/\/mf.unsa.ba\/wp-content\/themes\/medicinski-fakultet\/images\/small-email-icon.svg\">\n                            dina.memic@mf.unsa.ba                        <\/a>\n                    <\/div>\n                <\/div>\n                            <div class=\"inner-notification-container-employes-bottom-card\">\n                   \n\t\t\t\t\t<div class=\"inner-notification-container-employes-bottom-card-image\">\n            <img decoding=\"async\" alt=\"Amra Hamza, prof. soc.\" src=\"https:\/\/mf.unsa.ba\/wp-content\/uploads\/2024\/12\/amra-hamza.jpg\">\n    <\/div>\n\t\t\t\t\t\n\t\t\t\t\t\n\t\t\t\t\t\n                    <div class=\"inner-notification-container-employes-bottom-card-info\">\n                        <h5>Amra Hamza, prof. soc.<\/h5>\n                        <p><span class=\"blue\">Position :<\/span> <br>\n                            Senior Associate for Integrated and IMDP\/MSE Studies                        <\/p>\n                    <\/div>\n                    <div class=\"inner-notification-container-employes-bottom-card-downloads\">\n                        <a href=\"tel:232\">\n                            <img decoding=\"async\" alt=\"phone\" src=\"https:\/\/mf.unsa.ba\/wp-content\/themes\/medicinski-fakultet\/images\/small-phone-icon.svg\">\n                            Lokal: 232                        <\/a>\n                        <a href=\"mailto:amra.hamza@mf.unsa.ba\">\n                            <img decoding=\"async\" alt=\"mail\" src=\"https:\/\/mf.unsa.ba\/wp-content\/themes\/medicinski-fakultet\/images\/small-email-icon.svg\">\n                            amra.hamza@mf.unsa.ba                        <\/a>\n                    <\/div>\n                <\/div>\n                            <div class=\"inner-notification-container-employes-bottom-card\">\n                   \n\t\t\t\t\t<div class=\"inner-notification-container-employes-bottom-card-image\">\n            <img decoding=\"async\" alt=\"Erna Deljo, BA Engleskog jezika i knji\u017eevnosti\" src=\"https:\/\/mf.unsa.ba\/wp-content\/uploads\/2024\/12\/erna-deljo.jpg\">\n    <\/div>\n\t\t\t\t\t\n\t\t\t\t\t\n\t\t\t\t\t\n                    <div class=\"inner-notification-container-employes-bottom-card-info\">\n                        <h5>Erna Deljo, BA Engleskog jezika i knji\u017eevnosti<\/h5>\n                        <p><span class=\"blue\">Position :<\/span> <br>\n                            Senior Associate for Integrated and IMDP\/MSE Studies                        <\/p>\n                    <\/div>\n                    <div class=\"inner-notification-container-employes-bottom-card-downloads\">\n                        <a href=\"tel:227\">\n                            <img decoding=\"async\" alt=\"phone\" src=\"https:\/\/mf.unsa.ba\/wp-content\/themes\/medicinski-fakultet\/images\/small-phone-icon.svg\">\n                            Lokal: 227                        <\/a>\n                        <a href=\"mailto:erna.deljo@mf.unsa.ba\">\n                            <img decoding=\"async\" alt=\"mail\" src=\"https:\/\/mf.unsa.ba\/wp-content\/themes\/medicinski-fakultet\/images\/small-email-icon.svg\">\n                            erna.deljo@mf.unsa.ba                        <\/a>\n                    <\/div>\n                <\/div>\n                            <div class=\"inner-notification-container-employes-bottom-card\">\n                   \n\t\t\t\t\t<div class=\"inner-notification-container-employes-bottom-card-image\">\n            <img decoding=\"async\" alt=\"Jasmina Peljto\" src=\"https:\/\/mf.unsa.ba\/wp-content\/uploads\/2024\/12\/jasmina-peljto.jpg\">\n    <\/div>\n\t\t\t\t\t\n\t\t\t\t\t\n\t\t\t\t\t\n                    <div class=\"inner-notification-container-employes-bottom-card-info\">\n                        <h5>Jasmina Peljto<\/h5>\n                        <p><span class=\"blue\">Position :<\/span> <br>\n                            Independent Supervisor for Integrated and IMDP\/MSE Studies                        <\/p>\n                    <\/div>\n                    <div class=\"inner-notification-container-employes-bottom-card-downloads\">\n                        <a href=\"tel:230\">\n                            <img decoding=\"async\" alt=\"phone\" src=\"https:\/\/mf.unsa.ba\/wp-content\/themes\/medicinski-fakultet\/images\/small-phone-icon.svg\">\n                            Lokal: 230                        <\/a>\n                        <a href=\"mailto:jasmina.peljto2@mf.unsa.ba\">\n                            <img decoding=\"async\" alt=\"mail\" src=\"https:\/\/mf.unsa.ba\/wp-content\/themes\/medicinski-fakultet\/images\/small-email-icon.svg\">\n                            jasmina.peljto2@mf.unsa.ba                        <\/a>\n                    <\/div>\n                <\/div>\n                            <div class=\"inner-notification-container-employes-bottom-card\">\n                   \n\t\t\t\t\t<div class=\"inner-notification-container-employes-bottom-card-image\">\n            <img decoding=\"async\" alt=\"Mediha Zalihi\u0107\" src=\"https:\/\/mf.unsa.ba\/wp-content\/uploads\/2024\/12\/mediha-zalihic.jpg\">\n    <\/div>\n\t\t\t\t\t\n\t\t\t\t\t\n\t\t\t\t\t\n                    <div class=\"inner-notification-container-employes-bottom-card-info\">\n                        <h5>Mediha Zalihi\u0107<\/h5>\n                        <p><span class=\"blue\">Position :<\/span> <br>\n                            Technical Secretary, Department of Internal Medicine                        <\/p>\n                    <\/div>\n                    <div class=\"inner-notification-container-employes-bottom-card-downloads\">\n                        <a href=\"tel:224\">\n                            <img decoding=\"async\" alt=\"phone\" src=\"https:\/\/mf.unsa.ba\/wp-content\/themes\/medicinski-fakultet\/images\/small-phone-icon.svg\">\n                            Lokal: 224                        <\/a>\n                        <a href=\"mailto:mediha.zalihic@mf.unsa.ba\">\n                            <img decoding=\"async\" alt=\"mail\" src=\"https:\/\/mf.unsa.ba\/wp-content\/themes\/medicinski-fakultet\/images\/small-email-icon.svg\">\n                            mediha.zalihic@mf.unsa.ba                        <\/a>\n                    <\/div>\n                <\/div>\n                            <div class=\"inner-notification-container-employes-bottom-card\">\n                   \n\t\t\t\t\t<div class=\"inner-notification-container-employes-bottom-card-image\">\n            <img decoding=\"async\" alt=\"Elvira Jold\u017ei\u0107\" src=\"https:\/\/mf.unsa.ba\/wp-content\/uploads\/2025\/01\/medicinski-fakultet-sarajevo.png\">\n    <\/div>\n\t\t\t\t\t\n\t\t\t\t\t\n\t\t\t\t\t\n                    <div class=\"inner-notification-container-employes-bottom-card-info\">\n                        <h5>Elvira Jold\u017ei\u0107<\/h5>\n                        <p><span class=\"blue\">Position :<\/span> <br>\n                            Technical Secretary, Department of Surgery                        <\/p>\n                    <\/div>\n                    <div class=\"inner-notification-container-employes-bottom-card-downloads\">\n                        <a href=\"tel:225\">\n                            <img decoding=\"async\" alt=\"phone\" src=\"https:\/\/mf.unsa.ba\/wp-content\/themes\/medicinski-fakultet\/images\/small-phone-icon.svg\">\n                            Lokal: 225                        <\/a>\n                        <a href=\"mailto:elvira.joldzic@mf.unsa.ba\">\n                            <img decoding=\"async\" alt=\"mail\" src=\"https:\/\/mf.unsa.ba\/wp-content\/themes\/medicinski-fakultet\/images\/small-email-icon.svg\">\n                            elvira.joldzic@mf.unsa.ba                        <\/a>\n                    <\/div>\n                <\/div>\n                            <div class=\"inner-notification-container-employes-bottom-card\">\n                   \n\t\t\t\t\t<div class=\"inner-notification-container-employes-bottom-card-image\">\n            <img decoding=\"async\" alt=\"Larisa Kadri\u0107\" src=\"https:\/\/mf.unsa.ba\/wp-content\/uploads\/2024\/12\/larisa-kadric.jpg\">\n    <\/div>\n\t\t\t\t\t\n\t\t\t\t\t\n\t\t\t\t\t\n                    <div class=\"inner-notification-container-employes-bottom-card-info\">\n                        <h5>Larisa Kadri\u0107<\/h5>\n                        <p><span class=\"blue\">Position :<\/span> <br>\n                            Technical Secretary for Clinical Departments                        <\/p>\n                    <\/div>\n                    <div class=\"inner-notification-container-employes-bottom-card-downloads\">\n                        <a href=\"tel:226\">\n                            <img decoding=\"async\" alt=\"phone\" src=\"https:\/\/mf.unsa.ba\/wp-content\/themes\/medicinski-fakultet\/images\/small-phone-icon.svg\">\n                            Lokal: 226                        <\/a>\n                        <a href=\"mailto:larisa.kadric@mf.unsa.ba\">\n                            <img decoding=\"async\" alt=\"mail\" src=\"https:\/\/mf.unsa.ba\/wp-content\/themes\/medicinski-fakultet\/images\/small-email-icon.svg\">\n                            larisa.kadric@mf.unsa.ba                        <\/a>\n                    <\/div>\n                <\/div>\n                    <\/div>\n    \n\n\n<p><br><br><\/p>","protected":false},"excerpt":{"rendered":"<p>Slu\u017eba za nastavu i studentska pitanja na Univerzitetu u Sarajevu &#8211; Medicinskom fakultetu kao dio dodiplomske administrativne asistencije, nudi studentima podr\u0161ku tokom i nakon \u0161estogodi\u0161njeg procesa sticanja akademske titule doktor medicine, te vodi i upravlja studentskim evidencijama od prijave do diplomiranja. Usluge Slu\u017ebe za nastavu uklju\u010duju asistenciju pri upisu na studij, registraciji predmeta, organizaciji nastave, [&hellip;]<\/p>\n","protected":false},"author":1,"featured_media":0,"parent":186,"menu_order":0,"comment_status":"closed","ping_status":"closed","template":"","meta":{"_acf_changed":false,"footnotes":""},"class_list":["post-167","page","type-page","status-publish","hentry"],"acf":[],"yoast_head":"<!-- This site is optimized with the Yoast SEO plugin v27.3 - https:\/\/yoast.com\/product\/yoast-seo-wordpress\/ -->\n<title>Slu\u017eba za nastavu i studentska pitanja - Medicinski fakultet u Sarajevu<\/title>\n<meta name=\"robots\" content=\"index, follow, max-snippet:-1, max-image-preview:large, max-video-preview:-1\" \/>\n<link rel=\"canonical\" href=\"https:\/\/mf.unsa.ba\/en\/fakultet\/sluzbe-fakulteta\/sluzba-za-nastavu-i-studentska-pitanja\/\" \/>\n<meta property=\"og:locale\" content=\"en_US\" \/>\n<meta property=\"og:type\" content=\"article\" \/>\n<meta property=\"og:title\" content=\"Slu\u017eba za nastavu i studentska pitanja - Medicinski fakultet u Sarajevu\" \/>\n<meta property=\"og:description\" content=\"Slu\u017eba za nastavu i studentska pitanja na Univerzitetu u Sarajevu &#8211; Medicinskom fakultetu kao dio dodiplomske administrativne asistencije, nudi studentima podr\u0161ku tokom i nakon \u0161estogodi\u0161njeg procesa sticanja akademske titule doktor medicine, te vodi i upravlja studentskim evidencijama od prijave do diplomiranja. Usluge Slu\u017ebe za nastavu uklju\u010duju asistenciju pri upisu na studij, registraciji predmeta, organizaciji nastave, [&hellip;]\" \/>\n<meta property=\"og:url\" content=\"https:\/\/mf.unsa.ba\/en\/fakultet\/sluzbe-fakulteta\/sluzba-za-nastavu-i-studentska-pitanja\/\" \/>\n<meta property=\"og:site_name\" content=\"Medicinski fakultet u Sarajevu\" \/>\n<meta property=\"article:publisher\" content=\"https:\/\/www.facebook.com\/medicinski.fakultet.unsa\/\" \/>\n<meta property=\"article:modified_time\" content=\"2025-05-27T08:06:06+00:00\" \/>\n<meta property=\"og:image\" content=\"https:\/\/mf.unsa.ba\/wp-content\/uploads\/2025\/01\/sluzba-za-nastavu-i-studentska-pitanja.jpg\" \/>\n\t<meta property=\"og:image:width\" content=\"1099\" \/>\n\t<meta property=\"og:image:height\" content=\"289\" \/>\n\t<meta property=\"og:image:type\" content=\"image\/jpeg\" \/>\n<meta name=\"twitter:card\" content=\"summary_large_image\" \/>\n<meta name=\"twitter:label1\" content=\"Est. reading time\" \/>\n\t<meta name=\"twitter:data1\" content=\"1 minute\" \/>\n<script type=\"application\/ld+json\" class=\"yoast-schema-graph\">{\"@context\":\"https:\\\/\\\/schema.org\",\"@graph\":[{\"@type\":\"WebPage\",\"@id\":\"https:\\\/\\\/mf.unsa.ba\\\/fakultet\\\/sluzbe-fakulteta\\\/sluzba-za-nastavu-i-studentska-pitanja\\\/\",\"url\":\"https:\\\/\\\/mf.unsa.ba\\\/fakultet\\\/sluzbe-fakulteta\\\/sluzba-za-nastavu-i-studentska-pitanja\\\/\",\"name\":\"Slu\u017eba za nastavu i studentska pitanja - Medicinski fakultet u Sarajevu\",\"isPartOf\":{\"@id\":\"https:\\\/\\\/mf.unsa.ba\\\/#website\"},\"primaryImageOfPage\":{\"@id\":\"https:\\\/\\\/mf.unsa.ba\\\/fakultet\\\/sluzbe-fakulteta\\\/sluzba-za-nastavu-i-studentska-pitanja\\\/#primaryimage\"},\"image\":{\"@id\":\"https:\\\/\\\/mf.unsa.ba\\\/fakultet\\\/sluzbe-fakulteta\\\/sluzba-za-nastavu-i-studentska-pitanja\\\/#primaryimage\"},\"thumbnailUrl\":\"https:\\\/\\\/mf.unsa.ba\\\/wp-content\\\/uploads\\\/2025\\\/01\\\/sluzba-za-nastavu-i-studentska-pitanja-1024x269.jpg\",\"datePublished\":\"2024-11-28T18:03:38+00:00\",\"dateModified\":\"2025-05-27T08:06:06+00:00\",\"breadcrumb\":{\"@id\":\"https:\\\/\\\/mf.unsa.ba\\\/fakultet\\\/sluzbe-fakulteta\\\/sluzba-za-nastavu-i-studentska-pitanja\\\/#breadcrumb\"},\"inLanguage\":\"en-US\",\"potentialAction\":[{\"@type\":\"ReadAction\",\"target\":[\"https:\\\/\\\/mf.unsa.ba\\\/fakultet\\\/sluzbe-fakulteta\\\/sluzba-za-nastavu-i-studentska-pitanja\\\/\"]}]},{\"@type\":\"ImageObject\",\"inLanguage\":\"en-US\",\"@id\":\"https:\\\/\\\/mf.unsa.ba\\\/fakultet\\\/sluzbe-fakulteta\\\/sluzba-za-nastavu-i-studentska-pitanja\\\/#primaryimage\",\"url\":\"https:\\\/\\\/mf.unsa.ba\\\/wp-content\\\/uploads\\\/2025\\\/01\\\/sluzba-za-nastavu-i-studentska-pitanja-1024x269.jpg\",\"contentUrl\":\"https:\\\/\\\/mf.unsa.ba\\\/wp-content\\\/uploads\\\/2025\\\/01\\\/sluzba-za-nastavu-i-studentska-pitanja-1024x269.jpg\"},{\"@type\":\"BreadcrumbList\",\"@id\":\"https:\\\/\\\/mf.unsa.ba\\\/fakultet\\\/sluzbe-fakulteta\\\/sluzba-za-nastavu-i-studentska-pitanja\\\/#breadcrumb\",\"itemListElement\":[{\"@type\":\"ListItem\",\"position\":1,\"name\":\"Home\",\"item\":\"https:\\\/\\\/mf.unsa.ba\\\/\"},{\"@type\":\"ListItem\",\"position\":2,\"name\":\"Fakultet\",\"item\":\"https:\\\/\\\/mf.unsa.ba\\\/fakultet\\\/\"},{\"@type\":\"ListItem\",\"position\":3,\"name\":\"Slu\u017ebe fakulteta\",\"item\":\"https:\\\/\\\/mf.unsa.ba\\\/fakultet\\\/sluzbe-fakulteta\\\/\"},{\"@type\":\"ListItem\",\"position\":4,\"name\":\"Slu\u017eba za nastavu i studentska pitanja\"}]},{\"@type\":\"WebSite\",\"@id\":\"https:\\\/\\\/mf.unsa.ba\\\/#website\",\"url\":\"https:\\\/\\\/mf.unsa.ba\\\/\",\"name\":\"Medicinski fakultet u Sarajevu\",\"description\":\"\",\"potentialAction\":[{\"@type\":\"SearchAction\",\"target\":{\"@type\":\"EntryPoint\",\"urlTemplate\":\"https:\\\/\\\/mf.unsa.ba\\\/?s={search_term_string}\"},\"query-input\":{\"@type\":\"PropertyValueSpecification\",\"valueRequired\":true,\"valueName\":\"search_term_string\"}}],\"inLanguage\":\"en-US\"}]}<\/script>\n<!-- \/ Yoast SEO plugin. -->","yoast_head_json":{"title":"Slu\u017eba za nastavu i studentska pitanja - Medicinski fakultet u Sarajevu","robots":{"index":"index","follow":"follow","max-snippet":"max-snippet:-1","max-image-preview":"max-image-preview:large","max-video-preview":"max-video-preview:-1"},"canonical":"https:\/\/mf.unsa.ba\/en\/fakultet\/sluzbe-fakulteta\/sluzba-za-nastavu-i-studentska-pitanja\/","og_locale":"en_US","og_type":"article","og_title":"Slu\u017eba za nastavu i studentska pitanja - Medicinski fakultet u Sarajevu","og_description":"Slu\u017eba za nastavu i studentska pitanja na Univerzitetu u Sarajevu &#8211; Medicinskom fakultetu kao dio dodiplomske administrativne asistencije, nudi studentima podr\u0161ku tokom i nakon \u0161estogodi\u0161njeg procesa sticanja akademske titule doktor medicine, te vodi i upravlja studentskim evidencijama od prijave do diplomiranja. Usluge Slu\u017ebe za nastavu uklju\u010duju asistenciju pri upisu na studij, registraciji predmeta, organizaciji nastave, [&hellip;]","og_url":"https:\/\/mf.unsa.ba\/en\/fakultet\/sluzbe-fakulteta\/sluzba-za-nastavu-i-studentska-pitanja\/","og_site_name":"Medicinski fakultet u Sarajevu","article_publisher":"https:\/\/www.facebook.com\/medicinski.fakultet.unsa\/","article_modified_time":"2025-05-27T08:06:06+00:00","og_image":[{"width":1099,"height":289,"url":"https:\/\/mf.unsa.ba\/wp-content\/uploads\/2025\/01\/sluzba-za-nastavu-i-studentska-pitanja.jpg","type":"image\/jpeg"}],"twitter_card":"summary_large_image","twitter_misc":{"Est. reading time":"1 minute"},"schema":{"@context":"https:\/\/schema.org","@graph":[{"@type":"WebPage","@id":"https:\/\/mf.unsa.ba\/fakultet\/sluzbe-fakulteta\/sluzba-za-nastavu-i-studentska-pitanja\/","url":"https:\/\/mf.unsa.ba\/fakultet\/sluzbe-fakulteta\/sluzba-za-nastavu-i-studentska-pitanja\/","name":"Slu\u017eba za nastavu i studentska pitanja - Medicinski fakultet u Sarajevu","isPartOf":{"@id":"https:\/\/mf.unsa.ba\/#website"},"primaryImageOfPage":{"@id":"https:\/\/mf.unsa.ba\/fakultet\/sluzbe-fakulteta\/sluzba-za-nastavu-i-studentska-pitanja\/#primaryimage"},"image":{"@id":"https:\/\/mf.unsa.ba\/fakultet\/sluzbe-fakulteta\/sluzba-za-nastavu-i-studentska-pitanja\/#primaryimage"},"thumbnailUrl":"https:\/\/mf.unsa.ba\/wp-content\/uploads\/2025\/01\/sluzba-za-nastavu-i-studentska-pitanja-1024x269.jpg","datePublished":"2024-11-28T18:03:38+00:00","dateModified":"2025-05-27T08:06:06+00:00","breadcrumb":{"@id":"https:\/\/mf.unsa.ba\/fakultet\/sluzbe-fakulteta\/sluzba-za-nastavu-i-studentska-pitanja\/#breadcrumb"},"inLanguage":"en-US","potentialAction":[{"@type":"ReadAction","target":["https:\/\/mf.unsa.ba\/fakultet\/sluzbe-fakulteta\/sluzba-za-nastavu-i-studentska-pitanja\/"]}]},{"@type":"ImageObject","inLanguage":"en-US","@id":"https:\/\/mf.unsa.ba\/fakultet\/sluzbe-fakulteta\/sluzba-za-nastavu-i-studentska-pitanja\/#primaryimage","url":"https:\/\/mf.unsa.ba\/wp-content\/uploads\/2025\/01\/sluzba-za-nastavu-i-studentska-pitanja-1024x269.jpg","contentUrl":"https:\/\/mf.unsa.ba\/wp-content\/uploads\/2025\/01\/sluzba-za-nastavu-i-studentska-pitanja-1024x269.jpg"},{"@type":"BreadcrumbList","@id":"https:\/\/mf.unsa.ba\/fakultet\/sluzbe-fakulteta\/sluzba-za-nastavu-i-studentska-pitanja\/#breadcrumb","itemListElement":[{"@type":"ListItem","position":1,"name":"Home","item":"https:\/\/mf.unsa.ba\/"},{"@type":"ListItem","position":2,"name":"Fakultet","item":"https:\/\/mf.unsa.ba\/fakultet\/"},{"@type":"ListItem","position":3,"name":"Slu\u017ebe fakulteta","item":"https:\/\/mf.unsa.ba\/fakultet\/sluzbe-fakulteta\/"},{"@type":"ListItem","position":4,"name":"Slu\u017eba za nastavu i studentska pitanja"}]},{"@type":"WebSite","@id":"https:\/\/mf.unsa.ba\/#website","url":"https:\/\/mf.unsa.ba\/","name":"Medicinski fakultet u Sarajevu","description":"","potentialAction":[{"@type":"SearchAction","target":{"@type":"EntryPoint","urlTemplate":"https:\/\/mf.unsa.ba\/?s={search_term_string}"},"query-input":{"@type":"PropertyValueSpecification","valueRequired":true,"valueName":"search_term_string"}}],"inLanguage":"en-US"}]}},"_links":{"self":[{"href":"https:\/\/mf.unsa.ba\/en\/wp-json\/wp\/v2\/pages\/167","targetHints":{"allow":["GET"]}}],"collection":[{"href":"https:\/\/mf.unsa.ba\/en\/wp-json\/wp\/v2\/pages"}],"about":[{"href":"https:\/\/mf.unsa.ba\/en\/wp-json\/wp\/v2\/types\/page"}],"author":[{"embeddable":true,"href":"https:\/\/mf.unsa.ba\/en\/wp-json\/wp\/v2\/users\/1"}],"replies":[{"embeddable":true,"href":"https:\/\/mf.unsa.ba\/en\/wp-json\/wp\/v2\/comments?post=167"}],"version-history":[{"count":6,"href":"https:\/\/mf.unsa.ba\/en\/wp-json\/wp\/v2\/pages\/167\/revisions"}],"predecessor-version":[{"id":7168,"href":"https:\/\/mf.unsa.ba\/en\/wp-json\/wp\/v2\/pages\/167\/revisions\/7168"}],"up":[{"embeddable":true,"href":"https:\/\/mf.unsa.ba\/en\/wp-json\/wp\/v2\/pages\/186"}],"wp:attachment":[{"href":"https:\/\/mf.unsa.ba\/en\/wp-json\/wp\/v2\/media?parent=167"}],"curies":[{"name":"wp","href":"https:\/\/api.w.org\/{rel}","templated":true}]}}