{"id":170,"date":"2024-11-28T18:03:38","date_gmt":"2024-11-28T18:03:38","guid":{"rendered":"https:\/\/maniapanel.win\/medicinski-fakultet\/nastavne-baze\/"},"modified":"2025-02-23T21:18:35","modified_gmt":"2025-02-23T21:18:35","slug":"nastavne-baze","status":"publish","type":"page","link":"https:\/\/mf.unsa.ba\/en\/fakultet\/nastavne-baze\/","title":{"rendered":"Teaching Bases"},"content":{"rendered":"<p>The teaching of clinical subjects within the Integrated Study Program in Medicine is conducted at accredited teaching bases of the Faculty of Medicine. These institutions meet the required standards in terms of staffing, infrastructure, technical equipment, and other resources necessary for the effective implementation of both teaching and research activities.<a href=\"https:\/\/mf.unsa.ba\/en\/fakultet\/nastavne-baze\/\"><\/a><\/p>\n\n\n<div class=\"links-block-container\">            <a class=\"small-transparent-blue-link\" href=\"https:\/\/www.kcus.ba\/\" target=\"_blank\">\n                <img decoding=\"async\" alt=\"small-attachment-icon\" src=\"https:\/\/mf.unsa.ba\/wp-content\/themes\/medicinski-fakultet\/images\/small-attachment-icon.svg\">\n                Clinical Center of the University of Sarajevo             <\/a>\n                        <a class=\"small-transparent-blue-link\" href=\"https:\/\/judzks.ba\/\" target=\"_blank\">\n                <img decoding=\"async\" alt=\"small-attachment-icon\" src=\"https:\/\/mf.unsa.ba\/wp-content\/themes\/medicinski-fakultet\/images\/small-attachment-icon.svg\">\n                Public Institution \"Dom Zdravlja\" of Sarajevo Canton            <\/a>\n                        <a class=\"small-transparent-blue-link\" href=\"https:\/\/medicinarada.ba\/\" target=\"_blank\">\n                <img decoding=\"async\" alt=\"small-attachment-icon\" src=\"https:\/\/mf.unsa.ba\/wp-content\/themes\/medicinski-fakultet\/images\/small-attachment-icon.svg\">\n                Public Institution \u2013 Institute of Occupational Medicine of Sarajevo Canton            <\/a>\n            <\/div>\n\n\n<p><\/p>\n\n\n        <div class=\"inner-notification-container-slider-outer\">\n            <!-- Slider main container -->\n            <div class=\"swiper inner-notification-container-slider\">\n                <!-- Additional required wrapper -->\n                <div class=\"swiper-wrapper\">\n                                            <div class=\"swiper-slide\">\n                            <img decoding=\"async\" src=\"https:\/\/mf.unsa.ba\/wp-content\/uploads\/2025\/02\/Rectangle-279.jpg\" alt=\"\">\n                        <\/div>\n                                            <div class=\"swiper-slide\">\n                            <img decoding=\"async\" src=\"https:\/\/mf.unsa.ba\/wp-content\/uploads\/2025\/02\/Rectangle-280.jpg\" alt=\"\">\n                        <\/div>\n                                            <div class=\"swiper-slide\">\n                            <img decoding=\"async\" src=\"https:\/\/mf.unsa.ba\/wp-content\/uploads\/2025\/02\/Rectangle-277.jpg\" alt=\"\">\n                        <\/div>\n                                            <div class=\"swiper-slide\">\n                            <img decoding=\"async\" src=\"https:\/\/mf.unsa.ba\/wp-content\/uploads\/2025\/02\/Rectangle-278.jpg\" alt=\"\">\n                        <\/div>\n                                    <\/div>\n            <\/div>\n\n            <!-- Navigation buttons -->\n            <div class=\"swiper-button-prev inner-notification-prev\">\n                <div><\/div>\n                <div><\/div>\n            <\/div>\n            <div class=\"swiper-button-next inner-notification-next\">\n                <div><\/div>\n                <div><\/div>\n                <div><\/div>\n            <\/div>\n        <\/div>\n        \n\n\n<p><\/p>","protected":false},"excerpt":{"rendered":"<p>The teaching of clinical subjects within the Integrated Study Program in Medicine is conducted at accredited teaching bases of the Faculty of Medicine. These institutions meet the required standards in terms of staffing, infrastructure, technical equipment, and other resources necessary for the effective implementation of both teaching and research activities.<\/p>","protected":false},"author":1,"featured_media":0,"parent":176,"menu_order":0,"comment_status":"closed","ping_status":"closed","template":"","meta":{"_acf_changed":false,"footnotes":""},"class_list":["post-170","page","type-page","status-publish","hentry"],"acf":[],"yoast_head":"<!-- This site is optimized with the Yoast SEO plugin v27.3 - https:\/\/yoast.com\/product\/yoast-seo-wordpress\/ -->\n<title>Nastavne baze - Medicinski fakultet u Sarajevu<\/title>\n<meta name=\"robots\" content=\"index, follow, max-snippet:-1, max-image-preview:large, max-video-preview:-1\" \/>\n<link rel=\"canonical\" href=\"https:\/\/mf.unsa.ba\/en\/fakultet\/nastavne-baze\/\" \/>\n<meta property=\"og:locale\" content=\"en_US\" \/>\n<meta property=\"og:type\" content=\"article\" \/>\n<meta property=\"og:title\" content=\"Nastavne baze - Medicinski fakultet u Sarajevu\" \/>\n<meta property=\"og:description\" content=\"Nastava iz klini\u010dkih predmeta integriranog studija medicine se izvodi u nastavnim bazama Medicinskog fakulteta koje imaju predvi\u0111ene kadrovske, prostorne, tehni\u010dke i druge mogu\u0107nosti za realizaciju nastavnog i istra\u017eiva\u010dkog procesa:\" \/>\n<meta property=\"og:url\" content=\"https:\/\/mf.unsa.ba\/en\/fakultet\/nastavne-baze\/\" \/>\n<meta property=\"og:site_name\" content=\"Medicinski fakultet u Sarajevu\" \/>\n<meta property=\"article:publisher\" content=\"https:\/\/www.facebook.com\/medicinski.fakultet.unsa\/\" \/>\n<meta property=\"article:modified_time\" content=\"2025-02-23T21:18:35+00:00\" \/>\n<meta name=\"twitter:card\" content=\"summary_large_image\" \/>\n<script type=\"application\/ld+json\" class=\"yoast-schema-graph\">{\"@context\":\"https:\\\/\\\/schema.org\",\"@graph\":[{\"@type\":\"WebPage\",\"@id\":\"https:\\\/\\\/mf.unsa.ba\\\/fakultet\\\/nastavne-baze\\\/\",\"url\":\"https:\\\/\\\/mf.unsa.ba\\\/fakultet\\\/nastavne-baze\\\/\",\"name\":\"Nastavne baze - Medicinski fakultet u Sarajevu\",\"isPartOf\":{\"@id\":\"https:\\\/\\\/mf.unsa.ba\\\/#website\"},\"datePublished\":\"2024-11-28T18:03:38+00:00\",\"dateModified\":\"2025-02-23T21:18:35+00:00\",\"breadcrumb\":{\"@id\":\"https:\\\/\\\/mf.unsa.ba\\\/fakultet\\\/nastavne-baze\\\/#breadcrumb\"},\"inLanguage\":\"en-US\",\"potentialAction\":[{\"@type\":\"ReadAction\",\"target\":[\"https:\\\/\\\/mf.unsa.ba\\\/fakultet\\\/nastavne-baze\\\/\"]}]},{\"@type\":\"BreadcrumbList\",\"@id\":\"https:\\\/\\\/mf.unsa.ba\\\/fakultet\\\/nastavne-baze\\\/#breadcrumb\",\"itemListElement\":[{\"@type\":\"ListItem\",\"position\":1,\"name\":\"Home\",\"item\":\"https:\\\/\\\/mf.unsa.ba\\\/\"},{\"@type\":\"ListItem\",\"position\":2,\"name\":\"Fakultet\",\"item\":\"https:\\\/\\\/mf.unsa.ba\\\/fakultet\\\/\"},{\"@type\":\"ListItem\",\"position\":3,\"name\":\"Nastavne baze\"}]},{\"@type\":\"WebSite\",\"@id\":\"https:\\\/\\\/mf.unsa.ba\\\/#website\",\"url\":\"https:\\\/\\\/mf.unsa.ba\\\/\",\"name\":\"Medicinski fakultet u Sarajevu\",\"description\":\"\",\"potentialAction\":[{\"@type\":\"SearchAction\",\"target\":{\"@type\":\"EntryPoint\",\"urlTemplate\":\"https:\\\/\\\/mf.unsa.ba\\\/?s={search_term_string}\"},\"query-input\":{\"@type\":\"PropertyValueSpecification\",\"valueRequired\":true,\"valueName\":\"search_term_string\"}}],\"inLanguage\":\"en-US\"}]}<\/script>\n<!-- \/ Yoast SEO plugin. -->","yoast_head_json":{"title":"Nastavne baze - Medicinski fakultet u Sarajevu","robots":{"index":"index","follow":"follow","max-snippet":"max-snippet:-1","max-image-preview":"max-image-preview:large","max-video-preview":"max-video-preview:-1"},"canonical":"https:\/\/mf.unsa.ba\/en\/fakultet\/nastavne-baze\/","og_locale":"en_US","og_type":"article","og_title":"Nastavne baze - Medicinski fakultet u Sarajevu","og_description":"Nastava iz klini\u010dkih predmeta integriranog studija medicine se izvodi u nastavnim bazama Medicinskog fakulteta koje imaju predvi\u0111ene kadrovske, prostorne, tehni\u010dke i druge mogu\u0107nosti za realizaciju nastavnog i istra\u017eiva\u010dkog procesa:","og_url":"https:\/\/mf.unsa.ba\/en\/fakultet\/nastavne-baze\/","og_site_name":"Medicinski fakultet u Sarajevu","article_publisher":"https:\/\/www.facebook.com\/medicinski.fakultet.unsa\/","article_modified_time":"2025-02-23T21:18:35+00:00","twitter_card":"summary_large_image","schema":{"@context":"https:\/\/schema.org","@graph":[{"@type":"WebPage","@id":"https:\/\/mf.unsa.ba\/fakultet\/nastavne-baze\/","url":"https:\/\/mf.unsa.ba\/fakultet\/nastavne-baze\/","name":"Nastavne baze - Medicinski fakultet u Sarajevu","isPartOf":{"@id":"https:\/\/mf.unsa.ba\/#website"},"datePublished":"2024-11-28T18:03:38+00:00","dateModified":"2025-02-23T21:18:35+00:00","breadcrumb":{"@id":"https:\/\/mf.unsa.ba\/fakultet\/nastavne-baze\/#breadcrumb"},"inLanguage":"en-US","potentialAction":[{"@type":"ReadAction","target":["https:\/\/mf.unsa.ba\/fakultet\/nastavne-baze\/"]}]},{"@type":"BreadcrumbList","@id":"https:\/\/mf.unsa.ba\/fakultet\/nastavne-baze\/#breadcrumb","itemListElement":[{"@type":"ListItem","position":1,"name":"Home","item":"https:\/\/mf.unsa.ba\/"},{"@type":"ListItem","position":2,"name":"Fakultet","item":"https:\/\/mf.unsa.ba\/fakultet\/"},{"@type":"ListItem","position":3,"name":"Nastavne baze"}]},{"@type":"WebSite","@id":"https:\/\/mf.unsa.ba\/#website","url":"https:\/\/mf.unsa.ba\/","name":"Medicinski fakultet u Sarajevu","description":"","potentialAction":[{"@type":"SearchAction","target":{"@type":"EntryPoint","urlTemplate":"https:\/\/mf.unsa.ba\/?s={search_term_string}"},"query-input":{"@type":"PropertyValueSpecification","valueRequired":true,"valueName":"search_term_string"}}],"inLanguage":"en-US"}]}},"_links":{"self":[{"href":"https:\/\/mf.unsa.ba\/en\/wp-json\/wp\/v2\/pages\/170","targetHints":{"allow":["GET"]}}],"collection":[{"href":"https:\/\/mf.unsa.ba\/en\/wp-json\/wp\/v2\/pages"}],"about":[{"href":"https:\/\/mf.unsa.ba\/en\/wp-json\/wp\/v2\/types\/page"}],"author":[{"embeddable":true,"href":"https:\/\/mf.unsa.ba\/en\/wp-json\/wp\/v2\/users\/1"}],"replies":[{"embeddable":true,"href":"https:\/\/mf.unsa.ba\/en\/wp-json\/wp\/v2\/comments?post=170"}],"version-history":[{"count":10,"href":"https:\/\/mf.unsa.ba\/en\/wp-json\/wp\/v2\/pages\/170\/revisions"}],"predecessor-version":[{"id":5625,"href":"https:\/\/mf.unsa.ba\/en\/wp-json\/wp\/v2\/pages\/170\/revisions\/5625"}],"up":[{"embeddable":true,"href":"https:\/\/mf.unsa.ba\/en\/wp-json\/wp\/v2\/pages\/176"}],"wp:attachment":[{"href":"https:\/\/mf.unsa.ba\/en\/wp-json\/wp\/v2\/media?parent=170"}],"curies":[{"name":"wp","href":"https:\/\/api.w.org\/{rel}","templated":true}]}}