{"id":190,"date":"2024-11-28T18:12:42","date_gmt":"2024-11-28T18:12:42","guid":{"rendered":"https:\/\/maniapanel.win\/medicinski-fakultet\/?page_id=190"},"modified":"2026-03-24T08:22:59","modified_gmt":"2026-03-24T08:22:59","slug":"eticki-odbor","status":"publish","type":"page","link":"https:\/\/mf.unsa.ba\/en\/fakultet\/odbori\/eticki-odbor\/","title":{"rendered":"Ethics Committee"},"content":{"rendered":"<p class=\"translation-block\">Ethics Committee \u2013 Faculty of Medicine, University of Sarajevo\nThe Faculty Ethics Committee is the body responsible for matters of academic ethics at the level of the University\u2019s organizational unit. It is tasked with promoting academic values, preserving academic integrity and ethics, protecting against discrimination and harassment based on gender and sexual harassment, and standardizing moral behavior and ethical conduct of academic staff in research, teaching, and social relations.<\/p>\n\n\n\n<p>The Faculty Ethics Committee is authorized to:<\/p>\n\n\n\n<ul class=\"wp-block-list\">\n<li>Monitor the implementation of the University\u2019s Code of Ethics at the Faculty and conduct procedures for determining violations of the Code of Ethics at the Faculty;<br>Eti\u010dkog kodeksa na Fakultetu<\/li>\n\n\n\n<li>Initiate proceedings for violations of the University\u2019s Code of Ethics either on its own initiative or at the request of academic or non-academic staff, students, or other individuals who believe that a violation has occurred at the Faculty;<\/li>\n\n\n\n<li>In cases of serious violations of the Code of Ethics, submit a report to the Dean with a proposal to initiate disciplinary proceedings;<\/li>\n\n\n\n<li>Prepare an annual report on its work and on the procedures conducted for determining violations of the Code of Ethics, and submit it to the Dean, the Faculty Council, and the University Ethics Council.<\/li>\n<\/ul>\n\n\n\n<p>  The Faculty Ethics Committee shall perform its duties in accordance with the University\u2019s Code of Ethics.<br>  kodeksom Univerziteta.<br><br>  In the process of determining violations of the Code of Ethics, the Committee must respect the principle of confidentiality<br>  and protect the dignity of the person involved in the proceedings.<\/p>\n\n\n\n<p><\/p>\n\n\n\n<p>The Faculty Ethics Committee is appointed by the Dean based<br>on prior approval from the Faculty Council.<\/p>\n\n\n\n<p>Members:&nbsp;&nbsp;&nbsp;&nbsp;&nbsp;&nbsp;&nbsp;&nbsp;&nbsp;<\/p>\n\n\n\n<ol class=\"wp-block-list\">\n<li><a href=\"https:\/\/mf.unsa.ba\/en\/fakultet\/katedre\/farmakologija-toksikologija-i-klinicka-farmakologija\/\">Prof. dr Lejla Burnazovi\u0107 &#8211; Risti\u0107, predsjednica<\/a><\/li>\n\n\n\n<li><a href=\"https:\/\/mf.unsa.ba\/en\/fakultet\/katedre\/hirurgija\/\">Prof. dr Amel Had\u017eimehmedagi\u0107, \u010dlan<\/a><\/li>\n\n\n\n<li><a href=\"https:\/\/mf.unsa.ba\/en\/fakultet\/katedre\/fiziologija-covjeka\/\">Prof. dr Orhan Lepara, \u010dlan<\/a><\/li>\n\n\n\n<li><a href=\"https:\/\/mf.unsa.ba\/en\/fakultet\/katedre\/onkologija\/\">Prof. dr Timur Ceri\u0107, \u010dlan<\/a><\/li>\n\n\n\n<li><a href=\"https:\/\/mf.unsa.ba\/en\/fakultet\/katedre\/anatomija-covjeka\/\">Prof. dr Ilvana Hasanbegovi\u0107, \u010dlanica<\/a><\/li>\n\n\n\n<li><a href=\"https:\/\/mf.unsa.ba\/en\/fakultet\/katedre\/histologija-i-embrilogija\/\">Prof. dr Maida \u0160ahinovi\u0107, \u010dlanica<\/a><\/li>\n\n\n\n<li>Prof. dr Aida Kavazovi\u0107, \u010dlanica<\/li>\n\n\n\n<li><a href=\"https:\/\/mf.unsa.ba\/en\/fakultet\/sluzbe-fakulteta\/pravna-sluzba\/\">Dejan Kuni\u0107, dipl.iur, \u010dlan<\/a><\/li>\n\n\n\n<li>Adin Kurbegovi\u0107, predstavnik studenata, \u010dlan<\/li>\n<\/ol>\n\n\n\n<p>Deputies:<\/p>\n\n\n\n<ol class=\"wp-block-list\">\n<li><a href=\"https:\/\/mf.unsa.ba\/en\/fakultet\/katedre\/farmakologija-toksikologija-i-klinicka-farmakologija\/\">Prof. dr. Aida Kulo \u0106esic<\/a><\/li>\n\n\n\n<li><a href=\"https:\/\/mf.unsa.ba\/en\/fakultet\/katedre\/hirurgija\/\">Prof. dr Nermir Granov<\/a><\/li>\n\n\n\n<li><a href=\"https:\/\/mf.unsa.ba\/en\/fakultet\/katedre\/fiziologija-covjeka\/\">Prof. dr Nesina Avdagi\u0107<\/a><\/li>\n\n\n\n<li><a href=\"https:\/\/mf.unsa.ba\/en\/fakultet\/katedre\/onkologija\/\">Prof. dr Semir Be\u0161lija<\/a><\/li>\n\n\n\n<li><a href=\"https:\/\/mf.unsa.ba\/en\/fakultet\/katedre\/fiziologija-covjeka\/\">Prof. dr Amela Dervi\u0161evi\u0107<\/a><\/li>\n\n\n\n<li><a href=\"https:\/\/mf.unsa.ba\/en\/fakultet\/katedre\/histologija-i-embrilogija\/\">Doc. dr Vi\u0161nja Muzika<\/a><\/li>\n\n\n\n<li>Prof. dr Amir Zahirovi\u0107<\/li>\n\n\n\n<li>Anis Krivi\u0107, mr. iur<\/li>\n\n\n\n<li>Nedim Krajinovi\u0107,<\/li>\n<\/ol>\n\n\n\n<p><\/p>","protected":false},"excerpt":{"rendered":"<p>ETI\u010cKI ODBOR UNIVERZITETA U SARAJEVU \u2013 MEDICINSKOG FAKULTETA Eti\u010dki odbor Fakulteta predstavlja tijelo nadle\u017eno za pitanja akademske etike na nivou organizacionejedinice Univerziteta, odnosno tijelo nadle\u017eno za unapre\u0111enje akademskih vrijednosti, o\u010duvanjeakademskog integriteta i akademske etike, za\u0161titu od diskriminacije, uznemiravanja na osnovu spola iseksualnog uznemiravanja, standardizaciju moralnih pona\u0161anja i eti\u010dnog djelovanja akademskog osoblja uistra\u017eivanjima, nastavi i dru\u0161tvenim [&hellip;]<\/p>\n","protected":false},"author":1,"featured_media":0,"parent":188,"menu_order":0,"comment_status":"closed","ping_status":"closed","template":"","meta":{"_acf_changed":false,"footnotes":""},"class_list":["post-190","page","type-page","status-publish","hentry"],"acf":[],"yoast_head":"<!-- This site is optimized with the Yoast SEO plugin v27.3 - https:\/\/yoast.com\/product\/yoast-seo-wordpress\/ -->\n<title>Eti\u010dki odbor - Medicinski fakultet u Sarajevu<\/title>\n<meta name=\"robots\" content=\"index, follow, max-snippet:-1, max-image-preview:large, max-video-preview:-1\" \/>\n<link rel=\"canonical\" href=\"https:\/\/mf.unsa.ba\/en\/fakultet\/odbori\/eticki-odbor\/\" \/>\n<meta property=\"og:locale\" content=\"en_US\" \/>\n<meta property=\"og:type\" content=\"article\" \/>\n<meta property=\"og:title\" content=\"Eti\u010dki odbor - Medicinski fakultet u Sarajevu\" \/>\n<meta property=\"og:description\" content=\"ETI\u010cKI ODBOR UNIVERZITETA U SARAJEVU \u2013 MEDICINSKOG FAKULTETA Eti\u010dki odbor Fakulteta predstavlja tijelo nadle\u017eno za pitanja akademske etike na nivou organizacionejedinice Univerziteta, odnosno tijelo nadle\u017eno za unapre\u0111enje akademskih vrijednosti, o\u010duvanjeakademskog integriteta i akademske etike, za\u0161titu od diskriminacije, uznemiravanja na osnovu spola iseksualnog uznemiravanja, standardizaciju moralnih pona\u0161anja i eti\u010dnog djelovanja akademskog osoblja uistra\u017eivanjima, nastavi i dru\u0161tvenim [&hellip;]\" \/>\n<meta property=\"og:url\" content=\"https:\/\/mf.unsa.ba\/en\/fakultet\/odbori\/eticki-odbor\/\" \/>\n<meta property=\"og:site_name\" content=\"Medicinski fakultet u Sarajevu\" \/>\n<meta property=\"article:publisher\" content=\"https:\/\/www.facebook.com\/medicinski.fakultet.unsa\/\" \/>\n<meta property=\"article:modified_time\" content=\"2026-03-24T08:22:59+00:00\" \/>\n<meta name=\"twitter:card\" content=\"summary_large_image\" \/>\n<meta name=\"twitter:label1\" content=\"Est. reading time\" \/>\n\t<meta name=\"twitter:data1\" content=\"2 minutes\" \/>\n<script type=\"application\/ld+json\" class=\"yoast-schema-graph\">{\"@context\":\"https:\\\/\\\/schema.org\",\"@graph\":[{\"@type\":\"WebPage\",\"@id\":\"https:\\\/\\\/mf.unsa.ba\\\/fakultet\\\/odbori\\\/eticki-odbor\\\/\",\"url\":\"https:\\\/\\\/mf.unsa.ba\\\/fakultet\\\/odbori\\\/eticki-odbor\\\/\",\"name\":\"Eti\u010dki odbor - Medicinski fakultet u Sarajevu\",\"isPartOf\":{\"@id\":\"https:\\\/\\\/mf.unsa.ba\\\/#website\"},\"datePublished\":\"2024-11-28T18:12:42+00:00\",\"dateModified\":\"2026-03-24T08:22:59+00:00\",\"breadcrumb\":{\"@id\":\"https:\\\/\\\/mf.unsa.ba\\\/fakultet\\\/odbori\\\/eticki-odbor\\\/#breadcrumb\"},\"inLanguage\":\"en-US\",\"potentialAction\":[{\"@type\":\"ReadAction\",\"target\":[\"https:\\\/\\\/mf.unsa.ba\\\/fakultet\\\/odbori\\\/eticki-odbor\\\/\"]}]},{\"@type\":\"BreadcrumbList\",\"@id\":\"https:\\\/\\\/mf.unsa.ba\\\/fakultet\\\/odbori\\\/eticki-odbor\\\/#breadcrumb\",\"itemListElement\":[{\"@type\":\"ListItem\",\"position\":1,\"name\":\"Home\",\"item\":\"https:\\\/\\\/mf.unsa.ba\\\/\"},{\"@type\":\"ListItem\",\"position\":2,\"name\":\"Fakultet\",\"item\":\"https:\\\/\\\/mf.unsa.ba\\\/fakultet\\\/\"},{\"@type\":\"ListItem\",\"position\":3,\"name\":\"Odbori\",\"item\":\"https:\\\/\\\/mf.unsa.ba\\\/fakultet\\\/odbori\\\/\"},{\"@type\":\"ListItem\",\"position\":4,\"name\":\"Eti\u010dki odbor\"}]},{\"@type\":\"WebSite\",\"@id\":\"https:\\\/\\\/mf.unsa.ba\\\/#website\",\"url\":\"https:\\\/\\\/mf.unsa.ba\\\/\",\"name\":\"Medicinski fakultet u Sarajevu\",\"description\":\"\",\"potentialAction\":[{\"@type\":\"SearchAction\",\"target\":{\"@type\":\"EntryPoint\",\"urlTemplate\":\"https:\\\/\\\/mf.unsa.ba\\\/?s={search_term_string}\"},\"query-input\":{\"@type\":\"PropertyValueSpecification\",\"valueRequired\":true,\"valueName\":\"search_term_string\"}}],\"inLanguage\":\"en-US\"}]}<\/script>\n<!-- \/ Yoast SEO plugin. -->","yoast_head_json":{"title":"Eti\u010dki odbor - Medicinski fakultet u Sarajevu","robots":{"index":"index","follow":"follow","max-snippet":"max-snippet:-1","max-image-preview":"max-image-preview:large","max-video-preview":"max-video-preview:-1"},"canonical":"https:\/\/mf.unsa.ba\/en\/fakultet\/odbori\/eticki-odbor\/","og_locale":"en_US","og_type":"article","og_title":"Eti\u010dki odbor - Medicinski fakultet u Sarajevu","og_description":"ETI\u010cKI ODBOR UNIVERZITETA U SARAJEVU \u2013 MEDICINSKOG FAKULTETA Eti\u010dki odbor Fakulteta predstavlja tijelo nadle\u017eno za pitanja akademske etike na nivou organizacionejedinice Univerziteta, odnosno tijelo nadle\u017eno za unapre\u0111enje akademskih vrijednosti, o\u010duvanjeakademskog integriteta i akademske etike, za\u0161titu od diskriminacije, uznemiravanja na osnovu spola iseksualnog uznemiravanja, standardizaciju moralnih pona\u0161anja i eti\u010dnog djelovanja akademskog osoblja uistra\u017eivanjima, nastavi i dru\u0161tvenim [&hellip;]","og_url":"https:\/\/mf.unsa.ba\/en\/fakultet\/odbori\/eticki-odbor\/","og_site_name":"Medicinski fakultet u Sarajevu","article_publisher":"https:\/\/www.facebook.com\/medicinski.fakultet.unsa\/","article_modified_time":"2026-03-24T08:22:59+00:00","twitter_card":"summary_large_image","twitter_misc":{"Est. reading time":"2 minutes"},"schema":{"@context":"https:\/\/schema.org","@graph":[{"@type":"WebPage","@id":"https:\/\/mf.unsa.ba\/fakultet\/odbori\/eticki-odbor\/","url":"https:\/\/mf.unsa.ba\/fakultet\/odbori\/eticki-odbor\/","name":"Eti\u010dki odbor - Medicinski fakultet u Sarajevu","isPartOf":{"@id":"https:\/\/mf.unsa.ba\/#website"},"datePublished":"2024-11-28T18:12:42+00:00","dateModified":"2026-03-24T08:22:59+00:00","breadcrumb":{"@id":"https:\/\/mf.unsa.ba\/fakultet\/odbori\/eticki-odbor\/#breadcrumb"},"inLanguage":"en-US","potentialAction":[{"@type":"ReadAction","target":["https:\/\/mf.unsa.ba\/fakultet\/odbori\/eticki-odbor\/"]}]},{"@type":"BreadcrumbList","@id":"https:\/\/mf.unsa.ba\/fakultet\/odbori\/eticki-odbor\/#breadcrumb","itemListElement":[{"@type":"ListItem","position":1,"name":"Home","item":"https:\/\/mf.unsa.ba\/"},{"@type":"ListItem","position":2,"name":"Fakultet","item":"https:\/\/mf.unsa.ba\/fakultet\/"},{"@type":"ListItem","position":3,"name":"Odbori","item":"https:\/\/mf.unsa.ba\/fakultet\/odbori\/"},{"@type":"ListItem","position":4,"name":"Eti\u010dki odbor"}]},{"@type":"WebSite","@id":"https:\/\/mf.unsa.ba\/#website","url":"https:\/\/mf.unsa.ba\/","name":"Medicinski fakultet u Sarajevu","description":"","potentialAction":[{"@type":"SearchAction","target":{"@type":"EntryPoint","urlTemplate":"https:\/\/mf.unsa.ba\/?s={search_term_string}"},"query-input":{"@type":"PropertyValueSpecification","valueRequired":true,"valueName":"search_term_string"}}],"inLanguage":"en-US"}]}},"_links":{"self":[{"href":"https:\/\/mf.unsa.ba\/en\/wp-json\/wp\/v2\/pages\/190","targetHints":{"allow":["GET"]}}],"collection":[{"href":"https:\/\/mf.unsa.ba\/en\/wp-json\/wp\/v2\/pages"}],"about":[{"href":"https:\/\/mf.unsa.ba\/en\/wp-json\/wp\/v2\/types\/page"}],"author":[{"embeddable":true,"href":"https:\/\/mf.unsa.ba\/en\/wp-json\/wp\/v2\/users\/1"}],"replies":[{"embeddable":true,"href":"https:\/\/mf.unsa.ba\/en\/wp-json\/wp\/v2\/comments?post=190"}],"version-history":[{"count":13,"href":"https:\/\/mf.unsa.ba\/en\/wp-json\/wp\/v2\/pages\/190\/revisions"}],"predecessor-version":[{"id":8113,"href":"https:\/\/mf.unsa.ba\/en\/wp-json\/wp\/v2\/pages\/190\/revisions\/8113"}],"up":[{"embeddable":true,"href":"https:\/\/mf.unsa.ba\/en\/wp-json\/wp\/v2\/pages\/188"}],"wp:attachment":[{"href":"https:\/\/mf.unsa.ba\/en\/wp-json\/wp\/v2\/media?parent=190"}],"curies":[{"name":"wp","href":"https:\/\/api.w.org\/{rel}","templated":true}]}}