{"id":232,"date":"2024-12-01T12:45:19","date_gmt":"2024-12-01T12:45:19","guid":{"rendered":"https:\/\/maniapanel.win\/medicinski-fakultet\/?page_id=232"},"modified":"2026-04-03T13:07:16","modified_gmt":"2026-04-03T13:07:16","slug":"plan-i-program","status":"publish","type":"page","link":"https:\/\/mf.unsa.ba\/en\/studij\/treci-ciklus\/plan-i-program\/","title":{"rendered":"Curriculum"},"content":{"rendered":"<h2 class=\"wp-block-heading\">Doctoral Program \u201cBiomedicine and Health\u201d<\/h2>\n\n\n\n<p>The doctoral program \u201cBiomedicine and Health\u201d represents the third cycle of studies at the Faculty of Medicine, University of Sarajevo, aligned with European standards of higher education. The program is designed to develop research competencies in the fields of basic and clinical medical sciences, public health, and related disciplines.<\/p>\n\n\n\n<p>The program lasts <strong>tri godine (\u0161est semestara)<\/strong>&nbsp;i nosi <strong>180 ECTS bodova<\/strong>, od \u010dega <strong>60 ECTS<\/strong>&nbsp;otpada na organiziranu nastavu, a <strong>120 ECTS<\/strong>&nbsp;na rad na doktorskoj disertaciji. Nastava se organizira u poslijepodnevnim satima kako bi se omogu\u0107ilo studiranje uz rad.<\/p>\n\n\n\n<h2 class=\"wp-block-heading\">Curriculum<\/h2>\n\n\n\n<p class=\"translation-block\">As part of the organized coursework, students attend mandatory courses from the module \u201cFundamentals of Scientific Research,\u201d worth a total of 40 ECTS credits. These courses cover topics such as research methodology, biostatistics, scientific writing, and principles of evidence-based medicine.<\/p>\n\n\n\n<p class=\"translation-block\">In addition, students choose elective courses from one or more of the following modules: Experimental Biomedicine, Clinical Biomedicine, and Public Health, earning an additional 20 ECTS credits. This allows for the individualization of the study program according to each candidate\u2019s research interests.<\/p>\n\n\n\n<h2 class=\"wp-block-heading\">Research Work and Dissertation<\/h2>\n\n\n\n<p>Work on the doctoral dissertation includes independent research under mentorship, participation in scientific projects, research stays at scientific institutions, and publication of scientific papers. The dissertation may be completed through the traditional format or via the \u201cby publication\u201d model. <em>\u201epublikacijom do disertacije\u201c<\/em>.<\/p>\n\n\n\n<h2 class=\"wp-block-heading\">Enrollment and Call for Applications<\/h2>\n\n\n\n<p><strong>The call for applications<\/strong>&nbsp;is published once a year, and the program begins with the new academic year. The admission process includes an evaluation of the candidate\u2019s scientific activity and an interview\u2014there is no entrance exam. The program is open to candidates from Bosnia and Herzegovina and abroad who have completed an integrated medical study program or another related program (minimum 360 ECTS credits).<\/p>\n\n\n\n<p><\/p>\n\n\n\n<p><\/p>\n\n\n\n<h2 class=\"wp-block-heading\">Chair of the Doctoral Studies Council:<\/h2>\n\n\n\n<p>Prof. dr. Ibrahim Omerhod\u017ei\u0107 <br><a href=\"mailto:ibrahim.omerhodzic@mf.unsa.ba\">ibrahim.omerhodzic@mf.unsa.ba<\/a><\/p>\n\n\n\n<p><\/p>\n\n\n\n<p><\/p>\n\n\n\n<p><\/p>\n\n\n\n<h2 class=\"wp-block-heading\">Doctoral Program Curricula \u201cBiomedicine and Health\u201d&nbsp;<\/h2>\n\n\n        <div class=\"inner-notification-container-download\">\n                            <a href=\"https:\/\/mf.unsa.ba\/wp-content\/uploads\/2025\/04\/Biomedicina-i-zdravstvo-2024.pdf\" target=\"_blank\">\n                    <h5>BIOMEDICINE AND HEALTH 2024<\/h5>\n                    <div>\n                        <p>Download<\/p>\n                        <svg fill=\"none\" height=\"11\" viewbox=\"0 0 15 11\" width=\"15\" xmlns=\"http:\/\/www.w3.org\/2000\/svg\">\n                            <path d=\"M8.90814 9.50213C8.82312 9.58132 8.75492 9.67682 8.70762 9.78293C8.66032 9.88904 8.63488 10.0036 8.63283 10.1197C8.63078 10.2359 8.65216 10.3512 8.69568 10.4589C8.73921 10.5667 8.804 10.6645 8.88618 10.7466C8.96836 10.8288 9.06625 10.8935 9.17401 10.937C9.28177 10.9805 9.39719 11.0019 9.51339 10.9999C9.62959 10.9978 9.74419 10.9724 9.85035 10.9251C9.95651 10.8778 10.0521 10.8097 10.1313 10.7247L14.7469 6.11128C14.909 5.94909 15 5.72923 15 5.5C15 5.27077 14.909 5.05091 14.7469 4.88872L10.1313 0.275314C10.0521 0.190327 9.95651 0.122162 9.85035 0.074884C9.74419 0.0276065 9.6296 0.0021844 9.51339 0.000134942C9.39719 -0.00191451 9.28177 0.0194506 9.17401 0.0629553C9.06625 0.106461 8.96836 0.171217 8.88618 0.253357C8.804 0.335498 8.73921 0.43334 8.69568 0.54105C8.65216 0.648759 8.63078 0.764127 8.63283 0.880273C8.63488 0.996419 8.66032 1.11096 8.70762 1.21707C8.75492 1.32318 8.82312 1.41868 8.90815 1.49787L12.0468 4.63499L0.865428 4.63498C0.635902 4.63498 0.415777 4.72612 0.253478 4.88834C0.0911775 5.05056 -4.52793e-07 5.27058 -4.72849e-07 5.5C-4.92905e-07 5.72941 0.0911774 5.94943 0.253478 6.11166C0.415777 6.27388 0.635902 6.36501 0.865427 6.36501L12.0468 6.36501L8.90814 9.50213Z\" fill=\"#25B270\"><\/path>\n                        <\/svg>\n                    <\/div>\n                <\/a>\n                            <a href=\"https:\/\/mf.unsa.ba\/wp-content\/uploads\/2025\/04\/Biomedicina-i-zdravstvo-2021.pdf\" target=\"_blank\">\n                    <h5>BIOMEDICINE AND HEALTH 2021<\/h5>\n                    <div>\n                        <p>Download<\/p>\n                        <svg fill=\"none\" height=\"11\" viewbox=\"0 0 15 11\" width=\"15\" xmlns=\"http:\/\/www.w3.org\/2000\/svg\">\n                            <path d=\"M8.90814 9.50213C8.82312 9.58132 8.75492 9.67682 8.70762 9.78293C8.66032 9.88904 8.63488 10.0036 8.63283 10.1197C8.63078 10.2359 8.65216 10.3512 8.69568 10.4589C8.73921 10.5667 8.804 10.6645 8.88618 10.7466C8.96836 10.8288 9.06625 10.8935 9.17401 10.937C9.28177 10.9805 9.39719 11.0019 9.51339 10.9999C9.62959 10.9978 9.74419 10.9724 9.85035 10.9251C9.95651 10.8778 10.0521 10.8097 10.1313 10.7247L14.7469 6.11128C14.909 5.94909 15 5.72923 15 5.5C15 5.27077 14.909 5.05091 14.7469 4.88872L10.1313 0.275314C10.0521 0.190327 9.95651 0.122162 9.85035 0.074884C9.74419 0.0276065 9.6296 0.0021844 9.51339 0.000134942C9.39719 -0.00191451 9.28177 0.0194506 9.17401 0.0629553C9.06625 0.106461 8.96836 0.171217 8.88618 0.253357C8.804 0.335498 8.73921 0.43334 8.69568 0.54105C8.65216 0.648759 8.63078 0.764127 8.63283 0.880273C8.63488 0.996419 8.66032 1.11096 8.70762 1.21707C8.75492 1.32318 8.82312 1.41868 8.90815 1.49787L12.0468 4.63499L0.865428 4.63498C0.635902 4.63498 0.415777 4.72612 0.253478 4.88834C0.0911775 5.05056 -4.52793e-07 5.27058 -4.72849e-07 5.5C-4.92905e-07 5.72941 0.0911774 5.94943 0.253478 6.11166C0.415777 6.27388 0.635902 6.36501 0.865427 6.36501L12.0468 6.36501L8.90814 9.50213Z\" fill=\"#25B270\"><\/path>\n                        <\/svg>\n                    <\/div>\n                <\/a>\n                            <a href=\"https:\/\/mf.unsa.ba\/wp-content\/uploads\/2025\/04\/Biomedicina-i-zdravstvo-2018.pdf\" target=\"_blank\">\n                    <h5>BIOMEDICINE AND HEALTH 2018<\/h5>\n                    <div>\n                        <p>Download<\/p>\n                        <svg fill=\"none\" height=\"11\" viewbox=\"0 0 15 11\" width=\"15\" xmlns=\"http:\/\/www.w3.org\/2000\/svg\">\n                            <path d=\"M8.90814 9.50213C8.82312 9.58132 8.75492 9.67682 8.70762 9.78293C8.66032 9.88904 8.63488 10.0036 8.63283 10.1197C8.63078 10.2359 8.65216 10.3512 8.69568 10.4589C8.73921 10.5667 8.804 10.6645 8.88618 10.7466C8.96836 10.8288 9.06625 10.8935 9.17401 10.937C9.28177 10.9805 9.39719 11.0019 9.51339 10.9999C9.62959 10.9978 9.74419 10.9724 9.85035 10.9251C9.95651 10.8778 10.0521 10.8097 10.1313 10.7247L14.7469 6.11128C14.909 5.94909 15 5.72923 15 5.5C15 5.27077 14.909 5.05091 14.7469 4.88872L10.1313 0.275314C10.0521 0.190327 9.95651 0.122162 9.85035 0.074884C9.74419 0.0276065 9.6296 0.0021844 9.51339 0.000134942C9.39719 -0.00191451 9.28177 0.0194506 9.17401 0.0629553C9.06625 0.106461 8.96836 0.171217 8.88618 0.253357C8.804 0.335498 8.73921 0.43334 8.69568 0.54105C8.65216 0.648759 8.63078 0.764127 8.63283 0.880273C8.63488 0.996419 8.66032 1.11096 8.70762 1.21707C8.75492 1.32318 8.82312 1.41868 8.90815 1.49787L12.0468 4.63499L0.865428 4.63498C0.635902 4.63498 0.415777 4.72612 0.253478 4.88834C0.0911775 5.05056 -4.52793e-07 5.27058 -4.72849e-07 5.5C-4.92905e-07 5.72941 0.0911774 5.94943 0.253478 6.11166C0.415777 6.27388 0.635902 6.36501 0.865427 6.36501L12.0468 6.36501L8.90814 9.50213Z\" fill=\"#25B270\"><\/path>\n                        <\/svg>\n                    <\/div>\n                <\/a>\n                            <a href=\"https:\/\/mf.unsa.ba\/wp-content\/uploads\/2025\/04\/Biomedicina-i-zdravstvo-2015.pdf\" target=\"_blank\">\n                    <h5>BIOMEDICINE AND HEALTH 2015<\/h5>\n                    <div>\n                        <p>Download<\/p>\n                        <svg fill=\"none\" height=\"11\" viewbox=\"0 0 15 11\" width=\"15\" xmlns=\"http:\/\/www.w3.org\/2000\/svg\">\n                            <path d=\"M8.90814 9.50213C8.82312 9.58132 8.75492 9.67682 8.70762 9.78293C8.66032 9.88904 8.63488 10.0036 8.63283 10.1197C8.63078 10.2359 8.65216 10.3512 8.69568 10.4589C8.73921 10.5667 8.804 10.6645 8.88618 10.7466C8.96836 10.8288 9.06625 10.8935 9.17401 10.937C9.28177 10.9805 9.39719 11.0019 9.51339 10.9999C9.62959 10.9978 9.74419 10.9724 9.85035 10.9251C9.95651 10.8778 10.0521 10.8097 10.1313 10.7247L14.7469 6.11128C14.909 5.94909 15 5.72923 15 5.5C15 5.27077 14.909 5.05091 14.7469 4.88872L10.1313 0.275314C10.0521 0.190327 9.95651 0.122162 9.85035 0.074884C9.74419 0.0276065 9.6296 0.0021844 9.51339 0.000134942C9.39719 -0.00191451 9.28177 0.0194506 9.17401 0.0629553C9.06625 0.106461 8.96836 0.171217 8.88618 0.253357C8.804 0.335498 8.73921 0.43334 8.69568 0.54105C8.65216 0.648759 8.63078 0.764127 8.63283 0.880273C8.63488 0.996419 8.66032 1.11096 8.70762 1.21707C8.75492 1.32318 8.82312 1.41868 8.90815 1.49787L12.0468 4.63499L0.865428 4.63498C0.635902 4.63498 0.415777 4.72612 0.253478 4.88834C0.0911775 5.05056 -4.52793e-07 5.27058 -4.72849e-07 5.5C-4.92905e-07 5.72941 0.0911774 5.94943 0.253478 6.11166C0.415777 6.27388 0.635902 6.36501 0.865427 6.36501L12.0468 6.36501L8.90814 9.50213Z\" fill=\"#25B270\"><\/path>\n                        <\/svg>\n                    <\/div>\n                <\/a>\n                            <a href=\"https:\/\/mf.unsa.ba\/wp-content\/uploads\/2025\/04\/Biomedicina-i-Zdravstvo-2013.pdf\" target=\"_blank\">\n                    <h5>BIOMEDICINE AND HEALTH 2013<\/h5>\n                    <div>\n                        <p>Download<\/p>\n                        <svg fill=\"none\" height=\"11\" viewbox=\"0 0 15 11\" width=\"15\" xmlns=\"http:\/\/www.w3.org\/2000\/svg\">\n                            <path d=\"M8.90814 9.50213C8.82312 9.58132 8.75492 9.67682 8.70762 9.78293C8.66032 9.88904 8.63488 10.0036 8.63283 10.1197C8.63078 10.2359 8.65216 10.3512 8.69568 10.4589C8.73921 10.5667 8.804 10.6645 8.88618 10.7466C8.96836 10.8288 9.06625 10.8935 9.17401 10.937C9.28177 10.9805 9.39719 11.0019 9.51339 10.9999C9.62959 10.9978 9.74419 10.9724 9.85035 10.9251C9.95651 10.8778 10.0521 10.8097 10.1313 10.7247L14.7469 6.11128C14.909 5.94909 15 5.72923 15 5.5C15 5.27077 14.909 5.05091 14.7469 4.88872L10.1313 0.275314C10.0521 0.190327 9.95651 0.122162 9.85035 0.074884C9.74419 0.0276065 9.6296 0.0021844 9.51339 0.000134942C9.39719 -0.00191451 9.28177 0.0194506 9.17401 0.0629553C9.06625 0.106461 8.96836 0.171217 8.88618 0.253357C8.804 0.335498 8.73921 0.43334 8.69568 0.54105C8.65216 0.648759 8.63078 0.764127 8.63283 0.880273C8.63488 0.996419 8.66032 1.11096 8.70762 1.21707C8.75492 1.32318 8.82312 1.41868 8.90815 1.49787L12.0468 4.63499L0.865428 4.63498C0.635902 4.63498 0.415777 4.72612 0.253478 4.88834C0.0911775 5.05056 -4.52793e-07 5.27058 -4.72849e-07 5.5C-4.92905e-07 5.72941 0.0911774 5.94943 0.253478 6.11166C0.415777 6.27388 0.635902 6.36501 0.865427 6.36501L12.0468 6.36501L8.90814 9.50213Z\" fill=\"#25B270\"><\/path>\n                        <\/svg>\n                    <\/div>\n                <\/a>\n                    <\/div>\n    \n\n\n<h2 class=\"wp-block-heading\">Study Regulations<\/h2>\n\n\n        <div class=\"inner-notification-container-download\">\n                            <a href=\"https:\/\/mf.unsa.ba\/wp-content\/uploads\/2025\/04\/Pravila_treci_ciklus_studija_Univerziteta_2024_-Final.pdf\" target=\"_blank\">\n                    <h5>REGULATIONS FOR THE THIRD CYCLE OF STUDIES 2024 <\/h5>\n                    <div>\n                        <p>Download<\/p>\n                        <svg fill=\"none\" height=\"11\" viewbox=\"0 0 15 11\" width=\"15\" xmlns=\"http:\/\/www.w3.org\/2000\/svg\">\n                            <path d=\"M8.90814 9.50213C8.82312 9.58132 8.75492 9.67682 8.70762 9.78293C8.66032 9.88904 8.63488 10.0036 8.63283 10.1197C8.63078 10.2359 8.65216 10.3512 8.69568 10.4589C8.73921 10.5667 8.804 10.6645 8.88618 10.7466C8.96836 10.8288 9.06625 10.8935 9.17401 10.937C9.28177 10.9805 9.39719 11.0019 9.51339 10.9999C9.62959 10.9978 9.74419 10.9724 9.85035 10.9251C9.95651 10.8778 10.0521 10.8097 10.1313 10.7247L14.7469 6.11128C14.909 5.94909 15 5.72923 15 5.5C15 5.27077 14.909 5.05091 14.7469 4.88872L10.1313 0.275314C10.0521 0.190327 9.95651 0.122162 9.85035 0.074884C9.74419 0.0276065 9.6296 0.0021844 9.51339 0.000134942C9.39719 -0.00191451 9.28177 0.0194506 9.17401 0.0629553C9.06625 0.106461 8.96836 0.171217 8.88618 0.253357C8.804 0.335498 8.73921 0.43334 8.69568 0.54105C8.65216 0.648759 8.63078 0.764127 8.63283 0.880273C8.63488 0.996419 8.66032 1.11096 8.70762 1.21707C8.75492 1.32318 8.82312 1.41868 8.90815 1.49787L12.0468 4.63499L0.865428 4.63498C0.635902 4.63498 0.415777 4.72612 0.253478 4.88834C0.0911775 5.05056 -4.52793e-07 5.27058 -4.72849e-07 5.5C-4.92905e-07 5.72941 0.0911774 5.94943 0.253478 6.11166C0.415777 6.27388 0.635902 6.36501 0.865427 6.36501L12.0468 6.36501L8.90814 9.50213Z\" fill=\"#25B270\"><\/path>\n                        <\/svg>\n                    <\/div>\n                <\/a>\n                    <\/div>","protected":false},"excerpt":{"rendered":"<p>Doktorski studij \u201eBiomedicina i zdravstvo\u201c Doktorski studij \u201eBiomedicina i zdravstvo\u201c predstavlja tre\u0107i ciklus studija na Medicinskom fakultetu Univerziteta u Sarajevu, uskla\u0111en sa evropskim standardima visokog obrazovanja. Program je namijenjen razvoju nau\u010dnoistra\u017eiva\u010dkih kompetencija u oblastima bazi\u010dnih i klini\u010dkih medicinskih nauka, javnog zdravstva i srodnih disciplina. Studij traje tri godine (\u0161est semestara)&nbsp;i nosi 180 ECTS bodova, od [&hellip;]<\/p>\n","protected":false},"author":1,"featured_media":0,"parent":230,"menu_order":0,"comment_status":"closed","ping_status":"closed","template":"","meta":{"_acf_changed":false,"footnotes":""},"class_list":["post-232","page","type-page","status-publish","hentry"],"acf":[],"yoast_head":"<!-- This site is optimized with the Yoast SEO plugin v27.3 - https:\/\/yoast.com\/product\/yoast-seo-wordpress\/ -->\n<title>Plan i program - Medicinski fakultet u Sarajevu<\/title>\n<meta name=\"robots\" content=\"index, follow, max-snippet:-1, max-image-preview:large, max-video-preview:-1\" \/>\n<link rel=\"canonical\" href=\"https:\/\/mf.unsa.ba\/en\/studij\/treci-ciklus\/plan-i-program\/\" \/>\n<meta property=\"og:locale\" content=\"en_US\" \/>\n<meta property=\"og:type\" content=\"article\" \/>\n<meta property=\"og:title\" content=\"Plan i program - Medicinski fakultet u Sarajevu\" \/>\n<meta property=\"og:description\" content=\"Doktorski studij \u201eBiomedicina i zdravstvo\u201c Doktorski studij \u201eBiomedicina i zdravstvo\u201c predstavlja tre\u0107i ciklus studija na Medicinskom fakultetu Univerziteta u Sarajevu, uskla\u0111en sa evropskim standardima visokog obrazovanja. Program je namijenjen razvoju nau\u010dnoistra\u017eiva\u010dkih kompetencija u oblastima bazi\u010dnih i klini\u010dkih medicinskih nauka, javnog zdravstva i srodnih disciplina. Studij traje tri godine (\u0161est semestara)&nbsp;i nosi 180 ECTS bodova, od [&hellip;]\" \/>\n<meta property=\"og:url\" content=\"https:\/\/mf.unsa.ba\/en\/studij\/treci-ciklus\/plan-i-program\/\" \/>\n<meta property=\"og:site_name\" content=\"Medicinski fakultet u Sarajevu\" \/>\n<meta property=\"article:publisher\" content=\"https:\/\/www.facebook.com\/medicinski.fakultet.unsa\/\" \/>\n<meta property=\"article:modified_time\" content=\"2026-04-03T13:07:16+00:00\" \/>\n<meta name=\"twitter:card\" content=\"summary_large_image\" \/>\n<meta name=\"twitter:label1\" content=\"Est. reading time\" \/>\n\t<meta name=\"twitter:data1\" content=\"2 minutes\" \/>\n<script type=\"application\/ld+json\" class=\"yoast-schema-graph\">{\"@context\":\"https:\\\/\\\/schema.org\",\"@graph\":[{\"@type\":\"WebPage\",\"@id\":\"https:\\\/\\\/mf.unsa.ba\\\/studij\\\/treci-ciklus\\\/plan-i-program\\\/\",\"url\":\"https:\\\/\\\/mf.unsa.ba\\\/studij\\\/treci-ciklus\\\/plan-i-program\\\/\",\"name\":\"Plan i program - Medicinski fakultet u Sarajevu\",\"isPartOf\":{\"@id\":\"https:\\\/\\\/mf.unsa.ba\\\/#website\"},\"datePublished\":\"2024-12-01T12:45:19+00:00\",\"dateModified\":\"2026-04-03T13:07:16+00:00\",\"breadcrumb\":{\"@id\":\"https:\\\/\\\/mf.unsa.ba\\\/studij\\\/treci-ciklus\\\/plan-i-program\\\/#breadcrumb\"},\"inLanguage\":\"en-US\",\"potentialAction\":[{\"@type\":\"ReadAction\",\"target\":[\"https:\\\/\\\/mf.unsa.ba\\\/studij\\\/treci-ciklus\\\/plan-i-program\\\/\"]}]},{\"@type\":\"BreadcrumbList\",\"@id\":\"https:\\\/\\\/mf.unsa.ba\\\/studij\\\/treci-ciklus\\\/plan-i-program\\\/#breadcrumb\",\"itemListElement\":[{\"@type\":\"ListItem\",\"position\":1,\"name\":\"Home\",\"item\":\"https:\\\/\\\/mf.unsa.ba\\\/\"},{\"@type\":\"ListItem\",\"position\":2,\"name\":\"Studij\",\"item\":\"https:\\\/\\\/mf.unsa.ba\\\/studij\\\/\"},{\"@type\":\"ListItem\",\"position\":3,\"name\":\"Tre\u0107i ciklus\",\"item\":\"https:\\\/\\\/mf.unsa.ba\\\/studij\\\/treci-ciklus\\\/\"},{\"@type\":\"ListItem\",\"position\":4,\"name\":\"Plan i program\"}]},{\"@type\":\"WebSite\",\"@id\":\"https:\\\/\\\/mf.unsa.ba\\\/#website\",\"url\":\"https:\\\/\\\/mf.unsa.ba\\\/\",\"name\":\"Medicinski fakultet u Sarajevu\",\"description\":\"\",\"potentialAction\":[{\"@type\":\"SearchAction\",\"target\":{\"@type\":\"EntryPoint\",\"urlTemplate\":\"https:\\\/\\\/mf.unsa.ba\\\/?s={search_term_string}\"},\"query-input\":{\"@type\":\"PropertyValueSpecification\",\"valueRequired\":true,\"valueName\":\"search_term_string\"}}],\"inLanguage\":\"en-US\"}]}<\/script>\n<!-- \/ Yoast SEO plugin. -->","yoast_head_json":{"title":"Plan i program - Medicinski fakultet u Sarajevu","robots":{"index":"index","follow":"follow","max-snippet":"max-snippet:-1","max-image-preview":"max-image-preview:large","max-video-preview":"max-video-preview:-1"},"canonical":"https:\/\/mf.unsa.ba\/en\/studij\/treci-ciklus\/plan-i-program\/","og_locale":"en_US","og_type":"article","og_title":"Plan i program - Medicinski fakultet u Sarajevu","og_description":"Doktorski studij \u201eBiomedicina i zdravstvo\u201c Doktorski studij \u201eBiomedicina i zdravstvo\u201c predstavlja tre\u0107i ciklus studija na Medicinskom fakultetu Univerziteta u Sarajevu, uskla\u0111en sa evropskim standardima visokog obrazovanja. Program je namijenjen razvoju nau\u010dnoistra\u017eiva\u010dkih kompetencija u oblastima bazi\u010dnih i klini\u010dkih medicinskih nauka, javnog zdravstva i srodnih disciplina. Studij traje tri godine (\u0161est semestara)&nbsp;i nosi 180 ECTS bodova, od [&hellip;]","og_url":"https:\/\/mf.unsa.ba\/en\/studij\/treci-ciklus\/plan-i-program\/","og_site_name":"Medicinski fakultet u Sarajevu","article_publisher":"https:\/\/www.facebook.com\/medicinski.fakultet.unsa\/","article_modified_time":"2026-04-03T13:07:16+00:00","twitter_card":"summary_large_image","twitter_misc":{"Est. reading time":"2 minutes"},"schema":{"@context":"https:\/\/schema.org","@graph":[{"@type":"WebPage","@id":"https:\/\/mf.unsa.ba\/studij\/treci-ciklus\/plan-i-program\/","url":"https:\/\/mf.unsa.ba\/studij\/treci-ciklus\/plan-i-program\/","name":"Plan i program - Medicinski fakultet u Sarajevu","isPartOf":{"@id":"https:\/\/mf.unsa.ba\/#website"},"datePublished":"2024-12-01T12:45:19+00:00","dateModified":"2026-04-03T13:07:16+00:00","breadcrumb":{"@id":"https:\/\/mf.unsa.ba\/studij\/treci-ciklus\/plan-i-program\/#breadcrumb"},"inLanguage":"en-US","potentialAction":[{"@type":"ReadAction","target":["https:\/\/mf.unsa.ba\/studij\/treci-ciklus\/plan-i-program\/"]}]},{"@type":"BreadcrumbList","@id":"https:\/\/mf.unsa.ba\/studij\/treci-ciklus\/plan-i-program\/#breadcrumb","itemListElement":[{"@type":"ListItem","position":1,"name":"Home","item":"https:\/\/mf.unsa.ba\/"},{"@type":"ListItem","position":2,"name":"Studij","item":"https:\/\/mf.unsa.ba\/studij\/"},{"@type":"ListItem","position":3,"name":"Tre\u0107i ciklus","item":"https:\/\/mf.unsa.ba\/studij\/treci-ciklus\/"},{"@type":"ListItem","position":4,"name":"Plan i program"}]},{"@type":"WebSite","@id":"https:\/\/mf.unsa.ba\/#website","url":"https:\/\/mf.unsa.ba\/","name":"Medicinski fakultet u Sarajevu","description":"","potentialAction":[{"@type":"SearchAction","target":{"@type":"EntryPoint","urlTemplate":"https:\/\/mf.unsa.ba\/?s={search_term_string}"},"query-input":{"@type":"PropertyValueSpecification","valueRequired":true,"valueName":"search_term_string"}}],"inLanguage":"en-US"}]}},"_links":{"self":[{"href":"https:\/\/mf.unsa.ba\/en\/wp-json\/wp\/v2\/pages\/232","targetHints":{"allow":["GET"]}}],"collection":[{"href":"https:\/\/mf.unsa.ba\/en\/wp-json\/wp\/v2\/pages"}],"about":[{"href":"https:\/\/mf.unsa.ba\/en\/wp-json\/wp\/v2\/types\/page"}],"author":[{"embeddable":true,"href":"https:\/\/mf.unsa.ba\/en\/wp-json\/wp\/v2\/users\/1"}],"replies":[{"embeddable":true,"href":"https:\/\/mf.unsa.ba\/en\/wp-json\/wp\/v2\/comments?post=232"}],"version-history":[{"count":41,"href":"https:\/\/mf.unsa.ba\/en\/wp-json\/wp\/v2\/pages\/232\/revisions"}],"predecessor-version":[{"id":8170,"href":"https:\/\/mf.unsa.ba\/en\/wp-json\/wp\/v2\/pages\/232\/revisions\/8170"}],"up":[{"embeddable":true,"href":"https:\/\/mf.unsa.ba\/en\/wp-json\/wp\/v2\/pages\/230"}],"wp:attachment":[{"href":"https:\/\/mf.unsa.ba\/en\/wp-json\/wp\/v2\/media?parent=232"}],"curies":[{"name":"wp","href":"https:\/\/api.w.org\/{rel}","templated":true}]}}