{"id":234,"date":"2024-12-01T12:45:33","date_gmt":"2024-12-01T12:45:33","guid":{"rendered":"https:\/\/maniapanel.win\/medicinski-fakultet\/?page_id=234"},"modified":"2025-09-22T07:17:40","modified_gmt":"2025-09-22T07:17:40","slug":"upis","status":"publish","type":"page","link":"https:\/\/mf.unsa.ba\/en\/studij\/treci-ciklus\/upis\/","title":{"rendered":"Registration and Enrollment"},"content":{"rendered":"<h2 class=\"wp-block-heading\">Konkurs za upis studenata na TRE\u0106I CIKLUS STUDIJA \u2013 DOKTORSKI STUDIJ pod nazivom \u201eBIOMEDICINA I ZDRAVSTVO\u201c na Univerzitetu u Sarajevu \u2013 Medicinskom fakultetu, u akademskoj 2025\/2026. godini<\/h2>\n\n\n\n<p>Na osnovu \u010dlanova 106. Zakona o visokom obrazovanju (\u201eSlu\u017ebene novine Kantona Sarajevo\u201c br. 36\/22 i 28\/25), \u010dlana 148. Statuta Univerziteta u Sarajevu, \u010dlana 16. Pravila studiranja za tre\u0107i ciklus studija na Univerzitetu u Sarajevu 01-4-9-1\/24 od 28. 02. 2024. godine, Odluke Vije\u0107a Univerziteta u Sarajevu \u2013 Medicinskog fakulteta br. 01-4-AK-2832\/25 od 14. 05. 2025. godine i Odluke Senata Univerziteta u Sarajevu o davanju saglasnosti na raspisivanje javnog konkursa br.01-7-44\/25 od 28. 05. 2025. godine Univerzitet u Sarajevu \u2013 Medicinski fakultet objavljuje<\/p>\n\n\n\n<p class=\"has-text-align-center\"><strong>CALL FOR APPLICATIONS<\/strong><\/p>\n\n\n\n<p class=\"has-text-align-center\"><strong>za upis studenata na TRE\u0106I CIKLUS STUDIJA \u2013 DOKTORSKI STUDIJ<br>titled \u201cBIOMEDICINE AND HEALTH\u201d<\/strong><\/p>\n\n\n\n<p class=\"has-text-align-center\"><strong>at the University of Sarajevo \u2013 Faculty of Medicine,\nfor the 2025\/2026 academic year<\/strong><\/p>\n\n\n\n<p>I<\/p>\n\n\n\n<p>Konkurs se raspisuje za upis studenata na tre\u0107i ciklus studija \u2013 doktorski studij pod nazivom \u201eBiomedicina i zdravstvo\u201c.<\/p>\n\n\n\n<p>The program is organized over a period of three academic years, and upon its completion\u2014after the successful defense of the doctoral dissertation\u2014the academic title and scientific degree of Doctor of Medical Sciences is awarded.<\/p>\n\n\n\n<p>The tuition fee for one academic year is 7,000 BAM (seven thousand BAM).<\/p>\n\n\n\n<p>Candidates who obtained the title of Master of Science prior to the implementation of the Bologna three-cycle system, or the title of Academic Specialist in fields relevant to the area of the third cycle study program, will be granted recognition of 60 ECTS credits and exemption from the tuition fee (7,000 BAM) for the first academic year.<\/p>\n\n\n\n<p>II<\/p>\n\n\n\n<p>The call for applications is open, under equal conditions, to candidates:<\/p>\n\n\n\n<ol class=\"wp-block-list\">\n<li>from Bosnia and Herzegovina and abroad who have completed an integrated study program in medicine and obtained 360 ECTS credits, or who have completed a pre-Bologna undergraduate program lasting six years;<\/li>\n\n\n\n<li>who have not completed an integrated medical study program and have not obtained the title of Master of Medical Sciences, and are therefore required to complete the academic recognition process of their previously earned degree\n(https:\/\/mf.unsa.ba\/studij\/nastavak-studija\/treci-ciklus\/<\/li>\n\n\n\n<li>kandidati koji su stekli diplomu sa nau\u010dnim zvanjem magistra medicinskih nauka prije uvo\u0111enja Bolonjskog sistema studija medicine na Univerzitetu u Sarajevu \u2013 Medicinskom fakultetu ili na drugoj visoko\u0161kolskoj ustanovi u Bosni i Hercegovini ili inostranstvu;<\/li>\n\n\n\n<li>who are foreign nationals, provided they submit a decision on the recognition\/academic validation of their diploma for the purpose of continuing education.<\/li>\n<\/ol>\n\n\n\n<p>III<\/p>\n\n\n\n<p>Applicants must submit the following documents:<\/p>\n\n\n\n<ol class=\"wp-block-list\">\n<li>Curriculum vitae (CV)<\/li>\n\n\n\n<li>Diploma of previously completed education<\/li>\n\n\n\n<li>Decision on recognition\/equivalence\/academic validation of a diploma obtained abroad or in one of the former Yugoslav republics after April 6, 1992<\/li>\n\n\n\n<li>Proof of English language proficiency at a level sufficient for verbal and written communication, understanding scientific and academic literature, writing scientific papers, and using computer programs<\/li>\n\n\n\n<li>Copies of scientific research papers in which the candidate is the first or second author (published in CC, SCI, SSCI, or other internationally recognized databases) \u2013 mandatory for candidates who possess them<\/li>\n\n\n\n<li>Confirmation from the project leader on participation in a scientific project in the country and\/or abroad lasting at least one month \u2013 mandatory for candidates who possess such confirmation<\/li>\n<\/ol>\n\n\n\n<p>All required documents must be submitted in original or certified copies. Application materials will not be returned.<\/p>\n\n\n\n<p>The application form can be downloaded from the Faculty\u2019s website&nbsp;<a href=\"https:\/\/mf.unsa.ba\/en\/\">www.mf.unsa.ba<\/a>.<\/p>\n\n\n\n<p>IV<\/p>\n\n\n\n<p>All candidates who submit complete and timely applications will be invited for an interview on October 20, 2025, at 3:00 PM at the Dean\u2019s Office of the Faculty.<\/p>\n\n\n\n<p>Candidates who meet the admission requirements will be selected based on the following criteria:<\/p>\n\n\n\n<p><em>\u2013&nbsp;&nbsp;&nbsp;&nbsp;&nbsp;&nbsp;&nbsp;&nbsp;&nbsp;&nbsp;&nbsp;&nbsp; demonstriranja rezultata<\/em>&nbsp;<em>in scientific research<\/em><\/p>\n\n\n\n<p><em>\u2013&nbsp;&nbsp;&nbsp;&nbsp;&nbsp;&nbsp;&nbsp;&nbsp;&nbsp;&nbsp;&nbsp;&nbsp; motiviranosti za dalji znanstvenoistra\u017eiva\u010dki rad iskazane na intervjuu.<\/em><\/p>\n\n\n\n<p><em>Scoring of scientific research results will be conducted in accordance with the valid Curriculum of the third cycle study program \u201cBiomedicine and Health\u201d from 2024.<\/em><em><\/em><\/p>\n\n\n\n<p>Candidates gain the right to enroll based on the points earned in the selection process and after signing the Agreement on Mutual Rights and Obligations between the student and the Faculty.<\/p>\n\n\n\n<p>V<\/p>\n\n\n\n<p>The optimal number of students to be admitted to the program is 30 (thirty).<\/p>\n\n\n\n<p>The minimum number of enrolled candidates required to organize classes for medical doctors is eight.<\/p>\n\n\n\n<p>The call remains open for 20 days from the date of publication.<\/p>\n\n\n\n<p>Applications should be sent to: Faculty of Medicine, University of Sarajevo, \u010cekalu\u0161a 90, 71 000 Sarajevo, Bosnia and Herzegovina<\/p>\n\n\n\n<p>Applications must be submitted in a sealed envelope, with the note:\n\u201cApplication for Admission to the Third Cycle of Studies \u2013 Doctoral Program Biomedicine and Health\u201d<\/p>\n\n\n        <div class=\"inner-notification-container-download\">\n                            <a href=\"https:\/\/mf.unsa.ba\/wp-content\/uploads\/2025\/09\/Obrazac-prijave-za-upis-na-III-ciklus-MF-2025-2026.pdf\" target=\"_blank\">\n                    <h5>Application Form for Admission to the Third Cycle of Studies MF 2025\/2026<\/h5>\n                    <div>\n                        <p>Download<\/p>\n                        <svg fill=\"none\" height=\"11\" viewbox=\"0 0 15 11\" width=\"15\" xmlns=\"http:\/\/www.w3.org\/2000\/svg\">\n                            <path d=\"M8.90814 9.50213C8.82312 9.58132 8.75492 9.67682 8.70762 9.78293C8.66032 9.88904 8.63488 10.0036 8.63283 10.1197C8.63078 10.2359 8.65216 10.3512 8.69568 10.4589C8.73921 10.5667 8.804 10.6645 8.88618 10.7466C8.96836 10.8288 9.06625 10.8935 9.17401 10.937C9.28177 10.9805 9.39719 11.0019 9.51339 10.9999C9.62959 10.9978 9.74419 10.9724 9.85035 10.9251C9.95651 10.8778 10.0521 10.8097 10.1313 10.7247L14.7469 6.11128C14.909 5.94909 15 5.72923 15 5.5C15 5.27077 14.909 5.05091 14.7469 4.88872L10.1313 0.275314C10.0521 0.190327 9.95651 0.122162 9.85035 0.074884C9.74419 0.0276065 9.6296 0.0021844 9.51339 0.000134942C9.39719 -0.00191451 9.28177 0.0194506 9.17401 0.0629553C9.06625 0.106461 8.96836 0.171217 8.88618 0.253357C8.804 0.335498 8.73921 0.43334 8.69568 0.54105C8.65216 0.648759 8.63078 0.764127 8.63283 0.880273C8.63488 0.996419 8.66032 1.11096 8.70762 1.21707C8.75492 1.32318 8.82312 1.41868 8.90815 1.49787L12.0468 4.63499L0.865428 4.63498C0.635902 4.63498 0.415777 4.72612 0.253478 4.88834C0.0911775 5.05056 -4.52793e-07 5.27058 -4.72849e-07 5.5C-4.92905e-07 5.72941 0.0911774 5.94943 0.253478 6.11166C0.415777 6.27388 0.635902 6.36501 0.865427 6.36501L12.0468 6.36501L8.90814 9.50213Z\" fill=\"#25B270\"><\/path>\n                        <\/svg>\n                    <\/div>\n                <\/a>\n                    <\/div>\n    \n\n\n<h2 class=\"wp-block-heading\">Information for Candidates Applying to the Third Cycle of Studies \u2013 Doctoral Program \u201cBIOMEDICINE AND HEALTH\u201d at the University of Sarajevo \u2013 Faculty of Medicine<\/h2>\n\n\n\n<p>The doctoral program \u201cBiomedicine and Health\u201d is organized over a period of three academic years. Upon completion of the program and successful defense of the doctoral dissertation, candidates are awarded the academic title and scientific degree of Doctor of Medical Sciences.<a href=\"https:\/\/mf.unsa.ba\/en\/studij\/treci-ciklus\/upis\/\"><\/a><\/p>\n\n\n        <div class=\"inner-notification-container-text\">\n            <a target=\"_blank\" class=\"blue-container-link\" href=\"https:\/\/mf.unsa.ba\/wp-content\/uploads\/2025\/02\/Obrazac-prijave-za-upis-na-III-ciklus-MF-2024-2025.docx\">\n                <div class=\"blue-container-link-text\">\n                    <p>Application Form for Enrollment in the Third Cycle of Studies \u2013 Academic Year 2024\/2025<\/p>\n                    <svg fill=\"none\" height=\"11\" viewbox=\"0 0 15 11\" width=\"15\" xmlns=\"http:\/\/www.w3.org\/2000\/svg\">\n                        <path d=\"M8.90814 9.50213C8.82312 9.58132 8.75492 9.67682 8.70762 9.78293C8.66032 9.88904 8.63488 10.0036 8.63283 10.1197C8.63078 10.2359 8.65216 10.3512 8.69568 10.4589C8.73921 10.5667 8.804 10.6645 8.88618 10.7466C8.96836 10.8288 9.06625 10.8935 9.17401 10.937C9.28177 10.9805 9.39719 11.0019 9.51339 10.9999C9.62959 10.9978 9.74419 10.9724 9.85035 10.9251C9.95651 10.8778 10.0521 10.8097 10.1313 10.7247L14.7469 6.11128C14.909 5.94909 15 5.72923 15 5.5C15 5.27077 14.909 5.05091 14.7469 4.88872L10.1313 0.275314C10.0521 0.190327 9.95651 0.122162 9.85035 0.074884C9.74419 0.0276065 9.6296 0.0021844 9.51339 0.000134942C9.39719 -0.00191451 9.28177 0.0194506 9.17401 0.0629553C9.06625 0.106461 8.96836 0.171217 8.88618 0.253357C8.804 0.335498 8.73921 0.43334 8.69568 0.54105C8.65216 0.648759 8.63078 0.764127 8.63283 0.880273C8.63488 0.996419 8.66032 1.11096 8.70762 1.21707C8.75492 1.32318 8.82312 1.41868 8.90815 1.49787L12.0468 4.63499L0.865428 4.63498C0.635902 4.63498 0.415777 4.72612 0.253478 4.88834C0.0911775 5.05056 -4.52793e-07 5.27058 -4.72849e-07 5.5C-4.92905e-07 5.72941 0.0911774 5.94943 0.253478 6.11166C0.415777 6.27388 0.635902 6.36501 0.865427 6.36501L12.0468 6.36501L8.90814 9.50213Z\" fill=\"white\"><\/path>\n                    <\/svg>\n                <\/div>\n                <div class=\"blue-container-link-image\">\n                    <img decoding=\"async\" alt=\"attachment-icon\" src=\"https:\/\/mf.unsa.ba\/wp-content\/themes\/medicinski-fakultet\/images\/word-icon.svg\"\/>\n                <\/div>\n            <\/a>\n        <\/div>\n    \n\n\n<p>The tuition fee for one academic year is 7,000.00 BAM (seven thousand BAM).<\/p>\n\n\n\n<p>Candidates who have not completed an integrated university study program in medicine and have not obtained the title of Master of Medical Sciences in the meantime may be required, upon enrollment, to take certain courses or parts of courses (bridging courses), as determined by the Doctoral Studies Council.<\/p>\n\n\n\n<p>The call for applications is open, under equal conditions, to candidates:<\/p>\n\n\n\n<ul class=\"wp-block-list\">\n<li>from Bosnia and Herzegovina and abroad who have completed a university study program in biomedical sciences and obtained 360 ECTS credits, or who have completed a pre-Bologna undergraduate study program lasting six years;<\/li>\n\n\n\n<li>who have obtained a diploma with the scientific title of Master of Medical Sciences prior to the implementation of the Bologna system at the Faculty of Medicine, University of Sarajevo, or at another higher education institution in Bosnia and Herzegovina or abroad;<\/li>\n\n\n\n<li>foreign nationals, provided they submit a decision on the recognition\/academic validation of their diploma.<\/li>\n<\/ul>\n\n\n\n<h2 class=\"wp-block-heading\">Required documents to be submitted with the application:<\/h2>\n\n\n\n<ul class=\"wp-block-list\">\n<li>Curriculum vitae (CV)<\/li>\n\n\n\n<li>Diploma of previously completed education<\/li>\n\n\n\n<li>Decision on the recognition\/academic validation of a diploma obtained abroad or in one of the former Yugoslav republics after April 6, 1992<\/li>\n\n\n\n<li>Proof of English language proficiency at a level sufficient for verbal and written communication, understanding scientific and academic literature, writing scientific papers, and using computer programs<\/li>\n\n\n\n<li>Copies of scientific research papers in which the candidate is the first or second author (published in CC, SCI, SSCI, or other internationally recognized databases) \u2013 mandatory for candidates who possess them<\/li>\n\n\n\n<li>Confirmation from the project leader on participation in a scientific project in the country and\/or abroad lasting at least one month \u2013 mandatory for candidates who possess such confirmation<\/li>\n<\/ul>\n\n\n\n<h2 class=\"wp-block-heading\">Evaluation Criteria<\/h2>\n\n\n\n<ul class=\"wp-block-list\">\n<li>Demonstrated results in scientific research work<\/li>\n\n\n\n<li>Motivation for further scientific research, as expressed during the interview<\/li>\n<\/ul>\n\n\n        <div class=\"inner-notification-container-text\">\n            <a target=\"_blank\" class=\"blue-container-link\" href=\"https:\/\/mf.unsa.ba\/wp-content\/uploads\/2025\/02\/Informaacije-za-upis.doc\">\n                <div class=\"blue-container-link-text\">\n                    <p>See the detailed scoring table<\/p>\n                    <svg fill=\"none\" height=\"11\" viewbox=\"0 0 15 11\" width=\"15\" xmlns=\"http:\/\/www.w3.org\/2000\/svg\">\n                        <path d=\"M8.90814 9.50213C8.82312 9.58132 8.75492 9.67682 8.70762 9.78293C8.66032 9.88904 8.63488 10.0036 8.63283 10.1197C8.63078 10.2359 8.65216 10.3512 8.69568 10.4589C8.73921 10.5667 8.804 10.6645 8.88618 10.7466C8.96836 10.8288 9.06625 10.8935 9.17401 10.937C9.28177 10.9805 9.39719 11.0019 9.51339 10.9999C9.62959 10.9978 9.74419 10.9724 9.85035 10.9251C9.95651 10.8778 10.0521 10.8097 10.1313 10.7247L14.7469 6.11128C14.909 5.94909 15 5.72923 15 5.5C15 5.27077 14.909 5.05091 14.7469 4.88872L10.1313 0.275314C10.0521 0.190327 9.95651 0.122162 9.85035 0.074884C9.74419 0.0276065 9.6296 0.0021844 9.51339 0.000134942C9.39719 -0.00191451 9.28177 0.0194506 9.17401 0.0629553C9.06625 0.106461 8.96836 0.171217 8.88618 0.253357C8.804 0.335498 8.73921 0.43334 8.69568 0.54105C8.65216 0.648759 8.63078 0.764127 8.63283 0.880273C8.63488 0.996419 8.66032 1.11096 8.70762 1.21707C8.75492 1.32318 8.82312 1.41868 8.90815 1.49787L12.0468 4.63499L0.865428 4.63498C0.635902 4.63498 0.415777 4.72612 0.253478 4.88834C0.0911775 5.05056 -4.52793e-07 5.27058 -4.72849e-07 5.5C-4.92905e-07 5.72941 0.0911774 5.94943 0.253478 6.11166C0.415777 6.27388 0.635902 6.36501 0.865427 6.36501L12.0468 6.36501L8.90814 9.50213Z\" fill=\"white\"><\/path>\n                    <\/svg>\n                <\/div>\n                <div class=\"blue-container-link-image\">\n                    <img decoding=\"async\" alt=\"attachment-icon\" src=\"https:\/\/mf.unsa.ba\/wp-content\/themes\/medicinski-fakultet\/images\/word-icon.svg\"\/>\n                <\/div>\n            <\/a>\n        <\/div>","protected":false},"excerpt":{"rendered":"<p>Konkurs za upis studenata na TRE\u0106I CIKLUS STUDIJA \u2013 DOKTORSKI STUDIJ pod nazivom \u201eBIOMEDICINA I ZDRAVSTVO\u201c na Univerzitetu u Sarajevu \u2013 Medicinskom fakultetu, u akademskoj 2025\/2026. godini Na osnovu \u010dlanova 106. Zakona o visokom obrazovanju (\u201eSlu\u017ebene novine Kantona Sarajevo\u201c br. 36\/22 i 28\/25), \u010dlana 148. Statuta Univerziteta u Sarajevu, \u010dlana 16. Pravila studiranja za tre\u0107i [&hellip;]<\/p>\n","protected":false},"author":1,"featured_media":0,"parent":230,"menu_order":0,"comment_status":"closed","ping_status":"closed","template":"","meta":{"_acf_changed":false,"footnotes":""},"class_list":["post-234","page","type-page","status-publish","hentry"],"acf":[],"yoast_head":"<!-- This site is optimized with the Yoast SEO plugin v27.3 - https:\/\/yoast.com\/product\/yoast-seo-wordpress\/ -->\n<title>Upis - Medicinski fakultet u Sarajevu<\/title>\n<meta name=\"robots\" content=\"index, follow, max-snippet:-1, max-image-preview:large, max-video-preview:-1\" \/>\n<link rel=\"canonical\" href=\"https:\/\/mf.unsa.ba\/en\/studij\/treci-ciklus\/upis\/\" \/>\n<meta property=\"og:locale\" content=\"en_US\" \/>\n<meta property=\"og:type\" content=\"article\" \/>\n<meta property=\"og:title\" content=\"Upis - Medicinski fakultet u Sarajevu\" \/>\n<meta property=\"og:description\" content=\"Konkurs za upis studenata na TRE\u0106I CIKLUS STUDIJA \u2013 DOKTORSKI STUDIJ pod nazivom \u201eBIOMEDICINA I ZDRAVSTVO\u201c na Univerzitetu u Sarajevu \u2013 Medicinskom fakultetu, u akademskoj 2025\/2026. godini Na osnovu \u010dlanova 106. Zakona o visokom obrazovanju (\u201eSlu\u017ebene novine Kantona Sarajevo\u201c br. 36\/22 i 28\/25), \u010dlana 148. Statuta Univerziteta u Sarajevu, \u010dlana 16. Pravila studiranja za tre\u0107i [&hellip;]\" \/>\n<meta property=\"og:url\" content=\"https:\/\/mf.unsa.ba\/en\/studij\/treci-ciklus\/upis\/\" \/>\n<meta property=\"og:site_name\" content=\"Medicinski fakultet u Sarajevu\" \/>\n<meta property=\"article:publisher\" content=\"https:\/\/www.facebook.com\/medicinski.fakultet.unsa\/\" \/>\n<meta property=\"article:modified_time\" content=\"2025-09-22T07:17:40+00:00\" \/>\n<meta name=\"twitter:card\" content=\"summary_large_image\" \/>\n<script type=\"application\/ld+json\" class=\"yoast-schema-graph\">{\"@context\":\"https:\\\/\\\/schema.org\",\"@graph\":[{\"@type\":\"WebPage\",\"@id\":\"https:\\\/\\\/mf.unsa.ba\\\/studij\\\/treci-ciklus\\\/upis\\\/\",\"url\":\"https:\\\/\\\/mf.unsa.ba\\\/studij\\\/treci-ciklus\\\/upis\\\/\",\"name\":\"Upis - Medicinski fakultet u Sarajevu\",\"isPartOf\":{\"@id\":\"https:\\\/\\\/mf.unsa.ba\\\/#website\"},\"datePublished\":\"2024-12-01T12:45:33+00:00\",\"dateModified\":\"2025-09-22T07:17:40+00:00\",\"breadcrumb\":{\"@id\":\"https:\\\/\\\/mf.unsa.ba\\\/studij\\\/treci-ciklus\\\/upis\\\/#breadcrumb\"},\"inLanguage\":\"en-US\",\"potentialAction\":[{\"@type\":\"ReadAction\",\"target\":[\"https:\\\/\\\/mf.unsa.ba\\\/studij\\\/treci-ciklus\\\/upis\\\/\"]}]},{\"@type\":\"BreadcrumbList\",\"@id\":\"https:\\\/\\\/mf.unsa.ba\\\/studij\\\/treci-ciklus\\\/upis\\\/#breadcrumb\",\"itemListElement\":[{\"@type\":\"ListItem\",\"position\":1,\"name\":\"Home\",\"item\":\"https:\\\/\\\/mf.unsa.ba\\\/\"},{\"@type\":\"ListItem\",\"position\":2,\"name\":\"Studij\",\"item\":\"https:\\\/\\\/mf.unsa.ba\\\/studij\\\/\"},{\"@type\":\"ListItem\",\"position\":3,\"name\":\"Tre\u0107i ciklus\",\"item\":\"https:\\\/\\\/mf.unsa.ba\\\/studij\\\/treci-ciklus\\\/\"},{\"@type\":\"ListItem\",\"position\":4,\"name\":\"Upis\"}]},{\"@type\":\"WebSite\",\"@id\":\"https:\\\/\\\/mf.unsa.ba\\\/#website\",\"url\":\"https:\\\/\\\/mf.unsa.ba\\\/\",\"name\":\"Medicinski fakultet u Sarajevu\",\"description\":\"\",\"potentialAction\":[{\"@type\":\"SearchAction\",\"target\":{\"@type\":\"EntryPoint\",\"urlTemplate\":\"https:\\\/\\\/mf.unsa.ba\\\/?s={search_term_string}\"},\"query-input\":{\"@type\":\"PropertyValueSpecification\",\"valueRequired\":true,\"valueName\":\"search_term_string\"}}],\"inLanguage\":\"en-US\"}]}<\/script>\n<!-- \/ Yoast SEO plugin. -->","yoast_head_json":{"title":"Upis - Medicinski fakultet u Sarajevu","robots":{"index":"index","follow":"follow","max-snippet":"max-snippet:-1","max-image-preview":"max-image-preview:large","max-video-preview":"max-video-preview:-1"},"canonical":"https:\/\/mf.unsa.ba\/en\/studij\/treci-ciklus\/upis\/","og_locale":"en_US","og_type":"article","og_title":"Upis - Medicinski fakultet u Sarajevu","og_description":"Konkurs za upis studenata na TRE\u0106I CIKLUS STUDIJA \u2013 DOKTORSKI STUDIJ pod nazivom \u201eBIOMEDICINA I ZDRAVSTVO\u201c na Univerzitetu u Sarajevu \u2013 Medicinskom fakultetu, u akademskoj 2025\/2026. godini Na osnovu \u010dlanova 106. Zakona o visokom obrazovanju (\u201eSlu\u017ebene novine Kantona Sarajevo\u201c br. 36\/22 i 28\/25), \u010dlana 148. Statuta Univerziteta u Sarajevu, \u010dlana 16. Pravila studiranja za tre\u0107i [&hellip;]","og_url":"https:\/\/mf.unsa.ba\/en\/studij\/treci-ciklus\/upis\/","og_site_name":"Medicinski fakultet u Sarajevu","article_publisher":"https:\/\/www.facebook.com\/medicinski.fakultet.unsa\/","article_modified_time":"2025-09-22T07:17:40+00:00","twitter_card":"summary_large_image","schema":{"@context":"https:\/\/schema.org","@graph":[{"@type":"WebPage","@id":"https:\/\/mf.unsa.ba\/studij\/treci-ciklus\/upis\/","url":"https:\/\/mf.unsa.ba\/studij\/treci-ciklus\/upis\/","name":"Upis - Medicinski fakultet u Sarajevu","isPartOf":{"@id":"https:\/\/mf.unsa.ba\/#website"},"datePublished":"2024-12-01T12:45:33+00:00","dateModified":"2025-09-22T07:17:40+00:00","breadcrumb":{"@id":"https:\/\/mf.unsa.ba\/studij\/treci-ciklus\/upis\/#breadcrumb"},"inLanguage":"en-US","potentialAction":[{"@type":"ReadAction","target":["https:\/\/mf.unsa.ba\/studij\/treci-ciklus\/upis\/"]}]},{"@type":"BreadcrumbList","@id":"https:\/\/mf.unsa.ba\/studij\/treci-ciklus\/upis\/#breadcrumb","itemListElement":[{"@type":"ListItem","position":1,"name":"Home","item":"https:\/\/mf.unsa.ba\/"},{"@type":"ListItem","position":2,"name":"Studij","item":"https:\/\/mf.unsa.ba\/studij\/"},{"@type":"ListItem","position":3,"name":"Tre\u0107i ciklus","item":"https:\/\/mf.unsa.ba\/studij\/treci-ciklus\/"},{"@type":"ListItem","position":4,"name":"Upis"}]},{"@type":"WebSite","@id":"https:\/\/mf.unsa.ba\/#website","url":"https:\/\/mf.unsa.ba\/","name":"Medicinski fakultet u Sarajevu","description":"","potentialAction":[{"@type":"SearchAction","target":{"@type":"EntryPoint","urlTemplate":"https:\/\/mf.unsa.ba\/?s={search_term_string}"},"query-input":{"@type":"PropertyValueSpecification","valueRequired":true,"valueName":"search_term_string"}}],"inLanguage":"en-US"}]}},"_links":{"self":[{"href":"https:\/\/mf.unsa.ba\/en\/wp-json\/wp\/v2\/pages\/234","targetHints":{"allow":["GET"]}}],"collection":[{"href":"https:\/\/mf.unsa.ba\/en\/wp-json\/wp\/v2\/pages"}],"about":[{"href":"https:\/\/mf.unsa.ba\/en\/wp-json\/wp\/v2\/types\/page"}],"author":[{"embeddable":true,"href":"https:\/\/mf.unsa.ba\/en\/wp-json\/wp\/v2\/users\/1"}],"replies":[{"embeddable":true,"href":"https:\/\/mf.unsa.ba\/en\/wp-json\/wp\/v2\/comments?post=234"}],"version-history":[{"count":7,"href":"https:\/\/mf.unsa.ba\/en\/wp-json\/wp\/v2\/pages\/234\/revisions"}],"predecessor-version":[{"id":7598,"href":"https:\/\/mf.unsa.ba\/en\/wp-json\/wp\/v2\/pages\/234\/revisions\/7598"}],"up":[{"embeddable":true,"href":"https:\/\/mf.unsa.ba\/en\/wp-json\/wp\/v2\/pages\/230"}],"wp:attachment":[{"href":"https:\/\/mf.unsa.ba\/en\/wp-json\/wp\/v2\/media?parent=234"}],"curies":[{"name":"wp","href":"https:\/\/api.w.org\/{rel}","templated":true}]}}