{"id":254,"date":"2024-12-01T13:04:18","date_gmt":"2024-12-01T13:04:18","guid":{"rendered":"https:\/\/maniapanel.win\/medicinski-fakultet\/?page_id=254"},"modified":"2025-04-08T20:04:34","modified_gmt":"2025-04-08T20:04:34","slug":"nagrade","status":"publish","type":"page","link":"https:\/\/mf.unsa.ba\/en\/nauka\/nagrade\/","title":{"rendered":"Awards"},"content":{"rendered":"<p>In Line with Our Tradition of Recognizing Excellence, We Are Pleased to Announce the Recipients of Academic Staff Awards at the University of Sarajevo \u2013 Faculty of Medicine for the Period 2022\u20132024:<\/p>\n\n\n\n<h2 class=\"wp-block-heading\">University of Sarajevo Awards for Scientific Work<\/h2>\n\n\n\n<p><strong>2023<\/strong><\/p>\n\n\n\n<ol class=\"wp-block-list\">\n<li>Doc. dr. Zurifa Ajanovi\u0107<\/li>\n\n\n\n<li>V. Ass. Emina Dervi\u0161evi\u0107<\/li>\n\n\n\n<li>Doc. dr. Lejla Dervi\u0161evi\u0107<\/li>\n\n\n\n<li>Prof. dr. Adis Salihbegovi\u0107<\/li>\n\n\n\n<li>Prof. dr. Aida Kulo \u0106esi\u0107<\/li>\n\n\n\n<li>Prof. dr. Nermin Sarajli\u0107<\/li>\n\n\n\n<li>Prof. dr. Jasna Kusturica<\/li>\n\n\n\n<li>Prof. dr. Sabaheta Hasi\u0107<\/li>\n\n\n\n<li>Prof. dr. Amina Selimovi\u0107<\/li>\n<\/ol>\n\n\n\n<p><strong>2022<\/strong><\/p>\n\n\n\n<ol class=\"wp-block-list\">\n<li>Prof. dr. Zlatan Zvizdi\u0107<\/li>\n\n\n\n<li>Prof. dr. Mustafa Busulad\u017ei\u0107<\/li>\n\n\n\n<li>Doc. dr. Zurifa Ajanovi\u0107<\/li>\n\n\n\n<li>V. Ass. Emina Dervi\u0161evi\u0107<\/li>\n\n\n\n<li>Prof. dr. Adis Salihbegovi\u0107<\/li>\n\n\n\n<li>Prof. dr. Amela Dervi\u0161evi\u0107<\/li>\n\n\n\n<li>Prof. dr. Izeta Aganovi\u0107-Mu\u0161inovi\u0107<\/li>\n\n\n\n<li>V. Ass. Lejla Ali\u0107 Mehi\u0107<\/li>\n\n\n\n<li>Prof. dr. Timur Ceri\u0107<\/li>\n\n\n\n<li>Prof. dr. Aida Sara\u010d \u2013 Had\u017eihalilovi\u0107<\/li>\n\n\n\n<li>Prof. dr. Amra \u0106atovi\u0106<\/li>\n\n\n\n<li>Prof. dr. Alma D\u017eubur-Kulenovi\u0107<\/li>\n<\/ol>\n\n\n\n<p><strong>2021<\/strong><\/p>\n\n\n\n<ol class=\"wp-block-list\">\n<li>Prof. dr. Zlatan Zvizdi\u0107<\/li>\n\n\n\n<li>Prof. dr. Aida Kulo \u0106esi\u0107<\/li>\n\n\n\n<li>Prof. dr. Amina Valjevac<\/li>\n\n\n\n<li>Prof. dr. Almir Fajki\u0107<\/li>\n\n\n\n<li>Doc. dr. Asmir Jonuzi<\/li>\n\n\n\n<li>Prof. dr. Alma D\u017eubur-Kulenovi\u0107<\/li>\n\n\n\n<li>Prof. dr. Semir Be\u0161lija<\/li>\n\n\n\n<li>Prof. dr. Orhan Lepara<\/li>\n\n\n\n<li>V. Ass. Lejla Ali\u0107<\/li>\n\n\n\n<li>Prof. dr. Asija Za\u0107iragi\u0107<\/li>\n\n\n\n<li>Prof. dr. Maida Rakanovi\u0107-Todi\u0107<\/li>\n<\/ol>\n\n\n\n<p><strong>Annual Award for Science in the Field of Biomedicine and Health \u2013 Federal Ministry of Education and Science (2023):<\/strong><\/p>\n\n\n\n<p>Prof dr Zlatan Zvizdi\u0107<\/p>\n\n\n\n<p><strong>Clyde Snow Award \u2013 American Academy of Forensic Sciences:<\/strong><\/p>\n\n\n\n<p>Prof. dr. Nermin Sarajli\u0107<\/p>\n\n\n\n<p><strong>European Award in Medicine \u2013 Forensic Medicine (2023 &amp; 2024):<\/strong><\/p>\n\n\n\n<p>Dr. med. sci. Emina Dervi\u0161evi\u0107 \u2013 vi\u0161i asistent<\/p>\n\n\n\n<p><strong>Award of the Federal Ministry of Education and Science for the Promotion of Bosnia and Herzegovina Domestically and Internationally (2023):<\/strong><\/p>\n\n\n\n<p>Dr. med. sci. Emina Dervi\u0161evi\u0107 \u2013 vi\u0161i asistent<\/p>\n\n\n\n<p><strong>Annual Award for Science in the Field of Biomedicine and Health \u2013 Federal Ministry of Education and Science (2024): <\/strong><strong>iz oblasti Biomedicina i zdravstvo<\/strong><strong> Federalnog Ministarstva obrazovanja i nauke za 2024. godinu<\/strong><\/p>\n\n\n\n<p>Dr. med. sci. Emina Dervi\u0161evi\u0107 \u2013 vi\u0161i asistent<\/p>","protected":false},"excerpt":{"rendered":"<p>U skladu sa na\u0161om tradicijom prepoznavanja izvanrednosti, sa zadovoljstvom objavljujemo dobitnike nagrada akademskog osoblja Univerziteta u Sarajevu \u2013 Medicinskog fakulteta za period 2022. do 2024. godine: Dobitnici nagrada Univerziteta u Sarajevu za nau\u010dni rad 2023. Godina 2022. godina 2021. godina Godi\u0161nja nagrada za nauku iz oblasti Biomedicina i zdravstvo, Federalno ministarstvo obrazovanja i nauke za [&hellip;]<\/p>\n","protected":false},"author":1,"featured_media":0,"parent":248,"menu_order":0,"comment_status":"closed","ping_status":"closed","template":"","meta":{"_acf_changed":false,"footnotes":""},"class_list":["post-254","page","type-page","status-publish","hentry"],"acf":[],"yoast_head":"<!-- This site is optimized with the Yoast SEO plugin v27.3 - https:\/\/yoast.com\/product\/yoast-seo-wordpress\/ -->\n<title>Nagrade - Medicinski fakultet u Sarajevu<\/title>\n<meta name=\"robots\" content=\"index, follow, max-snippet:-1, max-image-preview:large, max-video-preview:-1\" \/>\n<link rel=\"canonical\" href=\"https:\/\/mf.unsa.ba\/en\/nauka\/nagrade\/\" \/>\n<meta property=\"og:locale\" content=\"en_US\" \/>\n<meta property=\"og:type\" content=\"article\" \/>\n<meta property=\"og:title\" content=\"Nagrade - Medicinski fakultet u Sarajevu\" \/>\n<meta property=\"og:description\" content=\"U skladu sa na\u0161om tradicijom prepoznavanja izvanrednosti, sa zadovoljstvom objavljujemo dobitnike nagrada akademskog osoblja Univerziteta u Sarajevu \u2013 Medicinskog fakulteta za period 2022. do 2024. godine: Dobitnici nagrada Univerziteta u Sarajevu za nau\u010dni rad 2023. Godina 2022. godina 2021. godina Godi\u0161nja nagrada za nauku iz oblasti Biomedicina i zdravstvo, Federalno ministarstvo obrazovanja i nauke za [&hellip;]\" \/>\n<meta property=\"og:url\" content=\"https:\/\/mf.unsa.ba\/en\/nauka\/nagrade\/\" \/>\n<meta property=\"og:site_name\" content=\"Medicinski fakultet u Sarajevu\" \/>\n<meta property=\"article:publisher\" content=\"https:\/\/www.facebook.com\/medicinski.fakultet.unsa\/\" \/>\n<meta property=\"article:modified_time\" content=\"2025-04-08T20:04:34+00:00\" \/>\n<meta name=\"twitter:card\" content=\"summary_large_image\" \/>\n<meta name=\"twitter:label1\" content=\"Est. reading time\" \/>\n\t<meta name=\"twitter:data1\" content=\"1 minute\" \/>\n<script type=\"application\/ld+json\" class=\"yoast-schema-graph\">{\"@context\":\"https:\\\/\\\/schema.org\",\"@graph\":[{\"@type\":\"WebPage\",\"@id\":\"https:\\\/\\\/mf.unsa.ba\\\/nauka\\\/nagrade\\\/\",\"url\":\"https:\\\/\\\/mf.unsa.ba\\\/nauka\\\/nagrade\\\/\",\"name\":\"Nagrade - Medicinski fakultet u Sarajevu\",\"isPartOf\":{\"@id\":\"https:\\\/\\\/mf.unsa.ba\\\/#website\"},\"datePublished\":\"2024-12-01T13:04:18+00:00\",\"dateModified\":\"2025-04-08T20:04:34+00:00\",\"breadcrumb\":{\"@id\":\"https:\\\/\\\/mf.unsa.ba\\\/nauka\\\/nagrade\\\/#breadcrumb\"},\"inLanguage\":\"en-US\",\"potentialAction\":[{\"@type\":\"ReadAction\",\"target\":[\"https:\\\/\\\/mf.unsa.ba\\\/nauka\\\/nagrade\\\/\"]}]},{\"@type\":\"BreadcrumbList\",\"@id\":\"https:\\\/\\\/mf.unsa.ba\\\/nauka\\\/nagrade\\\/#breadcrumb\",\"itemListElement\":[{\"@type\":\"ListItem\",\"position\":1,\"name\":\"Home\",\"item\":\"https:\\\/\\\/mf.unsa.ba\\\/\"},{\"@type\":\"ListItem\",\"position\":2,\"name\":\"Nauka\",\"item\":\"https:\\\/\\\/mf.unsa.ba\\\/nauka\\\/\"},{\"@type\":\"ListItem\",\"position\":3,\"name\":\"Nagrade\"}]},{\"@type\":\"WebSite\",\"@id\":\"https:\\\/\\\/mf.unsa.ba\\\/#website\",\"url\":\"https:\\\/\\\/mf.unsa.ba\\\/\",\"name\":\"Medicinski fakultet u Sarajevu\",\"description\":\"\",\"potentialAction\":[{\"@type\":\"SearchAction\",\"target\":{\"@type\":\"EntryPoint\",\"urlTemplate\":\"https:\\\/\\\/mf.unsa.ba\\\/?s={search_term_string}\"},\"query-input\":{\"@type\":\"PropertyValueSpecification\",\"valueRequired\":true,\"valueName\":\"search_term_string\"}}],\"inLanguage\":\"en-US\"}]}<\/script>\n<!-- \/ Yoast SEO plugin. -->","yoast_head_json":{"title":"Nagrade - Medicinski fakultet u Sarajevu","robots":{"index":"index","follow":"follow","max-snippet":"max-snippet:-1","max-image-preview":"max-image-preview:large","max-video-preview":"max-video-preview:-1"},"canonical":"https:\/\/mf.unsa.ba\/en\/nauka\/nagrade\/","og_locale":"en_US","og_type":"article","og_title":"Nagrade - Medicinski fakultet u Sarajevu","og_description":"U skladu sa na\u0161om tradicijom prepoznavanja izvanrednosti, sa zadovoljstvom objavljujemo dobitnike nagrada akademskog osoblja Univerziteta u Sarajevu \u2013 Medicinskog fakulteta za period 2022. do 2024. godine: Dobitnici nagrada Univerziteta u Sarajevu za nau\u010dni rad 2023. Godina 2022. godina 2021. godina Godi\u0161nja nagrada za nauku iz oblasti Biomedicina i zdravstvo, Federalno ministarstvo obrazovanja i nauke za [&hellip;]","og_url":"https:\/\/mf.unsa.ba\/en\/nauka\/nagrade\/","og_site_name":"Medicinski fakultet u Sarajevu","article_publisher":"https:\/\/www.facebook.com\/medicinski.fakultet.unsa\/","article_modified_time":"2025-04-08T20:04:34+00:00","twitter_card":"summary_large_image","twitter_misc":{"Est. reading time":"1 minute"},"schema":{"@context":"https:\/\/schema.org","@graph":[{"@type":"WebPage","@id":"https:\/\/mf.unsa.ba\/nauka\/nagrade\/","url":"https:\/\/mf.unsa.ba\/nauka\/nagrade\/","name":"Nagrade - Medicinski fakultet u Sarajevu","isPartOf":{"@id":"https:\/\/mf.unsa.ba\/#website"},"datePublished":"2024-12-01T13:04:18+00:00","dateModified":"2025-04-08T20:04:34+00:00","breadcrumb":{"@id":"https:\/\/mf.unsa.ba\/nauka\/nagrade\/#breadcrumb"},"inLanguage":"en-US","potentialAction":[{"@type":"ReadAction","target":["https:\/\/mf.unsa.ba\/nauka\/nagrade\/"]}]},{"@type":"BreadcrumbList","@id":"https:\/\/mf.unsa.ba\/nauka\/nagrade\/#breadcrumb","itemListElement":[{"@type":"ListItem","position":1,"name":"Home","item":"https:\/\/mf.unsa.ba\/"},{"@type":"ListItem","position":2,"name":"Nauka","item":"https:\/\/mf.unsa.ba\/nauka\/"},{"@type":"ListItem","position":3,"name":"Nagrade"}]},{"@type":"WebSite","@id":"https:\/\/mf.unsa.ba\/#website","url":"https:\/\/mf.unsa.ba\/","name":"Medicinski fakultet u Sarajevu","description":"","potentialAction":[{"@type":"SearchAction","target":{"@type":"EntryPoint","urlTemplate":"https:\/\/mf.unsa.ba\/?s={search_term_string}"},"query-input":{"@type":"PropertyValueSpecification","valueRequired":true,"valueName":"search_term_string"}}],"inLanguage":"en-US"}]}},"_links":{"self":[{"href":"https:\/\/mf.unsa.ba\/en\/wp-json\/wp\/v2\/pages\/254","targetHints":{"allow":["GET"]}}],"collection":[{"href":"https:\/\/mf.unsa.ba\/en\/wp-json\/wp\/v2\/pages"}],"about":[{"href":"https:\/\/mf.unsa.ba\/en\/wp-json\/wp\/v2\/types\/page"}],"author":[{"embeddable":true,"href":"https:\/\/mf.unsa.ba\/en\/wp-json\/wp\/v2\/users\/1"}],"replies":[{"embeddable":true,"href":"https:\/\/mf.unsa.ba\/en\/wp-json\/wp\/v2\/comments?post=254"}],"version-history":[{"count":9,"href":"https:\/\/mf.unsa.ba\/en\/wp-json\/wp\/v2\/pages\/254\/revisions"}],"predecessor-version":[{"id":6623,"href":"https:\/\/mf.unsa.ba\/en\/wp-json\/wp\/v2\/pages\/254\/revisions\/6623"}],"up":[{"embeddable":true,"href":"https:\/\/mf.unsa.ba\/en\/wp-json\/wp\/v2\/pages\/248"}],"wp:attachment":[{"href":"https:\/\/mf.unsa.ba\/en\/wp-json\/wp\/v2\/media?parent=254"}],"curies":[{"name":"wp","href":"https:\/\/api.w.org\/{rel}","templated":true}]}}