{"id":256,"date":"2024-12-01T13:04:39","date_gmt":"2024-12-01T13:04:39","guid":{"rendered":"https:\/\/maniapanel.win\/medicinski-fakultet\/?page_id=256"},"modified":"2025-04-09T18:13:57","modified_gmt":"2025-04-09T18:13:57","slug":"publikacije","status":"publish","type":"page","link":"https:\/\/mf.unsa.ba\/en\/nauka\/publikacije\/","title":{"rendered":"Publications"},"content":{"rendered":"<p>In the past year, the academic staff of the University of Sarajevo \u2013 Faculty of Medicine achieved significant success in the field of research and publication. We are proud to present a list of published works that reflect the dedication, expertise, and innovation of our professors and researchers.<\/p>\n\n\n\n<p>These publications cover various fields of medicine and health sciences and have been published in indexed scientific databases: Scopus, Web of Science, and PubMed. Through these contributions, our academic community continues to advance global knowledge and improve healthcare.<\/p>\n\n\n\n<p>We extend our sincere gratitude to all authors for their efforts and contributions. We look forward to future research and publications that will further strengthen our reputation within the scientific community.<\/p>\n\n\n\n<p><strong>List of Scientific Publications by Academic Staff of the University of Sarajevo \u2013 Faculty of Medicine for the Year 2023:\u00a0<\/strong><\/p>\n\n\n        <div class=\"inner-notification-container-download\">\n                            <a href=\"https:\/\/mf.unsa.ba\/wp-content\/uploads\/2025\/04\/Publikacije.pdf\" target=\"_blank\">\n                    <h5>Publications<\/h5>\n                    <div>\n                        <p>Download<\/p>\n                        <svg fill=\"none\" height=\"11\" viewbox=\"0 0 15 11\" width=\"15\" xmlns=\"http:\/\/www.w3.org\/2000\/svg\">\n                            <path d=\"M8.90814 9.50213C8.82312 9.58132 8.75492 9.67682 8.70762 9.78293C8.66032 9.88904 8.63488 10.0036 8.63283 10.1197C8.63078 10.2359 8.65216 10.3512 8.69568 10.4589C8.73921 10.5667 8.804 10.6645 8.88618 10.7466C8.96836 10.8288 9.06625 10.8935 9.17401 10.937C9.28177 10.9805 9.39719 11.0019 9.51339 10.9999C9.62959 10.9978 9.74419 10.9724 9.85035 10.9251C9.95651 10.8778 10.0521 10.8097 10.1313 10.7247L14.7469 6.11128C14.909 5.94909 15 5.72923 15 5.5C15 5.27077 14.909 5.05091 14.7469 4.88872L10.1313 0.275314C10.0521 0.190327 9.95651 0.122162 9.85035 0.074884C9.74419 0.0276065 9.6296 0.0021844 9.51339 0.000134942C9.39719 -0.00191451 9.28177 0.0194506 9.17401 0.0629553C9.06625 0.106461 8.96836 0.171217 8.88618 0.253357C8.804 0.335498 8.73921 0.43334 8.69568 0.54105C8.65216 0.648759 8.63078 0.764127 8.63283 0.880273C8.63488 0.996419 8.66032 1.11096 8.70762 1.21707C8.75492 1.32318 8.82312 1.41868 8.90815 1.49787L12.0468 4.63499L0.865428 4.63498C0.635902 4.63498 0.415777 4.72612 0.253478 4.88834C0.0911775 5.05056 -4.52793e-07 5.27058 -4.72849e-07 5.5C-4.92905e-07 5.72941 0.0911774 5.94943 0.253478 6.11166C0.415777 6.27388 0.635902 6.36501 0.865427 6.36501L12.0468 6.36501L8.90814 9.50213Z\" fill=\"#25B270\"><\/path>\n                        <\/svg>\n                    <\/div>\n                <\/a>\n                    <\/div>","protected":false},"excerpt":{"rendered":"<p>U prethodnoj godini, akademsko osoblje Univerziteta u Sarajevu-Medicinskog fakulteta ostvarilo je zna\u010dajan uspjeh u oblasti istra\u017eivanja i publikacije. S ponosom predstavljamo listu izdatih publikacija koje reflektiraju posve\u0107enost, stru\u010dnost i inovativnost na\u0161ih profesora i istra\u017eiva\u010da. Ove publikacije obuhva\u0107aju razli\u010dite oblasti medicine i zdravstva objavljenih u indeksiranim nau\u010dnim bazama: Scopus, Web of Science i PubMed. Kroz ova [&hellip;]<\/p>\n","protected":false},"author":1,"featured_media":0,"parent":248,"menu_order":0,"comment_status":"closed","ping_status":"closed","template":"","meta":{"_acf_changed":false,"footnotes":""},"class_list":["post-256","page","type-page","status-publish","hentry"],"acf":[],"yoast_head":"<!-- This site is optimized with the Yoast SEO plugin v27.3 - https:\/\/yoast.com\/product\/yoast-seo-wordpress\/ -->\n<title>Publikacije - Medicinski fakultet u Sarajevu<\/title>\n<meta name=\"robots\" content=\"index, follow, max-snippet:-1, max-image-preview:large, max-video-preview:-1\" \/>\n<link rel=\"canonical\" href=\"https:\/\/mf.unsa.ba\/en\/nauka\/publikacije\/\" \/>\n<meta property=\"og:locale\" content=\"en_US\" \/>\n<meta property=\"og:type\" content=\"article\" \/>\n<meta property=\"og:title\" content=\"Publikacije - Medicinski fakultet u Sarajevu\" \/>\n<meta property=\"og:description\" content=\"U prethodnoj godini, akademsko osoblje Univerziteta u Sarajevu-Medicinskog fakulteta ostvarilo je zna\u010dajan uspjeh u oblasti istra\u017eivanja i publikacije. S ponosom predstavljamo listu izdatih publikacija koje reflektiraju posve\u0107enost, stru\u010dnost i inovativnost na\u0161ih profesora i istra\u017eiva\u010da. Ove publikacije obuhva\u0107aju razli\u010dite oblasti medicine i zdravstva objavljenih u indeksiranim nau\u010dnim bazama: Scopus, Web of Science i PubMed. Kroz ova [&hellip;]\" \/>\n<meta property=\"og:url\" content=\"https:\/\/mf.unsa.ba\/en\/nauka\/publikacije\/\" \/>\n<meta property=\"og:site_name\" content=\"Medicinski fakultet u Sarajevu\" \/>\n<meta property=\"article:publisher\" content=\"https:\/\/www.facebook.com\/medicinski.fakultet.unsa\/\" \/>\n<meta property=\"article:modified_time\" content=\"2025-04-09T18:13:57+00:00\" \/>\n<meta name=\"twitter:card\" content=\"summary_large_image\" \/>\n<meta name=\"twitter:label1\" content=\"Est. reading time\" \/>\n\t<meta name=\"twitter:data1\" content=\"1 minute\" \/>\n<script type=\"application\/ld+json\" class=\"yoast-schema-graph\">{\"@context\":\"https:\\\/\\\/schema.org\",\"@graph\":[{\"@type\":\"WebPage\",\"@id\":\"https:\\\/\\\/mf.unsa.ba\\\/nauka\\\/publikacije\\\/\",\"url\":\"https:\\\/\\\/mf.unsa.ba\\\/nauka\\\/publikacije\\\/\",\"name\":\"Publikacije - Medicinski fakultet u Sarajevu\",\"isPartOf\":{\"@id\":\"https:\\\/\\\/mf.unsa.ba\\\/#website\"},\"datePublished\":\"2024-12-01T13:04:39+00:00\",\"dateModified\":\"2025-04-09T18:13:57+00:00\",\"breadcrumb\":{\"@id\":\"https:\\\/\\\/mf.unsa.ba\\\/nauka\\\/publikacije\\\/#breadcrumb\"},\"inLanguage\":\"en-US\",\"potentialAction\":[{\"@type\":\"ReadAction\",\"target\":[\"https:\\\/\\\/mf.unsa.ba\\\/nauka\\\/publikacije\\\/\"]}]},{\"@type\":\"BreadcrumbList\",\"@id\":\"https:\\\/\\\/mf.unsa.ba\\\/nauka\\\/publikacije\\\/#breadcrumb\",\"itemListElement\":[{\"@type\":\"ListItem\",\"position\":1,\"name\":\"Home\",\"item\":\"https:\\\/\\\/mf.unsa.ba\\\/\"},{\"@type\":\"ListItem\",\"position\":2,\"name\":\"Nauka\",\"item\":\"https:\\\/\\\/mf.unsa.ba\\\/nauka\\\/\"},{\"@type\":\"ListItem\",\"position\":3,\"name\":\"Publikacije\"}]},{\"@type\":\"WebSite\",\"@id\":\"https:\\\/\\\/mf.unsa.ba\\\/#website\",\"url\":\"https:\\\/\\\/mf.unsa.ba\\\/\",\"name\":\"Medicinski fakultet u Sarajevu\",\"description\":\"\",\"potentialAction\":[{\"@type\":\"SearchAction\",\"target\":{\"@type\":\"EntryPoint\",\"urlTemplate\":\"https:\\\/\\\/mf.unsa.ba\\\/?s={search_term_string}\"},\"query-input\":{\"@type\":\"PropertyValueSpecification\",\"valueRequired\":true,\"valueName\":\"search_term_string\"}}],\"inLanguage\":\"en-US\"}]}<\/script>\n<!-- \/ Yoast SEO plugin. -->","yoast_head_json":{"title":"Publikacije - Medicinski fakultet u Sarajevu","robots":{"index":"index","follow":"follow","max-snippet":"max-snippet:-1","max-image-preview":"max-image-preview:large","max-video-preview":"max-video-preview:-1"},"canonical":"https:\/\/mf.unsa.ba\/en\/nauka\/publikacije\/","og_locale":"en_US","og_type":"article","og_title":"Publikacije - Medicinski fakultet u Sarajevu","og_description":"U prethodnoj godini, akademsko osoblje Univerziteta u Sarajevu-Medicinskog fakulteta ostvarilo je zna\u010dajan uspjeh u oblasti istra\u017eivanja i publikacije. S ponosom predstavljamo listu izdatih publikacija koje reflektiraju posve\u0107enost, stru\u010dnost i inovativnost na\u0161ih profesora i istra\u017eiva\u010da. Ove publikacije obuhva\u0107aju razli\u010dite oblasti medicine i zdravstva objavljenih u indeksiranim nau\u010dnim bazama: Scopus, Web of Science i PubMed. Kroz ova [&hellip;]","og_url":"https:\/\/mf.unsa.ba\/en\/nauka\/publikacije\/","og_site_name":"Medicinski fakultet u Sarajevu","article_publisher":"https:\/\/www.facebook.com\/medicinski.fakultet.unsa\/","article_modified_time":"2025-04-09T18:13:57+00:00","twitter_card":"summary_large_image","twitter_misc":{"Est. reading time":"1 minute"},"schema":{"@context":"https:\/\/schema.org","@graph":[{"@type":"WebPage","@id":"https:\/\/mf.unsa.ba\/nauka\/publikacije\/","url":"https:\/\/mf.unsa.ba\/nauka\/publikacije\/","name":"Publikacije - Medicinski fakultet u Sarajevu","isPartOf":{"@id":"https:\/\/mf.unsa.ba\/#website"},"datePublished":"2024-12-01T13:04:39+00:00","dateModified":"2025-04-09T18:13:57+00:00","breadcrumb":{"@id":"https:\/\/mf.unsa.ba\/nauka\/publikacije\/#breadcrumb"},"inLanguage":"en-US","potentialAction":[{"@type":"ReadAction","target":["https:\/\/mf.unsa.ba\/nauka\/publikacije\/"]}]},{"@type":"BreadcrumbList","@id":"https:\/\/mf.unsa.ba\/nauka\/publikacije\/#breadcrumb","itemListElement":[{"@type":"ListItem","position":1,"name":"Home","item":"https:\/\/mf.unsa.ba\/"},{"@type":"ListItem","position":2,"name":"Nauka","item":"https:\/\/mf.unsa.ba\/nauka\/"},{"@type":"ListItem","position":3,"name":"Publikacije"}]},{"@type":"WebSite","@id":"https:\/\/mf.unsa.ba\/#website","url":"https:\/\/mf.unsa.ba\/","name":"Medicinski fakultet u Sarajevu","description":"","potentialAction":[{"@type":"SearchAction","target":{"@type":"EntryPoint","urlTemplate":"https:\/\/mf.unsa.ba\/?s={search_term_string}"},"query-input":{"@type":"PropertyValueSpecification","valueRequired":true,"valueName":"search_term_string"}}],"inLanguage":"en-US"}]}},"_links":{"self":[{"href":"https:\/\/mf.unsa.ba\/en\/wp-json\/wp\/v2\/pages\/256","targetHints":{"allow":["GET"]}}],"collection":[{"href":"https:\/\/mf.unsa.ba\/en\/wp-json\/wp\/v2\/pages"}],"about":[{"href":"https:\/\/mf.unsa.ba\/en\/wp-json\/wp\/v2\/types\/page"}],"author":[{"embeddable":true,"href":"https:\/\/mf.unsa.ba\/en\/wp-json\/wp\/v2\/users\/1"}],"replies":[{"embeddable":true,"href":"https:\/\/mf.unsa.ba\/en\/wp-json\/wp\/v2\/comments?post=256"}],"version-history":[{"count":5,"href":"https:\/\/mf.unsa.ba\/en\/wp-json\/wp\/v2\/pages\/256\/revisions"}],"predecessor-version":[{"id":6721,"href":"https:\/\/mf.unsa.ba\/en\/wp-json\/wp\/v2\/pages\/256\/revisions\/6721"}],"up":[{"embeddable":true,"href":"https:\/\/mf.unsa.ba\/en\/wp-json\/wp\/v2\/pages\/248"}],"wp:attachment":[{"href":"https:\/\/mf.unsa.ba\/en\/wp-json\/wp\/v2\/media?parent=256"}],"curies":[{"name":"wp","href":"https:\/\/api.w.org\/{rel}","templated":true}]}}