{"id":260,"date":"2024-12-01T13:05:15","date_gmt":"2024-12-01T13:05:15","guid":{"rendered":"https:\/\/maniapanel.win\/medicinski-fakultet\/?page_id=260"},"modified":"2025-03-19T08:05:44","modified_gmt":"2025-03-19T08:05:44","slug":"biblioteka","status":"publish","type":"page","link":"https:\/\/mf.unsa.ba\/en\/nauka\/izdavacka-djelatnost\/biblioteka\/","title":{"rendered":"Library of the Faculty of Medicine"},"content":{"rendered":"<p>The Library of the Faculty of Medicine has been in operation since 1946, the year the Faculty was founded. It holds a collection of medical science literature intended for students, teaching staff, and professional associates of the Faculty. In addition to materials in the Bosnian language, the Library also offers a substantial collection of professional literature in English, essential for students enrolled in the MSE program.<\/p>\n\n\n\n<p>The Library includes a reading room, open to users on weekdays from 8:00 AM to 3:00 PM, with 65 reading seats and 2 computer workstations with internet access. Users have access to the following scientific databases, which provide a wide range of biomedical journals in electronic format:<\/p>\n\n\n\n<ul class=\"wp-block-list\">\n<li>Web of Science,<\/li>\n\n\n\n<li>Scopus,<\/li>\n\n\n\n<li>Science Direct,<\/li>\n\n\n\n<li>ESCOhost,<\/li>\n\n\n\n<li>JSTOR,<\/li>\n\n\n\n<li>HeinOnline,<\/li>\n\n\n\n<li>Grove Music Online.<\/li>\n<\/ul>\n\n\n\n<p>Since 2023, the Library has operated as part of the Department for Library-Information Support and Publishing Activities, which provides users with access to library materials and all necessary information to support and enhance research and academic processes.<\/p>\n\n\n\n<p class=\"has-vivid-cyan-blue-color has-text-color has-link-color wp-elements-41d042f9eb846df1856e61c05c708a79\">Working hours: 8:00 AM \u2013 4:00 PM\nContact:&nbsp;<a href=\"mailto:biblioteka@mf.unsa.ba\">biblioteka@mf.unsa.ba<\/a><\/p>\n\n\n        <div class=\"inner-notification-container-slider-outer\">\n            <!-- Slider main container -->\n            <div class=\"swiper inner-notification-container-slider\">\n                <!-- Additional required wrapper -->\n                <div class=\"swiper-wrapper\">\n                                            <div class=\"swiper-slide\">\n                            <img decoding=\"async\" src=\"https:\/\/mf.unsa.ba\/wp-content\/uploads\/2025\/01\/IMG_3015.jpeg\" alt=\"\">\n                        <\/div>\n                                            <div class=\"swiper-slide\">\n                            <img decoding=\"async\" src=\"https:\/\/mf.unsa.ba\/wp-content\/uploads\/2025\/01\/IMG_3014.jpeg\" alt=\"\">\n                        <\/div>\n                                            <div class=\"swiper-slide\">\n                            <img decoding=\"async\" src=\"https:\/\/mf.unsa.ba\/wp-content\/uploads\/2025\/01\/IMG_2836.jpeg\" alt=\"\">\n                        <\/div>\n                                            <div class=\"swiper-slide\">\n                            <img decoding=\"async\" src=\"https:\/\/mf.unsa.ba\/wp-content\/uploads\/2025\/01\/IMG_3011.jpeg\" alt=\"\">\n                        <\/div>\n                                            <div class=\"swiper-slide\">\n                            <img decoding=\"async\" src=\"https:\/\/mf.unsa.ba\/wp-content\/uploads\/2025\/01\/IMG_3012.jpeg\" alt=\"\">\n                        <\/div>\n                                            <div class=\"swiper-slide\">\n                            <img decoding=\"async\" src=\"https:\/\/mf.unsa.ba\/wp-content\/uploads\/2025\/01\/IMG_3013.jpeg\" alt=\"\">\n                        <\/div>\n                                            <div class=\"swiper-slide\">\n                            <img decoding=\"async\" src=\"https:\/\/mf.unsa.ba\/wp-content\/uploads\/2025\/01\/IMG_3014-1.jpeg\" alt=\"\">\n                        <\/div>\n                                            <div class=\"swiper-slide\">\n                            <img decoding=\"async\" src=\"https:\/\/mf.unsa.ba\/wp-content\/uploads\/2025\/01\/IMG_2831.jpeg\" alt=\"\">\n                        <\/div>\n                                            <div class=\"swiper-slide\">\n                            <img decoding=\"async\" src=\"https:\/\/mf.unsa.ba\/wp-content\/uploads\/2025\/01\/IMG_2832.jpeg\" alt=\"\">\n                        <\/div>\n                                            <div class=\"swiper-slide\">\n                            <img decoding=\"async\" src=\"https:\/\/mf.unsa.ba\/wp-content\/uploads\/2025\/01\/IMG_2833.jpeg\" alt=\"\">\n                        <\/div>\n                                            <div class=\"swiper-slide\">\n                            <img decoding=\"async\" src=\"https:\/\/mf.unsa.ba\/wp-content\/uploads\/2025\/01\/IMG_2834.jpeg\" alt=\"\">\n                        <\/div>\n                                            <div class=\"swiper-slide\">\n                            <img decoding=\"async\" src=\"https:\/\/mf.unsa.ba\/wp-content\/uploads\/2025\/01\/IMG_2835.jpeg\" alt=\"\">\n                        <\/div>\n                                    <\/div>\n            <\/div>\n\n            <!-- Navigation buttons -->\n            <div class=\"swiper-button-prev inner-notification-prev\">\n                <div><\/div>\n                <div><\/div>\n            <\/div>\n            <div class=\"swiper-button-next inner-notification-next\">\n                <div><\/div>\n                <div><\/div>\n                <div><\/div>\n            <\/div>\n        <\/div>","protected":false},"excerpt":{"rendered":"<p>Biblioteka Medicinskog fakulteta postoji od 1946. godine, kada je osnovan i Fakultet. Raspola\u017ee knji\u017enim fondom iz oblasti medicinskih nauka namijenjenih studentima, nastavnom osoblju i stru\u010dnim saradnicima Fakulteta. Osim fonda na bosanskom jeziku, posjeduje i veliki broj stru\u010dne literature na engleskom jeziku neophodne za studente MSE programa. U sklopu Biblioteke se nalazi i \u010ditaonica koja je [&hellip;]<\/p>\n","protected":false},"author":1,"featured_media":0,"parent":258,"menu_order":0,"comment_status":"closed","ping_status":"closed","template":"","meta":{"_acf_changed":false,"footnotes":""},"class_list":["post-260","page","type-page","status-publish","hentry"],"acf":[],"yoast_head":"<!-- This site is optimized with the Yoast SEO plugin v27.3 - https:\/\/yoast.com\/product\/yoast-seo-wordpress\/ -->\n<title>Biblioteka - Medicinski fakultet u Sarajevu<\/title>\n<meta name=\"robots\" content=\"index, follow, max-snippet:-1, max-image-preview:large, max-video-preview:-1\" \/>\n<link rel=\"canonical\" href=\"https:\/\/mf.unsa.ba\/en\/nauka\/izdavacka-djelatnost\/biblioteka\/\" \/>\n<meta property=\"og:locale\" content=\"en_US\" \/>\n<meta property=\"og:type\" content=\"article\" \/>\n<meta property=\"og:title\" content=\"Biblioteka - Medicinski fakultet u Sarajevu\" \/>\n<meta property=\"og:description\" content=\"Biblioteka Medicinskog fakulteta postoji od 1946. godine, kada je osnovan i Fakultet. Raspola\u017ee knji\u017enim fondom iz oblasti medicinskih nauka namijenjenih studentima, nastavnom osoblju i stru\u010dnim saradnicima Fakulteta. Osim fonda na bosanskom jeziku, posjeduje i veliki broj stru\u010dne literature na engleskom jeziku neophodne za studente MSE programa. U sklopu Biblioteke se nalazi i \u010ditaonica koja je [&hellip;]\" \/>\n<meta property=\"og:url\" content=\"https:\/\/mf.unsa.ba\/en\/nauka\/izdavacka-djelatnost\/biblioteka\/\" \/>\n<meta property=\"og:site_name\" content=\"Medicinski fakultet u Sarajevu\" \/>\n<meta property=\"article:publisher\" content=\"https:\/\/www.facebook.com\/medicinski.fakultet.unsa\/\" \/>\n<meta property=\"article:modified_time\" content=\"2025-03-19T08:05:44+00:00\" \/>\n<meta name=\"twitter:card\" content=\"summary_large_image\" \/>\n<meta name=\"twitter:label1\" content=\"Est. reading time\" \/>\n\t<meta name=\"twitter:data1\" content=\"1 minute\" \/>\n<script type=\"application\/ld+json\" class=\"yoast-schema-graph\">{\"@context\":\"https:\\\/\\\/schema.org\",\"@graph\":[{\"@type\":\"WebPage\",\"@id\":\"https:\\\/\\\/mf.unsa.ba\\\/nauka\\\/izdavacka-djelatnost\\\/biblioteka\\\/\",\"url\":\"https:\\\/\\\/mf.unsa.ba\\\/nauka\\\/izdavacka-djelatnost\\\/biblioteka\\\/\",\"name\":\"Biblioteka - Medicinski fakultet u Sarajevu\",\"isPartOf\":{\"@id\":\"https:\\\/\\\/mf.unsa.ba\\\/#website\"},\"datePublished\":\"2024-12-01T13:05:15+00:00\",\"dateModified\":\"2025-03-19T08:05:44+00:00\",\"breadcrumb\":{\"@id\":\"https:\\\/\\\/mf.unsa.ba\\\/nauka\\\/izdavacka-djelatnost\\\/biblioteka\\\/#breadcrumb\"},\"inLanguage\":\"en-US\",\"potentialAction\":[{\"@type\":\"ReadAction\",\"target\":[\"https:\\\/\\\/mf.unsa.ba\\\/nauka\\\/izdavacka-djelatnost\\\/biblioteka\\\/\"]}]},{\"@type\":\"BreadcrumbList\",\"@id\":\"https:\\\/\\\/mf.unsa.ba\\\/nauka\\\/izdavacka-djelatnost\\\/biblioteka\\\/#breadcrumb\",\"itemListElement\":[{\"@type\":\"ListItem\",\"position\":1,\"name\":\"Home\",\"item\":\"https:\\\/\\\/mf.unsa.ba\\\/\"},{\"@type\":\"ListItem\",\"position\":2,\"name\":\"Nauka\",\"item\":\"https:\\\/\\\/mf.unsa.ba\\\/nauka\\\/\"},{\"@type\":\"ListItem\",\"position\":3,\"name\":\"Izdava\u010dka djelatnost\",\"item\":\"https:\\\/\\\/mf.unsa.ba\\\/nauka\\\/izdavacka-djelatnost\\\/\"},{\"@type\":\"ListItem\",\"position\":4,\"name\":\"Biblioteka\"}]},{\"@type\":\"WebSite\",\"@id\":\"https:\\\/\\\/mf.unsa.ba\\\/#website\",\"url\":\"https:\\\/\\\/mf.unsa.ba\\\/\",\"name\":\"Medicinski fakultet u Sarajevu\",\"description\":\"\",\"potentialAction\":[{\"@type\":\"SearchAction\",\"target\":{\"@type\":\"EntryPoint\",\"urlTemplate\":\"https:\\\/\\\/mf.unsa.ba\\\/?s={search_term_string}\"},\"query-input\":{\"@type\":\"PropertyValueSpecification\",\"valueRequired\":true,\"valueName\":\"search_term_string\"}}],\"inLanguage\":\"en-US\"}]}<\/script>\n<!-- \/ Yoast SEO plugin. -->","yoast_head_json":{"title":"Biblioteka - Medicinski fakultet u Sarajevu","robots":{"index":"index","follow":"follow","max-snippet":"max-snippet:-1","max-image-preview":"max-image-preview:large","max-video-preview":"max-video-preview:-1"},"canonical":"https:\/\/mf.unsa.ba\/en\/nauka\/izdavacka-djelatnost\/biblioteka\/","og_locale":"en_US","og_type":"article","og_title":"Biblioteka - Medicinski fakultet u Sarajevu","og_description":"Biblioteka Medicinskog fakulteta postoji od 1946. godine, kada je osnovan i Fakultet. Raspola\u017ee knji\u017enim fondom iz oblasti medicinskih nauka namijenjenih studentima, nastavnom osoblju i stru\u010dnim saradnicima Fakulteta. Osim fonda na bosanskom jeziku, posjeduje i veliki broj stru\u010dne literature na engleskom jeziku neophodne za studente MSE programa. U sklopu Biblioteke se nalazi i \u010ditaonica koja je [&hellip;]","og_url":"https:\/\/mf.unsa.ba\/en\/nauka\/izdavacka-djelatnost\/biblioteka\/","og_site_name":"Medicinski fakultet u Sarajevu","article_publisher":"https:\/\/www.facebook.com\/medicinski.fakultet.unsa\/","article_modified_time":"2025-03-19T08:05:44+00:00","twitter_card":"summary_large_image","twitter_misc":{"Est. reading time":"1 minute"},"schema":{"@context":"https:\/\/schema.org","@graph":[{"@type":"WebPage","@id":"https:\/\/mf.unsa.ba\/nauka\/izdavacka-djelatnost\/biblioteka\/","url":"https:\/\/mf.unsa.ba\/nauka\/izdavacka-djelatnost\/biblioteka\/","name":"Biblioteka - Medicinski fakultet u Sarajevu","isPartOf":{"@id":"https:\/\/mf.unsa.ba\/#website"},"datePublished":"2024-12-01T13:05:15+00:00","dateModified":"2025-03-19T08:05:44+00:00","breadcrumb":{"@id":"https:\/\/mf.unsa.ba\/nauka\/izdavacka-djelatnost\/biblioteka\/#breadcrumb"},"inLanguage":"en-US","potentialAction":[{"@type":"ReadAction","target":["https:\/\/mf.unsa.ba\/nauka\/izdavacka-djelatnost\/biblioteka\/"]}]},{"@type":"BreadcrumbList","@id":"https:\/\/mf.unsa.ba\/nauka\/izdavacka-djelatnost\/biblioteka\/#breadcrumb","itemListElement":[{"@type":"ListItem","position":1,"name":"Home","item":"https:\/\/mf.unsa.ba\/"},{"@type":"ListItem","position":2,"name":"Nauka","item":"https:\/\/mf.unsa.ba\/nauka\/"},{"@type":"ListItem","position":3,"name":"Izdava\u010dka djelatnost","item":"https:\/\/mf.unsa.ba\/nauka\/izdavacka-djelatnost\/"},{"@type":"ListItem","position":4,"name":"Biblioteka"}]},{"@type":"WebSite","@id":"https:\/\/mf.unsa.ba\/#website","url":"https:\/\/mf.unsa.ba\/","name":"Medicinski fakultet u Sarajevu","description":"","potentialAction":[{"@type":"SearchAction","target":{"@type":"EntryPoint","urlTemplate":"https:\/\/mf.unsa.ba\/?s={search_term_string}"},"query-input":{"@type":"PropertyValueSpecification","valueRequired":true,"valueName":"search_term_string"}}],"inLanguage":"en-US"}]}},"_links":{"self":[{"href":"https:\/\/mf.unsa.ba\/en\/wp-json\/wp\/v2\/pages\/260","targetHints":{"allow":["GET"]}}],"collection":[{"href":"https:\/\/mf.unsa.ba\/en\/wp-json\/wp\/v2\/pages"}],"about":[{"href":"https:\/\/mf.unsa.ba\/en\/wp-json\/wp\/v2\/types\/page"}],"author":[{"embeddable":true,"href":"https:\/\/mf.unsa.ba\/en\/wp-json\/wp\/v2\/users\/1"}],"replies":[{"embeddable":true,"href":"https:\/\/mf.unsa.ba\/en\/wp-json\/wp\/v2\/comments?post=260"}],"version-history":[{"count":5,"href":"https:\/\/mf.unsa.ba\/en\/wp-json\/wp\/v2\/pages\/260\/revisions"}],"predecessor-version":[{"id":6106,"href":"https:\/\/mf.unsa.ba\/en\/wp-json\/wp\/v2\/pages\/260\/revisions\/6106"}],"up":[{"embeddable":true,"href":"https:\/\/mf.unsa.ba\/en\/wp-json\/wp\/v2\/pages\/258"}],"wp:attachment":[{"href":"https:\/\/mf.unsa.ba\/en\/wp-json\/wp\/v2\/media?parent=260"}],"curies":[{"name":"wp","href":"https:\/\/api.w.org\/{rel}","templated":true}]}}