{"id":268,"date":"2024-12-01T15:29:24","date_gmt":"2024-12-01T15:29:24","guid":{"rendered":"https:\/\/maniapanel.win\/medicinski-fakultet\/?page_id=268"},"modified":"2025-11-10T14:25:21","modified_gmt":"2025-11-10T14:25:21","slug":"erasmus-i-ceepus","status":"publish","type":"page","link":"https:\/\/mf.unsa.ba\/en\/medunarodna-saradnja\/erasmus-i-ceepus\/erasmus-i-ceepus\/","title":{"rendered":"ERASMUS I CEEPUS"},"content":{"rendered":"<div class=\"inner-notification-container-columns\">\n        <div class=\"inner-notification-container-columns-button-flex\">\n                                                                <button class=\"change-button active\" change-index=\"1\">\n                        <img decoding=\"async\" src=\"https:\/\/mf.unsa.ba\/wp-content\/uploads\/2024\/12\/ceepus-logo-1.png\" alt=\"\">\n                    <\/button>\n                                                        <button class=\"change-button\" change-index=\"2\">\n                        <img decoding=\"async\" src=\"https:\/\/mf.unsa.ba\/wp-content\/uploads\/2024\/12\/erasmus-logo.png\" alt=\"\">\n                    <\/button>\n                                                        <button class=\"change-button\" change-index=\"3\">\n                        <img decoding=\"async\" src=\"https:\/\/mf.unsa.ba\/wp-content\/uploads\/2025\/11\/scoreandscoperesize.png\" alt=\"\">\n                    <\/button>\n                                                        <\/div>\n\n                                                <div class=\"change-container\" change-index=\"1\" style=\"display: block;\">\n                    <h2>CEEPUS<\/h2>\n                    <div class=\"inner-notification-container-text\">\n                        <p>CEEPUS (Central European Exchange Program for University Studies) is a student and academic staff exchange program among Central and Eastern European countries. CEEPUS enables students and faculty members to study or teach at universities within partner institutions in participating countries. The program offers mobility scholarships based on joint projects between institutions, thereby strengthening academic cooperation in the region. CEEPUS supports study opportunities at the undergraduate, graduate, and doctoral levels, as well as professional internships abroad.<br \/>\n<a class=\"link-page\" href=\"https:\/\/mf.unsa.ba\/en\/medunarodna-saradnja\/erasmus-i-ceepus\/erasmus-i-ceepus\/konkursi\/\">Register<br \/>\n<img decoding=\"async\" src=\"https:\/\/mf.unsa.ba\/wp-content\/uploads\/2025\/01\/strelica-bijela.png\" alt=\"Strelica bijela\" \/><\/a><\/p>\n<p>&nbsp;<\/p>\n                    <\/div>\n                <\/div>\n                                            <div class=\"change-container\" change-index=\"2\" style=\"display: none;\">\n                    <h2>ERASMUS +<\/h2>\n                    <div class=\"inner-notification-container-text\">\n                        <p>ERASMUS je jedan od najpoznatijih evropskih programa mobilnosti, namijenjen studentima, nastavnicima i mladima. Fokusira se na unaprje\u0111enje obrazovanja kroz razmjenu studenata, kao i stru\u010dno usavr\u0161avanje. Program omogu\u0107ava studentima da studiraju, obavljaju praksu ili volontiraju u drugim evropskim zemljama, \u0161to im poma\u017ee u sticanju novih vje\u0161tina i iskustava. ERASMUS tako\u0111e nudi mogu\u0107nosti za nastavnu mobilnost, kao i projekte saradnje izme\u0111u obrazovnih institucija. Pored toga, program podsti\u010de multikulturalizam i interkulturalno razumjevanje me\u0111u studentima i mladima \u0161irom Europe.<br \/>\n<a class=\"link-page\" href=\"https:\/\/mf.unsa.ba\/en\/medunarodna-saradnja\/erasmus-i-ceepus\/erasmus-i-ceepus\/konkursi\/\">Register<br \/>\n<img decoding=\"async\" src=\"https:\/\/mf.unsa.ba\/wp-content\/uploads\/2025\/01\/strelica-bijela.png\" alt=\"Strelica bijela\" \/><\/a><\/p>\n<p>&nbsp;<\/p>\n                    <\/div>\n                <\/div>\n                                            <div class=\"change-container\" change-index=\"3\" style=\"display: none;\">\n                    <h2>SCORE I SCOPE<\/h2>\n                    <div class=\"inner-notification-container-text\">\n                        <p>Udru\u017eenje studenata medicine u BiH \u2013 BoHeMSA, koje je punopravni \u010dlan Internacionalne federacije udru\u017eenja studenata medicine, realizira profesionalne razmjene (SCOPE) i nau\u010dno \u2013 istra\u017eiva\u010dke razmjene (SCORE). Putem ova dva programa razmjena, studentima se pru\u017ea da steknu prakti\u010dna iskustva u bolnicama i istra\u017eiva\u010dkim centrima u zemljama \u010dlanicama IFMSA. Razmjene traju mjesec dana i doprinose li\u010dnom razvoju, me\u0111ukulturnom razumijevanju i promociji globalnog zdravlja.<\/p>\n                    <\/div>\n                <\/div>\n                                        <\/div>\n    \n\n\n<p><br><\/p>\n\n\n\n<p><\/p>","protected":false},"excerpt":{"rendered":"","protected":false},"author":1,"featured_media":0,"parent":266,"menu_order":0,"comment_status":"closed","ping_status":"closed","template":"","meta":{"_acf_changed":false,"footnotes":""},"class_list":["post-268","page","type-page","status-publish","hentry"],"acf":[],"yoast_head":"<!-- This site is optimized with the Yoast SEO plugin v27.3 - https:\/\/yoast.com\/product\/yoast-seo-wordpress\/ -->\n<title>ERASMUS I CEEPUS - Medicinski fakultet u Sarajevu<\/title>\n<meta name=\"robots\" content=\"index, follow, max-snippet:-1, max-image-preview:large, max-video-preview:-1\" \/>\n<link rel=\"canonical\" href=\"https:\/\/mf.unsa.ba\/en\/medunarodna-saradnja\/erasmus-i-ceepus\/erasmus-i-ceepus\/\" \/>\n<meta property=\"og:locale\" content=\"en_US\" \/>\n<meta property=\"og:type\" content=\"article\" \/>\n<meta property=\"og:title\" content=\"ERASMUS I CEEPUS - Medicinski fakultet u Sarajevu\" \/>\n<meta property=\"og:url\" content=\"https:\/\/mf.unsa.ba\/en\/medunarodna-saradnja\/erasmus-i-ceepus\/erasmus-i-ceepus\/\" \/>\n<meta property=\"og:site_name\" content=\"Medicinski fakultet u Sarajevu\" \/>\n<meta property=\"article:publisher\" content=\"https:\/\/www.facebook.com\/medicinski.fakultet.unsa\/\" \/>\n<meta property=\"article:modified_time\" content=\"2025-11-10T14:25:21+00:00\" \/>\n<meta name=\"twitter:card\" content=\"summary_large_image\" \/>\n<script type=\"application\/ld+json\" class=\"yoast-schema-graph\">{\"@context\":\"https:\\\/\\\/schema.org\",\"@graph\":[{\"@type\":\"WebPage\",\"@id\":\"https:\\\/\\\/mf.unsa.ba\\\/medunarodna-saradnja\\\/erasmus-i-ceepus\\\/erasmus-i-ceepus\\\/\",\"url\":\"https:\\\/\\\/mf.unsa.ba\\\/medunarodna-saradnja\\\/erasmus-i-ceepus\\\/erasmus-i-ceepus\\\/\",\"name\":\"ERASMUS I CEEPUS - Medicinski fakultet u Sarajevu\",\"isPartOf\":{\"@id\":\"https:\\\/\\\/mf.unsa.ba\\\/#website\"},\"datePublished\":\"2024-12-01T15:29:24+00:00\",\"dateModified\":\"2025-11-10T14:25:21+00:00\",\"breadcrumb\":{\"@id\":\"https:\\\/\\\/mf.unsa.ba\\\/medunarodna-saradnja\\\/erasmus-i-ceepus\\\/erasmus-i-ceepus\\\/#breadcrumb\"},\"inLanguage\":\"en-US\",\"potentialAction\":[{\"@type\":\"ReadAction\",\"target\":[\"https:\\\/\\\/mf.unsa.ba\\\/medunarodna-saradnja\\\/erasmus-i-ceepus\\\/erasmus-i-ceepus\\\/\"]}]},{\"@type\":\"BreadcrumbList\",\"@id\":\"https:\\\/\\\/mf.unsa.ba\\\/medunarodna-saradnja\\\/erasmus-i-ceepus\\\/erasmus-i-ceepus\\\/#breadcrumb\",\"itemListElement\":[{\"@type\":\"ListItem\",\"position\":1,\"name\":\"Home\",\"item\":\"https:\\\/\\\/mf.unsa.ba\\\/\"},{\"@type\":\"ListItem\",\"position\":2,\"name\":\"Me\u0111unarodna saradnja\",\"item\":\"https:\\\/\\\/mf.unsa.ba\\\/medunarodna-saradnja\\\/\"},{\"@type\":\"ListItem\",\"position\":3,\"name\":\"ERASMUS I CEEPUS\",\"item\":\"https:\\\/\\\/mf.unsa.ba\\\/medunarodna-saradnja\\\/erasmus-i-ceepus\\\/\"},{\"@type\":\"ListItem\",\"position\":4,\"name\":\"ERASMUS I CEEPUS\"}]},{\"@type\":\"WebSite\",\"@id\":\"https:\\\/\\\/mf.unsa.ba\\\/#website\",\"url\":\"https:\\\/\\\/mf.unsa.ba\\\/\",\"name\":\"Medicinski fakultet u Sarajevu\",\"description\":\"\",\"potentialAction\":[{\"@type\":\"SearchAction\",\"target\":{\"@type\":\"EntryPoint\",\"urlTemplate\":\"https:\\\/\\\/mf.unsa.ba\\\/?s={search_term_string}\"},\"query-input\":{\"@type\":\"PropertyValueSpecification\",\"valueRequired\":true,\"valueName\":\"search_term_string\"}}],\"inLanguage\":\"en-US\"}]}<\/script>\n<!-- \/ Yoast SEO plugin. -->","yoast_head_json":{"title":"ERASMUS I CEEPUS - Medicinski fakultet u Sarajevu","robots":{"index":"index","follow":"follow","max-snippet":"max-snippet:-1","max-image-preview":"max-image-preview:large","max-video-preview":"max-video-preview:-1"},"canonical":"https:\/\/mf.unsa.ba\/en\/medunarodna-saradnja\/erasmus-i-ceepus\/erasmus-i-ceepus\/","og_locale":"en_US","og_type":"article","og_title":"ERASMUS I CEEPUS - Medicinski fakultet u Sarajevu","og_url":"https:\/\/mf.unsa.ba\/en\/medunarodna-saradnja\/erasmus-i-ceepus\/erasmus-i-ceepus\/","og_site_name":"Medicinski fakultet u Sarajevu","article_publisher":"https:\/\/www.facebook.com\/medicinski.fakultet.unsa\/","article_modified_time":"2025-11-10T14:25:21+00:00","twitter_card":"summary_large_image","schema":{"@context":"https:\/\/schema.org","@graph":[{"@type":"WebPage","@id":"https:\/\/mf.unsa.ba\/medunarodna-saradnja\/erasmus-i-ceepus\/erasmus-i-ceepus\/","url":"https:\/\/mf.unsa.ba\/medunarodna-saradnja\/erasmus-i-ceepus\/erasmus-i-ceepus\/","name":"ERASMUS I CEEPUS - Medicinski fakultet u Sarajevu","isPartOf":{"@id":"https:\/\/mf.unsa.ba\/#website"},"datePublished":"2024-12-01T15:29:24+00:00","dateModified":"2025-11-10T14:25:21+00:00","breadcrumb":{"@id":"https:\/\/mf.unsa.ba\/medunarodna-saradnja\/erasmus-i-ceepus\/erasmus-i-ceepus\/#breadcrumb"},"inLanguage":"en-US","potentialAction":[{"@type":"ReadAction","target":["https:\/\/mf.unsa.ba\/medunarodna-saradnja\/erasmus-i-ceepus\/erasmus-i-ceepus\/"]}]},{"@type":"BreadcrumbList","@id":"https:\/\/mf.unsa.ba\/medunarodna-saradnja\/erasmus-i-ceepus\/erasmus-i-ceepus\/#breadcrumb","itemListElement":[{"@type":"ListItem","position":1,"name":"Home","item":"https:\/\/mf.unsa.ba\/"},{"@type":"ListItem","position":2,"name":"Me\u0111unarodna saradnja","item":"https:\/\/mf.unsa.ba\/medunarodna-saradnja\/"},{"@type":"ListItem","position":3,"name":"ERASMUS I CEEPUS","item":"https:\/\/mf.unsa.ba\/medunarodna-saradnja\/erasmus-i-ceepus\/"},{"@type":"ListItem","position":4,"name":"ERASMUS I CEEPUS"}]},{"@type":"WebSite","@id":"https:\/\/mf.unsa.ba\/#website","url":"https:\/\/mf.unsa.ba\/","name":"Medicinski fakultet u Sarajevu","description":"","potentialAction":[{"@type":"SearchAction","target":{"@type":"EntryPoint","urlTemplate":"https:\/\/mf.unsa.ba\/?s={search_term_string}"},"query-input":{"@type":"PropertyValueSpecification","valueRequired":true,"valueName":"search_term_string"}}],"inLanguage":"en-US"}]}},"_links":{"self":[{"href":"https:\/\/mf.unsa.ba\/en\/wp-json\/wp\/v2\/pages\/268","targetHints":{"allow":["GET"]}}],"collection":[{"href":"https:\/\/mf.unsa.ba\/en\/wp-json\/wp\/v2\/pages"}],"about":[{"href":"https:\/\/mf.unsa.ba\/en\/wp-json\/wp\/v2\/types\/page"}],"author":[{"embeddable":true,"href":"https:\/\/mf.unsa.ba\/en\/wp-json\/wp\/v2\/users\/1"}],"replies":[{"embeddable":true,"href":"https:\/\/mf.unsa.ba\/en\/wp-json\/wp\/v2\/comments?post=268"}],"version-history":[{"count":19,"href":"https:\/\/mf.unsa.ba\/en\/wp-json\/wp\/v2\/pages\/268\/revisions"}],"predecessor-version":[{"id":7751,"href":"https:\/\/mf.unsa.ba\/en\/wp-json\/wp\/v2\/pages\/268\/revisions\/7751"}],"up":[{"embeddable":true,"href":"https:\/\/mf.unsa.ba\/en\/wp-json\/wp\/v2\/pages\/266"}],"wp:attachment":[{"href":"https:\/\/mf.unsa.ba\/en\/wp-json\/wp\/v2\/media?parent=268"}],"curies":[{"name":"wp","href":"https:\/\/api.w.org\/{rel}","templated":true}]}}