{"id":280,"date":"2024-12-01T15:33:47","date_gmt":"2024-12-01T15:33:47","guid":{"rendered":"https:\/\/maniapanel.win\/medicinski-fakultet\/?page_id=280"},"modified":"2025-04-06T19:39:48","modified_gmt":"2025-04-06T19:39:48","slug":"informacije","status":"publish","type":"page","link":"https:\/\/mf.unsa.ba\/en\/medunarodna-saradnja\/erasmus-i-ceepus\/erasmus-i-ceepus\/informacije\/","title":{"rendered":"Information"},"content":{"rendered":"<h2 class=\"wp-block-heading\">International Cooperation<\/h2>\n\n\n\n<p>The University of Sarajevo - Faculty of Medicine actively engages in international cooperation with the aim of enhancing education and research. Our collaboration with institutions across Europe enables students, academic, and administrative staff to exchange knowledge and experiences, participate in international projects, and advance their professional development.<\/p>\n\n\n\n<h2 class=\"wp-block-heading\">Mobility<\/h2>\n\n\n\n<p>The Faculty offers opportunities for incoming and outgoing mobility, including<\/p>\n\n\n\n<ul class=\"wp-block-list\">\n<li>Student exchanges<\/li>\n\n\n\n<li>Academic staff exchanges<\/li>\n\n\n\n<li>Participation in joint research projects<\/li>\n<\/ul>\n\n\n\n<h5 class=\"wp-block-heading\">Mobility Contact<\/h5>\n\n\n\n<p>For additional information regarding incoming and outgoing mobility, please contact:<\/p>\n\n\n        <div class=\"inner-notification-container-download names\">\n                            \n                   \n\t\t\t\t   <div>\n<h5><b>Dean<\/b> <br> <span style=\"margin-top: 1rem;display: block;font-weight: 400;\">Prof. dr. Amina Valjevac<\/span><\/h5>\n<div>\n<a class=\"black\" href=\"mailto:amina.valjevac@mf.unsa.ba\">\n<svg fill=\"none\" height=\"12\" viewbox=\"0 0 16 12\" width=\"16\" xmlns=\"http:\/\/www.w3.org\/2000\/svg\">\n<path d=\"M15.9992 10.338C15.9038 10.5836 15.8407 10.8489 15.7052 11.0702C15.3372 11.672 14.7723 11.9919 14.061 11.9934C10.0198 12.001 5.97864 12.001 1.939 11.9934C0.85981 11.9919 0.00384874 11.1293 0.00230925 10.0667C-0.000769749 7.35468 -0.000769749 4.64119 0.00230925 1.92921C0.00230925 0.866556 0.85981 0.0055153 1.939 0.00399938C5.98018 -0.00206429 10.0214 -0.000548369 14.061 0.00399938C15.0093 0.00399938 15.8006 0.677067 15.9684 1.5942C15.9731 1.61694 15.9885 1.63816 15.9992 1.6609C15.9992 4.55327 15.9992 7.44564 15.9992 10.338ZM7.99846 11.1096C9.99827 11.1096 11.9981 11.1096 13.9963 11.1096C14.6491 11.1096 15.0986 10.667 15.0986 10.0303C15.0986 7.35923 15.0925 4.68818 15.1048 2.01714C15.1079 1.37439 14.6306 0.884747 13.9471 0.886263C9.97979 0.893843 6.01251 0.893843 2.04368 0.886263C1.36784 0.886263 0.893679 1.3759 0.895218 2.01107C0.907534 4.67151 0.899836 7.33346 0.901376 9.99389C0.901376 10.0955 0.904455 10.2001 0.929087 10.2986C1.05687 10.8049 1.45867 11.1081 2.00058 11.1096C4.00039 11.1096 6.00019 11.1096 7.99846 11.1096Z\" fill=\"#2487D1\"><\/path>\n<path d=\"M9.42081 6.49505C9.08674 6.79066 8.75267 7.08323 8.42168 7.37732C8.10608 7.65776 7.91826 7.65776 7.59958 7.37732C7.28091 7.09687 6.96223 6.81794 6.63124 6.52689C6.57274 6.57843 6.51424 6.62694 6.45882 6.67848C5.22722 7.8139 3.99716 8.95084 2.76248 10.0817C2.65934 10.1757 2.5331 10.2591 2.40224 10.303C2.2252 10.3637 2.04508 10.2758 1.94501 10.1242C1.8434 9.96953 1.84802 9.7664 1.9604 9.62087C2.00197 9.56782 2.05123 9.52234 2.1005 9.47686C3.35057 8.32325 4.60064 7.16964 5.85071 6.01754C5.8815 5.99025 5.91845 5.97055 5.96464 5.93871C5.589 5.60673 5.23645 5.29596 4.88391 4.98672C3.95559 4.16964 3.02728 3.35407 2.1005 2.53851C2.06509 2.50819 2.02968 2.47787 1.99735 2.44452C1.80953 2.2611 1.79106 2.00794 1.95425 1.823C2.12051 1.63351 2.38684 1.61228 2.59622 1.78661C2.83022 1.98217 3.05653 2.18833 3.28437 2.38995C4.81617 3.74063 6.34951 5.09131 7.88131 6.442C7.9198 6.47535 7.95983 6.50718 8.01063 6.54963C8.33392 6.26463 8.65414 5.98267 8.97435 5.70071C10.4307 4.4137 11.8871 3.12517 13.345 1.83816C13.6483 1.56984 14.0393 1.65321 14.1378 2.00642C14.1917 2.19591 14.1178 2.3475 13.9762 2.47181C13.5113 2.88262 13.0463 3.29344 12.5814 3.70425C11.7716 4.41976 10.9618 5.13528 10.1521 5.85079C10.1367 5.86443 10.1244 5.87959 10.1028 5.90385C10.2152 6.00844 10.323 6.11153 10.4323 6.21309C11.6069 7.31062 12.7815 8.40966 13.9562 9.50566C14.0639 9.60723 14.1563 9.71183 14.1609 9.871C14.1655 10.0529 14.0901 10.1893 13.9315 10.2773C13.7653 10.3713 13.6005 10.3455 13.4481 10.2439C13.3927 10.2075 13.345 10.1575 13.2957 10.112C12.038 8.93568 10.7817 7.76084 9.52396 6.58449C9.49471 6.55569 9.46238 6.52992 9.42543 6.49657L9.42081 6.49505Z\" fill=\"#2487D1\"><\/path>\n<\/svg>\n<p>amina.valjevac@mf.unsa.ba<\/p>\n<\/a>\n<a href=\"\">\n<svg fill=\"none\" height=\"9\" viewbox=\"0 0 12 9\" width=\"12\" xmlns=\"http:\/\/www.w3.org\/2000\/svg\">\n<path d=\"M7.12652 7.77447C7.05849 7.83926 7.00393 7.9174 6.96609 8.00421C6.92825 8.09103 6.90791 8.18475 6.90627 8.27978C6.90462 8.3748 6.92173 8.4692 6.95655 8.55732C6.99137 8.64545 7.0432 8.7255 7.10894 8.79271C7.17469 8.85991 7.253 8.91289 7.3392 8.94849C7.42541 8.98409 7.51775 9.00157 7.61071 8.99989C7.70368 8.99821 7.79535 8.97741 7.88028 8.93873C7.96521 8.90005 8.04164 8.84428 8.10503 8.77474L11.7975 5.00014C11.9272 4.86743 12 4.68755 12 4.5C12 4.31245 11.9272 4.13257 11.7975 3.99986L8.10503 0.225257C8.04164 0.155722 7.96521 0.0999514 7.88028 0.0612684C7.79536 0.0225865 7.70368 0.00178681 7.61072 0.000110242C7.51775 -0.00156633 7.42541 0.0159136 7.33921 0.0515094C7.253 0.0871044 7.17469 0.140087 7.10894 0.207292C7.0432 0.274498 6.99137 0.354551 6.95655 0.442677C6.92173 0.530803 6.90463 0.625195 6.90627 0.720223C6.90791 0.815252 6.92825 0.908969 6.96609 0.995785C7.00394 1.0826 7.05849 1.16073 7.12652 1.22553L9.63741 3.79226L0.692342 3.79226C0.508722 3.79226 0.332621 3.86683 0.202782 3.99955C0.0729422 4.13228 -5.43862e-07 4.31229 -5.60272e-07 4.5C-5.76681e-07 4.6877 0.0729421 4.86772 0.202782 5.00045C0.332621 5.13317 0.508722 5.20774 0.692342 5.20774L9.63741 5.20774L7.12652 7.77447Z\" fill=\"#2487D1\"><\/path>\n<\/svg>\n<p style=\"color: var(--blue-color);\">Curriculum Vitae<\/p>\n<\/a>\n<\/div>\n<\/div>\n\t\t\t\t   \n\t\n                            \n                   \n\t\t\t\t   <div>\n<h5><b>International Cooperation Coordinator<\/b> <br> <span style=\"margin-top: 1rem;display: block;font-weight: 400;\">Edina Kova\u010devi\u0107<\/span><\/h5>\n<div>\n<a class=\"black\" href=\"mailto:edina.kovacevic@mf.unsa.ba\">\n<svg fill=\"none\" height=\"12\" viewbox=\"0 0 16 12\" width=\"16\" xmlns=\"http:\/\/www.w3.org\/2000\/svg\">\n<path d=\"M15.9992 10.338C15.9038 10.5836 15.8407 10.8489 15.7052 11.0702C15.3372 11.672 14.7723 11.9919 14.061 11.9934C10.0198 12.001 5.97864 12.001 1.939 11.9934C0.85981 11.9919 0.00384874 11.1293 0.00230925 10.0667C-0.000769749 7.35468 -0.000769749 4.64119 0.00230925 1.92921C0.00230925 0.866556 0.85981 0.0055153 1.939 0.00399938C5.98018 -0.00206429 10.0214 -0.000548369 14.061 0.00399938C15.0093 0.00399938 15.8006 0.677067 15.9684 1.5942C15.9731 1.61694 15.9885 1.63816 15.9992 1.6609C15.9992 4.55327 15.9992 7.44564 15.9992 10.338ZM7.99846 11.1096C9.99827 11.1096 11.9981 11.1096 13.9963 11.1096C14.6491 11.1096 15.0986 10.667 15.0986 10.0303C15.0986 7.35923 15.0925 4.68818 15.1048 2.01714C15.1079 1.37439 14.6306 0.884747 13.9471 0.886263C9.97979 0.893843 6.01251 0.893843 2.04368 0.886263C1.36784 0.886263 0.893679 1.3759 0.895218 2.01107C0.907534 4.67151 0.899836 7.33346 0.901376 9.99389C0.901376 10.0955 0.904455 10.2001 0.929087 10.2986C1.05687 10.8049 1.45867 11.1081 2.00058 11.1096C4.00039 11.1096 6.00019 11.1096 7.99846 11.1096Z\" fill=\"#2487D1\"><\/path>\n<path d=\"M9.42081 6.49505C9.08674 6.79066 8.75267 7.08323 8.42168 7.37732C8.10608 7.65776 7.91826 7.65776 7.59958 7.37732C7.28091 7.09687 6.96223 6.81794 6.63124 6.52689C6.57274 6.57843 6.51424 6.62694 6.45882 6.67848C5.22722 7.8139 3.99716 8.95084 2.76248 10.0817C2.65934 10.1757 2.5331 10.2591 2.40224 10.303C2.2252 10.3637 2.04508 10.2758 1.94501 10.1242C1.8434 9.96953 1.84802 9.7664 1.9604 9.62087C2.00197 9.56782 2.05123 9.52234 2.1005 9.47686C3.35057 8.32325 4.60064 7.16964 5.85071 6.01754C5.8815 5.99025 5.91845 5.97055 5.96464 5.93871C5.589 5.60673 5.23645 5.29596 4.88391 4.98672C3.95559 4.16964 3.02728 3.35407 2.1005 2.53851C2.06509 2.50819 2.02968 2.47787 1.99735 2.44452C1.80953 2.2611 1.79106 2.00794 1.95425 1.823C2.12051 1.63351 2.38684 1.61228 2.59622 1.78661C2.83022 1.98217 3.05653 2.18833 3.28437 2.38995C4.81617 3.74063 6.34951 5.09131 7.88131 6.442C7.9198 6.47535 7.95983 6.50718 8.01063 6.54963C8.33392 6.26463 8.65414 5.98267 8.97435 5.70071C10.4307 4.4137 11.8871 3.12517 13.345 1.83816C13.6483 1.56984 14.0393 1.65321 14.1378 2.00642C14.1917 2.19591 14.1178 2.3475 13.9762 2.47181C13.5113 2.88262 13.0463 3.29344 12.5814 3.70425C11.7716 4.41976 10.9618 5.13528 10.1521 5.85079C10.1367 5.86443 10.1244 5.87959 10.1028 5.90385C10.2152 6.00844 10.323 6.11153 10.4323 6.21309C11.6069 7.31062 12.7815 8.40966 13.9562 9.50566C14.0639 9.60723 14.1563 9.71183 14.1609 9.871C14.1655 10.0529 14.0901 10.1893 13.9315 10.2773C13.7653 10.3713 13.6005 10.3455 13.4481 10.2439C13.3927 10.2075 13.345 10.1575 13.2957 10.112C12.038 8.93568 10.7817 7.76084 9.52396 6.58449C9.49471 6.55569 9.46238 6.52992 9.42543 6.49657L9.42081 6.49505Z\" fill=\"#2487D1\"><\/path>\n<\/svg>\n<p>edina.kovacevic@mf.unsa.ba<\/p>\n<\/a>\n<a href=\"\">\n<svg fill=\"none\" height=\"9\" viewbox=\"0 0 12 9\" width=\"12\" xmlns=\"http:\/\/www.w3.org\/2000\/svg\">\n<path d=\"M7.12652 7.77447C7.05849 7.83926 7.00393 7.9174 6.96609 8.00421C6.92825 8.09103 6.90791 8.18475 6.90627 8.27978C6.90462 8.3748 6.92173 8.4692 6.95655 8.55732C6.99137 8.64545 7.0432 8.7255 7.10894 8.79271C7.17469 8.85991 7.253 8.91289 7.3392 8.94849C7.42541 8.98409 7.51775 9.00157 7.61071 8.99989C7.70368 8.99821 7.79535 8.97741 7.88028 8.93873C7.96521 8.90005 8.04164 8.84428 8.10503 8.77474L11.7975 5.00014C11.9272 4.86743 12 4.68755 12 4.5C12 4.31245 11.9272 4.13257 11.7975 3.99986L8.10503 0.225257C8.04164 0.155722 7.96521 0.0999514 7.88028 0.0612684C7.79536 0.0225865 7.70368 0.00178681 7.61072 0.000110242C7.51775 -0.00156633 7.42541 0.0159136 7.33921 0.0515094C7.253 0.0871044 7.17469 0.140087 7.10894 0.207292C7.0432 0.274498 6.99137 0.354551 6.95655 0.442677C6.92173 0.530803 6.90463 0.625195 6.90627 0.720223C6.90791 0.815252 6.92825 0.908969 6.96609 0.995785C7.00394 1.0826 7.05849 1.16073 7.12652 1.22553L9.63741 3.79226L0.692342 3.79226C0.508722 3.79226 0.332621 3.86683 0.202782 3.99955C0.0729422 4.13228 -5.43862e-07 4.31229 -5.60272e-07 4.5C-5.76681e-07 4.6877 0.0729421 4.86772 0.202782 5.00045C0.332621 5.13317 0.508722 5.20774 0.692342 5.20774L9.63741 5.20774L7.12652 7.77447Z\" fill=\"#2487D1\"><\/path>\n<\/svg>\n<p style=\"color: var(--blue-color);\">Curriculum Vitae<\/p>\n<\/a>\n<\/div>\n<\/div>\n\t\t\t\t   \n\t\n                    <\/div>\n    \n\n\n<h2 class=\"wp-block-heading\">Activities of the International Relations Office<\/h2>\n\n\n        <div class=\"inner-notification-container-download full-background\">\n                        \n            \n\t\t\t\t   \n\t\t\t\t   \n<a href=\"#\">\n<h5>  Staff Training Week<\/h5>\n<div>\n<div>\n<p>Read more<\/p>\n<svg fill=\"none\" height=\"11\" viewbox=\"0 0 15 11\" width=\"15\" xmlns=\"http:\/\/www.w3.org\/2000\/svg\">\n<path d=\"M8.90814 9.50213C8.82312 9.58132 8.75492 9.67682 8.70762 9.78293C8.66032 9.88904 8.63488 10.0036 8.63283 10.1197C8.63078 10.2359 8.65216 10.3512 8.69568 10.4589C8.73921 10.5667 8.804 10.6645 8.88618 10.7466C8.96836 10.8288 9.06625 10.8935 9.17401 10.937C9.28177 10.9805 9.39719 11.0019 9.51339 10.9999C9.62959 10.9978 9.74419 10.9724 9.85035 10.9251C9.95651 10.8778 10.0521 10.8097 10.1313 10.7247L14.7469 6.11128C14.909 5.94909 15 5.72923 15 5.5C15 5.27077 14.909 5.05091 14.7469 4.88872L10.1313 0.275314C10.0521 0.190327 9.95651 0.122162 9.85035 0.074884C9.74419 0.0276065 9.6296 0.0021844 9.51339 0.000134942C9.39719 -0.00191451 9.28177 0.0194506 9.17401 0.0629553C9.06625 0.106461 8.96836 0.171217 8.88618 0.253357C8.804 0.335498 8.73921 0.43334 8.69568 0.54105C8.65216 0.648759 8.63078 0.764127 8.63283 0.880273C8.63488 0.996419 8.66032 1.11096 8.70762 1.21707C8.75492 1.32318 8.82312 1.41868 8.90815 1.49787L12.0468 4.63499L0.865428 4.63498C0.635902 4.63498 0.415777 4.72612 0.253478 4.88834C0.0911775 5.05056 -4.52793e-07 5.27058 -4.72849e-07 5.5C-4.92905e-07 5.72941 0.0911774 5.94943 0.253478 6.11166C0.415777 6.27388 0.635902 6.36501 0.865427 6.36501L12.0468 6.36501L8.90814 9.50213Z\" fill=\"#25B270\"><\/path>\n<\/svg>\n<\/div>\n<\/div>\n<\/a>\n\t\t\t\n\t\t\t\n                        \n            \n\t\t\t\t   \n\t\t\t\t   \n<a href=\"#\">\n<h5>  Scholarship Fair<\/h5>\n<div>\n<div>\n<p>Read more<\/p>\n<svg fill=\"none\" height=\"11\" viewbox=\"0 0 15 11\" width=\"15\" xmlns=\"http:\/\/www.w3.org\/2000\/svg\">\n<path d=\"M8.90814 9.50213C8.82312 9.58132 8.75492 9.67682 8.70762 9.78293C8.66032 9.88904 8.63488 10.0036 8.63283 10.1197C8.63078 10.2359 8.65216 10.3512 8.69568 10.4589C8.73921 10.5667 8.804 10.6645 8.88618 10.7466C8.96836 10.8288 9.06625 10.8935 9.17401 10.937C9.28177 10.9805 9.39719 11.0019 9.51339 10.9999C9.62959 10.9978 9.74419 10.9724 9.85035 10.9251C9.95651 10.8778 10.0521 10.8097 10.1313 10.7247L14.7469 6.11128C14.909 5.94909 15 5.72923 15 5.5C15 5.27077 14.909 5.05091 14.7469 4.88872L10.1313 0.275314C10.0521 0.190327 9.95651 0.122162 9.85035 0.074884C9.74419 0.0276065 9.6296 0.0021844 9.51339 0.000134942C9.39719 -0.00191451 9.28177 0.0194506 9.17401 0.0629553C9.06625 0.106461 8.96836 0.171217 8.88618 0.253357C8.804 0.335498 8.73921 0.43334 8.69568 0.54105C8.65216 0.648759 8.63078 0.764127 8.63283 0.880273C8.63488 0.996419 8.66032 1.11096 8.70762 1.21707C8.75492 1.32318 8.82312 1.41868 8.90815 1.49787L12.0468 4.63499L0.865428 4.63498C0.635902 4.63498 0.415777 4.72612 0.253478 4.88834C0.0911775 5.05056 -4.52793e-07 5.27058 -4.72849e-07 5.5C-4.92905e-07 5.72941 0.0911774 5.94943 0.253478 6.11166C0.415777 6.27388 0.635902 6.36501 0.865427 6.36501L12.0468 6.36501L8.90814 9.50213Z\" fill=\"#25B270\"><\/path>\n<\/svg>\n<\/div>\n<\/div>\n<\/a>\n\t\t\t\n\t\t\t\n                    <\/div>\n    \n\n\n<h2 class=\"wp-block-heading\">Exchange Experiences<\/h2>\n\n\n\n<p>Our students and staff who have participated in exchange programmes often highlight the positive aspects of their experiences. Many have acquired new knowledge and skills, gained insight into different approaches to medical education and research, and established valuable contacts for their future careers.<a href=\"https:\/\/mf.unsa.ba\/en\/medunarodna-saradnja\/erasmus-i-ceepus\/erasmus-i-ceepus\/informacije\/\"><\/a><\/p>\n\n\n        <div class=\"inner-notification-container-slider-outer\">\n            <!-- Slider main container -->\n            <div class=\"swiper inner-notification-container-slider\">\n                <!-- Additional required wrapper -->\n                <div class=\"swiper-wrapper\">\n                                            <div class=\"swiper-slide\">\n                            <img decoding=\"async\" src=\"https:\/\/mf.unsa.ba\/wp-content\/uploads\/2025\/02\/Rectangle-279.jpg\" alt=\"\">\n                        <\/div>\n                                            <div class=\"swiper-slide\">\n                            <img decoding=\"async\" src=\"https:\/\/mf.unsa.ba\/wp-content\/uploads\/2025\/02\/Rectangle-280.jpg\" alt=\"\">\n                        <\/div>\n                                            <div class=\"swiper-slide\">\n                            <img decoding=\"async\" src=\"https:\/\/mf.unsa.ba\/wp-content\/uploads\/2025\/02\/Rectangle-277.jpg\" alt=\"\">\n                        <\/div>\n                                            <div class=\"swiper-slide\">\n                            <img decoding=\"async\" src=\"https:\/\/mf.unsa.ba\/wp-content\/uploads\/2025\/02\/Rectangle-278.jpg\" alt=\"\">\n                        <\/div>\n                                    <\/div>\n            <\/div>\n\n            <!-- Navigation buttons -->\n            <div class=\"swiper-button-prev inner-notification-prev\">\n                <div><\/div>\n                <div><\/div>\n            <\/div>\n            <div class=\"swiper-button-next inner-notification-next\">\n                <div><\/div>\n                <div><\/div>\n                <div><\/div>\n            <\/div>\n        <\/div>","protected":false},"excerpt":{"rendered":"<p>O me\u0111unarodnoj saradnji Univerzitet u Sarajevu -Medicinski fakultet aktivno u\u010destvuje u me\u0111unarodnoj saradnji s ciljem unapre\u0111enja obrazovanja i istra\u017eivanja. Na\u0161a saradnja s institucijama \u0161irom Europe omogu\u0107ava studentima, akademskom i nenastavnom osoblju razmjenu znanja i iskustava, sudjelovanje u me\u0111unarodnim projektima te unapre\u0111enje profesionalnog razvoja. Mobilnost Fakultet nudi mogu\u0107nosti za dolazne i odlazne mobilnosti, uklju\u010duju\u0107i Kontakt osobe [&hellip;]<\/p>\n","protected":false},"author":1,"featured_media":0,"parent":268,"menu_order":0,"comment_status":"closed","ping_status":"closed","template":"","meta":{"_acf_changed":false,"footnotes":""},"class_list":["post-280","page","type-page","status-publish","hentry"],"acf":[],"yoast_head":"<!-- This site is optimized with the Yoast SEO plugin v27.3 - https:\/\/yoast.com\/product\/yoast-seo-wordpress\/ -->\n<title>Informacije - Medicinski fakultet u Sarajevu<\/title>\n<meta name=\"robots\" content=\"index, follow, max-snippet:-1, max-image-preview:large, max-video-preview:-1\" \/>\n<link rel=\"canonical\" href=\"https:\/\/mf.unsa.ba\/en\/medunarodna-saradnja\/erasmus-i-ceepus\/erasmus-i-ceepus\/informacije\/\" \/>\n<meta property=\"og:locale\" content=\"en_US\" \/>\n<meta property=\"og:type\" content=\"article\" \/>\n<meta property=\"og:title\" content=\"Informacije - Medicinski fakultet u Sarajevu\" \/>\n<meta property=\"og:description\" content=\"O me\u0111unarodnoj saradnji Univerzitet u Sarajevu -Medicinski fakultet aktivno u\u010destvuje u me\u0111unarodnoj saradnji s ciljem unapre\u0111enja obrazovanja i istra\u017eivanja. Na\u0161a saradnja s institucijama \u0161irom Europe omogu\u0107ava studentima, akademskom i nenastavnom osoblju razmjenu znanja i iskustava, sudjelovanje u me\u0111unarodnim projektima te unapre\u0111enje profesionalnog razvoja. Mobilnost Fakultet nudi mogu\u0107nosti za dolazne i odlazne mobilnosti, uklju\u010duju\u0107i Kontakt osobe [&hellip;]\" \/>\n<meta property=\"og:url\" content=\"https:\/\/mf.unsa.ba\/en\/medunarodna-saradnja\/erasmus-i-ceepus\/erasmus-i-ceepus\/informacije\/\" \/>\n<meta property=\"og:site_name\" content=\"Medicinski fakultet u Sarajevu\" \/>\n<meta property=\"article:publisher\" content=\"https:\/\/www.facebook.com\/medicinski.fakultet.unsa\/\" \/>\n<meta property=\"article:modified_time\" content=\"2025-04-06T19:39:48+00:00\" \/>\n<meta name=\"twitter:card\" content=\"summary_large_image\" \/>\n<meta name=\"twitter:label1\" content=\"Est. reading time\" \/>\n\t<meta name=\"twitter:data1\" content=\"1 minute\" \/>\n<script type=\"application\/ld+json\" class=\"yoast-schema-graph\">{\"@context\":\"https:\\\/\\\/schema.org\",\"@graph\":[{\"@type\":\"WebPage\",\"@id\":\"https:\\\/\\\/mf.unsa.ba\\\/medunarodna-saradnja\\\/erasmus-i-ceepus\\\/erasmus-i-ceepus\\\/informacije\\\/\",\"url\":\"https:\\\/\\\/mf.unsa.ba\\\/medunarodna-saradnja\\\/erasmus-i-ceepus\\\/erasmus-i-ceepus\\\/informacije\\\/\",\"name\":\"Informacije - Medicinski fakultet u Sarajevu\",\"isPartOf\":{\"@id\":\"https:\\\/\\\/mf.unsa.ba\\\/#website\"},\"datePublished\":\"2024-12-01T15:33:47+00:00\",\"dateModified\":\"2025-04-06T19:39:48+00:00\",\"breadcrumb\":{\"@id\":\"https:\\\/\\\/mf.unsa.ba\\\/medunarodna-saradnja\\\/erasmus-i-ceepus\\\/erasmus-i-ceepus\\\/informacije\\\/#breadcrumb\"},\"inLanguage\":\"en-US\",\"potentialAction\":[{\"@type\":\"ReadAction\",\"target\":[\"https:\\\/\\\/mf.unsa.ba\\\/medunarodna-saradnja\\\/erasmus-i-ceepus\\\/erasmus-i-ceepus\\\/informacije\\\/\"]}]},{\"@type\":\"BreadcrumbList\",\"@id\":\"https:\\\/\\\/mf.unsa.ba\\\/medunarodna-saradnja\\\/erasmus-i-ceepus\\\/erasmus-i-ceepus\\\/informacije\\\/#breadcrumb\",\"itemListElement\":[{\"@type\":\"ListItem\",\"position\":1,\"name\":\"Home\",\"item\":\"https:\\\/\\\/mf.unsa.ba\\\/\"},{\"@type\":\"ListItem\",\"position\":2,\"name\":\"Me\u0111unarodna saradnja\",\"item\":\"https:\\\/\\\/mf.unsa.ba\\\/medunarodna-saradnja\\\/\"},{\"@type\":\"ListItem\",\"position\":3,\"name\":\"ERASMUS I CEEPUS\",\"item\":\"https:\\\/\\\/mf.unsa.ba\\\/medunarodna-saradnja\\\/erasmus-i-ceepus\\\/\"},{\"@type\":\"ListItem\",\"position\":4,\"name\":\"ERASMUS I CEEPUS\",\"item\":\"https:\\\/\\\/mf.unsa.ba\\\/medunarodna-saradnja\\\/erasmus-i-ceepus\\\/erasmus-i-ceepus\\\/\"},{\"@type\":\"ListItem\",\"position\":5,\"name\":\"Informacije\"}]},{\"@type\":\"WebSite\",\"@id\":\"https:\\\/\\\/mf.unsa.ba\\\/#website\",\"url\":\"https:\\\/\\\/mf.unsa.ba\\\/\",\"name\":\"Medicinski fakultet u Sarajevu\",\"description\":\"\",\"potentialAction\":[{\"@type\":\"SearchAction\",\"target\":{\"@type\":\"EntryPoint\",\"urlTemplate\":\"https:\\\/\\\/mf.unsa.ba\\\/?s={search_term_string}\"},\"query-input\":{\"@type\":\"PropertyValueSpecification\",\"valueRequired\":true,\"valueName\":\"search_term_string\"}}],\"inLanguage\":\"en-US\"}]}<\/script>\n<!-- \/ Yoast SEO plugin. -->","yoast_head_json":{"title":"Informacije - Medicinski fakultet u Sarajevu","robots":{"index":"index","follow":"follow","max-snippet":"max-snippet:-1","max-image-preview":"max-image-preview:large","max-video-preview":"max-video-preview:-1"},"canonical":"https:\/\/mf.unsa.ba\/en\/medunarodna-saradnja\/erasmus-i-ceepus\/erasmus-i-ceepus\/informacije\/","og_locale":"en_US","og_type":"article","og_title":"Informacije - Medicinski fakultet u Sarajevu","og_description":"O me\u0111unarodnoj saradnji Univerzitet u Sarajevu -Medicinski fakultet aktivno u\u010destvuje u me\u0111unarodnoj saradnji s ciljem unapre\u0111enja obrazovanja i istra\u017eivanja. Na\u0161a saradnja s institucijama \u0161irom Europe omogu\u0107ava studentima, akademskom i nenastavnom osoblju razmjenu znanja i iskustava, sudjelovanje u me\u0111unarodnim projektima te unapre\u0111enje profesionalnog razvoja. Mobilnost Fakultet nudi mogu\u0107nosti za dolazne i odlazne mobilnosti, uklju\u010duju\u0107i Kontakt osobe [&hellip;]","og_url":"https:\/\/mf.unsa.ba\/en\/medunarodna-saradnja\/erasmus-i-ceepus\/erasmus-i-ceepus\/informacije\/","og_site_name":"Medicinski fakultet u Sarajevu","article_publisher":"https:\/\/www.facebook.com\/medicinski.fakultet.unsa\/","article_modified_time":"2025-04-06T19:39:48+00:00","twitter_card":"summary_large_image","twitter_misc":{"Est. reading time":"1 minute"},"schema":{"@context":"https:\/\/schema.org","@graph":[{"@type":"WebPage","@id":"https:\/\/mf.unsa.ba\/medunarodna-saradnja\/erasmus-i-ceepus\/erasmus-i-ceepus\/informacije\/","url":"https:\/\/mf.unsa.ba\/medunarodna-saradnja\/erasmus-i-ceepus\/erasmus-i-ceepus\/informacije\/","name":"Informacije - Medicinski fakultet u Sarajevu","isPartOf":{"@id":"https:\/\/mf.unsa.ba\/#website"},"datePublished":"2024-12-01T15:33:47+00:00","dateModified":"2025-04-06T19:39:48+00:00","breadcrumb":{"@id":"https:\/\/mf.unsa.ba\/medunarodna-saradnja\/erasmus-i-ceepus\/erasmus-i-ceepus\/informacije\/#breadcrumb"},"inLanguage":"en-US","potentialAction":[{"@type":"ReadAction","target":["https:\/\/mf.unsa.ba\/medunarodna-saradnja\/erasmus-i-ceepus\/erasmus-i-ceepus\/informacije\/"]}]},{"@type":"BreadcrumbList","@id":"https:\/\/mf.unsa.ba\/medunarodna-saradnja\/erasmus-i-ceepus\/erasmus-i-ceepus\/informacije\/#breadcrumb","itemListElement":[{"@type":"ListItem","position":1,"name":"Home","item":"https:\/\/mf.unsa.ba\/"},{"@type":"ListItem","position":2,"name":"Me\u0111unarodna saradnja","item":"https:\/\/mf.unsa.ba\/medunarodna-saradnja\/"},{"@type":"ListItem","position":3,"name":"ERASMUS I CEEPUS","item":"https:\/\/mf.unsa.ba\/medunarodna-saradnja\/erasmus-i-ceepus\/"},{"@type":"ListItem","position":4,"name":"ERASMUS I CEEPUS","item":"https:\/\/mf.unsa.ba\/medunarodna-saradnja\/erasmus-i-ceepus\/erasmus-i-ceepus\/"},{"@type":"ListItem","position":5,"name":"Informacije"}]},{"@type":"WebSite","@id":"https:\/\/mf.unsa.ba\/#website","url":"https:\/\/mf.unsa.ba\/","name":"Medicinski fakultet u Sarajevu","description":"","potentialAction":[{"@type":"SearchAction","target":{"@type":"EntryPoint","urlTemplate":"https:\/\/mf.unsa.ba\/?s={search_term_string}"},"query-input":{"@type":"PropertyValueSpecification","valueRequired":true,"valueName":"search_term_string"}}],"inLanguage":"en-US"}]}},"_links":{"self":[{"href":"https:\/\/mf.unsa.ba\/en\/wp-json\/wp\/v2\/pages\/280","targetHints":{"allow":["GET"]}}],"collection":[{"href":"https:\/\/mf.unsa.ba\/en\/wp-json\/wp\/v2\/pages"}],"about":[{"href":"https:\/\/mf.unsa.ba\/en\/wp-json\/wp\/v2\/types\/page"}],"author":[{"embeddable":true,"href":"https:\/\/mf.unsa.ba\/en\/wp-json\/wp\/v2\/users\/1"}],"replies":[{"embeddable":true,"href":"https:\/\/mf.unsa.ba\/en\/wp-json\/wp\/v2\/comments?post=280"}],"version-history":[{"count":7,"href":"https:\/\/mf.unsa.ba\/en\/wp-json\/wp\/v2\/pages\/280\/revisions"}],"predecessor-version":[{"id":6254,"href":"https:\/\/mf.unsa.ba\/en\/wp-json\/wp\/v2\/pages\/280\/revisions\/6254"}],"up":[{"embeddable":true,"href":"https:\/\/mf.unsa.ba\/en\/wp-json\/wp\/v2\/pages\/268"}],"wp:attachment":[{"href":"https:\/\/mf.unsa.ba\/en\/wp-json\/wp\/v2\/media?parent=280"}],"curies":[{"name":"wp","href":"https:\/\/api.w.org\/{rel}","templated":true}]}}