{"id":284,"date":"2024-12-01T15:35:50","date_gmt":"2024-12-01T15:35:50","guid":{"rendered":"https:\/\/maniapanel.win\/medicinski-fakultet\/?page_id=284"},"modified":"2025-04-07T07:59:49","modified_gmt":"2025-04-07T07:59:49","slug":"mobilnost-nastavnika","status":"publish","type":"page","link":"https:\/\/mf.unsa.ba\/en\/medunarodna-saradnja\/mobilnost-nastavnika\/","title":{"rendered":"Teacher mobility"},"content":{"rendered":"<h2 class=\"wp-block-heading\">Erasmus+ Programme<\/h2>\n\n\n\n<p><strong>The Erasmus+<\/strong> programme provides teaching and administrative staff with opportunities for professional development, project implementation, and the establishment of cooperation networks among higher education institutions in EU member states.<\/p>\n\n\n\n<p><strong>Financial Support<\/strong><\/p>\n\n\n\n<p>The Erasmus+ programme provides financial support in the form of a scholarship that covers daily and travel expenses. The scholarship is paid by the host institution abroad. The amount of the scholarship varies depending on the host country.<\/p>\n\n\n\n<p><strong>Who Can Apply<\/strong><\/p>\n\n\n\n<p>Teaching staff and Administrative (non-teaching) staff of the Faculty of Medicine<\/p>\n\n\n\n<p><strong>How to Apply<\/strong><\/p>\n\n\n\n<p>Teaching and administrative staff of the Faculty of Medicine<strong> may apply through open calls for international mobility published on the websites of the Faculty of Medicine and the University of Sarajevo.<\/strong><\/p>\n\n\n\n<p><strong>Available Mobility Types<\/strong><\/p>\n\n\n\n<p><strong>Teaching-&nbsp; <\/strong>academic exchange for the purpose of delivering lectures at a host institution. This type of mobility must take place during the teaching period at the host institution.<\/p>\n\n\n\n<p><strong>Treaning- <\/strong>academic exchange for the purpose of training or professional development at a host institution.<\/p>\n\n\n\n<p><\/p>\n\n\n\n<p><strong>Available Mobility For Administrative Staff<\/strong><\/p>\n\n\n\n<p><strong>Training Mobility only<\/strong><\/p>\n\n\n\n<p>Teaching and administrative staff of the Faculty of Medicine<strong> applications are submitted online, along with the required documentation, in accordance with the instructions provided in the call. Candidates are selected based on the eligibility criteria of the host institution.<\/strong><\/p>\n\n\n\n<p><strong>Duration of Mobility<\/strong><\/p>\n\n\n\n<p>Mobility for both teaching and administrative staff lasts <strong>7 days<\/strong>, including <strong>5 working days<\/strong> and <strong>and 2 travel days.<\/strong>.<\/p>\n\n\n\n<p><strong>Selection Criteria<\/strong><\/p>\n\n\n\n<ol class=\"wp-block-list\">\n<li><strong>Application completeness<\/strong><br>Properly and fully completed applications are given priority.<\/li>\n\n\n\n<li><strong>Previous mobility experience<\/strong><br>Preference is given to candidates applying for the first time or with fewer previous mobilities.<\/li>\n<\/ol>\n\n\n\n<p><\/p>\n\n\n\n<p><strong>Upon Completion of Mobility<\/strong><\/p>\n\n\n\n<p>Upon return, teaching and administrative staff are required to submit a report on the mobility and the activities undertaken during the exchange.<\/p>\n\n\n\n<p><strong>Required Documents for Mobility<\/strong><\/p>\n\n\n        <div class=\"inner-notification-container-download\">\n                            <a href=\"https:\/\/mf.unsa.ba\/wp-content\/uploads\/2025\/04\/Erasmus-mobility-agreement-teaching-1.docx\" target=\"_blank\">\n                    <h5>Teaching<\/h5>\n                    <div>\n                        <p>Download<\/p>\n                        <svg fill=\"none\" height=\"11\" viewbox=\"0 0 15 11\" width=\"15\" xmlns=\"http:\/\/www.w3.org\/2000\/svg\">\n                            <path d=\"M8.90814 9.50213C8.82312 9.58132 8.75492 9.67682 8.70762 9.78293C8.66032 9.88904 8.63488 10.0036 8.63283 10.1197C8.63078 10.2359 8.65216 10.3512 8.69568 10.4589C8.73921 10.5667 8.804 10.6645 8.88618 10.7466C8.96836 10.8288 9.06625 10.8935 9.17401 10.937C9.28177 10.9805 9.39719 11.0019 9.51339 10.9999C9.62959 10.9978 9.74419 10.9724 9.85035 10.9251C9.95651 10.8778 10.0521 10.8097 10.1313 10.7247L14.7469 6.11128C14.909 5.94909 15 5.72923 15 5.5C15 5.27077 14.909 5.05091 14.7469 4.88872L10.1313 0.275314C10.0521 0.190327 9.95651 0.122162 9.85035 0.074884C9.74419 0.0276065 9.6296 0.0021844 9.51339 0.000134942C9.39719 -0.00191451 9.28177 0.0194506 9.17401 0.0629553C9.06625 0.106461 8.96836 0.171217 8.88618 0.253357C8.804 0.335498 8.73921 0.43334 8.69568 0.54105C8.65216 0.648759 8.63078 0.764127 8.63283 0.880273C8.63488 0.996419 8.66032 1.11096 8.70762 1.21707C8.75492 1.32318 8.82312 1.41868 8.90815 1.49787L12.0468 4.63499L0.865428 4.63498C0.635902 4.63498 0.415777 4.72612 0.253478 4.88834C0.0911775 5.05056 -4.52793e-07 5.27058 -4.72849e-07 5.5C-4.92905e-07 5.72941 0.0911774 5.94943 0.253478 6.11166C0.415777 6.27388 0.635902 6.36501 0.865427 6.36501L12.0468 6.36501L8.90814 9.50213Z\" fill=\"#25B270\"><\/path>\n                        <\/svg>\n                    <\/div>\n                <\/a>\n                            <a href=\"https:\/\/mf.unsa.ba\/wp-content\/uploads\/2025\/04\/Erasmus-mobility-agreement-training.docx\" target=\"_blank\">\n                    <h5>Training<\/h5>\n                    <div>\n                        <p>Download<\/p>\n                        <svg fill=\"none\" height=\"11\" viewbox=\"0 0 15 11\" width=\"15\" xmlns=\"http:\/\/www.w3.org\/2000\/svg\">\n                            <path d=\"M8.90814 9.50213C8.82312 9.58132 8.75492 9.67682 8.70762 9.78293C8.66032 9.88904 8.63488 10.0036 8.63283 10.1197C8.63078 10.2359 8.65216 10.3512 8.69568 10.4589C8.73921 10.5667 8.804 10.6645 8.88618 10.7466C8.96836 10.8288 9.06625 10.8935 9.17401 10.937C9.28177 10.9805 9.39719 11.0019 9.51339 10.9999C9.62959 10.9978 9.74419 10.9724 9.85035 10.9251C9.95651 10.8778 10.0521 10.8097 10.1313 10.7247L14.7469 6.11128C14.909 5.94909 15 5.72923 15 5.5C15 5.27077 14.909 5.05091 14.7469 4.88872L10.1313 0.275314C10.0521 0.190327 9.95651 0.122162 9.85035 0.074884C9.74419 0.0276065 9.6296 0.0021844 9.51339 0.000134942C9.39719 -0.00191451 9.28177 0.0194506 9.17401 0.0629553C9.06625 0.106461 8.96836 0.171217 8.88618 0.253357C8.804 0.335498 8.73921 0.43334 8.69568 0.54105C8.65216 0.648759 8.63078 0.764127 8.63283 0.880273C8.63488 0.996419 8.66032 1.11096 8.70762 1.21707C8.75492 1.32318 8.82312 1.41868 8.90815 1.49787L12.0468 4.63499L0.865428 4.63498C0.635902 4.63498 0.415777 4.72612 0.253478 4.88834C0.0911775 5.05056 -4.52793e-07 5.27058 -4.72849e-07 5.5C-4.92905e-07 5.72941 0.0911774 5.94943 0.253478 6.11166C0.415777 6.27388 0.635902 6.36501 0.865427 6.36501L12.0468 6.36501L8.90814 9.50213Z\" fill=\"#25B270\"><\/path>\n                        <\/svg>\n                    <\/div>\n                <\/a>\n                    <\/div>\n    \n\n\n<h2 class=\"wp-block-heading\">CEEPUS Programme<\/h2>\n\n\n\n<p><\/p>\n\n\n\n<p><strong>CEEPUS<\/strong> CEEPUS (Central European Exchange Programme for University Studies) is a regional exchange programme for university professors and teaching staff from the following member countries: Austria, Albania, Bosnia and Herzegovina, Bulgaria, North Macedonia, Montenegro, Czech Republic, Croatia, Hungary, Moldova, Poland, Romania, Slovakia, Serbia, and Slovenia.<\/p>\n\n\n\n<p><strong>Mobility<\/strong><\/p>\n\n\n\n<ul class=\"wp-block-list\">\n<li><strong>Teaching staff mobility<\/strong> must last a minimum of 10 days.<\/li>\n<\/ul>\n\n\n\n<p><strong>Scholarships<\/strong><\/p>\n\n\n\n<p>Within the CEEPUS programme, the scholarship amount is determined based on the economic standard of the host country. For Bosnia and Herzegovina, the monthly scholarship rates are:<\/p>\n\n\n\n<ul class=\"wp-block-list\">\n<li><strong>PhD students employed at universities and teaching staff: \u20ac485<\/strong> 485 EUR<\/li>\n<\/ul>\n\n\n\n<p>Detailed guidelines for mobility within the CEEPUS programme are available at:<br><\/p>\n\n\n\n<div class=\"wp-block-buttons is-layout-flex wp-block-buttons-is-layout-flex\">\n<div class=\"wp-block-button .inner-notification-container-blue-link-button\"><a class=\"wp-block-button__link wp-element-button\" href=\"https:\/\/www.ceepus.info\/default.aspx\">CEEPUS Programme<\/a><\/div>\n<\/div>","protected":false},"excerpt":{"rendered":"<p>Erasmus+ program Erasmus+ program omogu\u0107ava nastavnom i nenastavnom osoblju prilike za profesionalno usavr\u0161avanje, implementaciju projekata i stvaranje mre\u017ea saradnje izme\u0111u visokoobrazovnih institucija zemalja \u010dlanica EU. Finansijska Podr\u0161ka Erasmus+ program nudi finansijsku podr\u0161ku u obliku stipendije koja pokriva dnevne i putne tro\u0161kove. Stipendija se ispla\u0107uje od strane inostrane institucije. Iznos stipendije varira u zavisnosti od zemlje [&hellip;]<\/p>\n","protected":false},"author":1,"featured_media":0,"parent":270,"menu_order":0,"comment_status":"closed","ping_status":"closed","template":"","meta":{"_acf_changed":false,"footnotes":""},"class_list":["post-284","page","type-page","status-publish","hentry"],"acf":[],"yoast_head":"<!-- This site is optimized with the Yoast SEO plugin v27.3 - https:\/\/yoast.com\/product\/yoast-seo-wordpress\/ -->\n<title>Mobilnost nastavnika - Medicinski fakultet u Sarajevu<\/title>\n<meta name=\"robots\" content=\"index, follow, max-snippet:-1, max-image-preview:large, max-video-preview:-1\" \/>\n<link rel=\"canonical\" href=\"https:\/\/mf.unsa.ba\/en\/medunarodna-saradnja\/mobilnost-nastavnika\/\" \/>\n<meta property=\"og:locale\" content=\"en_US\" \/>\n<meta property=\"og:type\" content=\"article\" \/>\n<meta property=\"og:title\" content=\"Mobilnost nastavnika - Medicinski fakultet u Sarajevu\" \/>\n<meta property=\"og:description\" content=\"Erasmus+ program Erasmus+ program omogu\u0107ava nastavnom i nenastavnom osoblju prilike za profesionalno usavr\u0161avanje, implementaciju projekata i stvaranje mre\u017ea saradnje izme\u0111u visokoobrazovnih institucija zemalja \u010dlanica EU. Finansijska Podr\u0161ka Erasmus+ program nudi finansijsku podr\u0161ku u obliku stipendije koja pokriva dnevne i putne tro\u0161kove. Stipendija se ispla\u0107uje od strane inostrane institucije. Iznos stipendije varira u zavisnosti od zemlje [&hellip;]\" \/>\n<meta property=\"og:url\" content=\"https:\/\/mf.unsa.ba\/en\/medunarodna-saradnja\/mobilnost-nastavnika\/\" \/>\n<meta property=\"og:site_name\" content=\"Medicinski fakultet u Sarajevu\" \/>\n<meta property=\"article:publisher\" content=\"https:\/\/www.facebook.com\/medicinski.fakultet.unsa\/\" \/>\n<meta property=\"article:modified_time\" content=\"2025-04-07T07:59:49+00:00\" \/>\n<meta name=\"twitter:card\" content=\"summary_large_image\" \/>\n<meta name=\"twitter:label1\" content=\"Est. reading time\" \/>\n\t<meta name=\"twitter:data1\" content=\"2 minutes\" \/>\n<script type=\"application\/ld+json\" class=\"yoast-schema-graph\">{\"@context\":\"https:\\\/\\\/schema.org\",\"@graph\":[{\"@type\":\"WebPage\",\"@id\":\"https:\\\/\\\/mf.unsa.ba\\\/medunarodna-saradnja\\\/mobilnost-nastavnika\\\/\",\"url\":\"https:\\\/\\\/mf.unsa.ba\\\/medunarodna-saradnja\\\/mobilnost-nastavnika\\\/\",\"name\":\"Mobilnost nastavnika - Medicinski fakultet u Sarajevu\",\"isPartOf\":{\"@id\":\"https:\\\/\\\/mf.unsa.ba\\\/#website\"},\"datePublished\":\"2024-12-01T15:35:50+00:00\",\"dateModified\":\"2025-04-07T07:59:49+00:00\",\"breadcrumb\":{\"@id\":\"https:\\\/\\\/mf.unsa.ba\\\/medunarodna-saradnja\\\/mobilnost-nastavnika\\\/#breadcrumb\"},\"inLanguage\":\"en-US\",\"potentialAction\":[{\"@type\":\"ReadAction\",\"target\":[\"https:\\\/\\\/mf.unsa.ba\\\/medunarodna-saradnja\\\/mobilnost-nastavnika\\\/\"]}]},{\"@type\":\"BreadcrumbList\",\"@id\":\"https:\\\/\\\/mf.unsa.ba\\\/medunarodna-saradnja\\\/mobilnost-nastavnika\\\/#breadcrumb\",\"itemListElement\":[{\"@type\":\"ListItem\",\"position\":1,\"name\":\"Home\",\"item\":\"https:\\\/\\\/mf.unsa.ba\\\/\"},{\"@type\":\"ListItem\",\"position\":2,\"name\":\"Me\u0111unarodna saradnja\",\"item\":\"https:\\\/\\\/mf.unsa.ba\\\/medunarodna-saradnja\\\/\"},{\"@type\":\"ListItem\",\"position\":3,\"name\":\"Mobilnost nastavnika\"}]},{\"@type\":\"WebSite\",\"@id\":\"https:\\\/\\\/mf.unsa.ba\\\/#website\",\"url\":\"https:\\\/\\\/mf.unsa.ba\\\/\",\"name\":\"Medicinski fakultet u Sarajevu\",\"description\":\"\",\"potentialAction\":[{\"@type\":\"SearchAction\",\"target\":{\"@type\":\"EntryPoint\",\"urlTemplate\":\"https:\\\/\\\/mf.unsa.ba\\\/?s={search_term_string}\"},\"query-input\":{\"@type\":\"PropertyValueSpecification\",\"valueRequired\":true,\"valueName\":\"search_term_string\"}}],\"inLanguage\":\"en-US\"}]}<\/script>\n<!-- \/ Yoast SEO plugin. -->","yoast_head_json":{"title":"Mobilnost nastavnika - Medicinski fakultet u Sarajevu","robots":{"index":"index","follow":"follow","max-snippet":"max-snippet:-1","max-image-preview":"max-image-preview:large","max-video-preview":"max-video-preview:-1"},"canonical":"https:\/\/mf.unsa.ba\/en\/medunarodna-saradnja\/mobilnost-nastavnika\/","og_locale":"en_US","og_type":"article","og_title":"Mobilnost nastavnika - Medicinski fakultet u Sarajevu","og_description":"Erasmus+ program Erasmus+ program omogu\u0107ava nastavnom i nenastavnom osoblju prilike za profesionalno usavr\u0161avanje, implementaciju projekata i stvaranje mre\u017ea saradnje izme\u0111u visokoobrazovnih institucija zemalja \u010dlanica EU. Finansijska Podr\u0161ka Erasmus+ program nudi finansijsku podr\u0161ku u obliku stipendije koja pokriva dnevne i putne tro\u0161kove. Stipendija se ispla\u0107uje od strane inostrane institucije. Iznos stipendije varira u zavisnosti od zemlje [&hellip;]","og_url":"https:\/\/mf.unsa.ba\/en\/medunarodna-saradnja\/mobilnost-nastavnika\/","og_site_name":"Medicinski fakultet u Sarajevu","article_publisher":"https:\/\/www.facebook.com\/medicinski.fakultet.unsa\/","article_modified_time":"2025-04-07T07:59:49+00:00","twitter_card":"summary_large_image","twitter_misc":{"Est. reading time":"2 minutes"},"schema":{"@context":"https:\/\/schema.org","@graph":[{"@type":"WebPage","@id":"https:\/\/mf.unsa.ba\/medunarodna-saradnja\/mobilnost-nastavnika\/","url":"https:\/\/mf.unsa.ba\/medunarodna-saradnja\/mobilnost-nastavnika\/","name":"Mobilnost nastavnika - Medicinski fakultet u Sarajevu","isPartOf":{"@id":"https:\/\/mf.unsa.ba\/#website"},"datePublished":"2024-12-01T15:35:50+00:00","dateModified":"2025-04-07T07:59:49+00:00","breadcrumb":{"@id":"https:\/\/mf.unsa.ba\/medunarodna-saradnja\/mobilnost-nastavnika\/#breadcrumb"},"inLanguage":"en-US","potentialAction":[{"@type":"ReadAction","target":["https:\/\/mf.unsa.ba\/medunarodna-saradnja\/mobilnost-nastavnika\/"]}]},{"@type":"BreadcrumbList","@id":"https:\/\/mf.unsa.ba\/medunarodna-saradnja\/mobilnost-nastavnika\/#breadcrumb","itemListElement":[{"@type":"ListItem","position":1,"name":"Home","item":"https:\/\/mf.unsa.ba\/"},{"@type":"ListItem","position":2,"name":"Me\u0111unarodna saradnja","item":"https:\/\/mf.unsa.ba\/medunarodna-saradnja\/"},{"@type":"ListItem","position":3,"name":"Mobilnost nastavnika"}]},{"@type":"WebSite","@id":"https:\/\/mf.unsa.ba\/#website","url":"https:\/\/mf.unsa.ba\/","name":"Medicinski fakultet u Sarajevu","description":"","potentialAction":[{"@type":"SearchAction","target":{"@type":"EntryPoint","urlTemplate":"https:\/\/mf.unsa.ba\/?s={search_term_string}"},"query-input":{"@type":"PropertyValueSpecification","valueRequired":true,"valueName":"search_term_string"}}],"inLanguage":"en-US"}]}},"_links":{"self":[{"href":"https:\/\/mf.unsa.ba\/en\/wp-json\/wp\/v2\/pages\/284","targetHints":{"allow":["GET"]}}],"collection":[{"href":"https:\/\/mf.unsa.ba\/en\/wp-json\/wp\/v2\/pages"}],"about":[{"href":"https:\/\/mf.unsa.ba\/en\/wp-json\/wp\/v2\/types\/page"}],"author":[{"embeddable":true,"href":"https:\/\/mf.unsa.ba\/en\/wp-json\/wp\/v2\/users\/1"}],"replies":[{"embeddable":true,"href":"https:\/\/mf.unsa.ba\/en\/wp-json\/wp\/v2\/comments?post=284"}],"version-history":[{"count":21,"href":"https:\/\/mf.unsa.ba\/en\/wp-json\/wp\/v2\/pages\/284\/revisions"}],"predecessor-version":[{"id":6327,"href":"https:\/\/mf.unsa.ba\/en\/wp-json\/wp\/v2\/pages\/284\/revisions\/6327"}],"up":[{"embeddable":true,"href":"https:\/\/mf.unsa.ba\/en\/wp-json\/wp\/v2\/pages\/270"}],"wp:attachment":[{"href":"https:\/\/mf.unsa.ba\/en\/wp-json\/wp\/v2\/media?parent=284"}],"curies":[{"name":"wp","href":"https:\/\/api.w.org\/{rel}","templated":true}]}}