{"id":292,"date":"2024-12-01T15:38:39","date_gmt":"2024-12-01T15:38:39","guid":{"rendered":"https:\/\/maniapanel.win\/medicinski-fakultet\/?page_id=292"},"modified":"2026-02-25T10:25:23","modified_gmt":"2026-02-25T10:25:23","slug":"institut-za-laboratoriju-i-dijagnosticke-djelatnosti","status":"publish","type":"page","link":"https:\/\/mf.unsa.ba\/en\/zdravstvena-djelatnost\/institut-za-laboratoriju-i-dijagnosticke-djelatnosti\/","title":{"rendered":"Institute for Laboratory Diagnostics"},"content":{"rendered":"<p><strong>Institute for Laboratory Diagnostics <\/strong>activities address the need for a modern approach to diagnostics and scientific development through the application of new technologies. The operations of the Institute for Laboratory Medicine are aligned with the vision, mission, and strategic goals of the Faculty of Medicine in achieving high standards of excellence in education, scientific research, diagnostics, and healthcare.<\/p>\n\n\n\n<p>The Institute\u2019s diagnostic expertise includes the following cytogenetic and molecular analyses:<\/p>\n\n\n\n<ul class=\"wp-block-list\">\n<li>Karyotype analysis in children and adults (diagnosis of constitutional and acquired chromosomal aberrations)<\/li>\n\n\n\n<li>Karyotype analysis in individuals occupationally and\/or environmentally exposed to physical and\/or chemical genotoxins (e.g., X-ray radiation)<\/li>\n\n\n\n<li>Sex chromatin analysis<\/li>\n\n\n\n<li>Y chromosome microdeletion analysis<\/li>\n\n\n\n<li>Genetic testing for thrombophilia risk factors (Factor II, Factor V, MTHFR, PAI-1)<\/li>\n\n\n\n<li>HPV genotyping<\/li>\n\n\n\n<li>Genetic counseling<\/li>\n<\/ul>\n\n\n\n<p>These cytogenetic and molecular analyses are performed using peripheral blood and swab samples. Results are available within 10\u201315 days.<\/p>\n\n\n\n<p>In accordance with diagnostic and research needs, the Institute is equipped to perform:<\/p>\n\n\n\n<ul class=\"wp-block-list\">\n<li>Gene expression analysis through mRNA and protein analysis (PCR, qPCR, Western blot)<\/li>\n\n\n\n<li>Determination of analytes using immunochemical (ELISA) and spectrophotometric methods<\/li>\n\n\n\n<li>Determination of general biochemical parameters (measured using an automated biochemical analyzer)<\/li>\n<\/ul>\n\n\n\n<p><\/p>\n\n\n\n<p>Head of the Institute:<\/p>\n\n\n\n<p>Prof. Dr. Emina Kiseljakovi\u0107, Specialist in Medical Biochemistry<br><a href=\"mailto:emina.kiseljakovic@mf.unsa.ba\">emina.kiseljakovic@mf.unsa.ba<\/a><br><a href=\"tel:+38733226478\">+387 33 226 478<\/a> \u00a0\u00a0ext. 543<\/p>\n\n\n\n<p>Team:<\/p>\n\n\n\n<p>Dr. Mirela Ma\u010dki\u0107-\u0110urovi\u0107, Senior Research Associate<br><a href=\"mailto:mirela.mackic@mf.unsa.ba\">mirela.mackic@mf.unsa.ba<\/a><br><a href=\"tel:+38733226478\">+387 33 226 478<\/a>\u00a0\u00a0\u00a0 ext. 603<br><br>Amina Jasika, Laboratory Technician<br><a href=\"mailto:amina.jasika@mf.unsa.ba\">amina.jasika@mf.unsa.ba<\/a><br><a href=\"tel:+38733226478\">+387 33 226-478<\/a>\u00a0 lokal\u00a0 601<br><br>We are available for any additional information.<\/p>\n\n\n        <div class=\"inner-notification-container-slider-outer\">\n            <!-- Slider main container -->\n            <div class=\"swiper inner-notification-container-slider\">\n                <!-- Additional required wrapper -->\n                <div class=\"swiper-wrapper\">\n                                            <div class=\"swiper-slide\">\n                            <img decoding=\"async\" src=\"https:\/\/mf.unsa.ba\/wp-content\/uploads\/2025\/01\/laboratorij-1.jpg\" alt=\"\">\n                        <\/div>\n                                            <div class=\"swiper-slide\">\n                            <img decoding=\"async\" src=\"https:\/\/mf.unsa.ba\/wp-content\/uploads\/2025\/01\/laboratorij-2-scaled.jpg\" alt=\"\">\n                        <\/div>\n                                            <div class=\"swiper-slide\">\n                            <img decoding=\"async\" src=\"https:\/\/mf.unsa.ba\/wp-content\/uploads\/2025\/01\/laboratorij-4-scaled.jpg\" alt=\"\">\n                        <\/div>\n                                            <div class=\"swiper-slide\">\n                            <img decoding=\"async\" src=\"https:\/\/mf.unsa.ba\/wp-content\/uploads\/2025\/01\/laboratorij-5.jpg\" alt=\"\">\n                        <\/div>\n                                            <div class=\"swiper-slide\">\n                            <img decoding=\"async\" src=\"https:\/\/mf.unsa.ba\/wp-content\/uploads\/2025\/01\/laboratorij-6.jpg\" alt=\"\">\n                        <\/div>\n                                    <\/div>\n            <\/div>\n\n            <!-- Navigation buttons -->\n            <div class=\"swiper-button-prev inner-notification-prev\">\n                <div><\/div>\n                <div><\/div>\n            <\/div>\n            <div class=\"swiper-button-next inner-notification-next\">\n                <div><\/div>\n                <div><\/div>\n                <div><\/div>\n            <\/div>\n        <\/div>\n        \n\n\n\n\n<p><\/p>","protected":false},"excerpt":{"rendered":"<p>Institut za laboratorijsku dijagnostiku svojom djelatnosti odgovora na potrebe za savremenim pristupom dijagnostici i nau\u010dnom razvoju, primjenom novih tehnologija. Djelovanje Instituta za laboratorijsku djelatnost slijedi zacrtanu viziju, misiju i strategiju Medicinskog fakulteta u postizanju visokih standarda izvrsnosti u domenu obrazovanja, nau\u010dno-istra\u017eiva\u010dkog rada, dijagnostike i zdravstvene za\u0161tite. Ekspertiza u okviru dijagnosti\u010dke djelatnosti Instituta uklju\u010duje sljede\u0107e citogeneti\u010dke [&hellip;]<\/p>\n","protected":false},"author":1,"featured_media":0,"parent":290,"menu_order":0,"comment_status":"closed","ping_status":"closed","template":"","meta":{"_acf_changed":false,"footnotes":""},"class_list":["post-292","page","type-page","status-publish","hentry"],"acf":[],"yoast_head":"<!-- This site is optimized with the Yoast SEO plugin v27.3 - https:\/\/yoast.com\/product\/yoast-seo-wordpress\/ -->\n<title>Institut za laboratorijsku dijagnostiku - Medicinski fakultet u Sarajevu<\/title>\n<meta name=\"robots\" content=\"index, follow, max-snippet:-1, max-image-preview:large, max-video-preview:-1\" \/>\n<link rel=\"canonical\" href=\"https:\/\/mf.unsa.ba\/en\/zdravstvena-djelatnost\/institut-za-laboratoriju-i-dijagnosticke-djelatnosti\/\" \/>\n<meta property=\"og:locale\" content=\"en_US\" \/>\n<meta property=\"og:type\" content=\"article\" \/>\n<meta property=\"og:title\" content=\"Institut za laboratorijsku dijagnostiku - Medicinski fakultet u Sarajevu\" \/>\n<meta property=\"og:description\" content=\"Institut za laboratorijsku dijagnostiku svojom djelatnosti odgovora na potrebe za savremenim pristupom dijagnostici i nau\u010dnom razvoju, primjenom novih tehnologija. Djelovanje Instituta za laboratorijsku djelatnost slijedi zacrtanu viziju, misiju i strategiju Medicinskog fakulteta u postizanju visokih standarda izvrsnosti u domenu obrazovanja, nau\u010dno-istra\u017eiva\u010dkog rada, dijagnostike i zdravstvene za\u0161tite. Ekspertiza u okviru dijagnosti\u010dke djelatnosti Instituta uklju\u010duje sljede\u0107e citogeneti\u010dke [&hellip;]\" \/>\n<meta property=\"og:url\" content=\"https:\/\/mf.unsa.ba\/en\/zdravstvena-djelatnost\/institut-za-laboratoriju-i-dijagnosticke-djelatnosti\/\" \/>\n<meta property=\"og:site_name\" content=\"Medicinski fakultet u Sarajevu\" \/>\n<meta property=\"article:publisher\" content=\"https:\/\/www.facebook.com\/medicinski.fakultet.unsa\/\" \/>\n<meta property=\"article:modified_time\" content=\"2026-02-25T10:25:23+00:00\" \/>\n<meta name=\"twitter:card\" content=\"summary_large_image\" \/>\n<meta name=\"twitter:label1\" content=\"Est. reading time\" \/>\n\t<meta name=\"twitter:data1\" content=\"2 minutes\" \/>\n<script type=\"application\/ld+json\" class=\"yoast-schema-graph\">{\"@context\":\"https:\\\/\\\/schema.org\",\"@graph\":[{\"@type\":\"WebPage\",\"@id\":\"https:\\\/\\\/mf.unsa.ba\\\/zdravstvena-djelatnost\\\/institut-za-laboratoriju-i-dijagnosticke-djelatnosti\\\/\",\"url\":\"https:\\\/\\\/mf.unsa.ba\\\/zdravstvena-djelatnost\\\/institut-za-laboratoriju-i-dijagnosticke-djelatnosti\\\/\",\"name\":\"Institut za laboratorijsku dijagnostiku - Medicinski fakultet u Sarajevu\",\"isPartOf\":{\"@id\":\"https:\\\/\\\/mf.unsa.ba\\\/#website\"},\"datePublished\":\"2024-12-01T15:38:39+00:00\",\"dateModified\":\"2026-02-25T10:25:23+00:00\",\"breadcrumb\":{\"@id\":\"https:\\\/\\\/mf.unsa.ba\\\/zdravstvena-djelatnost\\\/institut-za-laboratoriju-i-dijagnosticke-djelatnosti\\\/#breadcrumb\"},\"inLanguage\":\"en-US\",\"potentialAction\":[{\"@type\":\"ReadAction\",\"target\":[\"https:\\\/\\\/mf.unsa.ba\\\/zdravstvena-djelatnost\\\/institut-za-laboratoriju-i-dijagnosticke-djelatnosti\\\/\"]}]},{\"@type\":\"BreadcrumbList\",\"@id\":\"https:\\\/\\\/mf.unsa.ba\\\/zdravstvena-djelatnost\\\/institut-za-laboratoriju-i-dijagnosticke-djelatnosti\\\/#breadcrumb\",\"itemListElement\":[{\"@type\":\"ListItem\",\"position\":1,\"name\":\"Home\",\"item\":\"https:\\\/\\\/mf.unsa.ba\\\/\"},{\"@type\":\"ListItem\",\"position\":2,\"name\":\"Zdravstvena djelatnost\",\"item\":\"https:\\\/\\\/mf.unsa.ba\\\/zdravstvena-djelatnost\\\/\"},{\"@type\":\"ListItem\",\"position\":3,\"name\":\"Institut za laboratorijsku dijagnostiku\"}]},{\"@type\":\"WebSite\",\"@id\":\"https:\\\/\\\/mf.unsa.ba\\\/#website\",\"url\":\"https:\\\/\\\/mf.unsa.ba\\\/\",\"name\":\"Medicinski fakultet u Sarajevu\",\"description\":\"\",\"potentialAction\":[{\"@type\":\"SearchAction\",\"target\":{\"@type\":\"EntryPoint\",\"urlTemplate\":\"https:\\\/\\\/mf.unsa.ba\\\/?s={search_term_string}\"},\"query-input\":{\"@type\":\"PropertyValueSpecification\",\"valueRequired\":true,\"valueName\":\"search_term_string\"}}],\"inLanguage\":\"en-US\"}]}<\/script>\n<!-- \/ Yoast SEO plugin. -->","yoast_head_json":{"title":"Institut za laboratorijsku dijagnostiku - Medicinski fakultet u Sarajevu","robots":{"index":"index","follow":"follow","max-snippet":"max-snippet:-1","max-image-preview":"max-image-preview:large","max-video-preview":"max-video-preview:-1"},"canonical":"https:\/\/mf.unsa.ba\/en\/zdravstvena-djelatnost\/institut-za-laboratoriju-i-dijagnosticke-djelatnosti\/","og_locale":"en_US","og_type":"article","og_title":"Institut za laboratorijsku dijagnostiku - Medicinski fakultet u Sarajevu","og_description":"Institut za laboratorijsku dijagnostiku svojom djelatnosti odgovora na potrebe za savremenim pristupom dijagnostici i nau\u010dnom razvoju, primjenom novih tehnologija. Djelovanje Instituta za laboratorijsku djelatnost slijedi zacrtanu viziju, misiju i strategiju Medicinskog fakulteta u postizanju visokih standarda izvrsnosti u domenu obrazovanja, nau\u010dno-istra\u017eiva\u010dkog rada, dijagnostike i zdravstvene za\u0161tite. Ekspertiza u okviru dijagnosti\u010dke djelatnosti Instituta uklju\u010duje sljede\u0107e citogeneti\u010dke [&hellip;]","og_url":"https:\/\/mf.unsa.ba\/en\/zdravstvena-djelatnost\/institut-za-laboratoriju-i-dijagnosticke-djelatnosti\/","og_site_name":"Medicinski fakultet u Sarajevu","article_publisher":"https:\/\/www.facebook.com\/medicinski.fakultet.unsa\/","article_modified_time":"2026-02-25T10:25:23+00:00","twitter_card":"summary_large_image","twitter_misc":{"Est. reading time":"2 minutes"},"schema":{"@context":"https:\/\/schema.org","@graph":[{"@type":"WebPage","@id":"https:\/\/mf.unsa.ba\/zdravstvena-djelatnost\/institut-za-laboratoriju-i-dijagnosticke-djelatnosti\/","url":"https:\/\/mf.unsa.ba\/zdravstvena-djelatnost\/institut-za-laboratoriju-i-dijagnosticke-djelatnosti\/","name":"Institut za laboratorijsku dijagnostiku - Medicinski fakultet u Sarajevu","isPartOf":{"@id":"https:\/\/mf.unsa.ba\/#website"},"datePublished":"2024-12-01T15:38:39+00:00","dateModified":"2026-02-25T10:25:23+00:00","breadcrumb":{"@id":"https:\/\/mf.unsa.ba\/zdravstvena-djelatnost\/institut-za-laboratoriju-i-dijagnosticke-djelatnosti\/#breadcrumb"},"inLanguage":"en-US","potentialAction":[{"@type":"ReadAction","target":["https:\/\/mf.unsa.ba\/zdravstvena-djelatnost\/institut-za-laboratoriju-i-dijagnosticke-djelatnosti\/"]}]},{"@type":"BreadcrumbList","@id":"https:\/\/mf.unsa.ba\/zdravstvena-djelatnost\/institut-za-laboratoriju-i-dijagnosticke-djelatnosti\/#breadcrumb","itemListElement":[{"@type":"ListItem","position":1,"name":"Home","item":"https:\/\/mf.unsa.ba\/"},{"@type":"ListItem","position":2,"name":"Zdravstvena djelatnost","item":"https:\/\/mf.unsa.ba\/zdravstvena-djelatnost\/"},{"@type":"ListItem","position":3,"name":"Institut za laboratorijsku dijagnostiku"}]},{"@type":"WebSite","@id":"https:\/\/mf.unsa.ba\/#website","url":"https:\/\/mf.unsa.ba\/","name":"Medicinski fakultet u Sarajevu","description":"","potentialAction":[{"@type":"SearchAction","target":{"@type":"EntryPoint","urlTemplate":"https:\/\/mf.unsa.ba\/?s={search_term_string}"},"query-input":{"@type":"PropertyValueSpecification","valueRequired":true,"valueName":"search_term_string"}}],"inLanguage":"en-US"}]}},"_links":{"self":[{"href":"https:\/\/mf.unsa.ba\/en\/wp-json\/wp\/v2\/pages\/292","targetHints":{"allow":["GET"]}}],"collection":[{"href":"https:\/\/mf.unsa.ba\/en\/wp-json\/wp\/v2\/pages"}],"about":[{"href":"https:\/\/mf.unsa.ba\/en\/wp-json\/wp\/v2\/types\/page"}],"author":[{"embeddable":true,"href":"https:\/\/mf.unsa.ba\/en\/wp-json\/wp\/v2\/users\/1"}],"replies":[{"embeddable":true,"href":"https:\/\/mf.unsa.ba\/en\/wp-json\/wp\/v2\/comments?post=292"}],"version-history":[{"count":15,"href":"https:\/\/mf.unsa.ba\/en\/wp-json\/wp\/v2\/pages\/292\/revisions"}],"predecessor-version":[{"id":8064,"href":"https:\/\/mf.unsa.ba\/en\/wp-json\/wp\/v2\/pages\/292\/revisions\/8064"}],"up":[{"embeddable":true,"href":"https:\/\/mf.unsa.ba\/en\/wp-json\/wp\/v2\/pages\/290"}],"wp:attachment":[{"href":"https:\/\/mf.unsa.ba\/en\/wp-json\/wp\/v2\/media?parent=292"}],"curies":[{"name":"wp","href":"https:\/\/api.w.org\/{rel}","templated":true}]}}