{"id":298,"date":"2024-12-01T15:40:31","date_gmt":"2024-12-01T15:40:31","guid":{"rendered":"https:\/\/maniapanel.win\/medicinski-fakultet\/?page_id=298"},"modified":"2025-04-08T05:25:10","modified_gmt":"2025-04-08T05:25:10","slug":"vivarij","status":"publish","type":"page","link":"https:\/\/mf.unsa.ba\/en\/zdravstvena-djelatnost\/institut-za-farmakologiju-toksikologiju-i-klinickutoksikologiju\/vivarij\/","title":{"rendered":"Vivarium"},"content":{"rendered":"<p>The Vivarium at the Faculty of Medicine operates as an integral part of the Institute of Pharmacology and Toxicology, founded by Academician Pavao \u0160tern in 1948. Since its establishment, the Vivarium has continuously served as a site for experimental research and education in the fields of biomedicine, pharmacology, and toxicology, while ensuring the breeding and care of laboratory animals in accordance with ethical and legal standards.<\/p>\n\n\n\n<p>Over the decades, the Vivarium has hosted numerous scientific research projects, including toxicological and pharmacological testing of drugs, studies on the effects of natural and synthetic substances, as well as investigations into the neuroprotective, analgesic, and anti-inflammatory properties of drugs using animal models. Significant preclinical research has also been conducted in collaboration with both domestic and international partners, contributing to the development of numerous master\u2019s and doctoral theses.<\/p>\n\n\n\n<p>Today, the Vivarium represents a key research and educational platform of the Faculty, particularly within doctoral and specialist study programs, and continues to support the advancement of modern and experimental pharmacology.<\/p>\n\n\n        <div class=\"inner-notification-container-slider-outer\">\n            <!-- Slider main container -->\n            <div class=\"swiper inner-notification-container-slider\">\n                <!-- Additional required wrapper -->\n                <div class=\"swiper-wrapper\">\n                                            <div class=\"swiper-slide\">\n                            <img decoding=\"async\" src=\"https:\/\/mf.unsa.ba\/wp-content\/uploads\/2025\/01\/vivarij-2.png\" alt=\"\">\n                        <\/div>\n                                            <div class=\"swiper-slide\">\n                            <img decoding=\"async\" src=\"https:\/\/mf.unsa.ba\/wp-content\/uploads\/2025\/01\/vivarij-1.png\" alt=\"\">\n                        <\/div>\n                                            <div class=\"swiper-slide\">\n                            <img decoding=\"async\" src=\"https:\/\/mf.unsa.ba\/wp-content\/uploads\/2025\/01\/vivarij-4.png\" alt=\"\">\n                        <\/div>\n                                            <div class=\"swiper-slide\">\n                            <img decoding=\"async\" src=\"https:\/\/mf.unsa.ba\/wp-content\/uploads\/2025\/01\/vivarij-3.png\" alt=\"\">\n                        <\/div>\n                                    <\/div>\n            <\/div>\n\n            <!-- Navigation buttons -->\n            <div class=\"swiper-button-prev inner-notification-prev\">\n                <div><\/div>\n                <div><\/div>\n            <\/div>\n            <div class=\"swiper-button-next inner-notification-next\">\n                <div><\/div>\n                <div><\/div>\n                <div><\/div>\n            <\/div>\n        <\/div>\n        \n\n\n<p><\/p>","protected":false},"excerpt":{"rendered":"<p>Vivarij pri Medicinskom fakultetu djeluje kao sastavni dio Instituta za farmakologiju i toksikologiju, koji je osnovao akademik Pavao \u0160tern 1948. godine. Od tada do danas, vivarij je neprekidno bio mjesto provo\u0111enja eksperimenata i edukacije u oblasti biomedicine, farmakologije i toksikologije, uz uzgoj i brigu o laboratorijskim \u017eivotinjama u skladu s eti\u010dkim i zakonskim standardima. Tokom [&hellip;]<\/p>\n","protected":false},"author":1,"featured_media":0,"parent":294,"menu_order":0,"comment_status":"closed","ping_status":"closed","template":"","meta":{"_acf_changed":false,"footnotes":""},"class_list":["post-298","page","type-page","status-publish","hentry"],"acf":[],"yoast_head":"<!-- This site is optimized with the Yoast SEO plugin v27.3 - https:\/\/yoast.com\/product\/yoast-seo-wordpress\/ -->\n<title>Vivarij - Medicinski fakultet u Sarajevu<\/title>\n<meta name=\"robots\" content=\"index, follow, max-snippet:-1, max-image-preview:large, max-video-preview:-1\" \/>\n<link rel=\"canonical\" href=\"https:\/\/mf.unsa.ba\/en\/zdravstvena-djelatnost\/institut-za-farmakologiju-toksikologiju-i-klinickutoksikologiju\/vivarij\/\" \/>\n<meta property=\"og:locale\" content=\"en_US\" \/>\n<meta property=\"og:type\" content=\"article\" \/>\n<meta property=\"og:title\" content=\"Vivarij - Medicinski fakultet u Sarajevu\" \/>\n<meta property=\"og:description\" content=\"Vivarij pri Medicinskom fakultetu djeluje kao sastavni dio Instituta za farmakologiju i toksikologiju, koji je osnovao akademik Pavao \u0160tern 1948. godine. Od tada do danas, vivarij je neprekidno bio mjesto provo\u0111enja eksperimenata i edukacije u oblasti biomedicine, farmakologije i toksikologije, uz uzgoj i brigu o laboratorijskim \u017eivotinjama u skladu s eti\u010dkim i zakonskim standardima. Tokom [&hellip;]\" \/>\n<meta property=\"og:url\" content=\"https:\/\/mf.unsa.ba\/en\/zdravstvena-djelatnost\/institut-za-farmakologiju-toksikologiju-i-klinickutoksikologiju\/vivarij\/\" \/>\n<meta property=\"og:site_name\" content=\"Medicinski fakultet u Sarajevu\" \/>\n<meta property=\"article:publisher\" content=\"https:\/\/www.facebook.com\/medicinski.fakultet.unsa\/\" \/>\n<meta property=\"article:modified_time\" content=\"2025-04-08T05:25:10+00:00\" \/>\n<meta name=\"twitter:card\" content=\"summary_large_image\" \/>\n<meta name=\"twitter:label1\" content=\"Est. reading time\" \/>\n\t<meta name=\"twitter:data1\" content=\"1 minute\" \/>\n<script type=\"application\/ld+json\" class=\"yoast-schema-graph\">{\"@context\":\"https:\\\/\\\/schema.org\",\"@graph\":[{\"@type\":\"WebPage\",\"@id\":\"https:\\\/\\\/mf.unsa.ba\\\/zdravstvena-djelatnost\\\/institut-za-farmakologiju-toksikologiju-i-klinickutoksikologiju\\\/vivarij\\\/\",\"url\":\"https:\\\/\\\/mf.unsa.ba\\\/zdravstvena-djelatnost\\\/institut-za-farmakologiju-toksikologiju-i-klinickutoksikologiju\\\/vivarij\\\/\",\"name\":\"Vivarij - Medicinski fakultet u Sarajevu\",\"isPartOf\":{\"@id\":\"https:\\\/\\\/mf.unsa.ba\\\/#website\"},\"datePublished\":\"2024-12-01T15:40:31+00:00\",\"dateModified\":\"2025-04-08T05:25:10+00:00\",\"breadcrumb\":{\"@id\":\"https:\\\/\\\/mf.unsa.ba\\\/zdravstvena-djelatnost\\\/institut-za-farmakologiju-toksikologiju-i-klinickutoksikologiju\\\/vivarij\\\/#breadcrumb\"},\"inLanguage\":\"en-US\",\"potentialAction\":[{\"@type\":\"ReadAction\",\"target\":[\"https:\\\/\\\/mf.unsa.ba\\\/zdravstvena-djelatnost\\\/institut-za-farmakologiju-toksikologiju-i-klinickutoksikologiju\\\/vivarij\\\/\"]}]},{\"@type\":\"BreadcrumbList\",\"@id\":\"https:\\\/\\\/mf.unsa.ba\\\/zdravstvena-djelatnost\\\/institut-za-farmakologiju-toksikologiju-i-klinickutoksikologiju\\\/vivarij\\\/#breadcrumb\",\"itemListElement\":[{\"@type\":\"ListItem\",\"position\":1,\"name\":\"Home\",\"item\":\"https:\\\/\\\/mf.unsa.ba\\\/\"},{\"@type\":\"ListItem\",\"position\":2,\"name\":\"Zdravstvena djelatnost\",\"item\":\"https:\\\/\\\/mf.unsa.ba\\\/zdravstvena-djelatnost\\\/\"},{\"@type\":\"ListItem\",\"position\":3,\"name\":\"Institut za farmakologiju, toksikologiju i klini\u010dku toksikologiju\",\"item\":\"https:\\\/\\\/mf.unsa.ba\\\/zdravstvena-djelatnost\\\/institut-za-farmakologiju-toksikologiju-i-klinickutoksikologiju\\\/\"},{\"@type\":\"ListItem\",\"position\":4,\"name\":\"Vivarij\"}]},{\"@type\":\"WebSite\",\"@id\":\"https:\\\/\\\/mf.unsa.ba\\\/#website\",\"url\":\"https:\\\/\\\/mf.unsa.ba\\\/\",\"name\":\"Medicinski fakultet u Sarajevu\",\"description\":\"\",\"potentialAction\":[{\"@type\":\"SearchAction\",\"target\":{\"@type\":\"EntryPoint\",\"urlTemplate\":\"https:\\\/\\\/mf.unsa.ba\\\/?s={search_term_string}\"},\"query-input\":{\"@type\":\"PropertyValueSpecification\",\"valueRequired\":true,\"valueName\":\"search_term_string\"}}],\"inLanguage\":\"en-US\"}]}<\/script>\n<!-- \/ Yoast SEO plugin. -->","yoast_head_json":{"title":"Vivarij - Medicinski fakultet u Sarajevu","robots":{"index":"index","follow":"follow","max-snippet":"max-snippet:-1","max-image-preview":"max-image-preview:large","max-video-preview":"max-video-preview:-1"},"canonical":"https:\/\/mf.unsa.ba\/en\/zdravstvena-djelatnost\/institut-za-farmakologiju-toksikologiju-i-klinickutoksikologiju\/vivarij\/","og_locale":"en_US","og_type":"article","og_title":"Vivarij - Medicinski fakultet u Sarajevu","og_description":"Vivarij pri Medicinskom fakultetu djeluje kao sastavni dio Instituta za farmakologiju i toksikologiju, koji je osnovao akademik Pavao \u0160tern 1948. godine. Od tada do danas, vivarij je neprekidno bio mjesto provo\u0111enja eksperimenata i edukacije u oblasti biomedicine, farmakologije i toksikologije, uz uzgoj i brigu o laboratorijskim \u017eivotinjama u skladu s eti\u010dkim i zakonskim standardima. Tokom [&hellip;]","og_url":"https:\/\/mf.unsa.ba\/en\/zdravstvena-djelatnost\/institut-za-farmakologiju-toksikologiju-i-klinickutoksikologiju\/vivarij\/","og_site_name":"Medicinski fakultet u Sarajevu","article_publisher":"https:\/\/www.facebook.com\/medicinski.fakultet.unsa\/","article_modified_time":"2025-04-08T05:25:10+00:00","twitter_card":"summary_large_image","twitter_misc":{"Est. reading time":"1 minute"},"schema":{"@context":"https:\/\/schema.org","@graph":[{"@type":"WebPage","@id":"https:\/\/mf.unsa.ba\/zdravstvena-djelatnost\/institut-za-farmakologiju-toksikologiju-i-klinickutoksikologiju\/vivarij\/","url":"https:\/\/mf.unsa.ba\/zdravstvena-djelatnost\/institut-za-farmakologiju-toksikologiju-i-klinickutoksikologiju\/vivarij\/","name":"Vivarij - Medicinski fakultet u Sarajevu","isPartOf":{"@id":"https:\/\/mf.unsa.ba\/#website"},"datePublished":"2024-12-01T15:40:31+00:00","dateModified":"2025-04-08T05:25:10+00:00","breadcrumb":{"@id":"https:\/\/mf.unsa.ba\/zdravstvena-djelatnost\/institut-za-farmakologiju-toksikologiju-i-klinickutoksikologiju\/vivarij\/#breadcrumb"},"inLanguage":"en-US","potentialAction":[{"@type":"ReadAction","target":["https:\/\/mf.unsa.ba\/zdravstvena-djelatnost\/institut-za-farmakologiju-toksikologiju-i-klinickutoksikologiju\/vivarij\/"]}]},{"@type":"BreadcrumbList","@id":"https:\/\/mf.unsa.ba\/zdravstvena-djelatnost\/institut-za-farmakologiju-toksikologiju-i-klinickutoksikologiju\/vivarij\/#breadcrumb","itemListElement":[{"@type":"ListItem","position":1,"name":"Home","item":"https:\/\/mf.unsa.ba\/"},{"@type":"ListItem","position":2,"name":"Zdravstvena djelatnost","item":"https:\/\/mf.unsa.ba\/zdravstvena-djelatnost\/"},{"@type":"ListItem","position":3,"name":"Institut za farmakologiju, toksikologiju i klini\u010dku toksikologiju","item":"https:\/\/mf.unsa.ba\/zdravstvena-djelatnost\/institut-za-farmakologiju-toksikologiju-i-klinickutoksikologiju\/"},{"@type":"ListItem","position":4,"name":"Vivarij"}]},{"@type":"WebSite","@id":"https:\/\/mf.unsa.ba\/#website","url":"https:\/\/mf.unsa.ba\/","name":"Medicinski fakultet u Sarajevu","description":"","potentialAction":[{"@type":"SearchAction","target":{"@type":"EntryPoint","urlTemplate":"https:\/\/mf.unsa.ba\/?s={search_term_string}"},"query-input":{"@type":"PropertyValueSpecification","valueRequired":true,"valueName":"search_term_string"}}],"inLanguage":"en-US"}]}},"_links":{"self":[{"href":"https:\/\/mf.unsa.ba\/en\/wp-json\/wp\/v2\/pages\/298","targetHints":{"allow":["GET"]}}],"collection":[{"href":"https:\/\/mf.unsa.ba\/en\/wp-json\/wp\/v2\/pages"}],"about":[{"href":"https:\/\/mf.unsa.ba\/en\/wp-json\/wp\/v2\/types\/page"}],"author":[{"embeddable":true,"href":"https:\/\/mf.unsa.ba\/en\/wp-json\/wp\/v2\/users\/1"}],"replies":[{"embeddable":true,"href":"https:\/\/mf.unsa.ba\/en\/wp-json\/wp\/v2\/comments?post=298"}],"version-history":[{"count":4,"href":"https:\/\/mf.unsa.ba\/en\/wp-json\/wp\/v2\/pages\/298\/revisions"}],"predecessor-version":[{"id":6535,"href":"https:\/\/mf.unsa.ba\/en\/wp-json\/wp\/v2\/pages\/298\/revisions\/6535"}],"up":[{"embeddable":true,"href":"https:\/\/mf.unsa.ba\/en\/wp-json\/wp\/v2\/pages\/294"}],"wp:attachment":[{"href":"https:\/\/mf.unsa.ba\/en\/wp-json\/wp\/v2\/media?parent=298"}],"curies":[{"name":"wp","href":"https:\/\/api.w.org\/{rel}","templated":true}]}}