{"id":5635,"date":"2025-02-23T21:35:40","date_gmt":"2025-02-23T21:35:40","guid":{"rendered":"https:\/\/maniapanel.win\/medicinski-fakultet\/?page_id=5635"},"modified":"2025-02-23T21:36:52","modified_gmt":"2025-02-23T21:36:52","slug":"dekani-od-osnivanja-do-danas","status":"publish","type":"page","link":"https:\/\/mf.unsa.ba\/en\/fakultet\/dekani-od-osnivanja-do-danas\/","title":{"rendered":"Deans Since the Establishment of the Faculty"},"content":{"rendered":"<h2 class=\"wp-block-heading\">Deans Since the Establishment of the Faculty<\/h2>\n\n\n\n<ol class=\"wp-block-list\">\n<li>Prof. dr Aleksandar Sabovljev 1947-1948<\/li>\n\n\n\n<li>Prof. dr Vladimir \u010cavka 1948-1949<\/li>\n\n\n\n<li>Prof. dr Blagoje Kova\u010devi\u0107 1949-1950<\/li>\n\n\n\n<li>Prof. dr Nedo Zec 1950-1951<\/li>\n\n\n\n<li>Prof. dr Milivoje Sarvan 1951-1952<\/li>\n\n\n\n<li>Prof. dr Pavao \u0160tern 1952-1953<\/li>\n\n\n\n<li>Prof. dr Aleksandar Sabovljev 1953-1954<\/li>\n\n\n\n<li>Prof. dr Milivoje Sarvan 1954-1955<\/li>\n\n\n\n<li>Prof. dr \u017divojin Ignja\u010dev 1955-1956<\/li>\n\n\n\n<li>Prof. dr Blagoje Kova\u010devi\u0107 1956-1957<\/li>\n\n\n\n<li>Prof. dr Grujica \u017darkovi\u0107 1957-1960<\/li>\n\n\n\n<li>Prof. dr Ivo Herlinger 1960-1962<\/li>\n\n\n\n<li>Prof. dr Grujica \u017darkovi\u0107 1962-1964<\/li>\n\n\n\n<li>Prof. dr Hajrudin Had\u017eiselimovi\u0107 1964-1967<\/li>\n\n\n\n<li>Prof. dr Marko Ciglar 1967-1973<\/li>\n\n\n\n<li>Prof. dr Hi\u0161am Serdarevi\u0107 1973-1974<\/li>\n\n\n\n<li>Prof. dr E\u0161ref Sarajli\u0107 1974-1980<\/li>\n\n\n\n<li>Prof. dr Nikulin Aleksandar 1980-1982<\/li>\n\n\n\n<li>Prof. dr Momir Macanovi\u0107 1982-1986<\/li>\n\n\n\n<li>Prof. dr Anton Lovrin\u010devi\u0107 1986-1988<\/li>\n\n\n\n<li>Prof. dr Bori\u0161a Starovi\u0107 1988-1993<\/li>\n\n\n\n<li>Prof. dr Ned\u017ead Mulabegovi\u0107 1993-2000<\/li>\n\n\n\n<li>Prof. dr Husein Kulenovi\u0107 2000-2003<\/li>\n\n\n\n<li>Prof. dr Osman Duri\u0107 2003-2006<\/li>\n\n\n\n<li>Prof. dr Bakir Mehi\u0107 2006-2014<\/li>\n\n\n\n<li>Prof. dr Almira Had\u017eovi\u0107 &#8211; D\u017euvo 2014-2017<\/li>\n\n\n\n<li>Prof. dr Semra \u010cavaljuga 2017-<\/li>\n<\/ol>","protected":false},"excerpt":{"rendered":"<p>Deans Since the Establishment of the Faculty<\/p>","protected":false},"author":1,"featured_media":0,"parent":176,"menu_order":0,"comment_status":"closed","ping_status":"closed","template":"","meta":{"_acf_changed":false,"footnotes":""},"class_list":["post-5635","page","type-page","status-publish","hentry"],"acf":[],"yoast_head":"<!-- This site is optimized with the Yoast SEO plugin v27.6 - https:\/\/yoast.com\/product\/yoast-seo-wordpress\/ -->\n<title>Dekani od osnivanja do danas - Medicinski fakultet u Sarajevu<\/title>\n<meta name=\"robots\" content=\"index, follow, max-snippet:-1, max-image-preview:large, max-video-preview:-1\" \/>\n<link rel=\"canonical\" href=\"https:\/\/mf.unsa.ba\/en\/fakultet\/dekani-od-osnivanja-do-danas\/\" \/>\n<meta property=\"og:locale\" content=\"en_US\" \/>\n<meta property=\"og:type\" content=\"article\" \/>\n<meta property=\"og:title\" content=\"Dekani od osnivanja do danas - Medicinski fakultet u Sarajevu\" \/>\n<meta property=\"og:description\" content=\"Dekani Medicinskog fakulteta od osnivanja do danas\" \/>\n<meta property=\"og:url\" content=\"https:\/\/mf.unsa.ba\/en\/fakultet\/dekani-od-osnivanja-do-danas\/\" \/>\n<meta property=\"og:site_name\" content=\"Medicinski fakultet u Sarajevu\" \/>\n<meta property=\"article:publisher\" content=\"https:\/\/www.facebook.com\/medicinski.fakultet.unsa\/\" \/>\n<meta property=\"article:modified_time\" content=\"2025-02-23T21:36:52+00:00\" \/>\n<meta name=\"twitter:card\" content=\"summary_large_image\" \/>\n<meta name=\"twitter:label1\" content=\"Est. reading time\" \/>\n\t<meta name=\"twitter:data1\" content=\"1 minute\" \/>\n<script type=\"application\/ld+json\" class=\"yoast-schema-graph\">{\"@context\":\"https:\\\/\\\/schema.org\",\"@graph\":[{\"@type\":\"WebPage\",\"@id\":\"https:\\\/\\\/mf.unsa.ba\\\/fakultet\\\/dekani-od-osnivanja-do-danas\\\/\",\"url\":\"https:\\\/\\\/mf.unsa.ba\\\/fakultet\\\/dekani-od-osnivanja-do-danas\\\/\",\"name\":\"Dekani od osnivanja do danas - Medicinski fakultet u Sarajevu\",\"isPartOf\":{\"@id\":\"https:\\\/\\\/mf.unsa.ba\\\/#website\"},\"datePublished\":\"2025-02-23T21:35:40+00:00\",\"dateModified\":\"2025-02-23T21:36:52+00:00\",\"breadcrumb\":{\"@id\":\"https:\\\/\\\/mf.unsa.ba\\\/fakultet\\\/dekani-od-osnivanja-do-danas\\\/#breadcrumb\"},\"inLanguage\":\"en-US\",\"potentialAction\":[{\"@type\":\"ReadAction\",\"target\":[\"https:\\\/\\\/mf.unsa.ba\\\/fakultet\\\/dekani-od-osnivanja-do-danas\\\/\"]}]},{\"@type\":\"BreadcrumbList\",\"@id\":\"https:\\\/\\\/mf.unsa.ba\\\/fakultet\\\/dekani-od-osnivanja-do-danas\\\/#breadcrumb\",\"itemListElement\":[{\"@type\":\"ListItem\",\"position\":1,\"name\":\"Home\",\"item\":\"https:\\\/\\\/mf.unsa.ba\\\/\"},{\"@type\":\"ListItem\",\"position\":2,\"name\":\"Fakultet\",\"item\":\"https:\\\/\\\/mf.unsa.ba\\\/fakultet\\\/\"},{\"@type\":\"ListItem\",\"position\":3,\"name\":\"Dekani od osnivanja do danas\"}]},{\"@type\":\"WebSite\",\"@id\":\"https:\\\/\\\/mf.unsa.ba\\\/#website\",\"url\":\"https:\\\/\\\/mf.unsa.ba\\\/\",\"name\":\"Medicinski fakultet u Sarajevu\",\"description\":\"\",\"potentialAction\":[{\"@type\":\"SearchAction\",\"target\":{\"@type\":\"EntryPoint\",\"urlTemplate\":\"https:\\\/\\\/mf.unsa.ba\\\/?s={search_term_string}\"},\"query-input\":{\"@type\":\"PropertyValueSpecification\",\"valueRequired\":true,\"valueName\":\"search_term_string\"}}],\"inLanguage\":\"en-US\"}]}<\/script>\n<!-- \/ Yoast SEO plugin. -->","yoast_head_json":{"title":"Dekani od osnivanja do danas - Medicinski fakultet u Sarajevu","robots":{"index":"index","follow":"follow","max-snippet":"max-snippet:-1","max-image-preview":"max-image-preview:large","max-video-preview":"max-video-preview:-1"},"canonical":"https:\/\/mf.unsa.ba\/en\/fakultet\/dekani-od-osnivanja-do-danas\/","og_locale":"en_US","og_type":"article","og_title":"Dekani od osnivanja do danas - Medicinski fakultet u Sarajevu","og_description":"Dekani Medicinskog fakulteta od osnivanja do danas","og_url":"https:\/\/mf.unsa.ba\/en\/fakultet\/dekani-od-osnivanja-do-danas\/","og_site_name":"Medicinski fakultet u Sarajevu","article_publisher":"https:\/\/www.facebook.com\/medicinski.fakultet.unsa\/","article_modified_time":"2025-02-23T21:36:52+00:00","twitter_card":"summary_large_image","twitter_misc":{"Est. reading time":"1 minute"},"schema":{"@context":"https:\/\/schema.org","@graph":[{"@type":"WebPage","@id":"https:\/\/mf.unsa.ba\/fakultet\/dekani-od-osnivanja-do-danas\/","url":"https:\/\/mf.unsa.ba\/fakultet\/dekani-od-osnivanja-do-danas\/","name":"Dekani od osnivanja do danas - Medicinski fakultet u Sarajevu","isPartOf":{"@id":"https:\/\/mf.unsa.ba\/#website"},"datePublished":"2025-02-23T21:35:40+00:00","dateModified":"2025-02-23T21:36:52+00:00","breadcrumb":{"@id":"https:\/\/mf.unsa.ba\/fakultet\/dekani-od-osnivanja-do-danas\/#breadcrumb"},"inLanguage":"en-US","potentialAction":[{"@type":"ReadAction","target":["https:\/\/mf.unsa.ba\/fakultet\/dekani-od-osnivanja-do-danas\/"]}]},{"@type":"BreadcrumbList","@id":"https:\/\/mf.unsa.ba\/fakultet\/dekani-od-osnivanja-do-danas\/#breadcrumb","itemListElement":[{"@type":"ListItem","position":1,"name":"Home","item":"https:\/\/mf.unsa.ba\/"},{"@type":"ListItem","position":2,"name":"Fakultet","item":"https:\/\/mf.unsa.ba\/fakultet\/"},{"@type":"ListItem","position":3,"name":"Dekani od osnivanja do danas"}]},{"@type":"WebSite","@id":"https:\/\/mf.unsa.ba\/#website","url":"https:\/\/mf.unsa.ba\/","name":"Medicinski fakultet u Sarajevu","description":"","potentialAction":[{"@type":"SearchAction","target":{"@type":"EntryPoint","urlTemplate":"https:\/\/mf.unsa.ba\/?s={search_term_string}"},"query-input":{"@type":"PropertyValueSpecification","valueRequired":true,"valueName":"search_term_string"}}],"inLanguage":"en-US"}]}},"_links":{"self":[{"href":"https:\/\/mf.unsa.ba\/en\/wp-json\/wp\/v2\/pages\/5635","targetHints":{"allow":["GET"]}}],"collection":[{"href":"https:\/\/mf.unsa.ba\/en\/wp-json\/wp\/v2\/pages"}],"about":[{"href":"https:\/\/mf.unsa.ba\/en\/wp-json\/wp\/v2\/types\/page"}],"author":[{"embeddable":true,"href":"https:\/\/mf.unsa.ba\/en\/wp-json\/wp\/v2\/users\/1"}],"replies":[{"embeddable":true,"href":"https:\/\/mf.unsa.ba\/en\/wp-json\/wp\/v2\/comments?post=5635"}],"version-history":[{"count":3,"href":"https:\/\/mf.unsa.ba\/en\/wp-json\/wp\/v2\/pages\/5635\/revisions"}],"predecessor-version":[{"id":5638,"href":"https:\/\/mf.unsa.ba\/en\/wp-json\/wp\/v2\/pages\/5635\/revisions\/5638"}],"up":[{"embeddable":true,"href":"https:\/\/mf.unsa.ba\/en\/wp-json\/wp\/v2\/pages\/176"}],"wp:attachment":[{"href":"https:\/\/mf.unsa.ba\/en\/wp-json\/wp\/v2\/media?parent=5635"}],"curies":[{"name":"wp","href":"https:\/\/api.w.org\/{rel}","templated":true}]}}