{"id":770,"date":"2024-12-19T08:12:15","date_gmt":"2024-12-19T08:12:15","guid":{"rendered":"https:\/\/maniapanel.win\/medicinski-fakultet\/?page_id=770"},"modified":"2026-02-17T11:22:18","modified_gmt":"2026-02-17T11:22:18","slug":"socijalna-medicina-sa-organizacijom-i-ekonomikom-zdravstvene-zastite","status":"publish","type":"page","link":"https:\/\/mf.unsa.ba\/en\/fakultet\/katedre\/socijalna-medicina-sa-organizacijom-i-ekonomikom-zdravstvene-zastite\/","title":{"rendered":"Department of Social Medicine with Organization and Economics of Health Care"},"content":{"rendered":"<p>Teaching at the<strong> Department of Social Medicine with Organization and Economics of Health Care<\/strong> covers areas that enable students to understand the role of social, economic, and political factors in the health of individuals and communities, as well as the principles of effective health care organization. The academic staff of the Department is also engaged in research in the fields of health policy, health economics, population health analysis, and the development of strategies to improve the quality and accessibility of health care.<\/p>\n\n\n\n<p><strong>List of Courses Offered by the <\/strong><strong>Department of Social Medicine with Organization and Economics of Health Care<\/strong><\/p>\n\n\n\n<p><strong>Required Courses:<\/strong><\/p>\n\n\n\n<ul class=\"wp-block-list\">\n<li>Uvod u medicinu i povjest (historija) medicine<\/li>\n\n\n\n<li>Socijalna medicina i organizacija zdravstvene za\u0161tite 1<\/li>\n\n\n\n<li>Socijalna medicina i organizacija zdravstvene za\u0161tite 2<\/li>\n\n\n\n<li>Introduction to medicine and history of medicine<\/li>\n\n\n\n<li>Social medicine and organization of health care 1<\/li>\n\n\n\n<li>Social medicine and organization of health care 2<\/li>\n<\/ul>\n\n\n\n<p><br><strong>Elective Courses:<\/strong><strong><\/strong><\/p>\n\n\n\n<ul class=\"wp-block-list\">\n<li>Zdravstveni odgoj<\/li>\n\n\n\n<li>Health education<\/li>\n\n\n\n<li>Zdravstveni sistemi u svijetu \u2013 pogled iznutra<\/li>\n<\/ul>\n\n\n\n<h2 class=\"wp-block-heading\"><\/h2>\n\n\n        <div class=\"inner-notification-container-employees\">\n                            <div class=\"inner-notification-container-employes-bottom-card\">\n                   <div class=\"inner-notification-container-employes-bottom-card-image\">\n    <img decoding=\"async\" src=\"https:\/\/mf.unsa.ba\/wp-content\/uploads\/2024\/12\/amela-dzubur-alic.jpg\" alt=\"Prof. dr. Amela D\u017eubur-Ali\u0107\">\n<\/div>\n\n                    <div class=\"inner-notification-container-employes-bottom-card-info\">\n                        <h5>Prof. dr. Amela D\u017eubur-Ali\u0107<\/h5>\n\t\t\t\t\t\t \t\t\t\t\t\t  <p class=\"funkcija\">Head of Department \/ Full - time Professor<\/p>\n\t\t\t\t\t\t                        <a href=\"tel:+387 33 665 949\">\n                            <img decoding=\"async\" class=\"iconircud\" src=\"https:\/\/mf.unsa.ba\/wp-content\/themes\/medicinski-fakultet\/images\/small-phone-icon.svg\" alt=\"phone\">\n                            +387 33 665 949            (lokal 342)\n                            <\/a>\n                        <a href=\"mailto:amela.dzubur@mf.unsa.ba\">\n                            <img decoding=\"async\" class=\"iconircud\" src=\"https:\/\/mf.unsa.ba\/wp-content\/themes\/medicinski-fakultet\/images\/small-email-icon.svg\" alt=\"email\"> \n                            amela.dzubur@mf.unsa.ba                        <\/a>\n                        <a href=\"http:\/\/0000-0003-0132-1116\">\n                            <img decoding=\"async\" class=\"iconircud\" src=\"https:\/\/mf.unsa.ba\/wp-content\/themes\/medicinski-fakultet\/\/images\/small-id-icon.svg\" alt=\"id\">ORCID ID: 0000-0003-0132-1116                        <\/a>\n                    <\/div>\n                    <div class=\"inner-notification-container-employes-bottom-card-downloads\">\n                        <h6>Download Curriculum Vitae<\/h6>\n\t\t\t\t\t\t                          <a href=\"https:\/\/mf.unsa.ba\/wp-content\/uploads\/2025\/04\/Prof.-dr.-Amela-Dzubur-Alic.pdf\">\n                            <svg width=\"12\" height=\"9\" viewbox=\"0 0 12 9\" fill=\"none\" xmlns=\"http:\/\/www.w3.org\/2000\/svg\">\n                                <path d=\"M7.12652 7.77447C7.05849 7.83926 7.00393 7.9174 6.96609 8.00421C6.92825 8.09103 6.90791 8.18475 6.90627 8.27978C6.90462 8.3748 6.92173 8.4692 6.95655 8.55732C6.99137 8.64545 7.0432 8.7255 7.10894 8.79271C7.17469 8.85991 7.253 8.91289 7.3392 8.94849C7.42541 8.98409 7.51775 9.00157 7.61071 8.99989C7.70368 8.99821 7.79535 8.97741 7.88028 8.93873C7.96521 8.90005 8.04164 8.84428 8.10503 8.77474L11.7975 5.00014C11.9272 4.86743 12 4.68755 12 4.5C12 4.31245 11.9272 4.13257 11.7975 3.99986L8.10503 0.225257C8.04164 0.155722 7.96521 0.0999514 7.88028 0.0612684C7.79536 0.0225865 7.70368 0.00178681 7.61072 0.000110242C7.51775 -0.00156633 7.42541 0.0159136 7.33921 0.0515094C7.253 0.0871044 7.17469 0.140087 7.10894 0.207292C7.0432 0.274498 6.99137 0.354551 6.95655 0.442677C6.92173 0.530803 6.90463 0.625195 6.90627 0.720223C6.90791 0.815252 6.92825 0.908969 6.96609 0.995785C7.00394 1.0826 7.05849 1.16073 7.12652 1.22553L9.63741 3.79226L0.692342 3.79226C0.508722 3.79226 0.332621 3.86683 0.202782 3.99955C0.0729422 4.13228 -5.43862e-07 4.31229 -5.60272e-07 4.5C-5.76681e-07 4.6877 0.0729421 4.86772 0.202782 5.00045C0.332621 5.13317 0.508722 5.20774 0.692342 5.20774L9.63741 5.20774L7.12652 7.77447Z\" fill=\"#2487D1\"\/>\n                            <\/svg> \n                            Curriculum Vitae\n                        <\/a>\n\t\t\t\t\t\t\t\t\t\t\t\t\n\t\t\t\t\t\t                     <\/div>\n                <\/div>\n                            <div class=\"inner-notification-container-employes-bottom-card\">\n                   <div class=\"inner-notification-container-employes-bottom-card-image\">\n    <img decoding=\"async\" src=\"https:\/\/mf.unsa.ba\/wp-content\/uploads\/2024\/12\/amra-catovic.jpg\" alt=\"Prof. dr. Amra \u0106atovi\u0107\">\n<\/div>\n\n                    <div class=\"inner-notification-container-employes-bottom-card-info\">\n                        <h5>Prof. dr. Amra \u0106atovi\u0107<\/h5>\n\t\t\t\t\t\t \t\t\t\t\t\t  <p class=\"funkcija\">Full-time Professor<\/p>\n\t\t\t\t\t\t                        <a href=\"tel:+387 33 226 478\">\n                            <img decoding=\"async\" class=\"iconircud\" src=\"https:\/\/mf.unsa.ba\/wp-content\/themes\/medicinski-fakultet\/images\/small-phone-icon.svg\" alt=\"phone\">\n                            +387 33 226 478           (lokal 352)\n                            <\/a>\n                        <a href=\"mailto:amra.catovic@mf.unsa.ba\">\n                            <img decoding=\"async\" class=\"iconircud\" src=\"https:\/\/mf.unsa.ba\/wp-content\/themes\/medicinski-fakultet\/images\/small-email-icon.svg\" alt=\"email\"> \n                            amra.catovic@mf.unsa.ba                        <\/a>\n                        <a href=\"http:\/\/0009-0009-1899-6778\">\n                            <img decoding=\"async\" class=\"iconircud\" src=\"https:\/\/mf.unsa.ba\/wp-content\/themes\/medicinski-fakultet\/\/images\/small-id-icon.svg\" alt=\"id\">ORCID ID: 0009-0009-1899-6778                        <\/a>\n                    <\/div>\n                    <div class=\"inner-notification-container-employes-bottom-card-downloads\">\n                        <h6>Download Curriculum Vitae<\/h6>\n\t\t\t\t\t\t                          <a href=\"https:\/\/mf.unsa.ba\/wp-content\/uploads\/2025\/01\/Dr.sci_.-Amra-Catovic-redovni-profesor.docx\">\n                            <svg width=\"12\" height=\"9\" viewbox=\"0 0 12 9\" fill=\"none\" xmlns=\"http:\/\/www.w3.org\/2000\/svg\">\n                                <path d=\"M7.12652 7.77447C7.05849 7.83926 7.00393 7.9174 6.96609 8.00421C6.92825 8.09103 6.90791 8.18475 6.90627 8.27978C6.90462 8.3748 6.92173 8.4692 6.95655 8.55732C6.99137 8.64545 7.0432 8.7255 7.10894 8.79271C7.17469 8.85991 7.253 8.91289 7.3392 8.94849C7.42541 8.98409 7.51775 9.00157 7.61071 8.99989C7.70368 8.99821 7.79535 8.97741 7.88028 8.93873C7.96521 8.90005 8.04164 8.84428 8.10503 8.77474L11.7975 5.00014C11.9272 4.86743 12 4.68755 12 4.5C12 4.31245 11.9272 4.13257 11.7975 3.99986L8.10503 0.225257C8.04164 0.155722 7.96521 0.0999514 7.88028 0.0612684C7.79536 0.0225865 7.70368 0.00178681 7.61072 0.000110242C7.51775 -0.00156633 7.42541 0.0159136 7.33921 0.0515094C7.253 0.0871044 7.17469 0.140087 7.10894 0.207292C7.0432 0.274498 6.99137 0.354551 6.95655 0.442677C6.92173 0.530803 6.90463 0.625195 6.90627 0.720223C6.90791 0.815252 6.92825 0.908969 6.96609 0.995785C7.00394 1.0826 7.05849 1.16073 7.12652 1.22553L9.63741 3.79226L0.692342 3.79226C0.508722 3.79226 0.332621 3.86683 0.202782 3.99955C0.0729422 4.13228 -5.43862e-07 4.31229 -5.60272e-07 4.5C-5.76681e-07 4.6877 0.0729421 4.86772 0.202782 5.00045C0.332621 5.13317 0.508722 5.20774 0.692342 5.20774L9.63741 5.20774L7.12652 7.77447Z\" fill=\"#2487D1\"\/>\n                            <\/svg> \n                            Curriculum Vitae\n                        <\/a>\n\t\t\t\t\t\t\t\t\t\t\t\t\n\t\t\t\t\t\t                     <\/div>\n                <\/div>\n                            <div class=\"inner-notification-container-employes-bottom-card\">\n                   <div class=\"inner-notification-container-employes-bottom-card-image\">\n    <img decoding=\"async\" src=\"https:\/\/mf.unsa.ba\/wp-content\/uploads\/2024\/12\/aisa-smajic.jpg\" alt=\"Ai\u0161a Smaji\u0107\">\n<\/div>\n\n                    <div class=\"inner-notification-container-employes-bottom-card-info\">\n                        <h5>Ai\u0161a Smaji\u0107<\/h5>\n\t\t\t\t\t\t \t\t\t\t\t\t  <p class=\"funkcija\">Technical Secretary of the Department<\/p>\n\t\t\t\t\t\t                        <a href=\"tel:+387 33 665 949\">\n                            <img decoding=\"async\" class=\"iconircud\" src=\"https:\/\/mf.unsa.ba\/wp-content\/themes\/medicinski-fakultet\/images\/small-phone-icon.svg\" alt=\"phone\">\n                            +387 33 665 949            (lokal 341)\n                            <\/a>\n                        <a href=\"mailto:aisa.smajic@mf.unsa.ba\">\n                            <img decoding=\"async\" class=\"iconircud\" src=\"https:\/\/mf.unsa.ba\/wp-content\/themes\/medicinski-fakultet\/images\/small-email-icon.svg\" alt=\"email\"> \n                            aisa.smajic@mf.unsa.ba                        <\/a>\n                        <a href=\"\">\n                            <img decoding=\"async\" class=\"iconircud\" src=\"https:\/\/mf.unsa.ba\/wp-content\/themes\/medicinski-fakultet\/\/images\/small-id-icon.svg\" alt=\"id\">ORCID ID:                         <\/a>\n                    <\/div>\n                    <div class=\"inner-notification-container-employes-bottom-card-downloads\">\n                        <h6>Download Curriculum Vitae<\/h6>\n\t\t\t\t\t\t  \t\t\t\t\t\t\n\t\t\t\t\t\t                     <\/div>\n                <\/div>\n                    <\/div>\n    \n\n\n<h2 class=\"wp-block-heading\">Consultation Hours (2025\/2026 Academic Year)<\/h2>\n\n\n        <div class=\"inner-notification-container-termini\">\n                            <div class=\"inner-notification-container-termini-card\">\n                    <h5>Prof. dr. Amela D\u017eubur-Ali\u0107<\/h5>\n                    <p>Every working day: 10:00 \u2013 12:00<\/p>\n                <\/div>\n                            <div class=\"inner-notification-container-termini-card\">\n                    <h5>Prof. dr. Amra \u0106atovi\u0107<\/h5>\n                    <p>Every working day: 12:00 \u2013 13:00<\/p>\n                <\/div>\n                    <\/div>","protected":false},"excerpt":{"rendered":"<p>Nastavna aktivnost na Katedri za socijalnu medicinu sa organizacijom i ekonomikom zdravstvene za\u0161tite obuhavata oblasti koje studentima omogu\u0107avaju razumijevanje uloge dru\u0161tvenih, ekonomskih i politi\u010dkih faktora u zdravlju pojedinca i zajednice, kao i principe efikasne organizacije zdravstvene za\u0161tite. Akademsko osoblje Katedre se, tako\u0111er, bavi istra\u017eiva\u010dkim radom u oblasti zdravstvene politike, ekonomije zdravstva, analiza zdravlja populacije, kao [&hellip;]<\/p>\n","protected":false},"author":1,"featured_media":0,"parent":166,"menu_order":0,"comment_status":"closed","ping_status":"closed","template":"","meta":{"_acf_changed":false,"footnotes":""},"class_list":["post-770","page","type-page","status-publish","hentry"],"acf":[],"yoast_head":"<!-- This site is optimized with the Yoast SEO plugin v27.3 - https:\/\/yoast.com\/product\/yoast-seo-wordpress\/ -->\n<title>SOCIJALNA MEDICINA SA ORGANIZACIJOM I EKONOMIKOM ZDRAVSTVENE ZA\u0160TITE - Medicinski fakultet u Sarajevu<\/title>\n<meta name=\"robots\" content=\"index, follow, max-snippet:-1, max-image-preview:large, max-video-preview:-1\" \/>\n<link rel=\"canonical\" href=\"https:\/\/mf.unsa.ba\/en\/fakultet\/katedre\/socijalna-medicina-sa-organizacijom-i-ekonomikom-zdravstvene-zastite\/\" \/>\n<meta property=\"og:locale\" content=\"en_US\" \/>\n<meta property=\"og:type\" content=\"article\" \/>\n<meta property=\"og:title\" content=\"SOCIJALNA MEDICINA SA ORGANIZACIJOM I EKONOMIKOM ZDRAVSTVENE ZA\u0160TITE - Medicinski fakultet u Sarajevu\" \/>\n<meta property=\"og:description\" content=\"Nastavna aktivnost na Katedri za socijalnu medicinu sa organizacijom i ekonomikom zdravstvene za\u0161tite obuhavata oblasti koje studentima omogu\u0107avaju razumijevanje uloge dru\u0161tvenih, ekonomskih i politi\u010dkih faktora u zdravlju pojedinca i zajednice, kao i principe efikasne organizacije zdravstvene za\u0161tite. Akademsko osoblje Katedre se, tako\u0111er, bavi istra\u017eiva\u010dkim radom u oblasti zdravstvene politike, ekonomije zdravstva, analiza zdravlja populacije, kao [&hellip;]\" \/>\n<meta property=\"og:url\" content=\"https:\/\/mf.unsa.ba\/en\/fakultet\/katedre\/socijalna-medicina-sa-organizacijom-i-ekonomikom-zdravstvene-zastite\/\" \/>\n<meta property=\"og:site_name\" content=\"Medicinski fakultet u Sarajevu\" \/>\n<meta property=\"article:publisher\" content=\"https:\/\/www.facebook.com\/medicinski.fakultet.unsa\/\" \/>\n<meta property=\"article:modified_time\" content=\"2026-02-17T11:22:18+00:00\" \/>\n<meta name=\"twitter:card\" content=\"summary_large_image\" \/>\n<meta name=\"twitter:label1\" content=\"Est. reading time\" \/>\n\t<meta name=\"twitter:data1\" content=\"1 minute\" \/>\n<script type=\"application\/ld+json\" class=\"yoast-schema-graph\">{\"@context\":\"https:\\\/\\\/schema.org\",\"@graph\":[{\"@type\":\"WebPage\",\"@id\":\"https:\\\/\\\/mf.unsa.ba\\\/fakultet\\\/katedre\\\/socijalna-medicina-sa-organizacijom-i-ekonomikom-zdravstvene-zastite\\\/\",\"url\":\"https:\\\/\\\/mf.unsa.ba\\\/fakultet\\\/katedre\\\/socijalna-medicina-sa-organizacijom-i-ekonomikom-zdravstvene-zastite\\\/\",\"name\":\"SOCIJALNA MEDICINA SA ORGANIZACIJOM I EKONOMIKOM ZDRAVSTVENE ZA\u0160TITE - Medicinski fakultet u Sarajevu\",\"isPartOf\":{\"@id\":\"https:\\\/\\\/mf.unsa.ba\\\/#website\"},\"datePublished\":\"2024-12-19T08:12:15+00:00\",\"dateModified\":\"2026-02-17T11:22:18+00:00\",\"breadcrumb\":{\"@id\":\"https:\\\/\\\/mf.unsa.ba\\\/fakultet\\\/katedre\\\/socijalna-medicina-sa-organizacijom-i-ekonomikom-zdravstvene-zastite\\\/#breadcrumb\"},\"inLanguage\":\"en-US\",\"potentialAction\":[{\"@type\":\"ReadAction\",\"target\":[\"https:\\\/\\\/mf.unsa.ba\\\/fakultet\\\/katedre\\\/socijalna-medicina-sa-organizacijom-i-ekonomikom-zdravstvene-zastite\\\/\"]}]},{\"@type\":\"BreadcrumbList\",\"@id\":\"https:\\\/\\\/mf.unsa.ba\\\/fakultet\\\/katedre\\\/socijalna-medicina-sa-organizacijom-i-ekonomikom-zdravstvene-zastite\\\/#breadcrumb\",\"itemListElement\":[{\"@type\":\"ListItem\",\"position\":1,\"name\":\"Home\",\"item\":\"https:\\\/\\\/mf.unsa.ba\\\/\"},{\"@type\":\"ListItem\",\"position\":2,\"name\":\"Fakultet\",\"item\":\"https:\\\/\\\/mf.unsa.ba\\\/fakultet\\\/\"},{\"@type\":\"ListItem\",\"position\":3,\"name\":\"Katedre\",\"item\":\"https:\\\/\\\/mf.unsa.ba\\\/fakultet\\\/katedre\\\/\"},{\"@type\":\"ListItem\",\"position\":4,\"name\":\"SOCIJALNA MEDICINA SA ORGANIZACIJOM I EKONOMIKOM ZDRAVSTVENE ZA\u0160TITE\"}]},{\"@type\":\"WebSite\",\"@id\":\"https:\\\/\\\/mf.unsa.ba\\\/#website\",\"url\":\"https:\\\/\\\/mf.unsa.ba\\\/\",\"name\":\"Medicinski fakultet u Sarajevu\",\"description\":\"\",\"potentialAction\":[{\"@type\":\"SearchAction\",\"target\":{\"@type\":\"EntryPoint\",\"urlTemplate\":\"https:\\\/\\\/mf.unsa.ba\\\/?s={search_term_string}\"},\"query-input\":{\"@type\":\"PropertyValueSpecification\",\"valueRequired\":true,\"valueName\":\"search_term_string\"}}],\"inLanguage\":\"en-US\"}]}<\/script>\n<!-- \/ Yoast SEO plugin. -->","yoast_head_json":{"title":"SOCIJALNA MEDICINA SA ORGANIZACIJOM I EKONOMIKOM ZDRAVSTVENE ZA\u0160TITE - Medicinski fakultet u Sarajevu","robots":{"index":"index","follow":"follow","max-snippet":"max-snippet:-1","max-image-preview":"max-image-preview:large","max-video-preview":"max-video-preview:-1"},"canonical":"https:\/\/mf.unsa.ba\/en\/fakultet\/katedre\/socijalna-medicina-sa-organizacijom-i-ekonomikom-zdravstvene-zastite\/","og_locale":"en_US","og_type":"article","og_title":"SOCIJALNA MEDICINA SA ORGANIZACIJOM I EKONOMIKOM ZDRAVSTVENE ZA\u0160TITE - Medicinski fakultet u Sarajevu","og_description":"Nastavna aktivnost na Katedri za socijalnu medicinu sa organizacijom i ekonomikom zdravstvene za\u0161tite obuhavata oblasti koje studentima omogu\u0107avaju razumijevanje uloge dru\u0161tvenih, ekonomskih i politi\u010dkih faktora u zdravlju pojedinca i zajednice, kao i principe efikasne organizacije zdravstvene za\u0161tite. Akademsko osoblje Katedre se, tako\u0111er, bavi istra\u017eiva\u010dkim radom u oblasti zdravstvene politike, ekonomije zdravstva, analiza zdravlja populacije, kao [&hellip;]","og_url":"https:\/\/mf.unsa.ba\/en\/fakultet\/katedre\/socijalna-medicina-sa-organizacijom-i-ekonomikom-zdravstvene-zastite\/","og_site_name":"Medicinski fakultet u Sarajevu","article_publisher":"https:\/\/www.facebook.com\/medicinski.fakultet.unsa\/","article_modified_time":"2026-02-17T11:22:18+00:00","twitter_card":"summary_large_image","twitter_misc":{"Est. reading time":"1 minute"},"schema":{"@context":"https:\/\/schema.org","@graph":[{"@type":"WebPage","@id":"https:\/\/mf.unsa.ba\/fakultet\/katedre\/socijalna-medicina-sa-organizacijom-i-ekonomikom-zdravstvene-zastite\/","url":"https:\/\/mf.unsa.ba\/fakultet\/katedre\/socijalna-medicina-sa-organizacijom-i-ekonomikom-zdravstvene-zastite\/","name":"SOCIJALNA MEDICINA SA ORGANIZACIJOM I EKONOMIKOM ZDRAVSTVENE ZA\u0160TITE - Medicinski fakultet u Sarajevu","isPartOf":{"@id":"https:\/\/mf.unsa.ba\/#website"},"datePublished":"2024-12-19T08:12:15+00:00","dateModified":"2026-02-17T11:22:18+00:00","breadcrumb":{"@id":"https:\/\/mf.unsa.ba\/fakultet\/katedre\/socijalna-medicina-sa-organizacijom-i-ekonomikom-zdravstvene-zastite\/#breadcrumb"},"inLanguage":"en-US","potentialAction":[{"@type":"ReadAction","target":["https:\/\/mf.unsa.ba\/fakultet\/katedre\/socijalna-medicina-sa-organizacijom-i-ekonomikom-zdravstvene-zastite\/"]}]},{"@type":"BreadcrumbList","@id":"https:\/\/mf.unsa.ba\/fakultet\/katedre\/socijalna-medicina-sa-organizacijom-i-ekonomikom-zdravstvene-zastite\/#breadcrumb","itemListElement":[{"@type":"ListItem","position":1,"name":"Home","item":"https:\/\/mf.unsa.ba\/"},{"@type":"ListItem","position":2,"name":"Fakultet","item":"https:\/\/mf.unsa.ba\/fakultet\/"},{"@type":"ListItem","position":3,"name":"Katedre","item":"https:\/\/mf.unsa.ba\/fakultet\/katedre\/"},{"@type":"ListItem","position":4,"name":"SOCIJALNA MEDICINA SA ORGANIZACIJOM I EKONOMIKOM ZDRAVSTVENE ZA\u0160TITE"}]},{"@type":"WebSite","@id":"https:\/\/mf.unsa.ba\/#website","url":"https:\/\/mf.unsa.ba\/","name":"Medicinski fakultet u Sarajevu","description":"","potentialAction":[{"@type":"SearchAction","target":{"@type":"EntryPoint","urlTemplate":"https:\/\/mf.unsa.ba\/?s={search_term_string}"},"query-input":{"@type":"PropertyValueSpecification","valueRequired":true,"valueName":"search_term_string"}}],"inLanguage":"en-US"}]}},"_links":{"self":[{"href":"https:\/\/mf.unsa.ba\/en\/wp-json\/wp\/v2\/pages\/770","targetHints":{"allow":["GET"]}}],"collection":[{"href":"https:\/\/mf.unsa.ba\/en\/wp-json\/wp\/v2\/pages"}],"about":[{"href":"https:\/\/mf.unsa.ba\/en\/wp-json\/wp\/v2\/types\/page"}],"author":[{"embeddable":true,"href":"https:\/\/mf.unsa.ba\/en\/wp-json\/wp\/v2\/users\/1"}],"replies":[{"embeddable":true,"href":"https:\/\/mf.unsa.ba\/en\/wp-json\/wp\/v2\/comments?post=770"}],"version-history":[{"count":18,"href":"https:\/\/mf.unsa.ba\/en\/wp-json\/wp\/v2\/pages\/770\/revisions"}],"predecessor-version":[{"id":8038,"href":"https:\/\/mf.unsa.ba\/en\/wp-json\/wp\/v2\/pages\/770\/revisions\/8038"}],"up":[{"embeddable":true,"href":"https:\/\/mf.unsa.ba\/en\/wp-json\/wp\/v2\/pages\/166"}],"wp:attachment":[{"href":"https:\/\/mf.unsa.ba\/en\/wp-json\/wp\/v2\/media?parent=770"}],"curies":[{"name":"wp","href":"https:\/\/api.w.org\/{rel}","templated":true}]}}