{"id":777,"date":"2024-12-19T08:23:28","date_gmt":"2024-12-19T08:23:28","guid":{"rendered":"https:\/\/maniapanel.win\/medicinski-fakultet\/?page_id=777"},"modified":"2026-02-17T11:25:15","modified_gmt":"2026-02-17T11:25:15","slug":"porodicna-medicina","status":"publish","type":"page","link":"https:\/\/mf.unsa.ba\/en\/fakultet\/katedre\/porodicna-medicina\/","title":{"rendered":"Department of Family Medicine"},"content":{"rendered":"<p>The organization of teaching at the<strong> Department of Family Medicine<\/strong> enables students to understand the role of family medicine in integrating primary health care, diagnosing and treating a wide range of health conditions, and promoting health and preventing disease. The Department\u2019s staff is also engaged in scientific research, exploring the effectiveness of family medicine models, improving the quality of health care in the community, and developing new approaches to ensure better health and well-being for families.<\/p>\n\n\n\n<p><strong>List of Courses Offered by the <\/strong><strong>Department of Family Medicine<\/strong><\/p>\n\n\n\n<p><strong>Required Courses:<\/strong><\/p>\n\n\n\n<ul class=\"wp-block-list\">\n<li>Department of Family Medicine<\/li>\n\n\n\n<li>Turnusna nastava: Porodi\u010dna\/obiteljska medicina<\/li>\n\n\n\n<li>Family Medicine<\/li>\n\n\n\n<li>Clinical Rotation: Family Medicine<\/li>\n<\/ul>\n\n\n\n<p><strong>Elective Courses:<\/strong><\/p>\n\n\n\n<ul class=\"wp-block-list\">\n<li>Kompleksni pacijenti<\/li>\n\n\n\n<li>Medically Complex Patients<\/li>\n<\/ul>\n\n\n\n<h2 class=\"wp-block-heading\"><\/h2>\n\n\n        <div class=\"inner-notification-container-employees\">\n                            <div class=\"inner-notification-container-employes-bottom-card\">\n                   <div class=\"inner-notification-container-employes-bottom-card-image\">\n    <img decoding=\"async\" src=\"https:\/\/mf.unsa.ba\/wp-content\/uploads\/2025\/01\/medicinski-fakultet-sarajevo.png\" alt=\"Prof. dr. Zaim Jati\u0107\">\n<\/div>\n\n                    <div class=\"inner-notification-container-employes-bottom-card-info\">\n                        <h5>Prof. dr. Zaim Jati\u0107<\/h5>\n\t\t\t\t\t\t \t\t\t\t\t\t  <p class=\"funkcija\">Head of Department \/ Full-time Professor<\/p>\n\t\t\t\t\t\t                        <a href=\"tel:\">\n                            <img decoding=\"async\" class=\"iconircud\" src=\"https:\/\/mf.unsa.ba\/wp-content\/themes\/medicinski-fakultet\/images\/small-phone-icon.svg\" alt=\"phone\">\n                                                       <\/a>\n                        <a href=\"mailto:zaim.jatic@mf.unsa.ba\">\n                            <img decoding=\"async\" class=\"iconircud\" src=\"https:\/\/mf.unsa.ba\/wp-content\/themes\/medicinski-fakultet\/images\/small-email-icon.svg\" alt=\"email\"> \n                            zaim.jatic@mf.unsa.ba                        <\/a>\n                        <a href=\"\">\n                            <img decoding=\"async\" class=\"iconircud\" src=\"https:\/\/mf.unsa.ba\/wp-content\/themes\/medicinski-fakultet\/\/images\/small-id-icon.svg\" alt=\"id\">ORCID ID:                         <\/a>\n                    <\/div>\n                    <div class=\"inner-notification-container-employes-bottom-card-downloads\">\n                        <h6>Download Curriculum Vitae<\/h6>\n\t\t\t\t\t\t  \t\t\t\t\t\t\n\t\t\t\t\t\t                     <\/div>\n                <\/div>\n                            <div class=\"inner-notification-container-employes-bottom-card\">\n                   <div class=\"inner-notification-container-employes-bottom-card-image\">\n    <img decoding=\"async\" src=\"https:\/\/mf.unsa.ba\/wp-content\/uploads\/2025\/01\/medicinski-fakultet-sarajevo.png\" alt=\"Prof. dr.  Amira Skopljak \">\n<\/div>\n\n                    <div class=\"inner-notification-container-employes-bottom-card-info\">\n                        <h5>Prof. dr.  Amira Skopljak <\/h5>\n\t\t\t\t\t\t \t\t\t\t\t\t  <p class=\"funkcija\">Full-time Professor<\/p>\n\t\t\t\t\t\t                        <a href=\"tel:\">\n                            <img decoding=\"async\" class=\"iconircud\" src=\"https:\/\/mf.unsa.ba\/wp-content\/themes\/medicinski-fakultet\/images\/small-phone-icon.svg\" alt=\"phone\">\n                                                       <\/a>\n                        <a href=\"mailto:amira.skopljak@mf.unsa.ba\">\n                            <img decoding=\"async\" class=\"iconircud\" src=\"https:\/\/mf.unsa.ba\/wp-content\/themes\/medicinski-fakultet\/images\/small-email-icon.svg\" alt=\"email\"> \n                            amira.skopljak@mf.unsa.ba                        <\/a>\n                        <a href=\"\">\n                            <img decoding=\"async\" class=\"iconircud\" src=\"https:\/\/mf.unsa.ba\/wp-content\/themes\/medicinski-fakultet\/\/images\/small-id-icon.svg\" alt=\"id\">ORCID ID:                         <\/a>\n                    <\/div>\n                    <div class=\"inner-notification-container-employes-bottom-card-downloads\">\n                        <h6>Download Curriculum Vitae<\/h6>\n\t\t\t\t\t\t  \t\t\t\t\t\t\n\t\t\t\t\t\t                     <\/div>\n                <\/div>\n                            <div class=\"inner-notification-container-employes-bottom-card\">\n                   <div class=\"inner-notification-container-employes-bottom-card-image\">\n    <img decoding=\"async\" src=\"https:\/\/mf.unsa.ba\/wp-content\/uploads\/2025\/01\/medicinski-fakultet-sarajevo.png\" alt=\"Ass. dr. Nata\u0161a Trifunovi\u0107\">\n<\/div>\n\n                    <div class=\"inner-notification-container-employes-bottom-card-info\">\n                        <h5>Ass. dr. Nata\u0161a Trifunovi\u0107<\/h5>\n\t\t\t\t\t\t \t\t\t\t\t\t  <p class=\"funkcija\">Senior Teaching Assistant with PhD<\/p>\n\t\t\t\t\t\t                        <a href=\"tel:\">\n                            <img decoding=\"async\" class=\"iconircud\" src=\"https:\/\/mf.unsa.ba\/wp-content\/themes\/medicinski-fakultet\/images\/small-phone-icon.svg\" alt=\"phone\">\n                                                       <\/a>\n                        <a href=\"mailto:natasa.trifunovic@mf.unsa.ba\">\n                            <img decoding=\"async\" class=\"iconircud\" src=\"https:\/\/mf.unsa.ba\/wp-content\/themes\/medicinski-fakultet\/images\/small-email-icon.svg\" alt=\"email\"> \n                            natasa.trifunovic@mf.unsa.ba                        <\/a>\n                        <a href=\"\">\n                            <img decoding=\"async\" class=\"iconircud\" src=\"https:\/\/mf.unsa.ba\/wp-content\/themes\/medicinski-fakultet\/\/images\/small-id-icon.svg\" alt=\"id\">ORCID ID:                         <\/a>\n                    <\/div>\n                    <div class=\"inner-notification-container-employes-bottom-card-downloads\">\n                        <h6>Download Curriculum Vitae<\/h6>\n\t\t\t\t\t\t  \t\t\t\t\t\t\n\t\t\t\t\t\t                     <\/div>\n                <\/div>\n                            <div class=\"inner-notification-container-employes-bottom-card\">\n                   <div class=\"inner-notification-container-employes-bottom-card-image\">\n    <img decoding=\"async\" src=\"https:\/\/mf.unsa.ba\/wp-content\/uploads\/2025\/01\/medicinski-fakultet-sarajevo.png\" alt=\"Ass. dr. Hasiba Erko\u010devi\u0107\">\n<\/div>\n\n                    <div class=\"inner-notification-container-employes-bottom-card-info\">\n                        <h5>Ass. dr. Hasiba Erko\u010devi\u0107<\/h5>\n\t\t\t\t\t\t \t\t\t\t\t\t  <p class=\"funkcija\">Senior Teaching Assistant with PhD<\/p>\n\t\t\t\t\t\t                        <a href=\"tel:\">\n                            <img decoding=\"async\" class=\"iconircud\" src=\"https:\/\/mf.unsa.ba\/wp-content\/themes\/medicinski-fakultet\/images\/small-phone-icon.svg\" alt=\"phone\">\n                                                       <\/a>\n                        <a href=\"mailto:hasiba.erkocevic@mf.unsa.ba\">\n                            <img decoding=\"async\" class=\"iconircud\" src=\"https:\/\/mf.unsa.ba\/wp-content\/themes\/medicinski-fakultet\/images\/small-email-icon.svg\" alt=\"email\"> \n                            hasiba.erkocevic@mf.unsa.ba                        <\/a>\n                        <a href=\"\">\n                            <img decoding=\"async\" class=\"iconircud\" src=\"https:\/\/mf.unsa.ba\/wp-content\/themes\/medicinski-fakultet\/\/images\/small-id-icon.svg\" alt=\"id\">ORCID ID:                         <\/a>\n                    <\/div>\n                    <div class=\"inner-notification-container-employes-bottom-card-downloads\">\n                        <h6>Download Curriculum Vitae<\/h6>\n\t\t\t\t\t\t  \t\t\t\t\t\t\n\t\t\t\t\t\t                     <\/div>\n                <\/div>\n                            <div class=\"inner-notification-container-employes-bottom-card\">\n                   <div class=\"inner-notification-container-employes-bottom-card-image\">\n    <img decoding=\"async\" src=\"https:\/\/mf.unsa.ba\/wp-content\/uploads\/2025\/01\/medicinski-fakultet-sarajevo.png\" alt=\"Ass. dr. Anel Bumbulovi\u0107\">\n<\/div>\n\n                    <div class=\"inner-notification-container-employes-bottom-card-info\">\n                        <h5>Ass. dr. Anel Bumbulovi\u0107<\/h5>\n\t\t\t\t\t\t \t\t\t\t\t\t  <p class=\"funkcija\">Teaching Assistant<\/p>\n\t\t\t\t\t\t                        <a href=\"tel:\">\n                            <img decoding=\"async\" class=\"iconircud\" src=\"https:\/\/mf.unsa.ba\/wp-content\/themes\/medicinski-fakultet\/images\/small-phone-icon.svg\" alt=\"phone\">\n                                                       <\/a>\n                        <a href=\"mailto:anel.bumbulovic@mf.unsa.ba\">\n                            <img decoding=\"async\" class=\"iconircud\" src=\"https:\/\/mf.unsa.ba\/wp-content\/themes\/medicinski-fakultet\/images\/small-email-icon.svg\" alt=\"email\"> \n                            anel.bumbulovic@mf.unsa.ba                        <\/a>\n                        <a href=\"\">\n                            <img decoding=\"async\" class=\"iconircud\" src=\"https:\/\/mf.unsa.ba\/wp-content\/themes\/medicinski-fakultet\/\/images\/small-id-icon.svg\" alt=\"id\">ORCID ID:                         <\/a>\n                    <\/div>\n                    <div class=\"inner-notification-container-employes-bottom-card-downloads\">\n                        <h6>Download Curriculum Vitae<\/h6>\n\t\t\t\t\t\t  \t\t\t\t\t\t\n\t\t\t\t\t\t                     <\/div>\n                <\/div>\n                            <div class=\"inner-notification-container-employes-bottom-card\">\n                   <div class=\"inner-notification-container-employes-bottom-card-image\">\n    <img decoding=\"async\" src=\"https:\/\/mf.unsa.ba\/wp-content\/uploads\/2025\/01\/medicinski-fakultet-sarajevo.png\" alt=\"Ass. dr. Amira Omerovi\u0107\">\n<\/div>\n\n                    <div class=\"inner-notification-container-employes-bottom-card-info\">\n                        <h5>Ass. dr. Amira Omerovi\u0107<\/h5>\n\t\t\t\t\t\t \t\t\t\t\t\t  <p class=\"funkcija\">Teaching Assistant<\/p>\n\t\t\t\t\t\t                        <a href=\"tel:\">\n                            <img decoding=\"async\" class=\"iconircud\" src=\"https:\/\/mf.unsa.ba\/wp-content\/themes\/medicinski-fakultet\/images\/small-phone-icon.svg\" alt=\"phone\">\n                                                       <\/a>\n                        <a href=\"mailto:amira.omerovic@mf.unsa.ba\">\n                            <img decoding=\"async\" class=\"iconircud\" src=\"https:\/\/mf.unsa.ba\/wp-content\/themes\/medicinski-fakultet\/images\/small-email-icon.svg\" alt=\"email\"> \n                            amira.omerovic@mf.unsa.ba                        <\/a>\n                        <a href=\"\">\n                            <img decoding=\"async\" class=\"iconircud\" src=\"https:\/\/mf.unsa.ba\/wp-content\/themes\/medicinski-fakultet\/\/images\/small-id-icon.svg\" alt=\"id\">ORCID ID:                         <\/a>\n                    <\/div>\n                    <div class=\"inner-notification-container-employes-bottom-card-downloads\">\n                        <h6>Download Curriculum Vitae<\/h6>\n\t\t\t\t\t\t  \t\t\t\t\t\t\n\t\t\t\t\t\t                     <\/div>\n                <\/div>\n                    <\/div>\n    \n\n\n<h2 class=\"wp-block-heading\">Consultation Hours (2025\/2026 Academic Year)<\/h2>\n\n\n        <div class=\"inner-notification-container-termini\">\n                            <div class=\"inner-notification-container-termini-card\">\n                    <h5>Prof. dr. Zaim Jati\u0107<\/h5>\n                    <p>Monday to Thursday, 13:00 \u2013 14:15<\/p>\n                <\/div>\n                            <div class=\"inner-notification-container-termini-card\">\n                    <h5>Prof. dr. Amira Skopljak <\/h5>\n                    <p>Monday to Thursday, 13:00 \u2013 14:15<\/p>\n                <\/div>\n                            <div class=\"inner-notification-container-termini-card\">\n                    <h5>Ass. dr. Nata\u0161a Trifunovi\u0107<\/h5>\n                    <p>Monday to Thursday, 13:00 \u2013 14:15<\/p>\n                <\/div>\n                            <div class=\"inner-notification-container-termini-card\">\n                    <h5>Ass. dr. Hasiba Erko\u010devi\u0107<\/h5>\n                    <p>Monday to Thursday, 13:00 \u2013 14:15<\/p>\n                <\/div>\n                            <div class=\"inner-notification-container-termini-card\">\n                    <h5>Ass. dr. Anel Bumbulovi\u0107<\/h5>\n                    <p>Every working day: 13:00 \u2013 14:15<\/p>\n                <\/div>\n                            <div class=\"inner-notification-container-termini-card\">\n                    <h5>Ass. dr. Amira Omerovi\u0107<\/h5>\n                    <p>Every working day: 13:00 \u2013 14:15<\/p>\n                <\/div>\n                    <\/div>","protected":false},"excerpt":{"rendered":"<p>Organizacija nastave na Katedri za porodi\u010dnu\/obiteljsku medicinu studentima omogu\u0107ava razumijevanje uloge porodi\u010dne medicine u integraciji primarne zdravstvene za\u0161tite, dijagnostici i lije\u010denju \u010ditavog spektra zdravstvenih problema, te promociji zdravlja i prevenciji bolesti. Osoblje Katedre se tako\u0111er bavi nau\u010dno-istra\u017eiva\u010dkim radom, istra\u017euju\u0107i efikasnost modela porodi\u010dne medicine, unapre\u0111ivanje kvaliteta zdravstvene za\u0161tite u zajednici, te razvijanje novih pristupa u obezbje\u0111ivanju [&hellip;]<\/p>\n","protected":false},"author":1,"featured_media":0,"parent":166,"menu_order":0,"comment_status":"closed","ping_status":"closed","template":"","meta":{"_acf_changed":false,"footnotes":""},"class_list":["post-777","page","type-page","status-publish","hentry"],"acf":[],"yoast_head":"<!-- This site is optimized with the Yoast SEO plugin v27.3 - https:\/\/yoast.com\/product\/yoast-seo-wordpress\/ -->\n<title>PORODI\u010cNA\/OBITELJSKA MEDICINA - Medicinski fakultet u Sarajevu<\/title>\n<meta name=\"robots\" content=\"index, follow, max-snippet:-1, max-image-preview:large, max-video-preview:-1\" \/>\n<link rel=\"canonical\" href=\"https:\/\/mf.unsa.ba\/en\/fakultet\/katedre\/porodicna-medicina\/\" \/>\n<meta property=\"og:locale\" content=\"en_US\" \/>\n<meta property=\"og:type\" content=\"article\" \/>\n<meta property=\"og:title\" content=\"PORODI\u010cNA\/OBITELJSKA MEDICINA - Medicinski fakultet u Sarajevu\" \/>\n<meta property=\"og:description\" content=\"Organizacija nastave na Katedri za porodi\u010dnu\/obiteljsku medicinu studentima omogu\u0107ava razumijevanje uloge porodi\u010dne medicine u integraciji primarne zdravstvene za\u0161tite, dijagnostici i lije\u010denju \u010ditavog spektra zdravstvenih problema, te promociji zdravlja i prevenciji bolesti. Osoblje Katedre se tako\u0111er bavi nau\u010dno-istra\u017eiva\u010dkim radom, istra\u017euju\u0107i efikasnost modela porodi\u010dne medicine, unapre\u0111ivanje kvaliteta zdravstvene za\u0161tite u zajednici, te razvijanje novih pristupa u obezbje\u0111ivanju [&hellip;]\" \/>\n<meta property=\"og:url\" content=\"https:\/\/mf.unsa.ba\/en\/fakultet\/katedre\/porodicna-medicina\/\" \/>\n<meta property=\"og:site_name\" content=\"Medicinski fakultet u Sarajevu\" \/>\n<meta property=\"article:publisher\" content=\"https:\/\/www.facebook.com\/medicinski.fakultet.unsa\/\" \/>\n<meta property=\"article:modified_time\" content=\"2026-02-17T11:25:15+00:00\" \/>\n<meta name=\"twitter:card\" content=\"summary_large_image\" \/>\n<meta name=\"twitter:label1\" content=\"Est. reading time\" \/>\n\t<meta name=\"twitter:data1\" content=\"1 minute\" \/>\n<script type=\"application\/ld+json\" class=\"yoast-schema-graph\">{\"@context\":\"https:\\\/\\\/schema.org\",\"@graph\":[{\"@type\":\"WebPage\",\"@id\":\"https:\\\/\\\/mf.unsa.ba\\\/fakultet\\\/katedre\\\/porodicna-medicina\\\/\",\"url\":\"https:\\\/\\\/mf.unsa.ba\\\/fakultet\\\/katedre\\\/porodicna-medicina\\\/\",\"name\":\"PORODI\u010cNA\\\/OBITELJSKA MEDICINA - Medicinski fakultet u Sarajevu\",\"isPartOf\":{\"@id\":\"https:\\\/\\\/mf.unsa.ba\\\/#website\"},\"datePublished\":\"2024-12-19T08:23:28+00:00\",\"dateModified\":\"2026-02-17T11:25:15+00:00\",\"breadcrumb\":{\"@id\":\"https:\\\/\\\/mf.unsa.ba\\\/fakultet\\\/katedre\\\/porodicna-medicina\\\/#breadcrumb\"},\"inLanguage\":\"en-US\",\"potentialAction\":[{\"@type\":\"ReadAction\",\"target\":[\"https:\\\/\\\/mf.unsa.ba\\\/fakultet\\\/katedre\\\/porodicna-medicina\\\/\"]}]},{\"@type\":\"BreadcrumbList\",\"@id\":\"https:\\\/\\\/mf.unsa.ba\\\/fakultet\\\/katedre\\\/porodicna-medicina\\\/#breadcrumb\",\"itemListElement\":[{\"@type\":\"ListItem\",\"position\":1,\"name\":\"Home\",\"item\":\"https:\\\/\\\/mf.unsa.ba\\\/\"},{\"@type\":\"ListItem\",\"position\":2,\"name\":\"Fakultet\",\"item\":\"https:\\\/\\\/mf.unsa.ba\\\/fakultet\\\/\"},{\"@type\":\"ListItem\",\"position\":3,\"name\":\"Katedre\",\"item\":\"https:\\\/\\\/mf.unsa.ba\\\/fakultet\\\/katedre\\\/\"},{\"@type\":\"ListItem\",\"position\":4,\"name\":\"PORODI\u010cNA\\\/OBITELJSKA MEDICINA\"}]},{\"@type\":\"WebSite\",\"@id\":\"https:\\\/\\\/mf.unsa.ba\\\/#website\",\"url\":\"https:\\\/\\\/mf.unsa.ba\\\/\",\"name\":\"Medicinski fakultet u Sarajevu\",\"description\":\"\",\"potentialAction\":[{\"@type\":\"SearchAction\",\"target\":{\"@type\":\"EntryPoint\",\"urlTemplate\":\"https:\\\/\\\/mf.unsa.ba\\\/?s={search_term_string}\"},\"query-input\":{\"@type\":\"PropertyValueSpecification\",\"valueRequired\":true,\"valueName\":\"search_term_string\"}}],\"inLanguage\":\"en-US\"}]}<\/script>\n<!-- \/ Yoast SEO plugin. -->","yoast_head_json":{"title":"PORODI\u010cNA\/OBITELJSKA MEDICINA - Medicinski fakultet u Sarajevu","robots":{"index":"index","follow":"follow","max-snippet":"max-snippet:-1","max-image-preview":"max-image-preview:large","max-video-preview":"max-video-preview:-1"},"canonical":"https:\/\/mf.unsa.ba\/en\/fakultet\/katedre\/porodicna-medicina\/","og_locale":"en_US","og_type":"article","og_title":"PORODI\u010cNA\/OBITELJSKA MEDICINA - Medicinski fakultet u Sarajevu","og_description":"Organizacija nastave na Katedri za porodi\u010dnu\/obiteljsku medicinu studentima omogu\u0107ava razumijevanje uloge porodi\u010dne medicine u integraciji primarne zdravstvene za\u0161tite, dijagnostici i lije\u010denju \u010ditavog spektra zdravstvenih problema, te promociji zdravlja i prevenciji bolesti. Osoblje Katedre se tako\u0111er bavi nau\u010dno-istra\u017eiva\u010dkim radom, istra\u017euju\u0107i efikasnost modela porodi\u010dne medicine, unapre\u0111ivanje kvaliteta zdravstvene za\u0161tite u zajednici, te razvijanje novih pristupa u obezbje\u0111ivanju [&hellip;]","og_url":"https:\/\/mf.unsa.ba\/en\/fakultet\/katedre\/porodicna-medicina\/","og_site_name":"Medicinski fakultet u Sarajevu","article_publisher":"https:\/\/www.facebook.com\/medicinski.fakultet.unsa\/","article_modified_time":"2026-02-17T11:25:15+00:00","twitter_card":"summary_large_image","twitter_misc":{"Est. reading time":"1 minute"},"schema":{"@context":"https:\/\/schema.org","@graph":[{"@type":"WebPage","@id":"https:\/\/mf.unsa.ba\/fakultet\/katedre\/porodicna-medicina\/","url":"https:\/\/mf.unsa.ba\/fakultet\/katedre\/porodicna-medicina\/","name":"PORODI\u010cNA\/OBITELJSKA MEDICINA - Medicinski fakultet u Sarajevu","isPartOf":{"@id":"https:\/\/mf.unsa.ba\/#website"},"datePublished":"2024-12-19T08:23:28+00:00","dateModified":"2026-02-17T11:25:15+00:00","breadcrumb":{"@id":"https:\/\/mf.unsa.ba\/fakultet\/katedre\/porodicna-medicina\/#breadcrumb"},"inLanguage":"en-US","potentialAction":[{"@type":"ReadAction","target":["https:\/\/mf.unsa.ba\/fakultet\/katedre\/porodicna-medicina\/"]}]},{"@type":"BreadcrumbList","@id":"https:\/\/mf.unsa.ba\/fakultet\/katedre\/porodicna-medicina\/#breadcrumb","itemListElement":[{"@type":"ListItem","position":1,"name":"Home","item":"https:\/\/mf.unsa.ba\/"},{"@type":"ListItem","position":2,"name":"Fakultet","item":"https:\/\/mf.unsa.ba\/fakultet\/"},{"@type":"ListItem","position":3,"name":"Katedre","item":"https:\/\/mf.unsa.ba\/fakultet\/katedre\/"},{"@type":"ListItem","position":4,"name":"PORODI\u010cNA\/OBITELJSKA MEDICINA"}]},{"@type":"WebSite","@id":"https:\/\/mf.unsa.ba\/#website","url":"https:\/\/mf.unsa.ba\/","name":"Medicinski fakultet u Sarajevu","description":"","potentialAction":[{"@type":"SearchAction","target":{"@type":"EntryPoint","urlTemplate":"https:\/\/mf.unsa.ba\/?s={search_term_string}"},"query-input":{"@type":"PropertyValueSpecification","valueRequired":true,"valueName":"search_term_string"}}],"inLanguage":"en-US"}]}},"_links":{"self":[{"href":"https:\/\/mf.unsa.ba\/en\/wp-json\/wp\/v2\/pages\/777","targetHints":{"allow":["GET"]}}],"collection":[{"href":"https:\/\/mf.unsa.ba\/en\/wp-json\/wp\/v2\/pages"}],"about":[{"href":"https:\/\/mf.unsa.ba\/en\/wp-json\/wp\/v2\/types\/page"}],"author":[{"embeddable":true,"href":"https:\/\/mf.unsa.ba\/en\/wp-json\/wp\/v2\/users\/1"}],"replies":[{"embeddable":true,"href":"https:\/\/mf.unsa.ba\/en\/wp-json\/wp\/v2\/comments?post=777"}],"version-history":[{"count":23,"href":"https:\/\/mf.unsa.ba\/en\/wp-json\/wp\/v2\/pages\/777\/revisions"}],"predecessor-version":[{"id":8042,"href":"https:\/\/mf.unsa.ba\/en\/wp-json\/wp\/v2\/pages\/777\/revisions\/8042"}],"up":[{"embeddable":true,"href":"https:\/\/mf.unsa.ba\/en\/wp-json\/wp\/v2\/pages\/166"}],"wp:attachment":[{"href":"https:\/\/mf.unsa.ba\/en\/wp-json\/wp\/v2\/media?parent=777"}],"curies":[{"name":"wp","href":"https:\/\/api.w.org\/{rel}","templated":true}]}}