{"id":972,"date":"2025-01-09T22:15:39","date_gmt":"2025-01-09T22:15:39","guid":{"rendered":"https:\/\/maniapanel.win\/medicinski-fakultet\/?page_id=972"},"modified":"2026-02-17T11:32:24","modified_gmt":"2026-02-17T11:32:24","slug":"onkologija","status":"publish","type":"page","link":"https:\/\/mf.unsa.ba\/en\/fakultet\/katedre\/onkologija\/","title":{"rendered":"Department of Oncology"},"content":{"rendered":"<p>At<strong> Department of Oncology<\/strong> are provided both theoretical and practical instruction in the field of oncology, with an emphasis on the diagnosis and treatment of malignant diseases, including tumors affecting various organs and systems. The curriculum focuses on modern therapeutic approaches such as surgery, radiotherapy, chemotherapy, and immunotherapy. Through its research activities, the academic staff contributes to the development of new diagnostic methods and innovations in cancer treatment.<\/p>\n\n\n\n<p><strong>Courses Offered by the Department of Oncology<\/strong><\/p>\n\n\n\n<p><strong>Required Courses:<\/strong><\/p>\n\n\n\n<ul class=\"wp-block-list\">\n<li>Department of Oncology<\/li>\n\n\n\n<li>Oncology<\/li>\n<\/ul>\n\n\n\n<p><strong>Elective Courses:<\/strong><\/p>\n\n\n\n<ul class=\"wp-block-list\">\n<li>Palijativna njega<\/li>\n\n\n\n<li>Karcinom dojke<\/li>\n\n\n\n<li>Palliative Care<\/li>\n\n\n\n<li>Prostate Cancer<\/li>\n<\/ul>\n\n\n\n<h2 class=\"wp-block-heading\"><\/h2>\n\n\n        <div class=\"inner-notification-container-employees\">\n                            <div class=\"inner-notification-container-employes-bottom-card\">\n                   <div class=\"inner-notification-container-employes-bottom-card-image\">\n    <img decoding=\"async\" src=\"https:\/\/mf.unsa.ba\/wp-content\/uploads\/2024\/12\/semir-beslija.jpg\" alt=\"Prof. dr. Semir Be\u0161lija\">\n<\/div>\n\n                    <div class=\"inner-notification-container-employes-bottom-card-info\">\n                        <h5>Prof. dr. Semir Be\u0161lija<\/h5>\n\t\t\t\t\t\t \t\t\t\t\t\t  <p class=\"funkcija\">Head of Department \/ Full-time Professor<\/p>\n\t\t\t\t\t\t                        <a href=\"tel:+387 33 298 356\">\n                            <img decoding=\"async\" class=\"iconircud\" src=\"https:\/\/mf.unsa.ba\/wp-content\/themes\/medicinski-fakultet\/images\/small-phone-icon.svg\" alt=\"phone\">\n                            +387 33 298 356                           <\/a>\n                        <a href=\"mailto:semir.beslija@mf.unsa.ba\">\n                            <img decoding=\"async\" class=\"iconircud\" src=\"https:\/\/mf.unsa.ba\/wp-content\/themes\/medicinski-fakultet\/images\/small-email-icon.svg\" alt=\"email\"> \n                            semir.beslija@mf.unsa.ba                        <\/a>\n                        <a href=\"http:\/\/0000-0002-3066-3871\">\n                            <img decoding=\"async\" class=\"iconircud\" src=\"https:\/\/mf.unsa.ba\/wp-content\/themes\/medicinski-fakultet\/\/images\/small-id-icon.svg\" alt=\"id\">ORCID ID: 0000-0002-3066-3871                        <\/a>\n                    <\/div>\n                    <div class=\"inner-notification-container-employes-bottom-card-downloads\">\n                        <h6>Download Curriculum Vitae<\/h6>\n\t\t\t\t\t\t                          <a href=\"https:\/\/mf.unsa.ba\/wp-content\/uploads\/2025\/04\/Prof.-dr.-Semir-Beslija.pdf\">\n                            <svg width=\"12\" height=\"9\" viewbox=\"0 0 12 9\" fill=\"none\" xmlns=\"http:\/\/www.w3.org\/2000\/svg\">\n                                <path d=\"M7.12652 7.77447C7.05849 7.83926 7.00393 7.9174 6.96609 8.00421C6.92825 8.09103 6.90791 8.18475 6.90627 8.27978C6.90462 8.3748 6.92173 8.4692 6.95655 8.55732C6.99137 8.64545 7.0432 8.7255 7.10894 8.79271C7.17469 8.85991 7.253 8.91289 7.3392 8.94849C7.42541 8.98409 7.51775 9.00157 7.61071 8.99989C7.70368 8.99821 7.79535 8.97741 7.88028 8.93873C7.96521 8.90005 8.04164 8.84428 8.10503 8.77474L11.7975 5.00014C11.9272 4.86743 12 4.68755 12 4.5C12 4.31245 11.9272 4.13257 11.7975 3.99986L8.10503 0.225257C8.04164 0.155722 7.96521 0.0999514 7.88028 0.0612684C7.79536 0.0225865 7.70368 0.00178681 7.61072 0.000110242C7.51775 -0.00156633 7.42541 0.0159136 7.33921 0.0515094C7.253 0.0871044 7.17469 0.140087 7.10894 0.207292C7.0432 0.274498 6.99137 0.354551 6.95655 0.442677C6.92173 0.530803 6.90463 0.625195 6.90627 0.720223C6.90791 0.815252 6.92825 0.908969 6.96609 0.995785C7.00394 1.0826 7.05849 1.16073 7.12652 1.22553L9.63741 3.79226L0.692342 3.79226C0.508722 3.79226 0.332621 3.86683 0.202782 3.99955C0.0729422 4.13228 -5.43862e-07 4.31229 -5.60272e-07 4.5C-5.76681e-07 4.6877 0.0729421 4.86772 0.202782 5.00045C0.332621 5.13317 0.508722 5.20774 0.692342 5.20774L9.63741 5.20774L7.12652 7.77447Z\" fill=\"#2487D1\"\/>\n                            <\/svg> \n                            Curriculum Vitae\n                        <\/a>\n\t\t\t\t\t\t\t\t\t\t\t\t\n\t\t\t\t\t\t                     <\/div>\n                <\/div>\n                            <div class=\"inner-notification-container-employes-bottom-card\">\n                   <div class=\"inner-notification-container-employes-bottom-card-image\">\n    <img decoding=\"async\" src=\"https:\/\/mf.unsa.ba\/wp-content\/uploads\/2024\/12\/timur-ceric.jpg\" alt=\"Prof. dr. Timur Ceri\u0107\">\n<\/div>\n\n                    <div class=\"inner-notification-container-employes-bottom-card-info\">\n                        <h5>Prof. dr. Timur Ceri\u0107<\/h5>\n\t\t\t\t\t\t \t\t\t\t\t\t  <p class=\"funkcija\">Associate Professor<\/p>\n\t\t\t\t\t\t                        <a href=\"tel:\">\n                            <img decoding=\"async\" class=\"iconircud\" src=\"https:\/\/mf.unsa.ba\/wp-content\/themes\/medicinski-fakultet\/images\/small-phone-icon.svg\" alt=\"phone\">\n                                                       <\/a>\n                        <a href=\"mailto:timur.ceric@mf.unsa.ba\">\n                            <img decoding=\"async\" class=\"iconircud\" src=\"https:\/\/mf.unsa.ba\/wp-content\/themes\/medicinski-fakultet\/images\/small-email-icon.svg\" alt=\"email\"> \n                            timur.ceric@mf.unsa.ba                        <\/a>\n                        <a href=\"http:\/\/0000-0001-5478-8057\">\n                            <img decoding=\"async\" class=\"iconircud\" src=\"https:\/\/mf.unsa.ba\/wp-content\/themes\/medicinski-fakultet\/\/images\/small-id-icon.svg\" alt=\"id\">ORCID ID: 0000-0001-5478-8057                        <\/a>\n                    <\/div>\n                    <div class=\"inner-notification-container-employes-bottom-card-downloads\">\n                        <h6>Download Curriculum Vitae<\/h6>\n\t\t\t\t\t\t                          <a href=\"https:\/\/mf.unsa.ba\/wp-content\/uploads\/2025\/04\/Prof.-dr.-Timur-Ceric.pdf\">\n                            <svg width=\"12\" height=\"9\" viewbox=\"0 0 12 9\" fill=\"none\" xmlns=\"http:\/\/www.w3.org\/2000\/svg\">\n                                <path d=\"M7.12652 7.77447C7.05849 7.83926 7.00393 7.9174 6.96609 8.00421C6.92825 8.09103 6.90791 8.18475 6.90627 8.27978C6.90462 8.3748 6.92173 8.4692 6.95655 8.55732C6.99137 8.64545 7.0432 8.7255 7.10894 8.79271C7.17469 8.85991 7.253 8.91289 7.3392 8.94849C7.42541 8.98409 7.51775 9.00157 7.61071 8.99989C7.70368 8.99821 7.79535 8.97741 7.88028 8.93873C7.96521 8.90005 8.04164 8.84428 8.10503 8.77474L11.7975 5.00014C11.9272 4.86743 12 4.68755 12 4.5C12 4.31245 11.9272 4.13257 11.7975 3.99986L8.10503 0.225257C8.04164 0.155722 7.96521 0.0999514 7.88028 0.0612684C7.79536 0.0225865 7.70368 0.00178681 7.61072 0.000110242C7.51775 -0.00156633 7.42541 0.0159136 7.33921 0.0515094C7.253 0.0871044 7.17469 0.140087 7.10894 0.207292C7.0432 0.274498 6.99137 0.354551 6.95655 0.442677C6.92173 0.530803 6.90463 0.625195 6.90627 0.720223C6.90791 0.815252 6.92825 0.908969 6.96609 0.995785C7.00394 1.0826 7.05849 1.16073 7.12652 1.22553L9.63741 3.79226L0.692342 3.79226C0.508722 3.79226 0.332621 3.86683 0.202782 3.99955C0.0729422 4.13228 -5.43862e-07 4.31229 -5.60272e-07 4.5C-5.76681e-07 4.6877 0.0729421 4.86772 0.202782 5.00045C0.332621 5.13317 0.508722 5.20774 0.692342 5.20774L9.63741 5.20774L7.12652 7.77447Z\" fill=\"#2487D1\"\/>\n                            <\/svg> \n                            Curriculum Vitae\n                        <\/a>\n\t\t\t\t\t\t\t\t\t\t\t\t\n\t\t\t\t\t\t                     <\/div>\n                <\/div>\n                    <\/div>\n    \n\n\n<h2 class=\"wp-block-heading\">Consultation Hours (2025\/2026 Academic Year)<\/h2>\n\n\n        <div class=\"inner-notification-container-termini\">\n                            <div class=\"inner-notification-container-termini-card\">\n                    <h5>Prof. dr. Semir Be\u0161lija<\/h5>\n                    <p>Consultation hours for the course Oncology are held every working day from 13:00 to 14:00 during the semester in which the course is delivered, by prior arrangement with the course professor or assistant.<\/p>\n                <\/div>\n                            <div class=\"inner-notification-container-termini-card\">\n                    <h5>Prof. dr. Timur Ceri\u0107<\/h5>\n                    <p>Consultation hours for the course Oncology are held every working day from 13:00 to 14:00 during the semester in which the course is delivered, by prior arrangement with the course professor or assistant.<\/p>\n                <\/div>\n                    <\/div>\n    \n\n\n<p><br><\/p>","protected":false},"excerpt":{"rendered":"<p>Na Katedri za onkologiju nastavna aktivnost se obavlja kroz teorijsku i prakti\u010dnu nastavu iz oblasti onkologije, s naglaskom na dijagnosticiranje, lije\u010denje malignih oboljenja, uklju\u010duju\u0107i tumore razli\u010ditih organa i sistema, te se fokusira na moderne terapijske pristupe kao \u0161to su hirurgija, radioterapija, hemoterapija i imunoterapija. Kroz svoje istra\u017eiva\u010dke aktivnosti, akademsko osoblje Katedre doprinosi razvoju novih dijagnosti\u010dkih [&hellip;]<\/p>\n","protected":false},"author":1,"featured_media":0,"parent":166,"menu_order":0,"comment_status":"closed","ping_status":"closed","template":"","meta":{"_acf_changed":false,"footnotes":""},"class_list":["post-972","page","type-page","status-publish","hentry"],"acf":[],"yoast_head":"<!-- This site is optimized with the Yoast SEO plugin v27.3 - https:\/\/yoast.com\/product\/yoast-seo-wordpress\/ -->\n<title>ONKOLOGIJA - Medicinski fakultet u Sarajevu<\/title>\n<meta name=\"robots\" content=\"index, follow, max-snippet:-1, max-image-preview:large, max-video-preview:-1\" \/>\n<link rel=\"canonical\" href=\"https:\/\/mf.unsa.ba\/en\/fakultet\/katedre\/onkologija\/\" \/>\n<meta property=\"og:locale\" content=\"en_US\" \/>\n<meta property=\"og:type\" content=\"article\" \/>\n<meta property=\"og:title\" content=\"ONKOLOGIJA - Medicinski fakultet u Sarajevu\" \/>\n<meta property=\"og:description\" content=\"Na Katedri za onkologiju nastavna aktivnost se obavlja kroz teorijsku i prakti\u010dnu nastavu iz oblasti onkologije, s naglaskom na dijagnosticiranje, lije\u010denje malignih oboljenja, uklju\u010duju\u0107i tumore razli\u010ditih organa i sistema, te se fokusira na moderne terapijske pristupe kao \u0161to su hirurgija, radioterapija, hemoterapija i imunoterapija. Kroz svoje istra\u017eiva\u010dke aktivnosti, akademsko osoblje Katedre doprinosi razvoju novih dijagnosti\u010dkih [&hellip;]\" \/>\n<meta property=\"og:url\" content=\"https:\/\/mf.unsa.ba\/en\/fakultet\/katedre\/onkologija\/\" \/>\n<meta property=\"og:site_name\" content=\"Medicinski fakultet u Sarajevu\" \/>\n<meta property=\"article:publisher\" content=\"https:\/\/www.facebook.com\/medicinski.fakultet.unsa\/\" \/>\n<meta property=\"article:modified_time\" content=\"2026-02-17T11:32:24+00:00\" \/>\n<meta name=\"twitter:card\" content=\"summary_large_image\" \/>\n<meta name=\"twitter:label1\" content=\"Est. reading time\" \/>\n\t<meta name=\"twitter:data1\" content=\"1 minute\" \/>\n<script type=\"application\/ld+json\" class=\"yoast-schema-graph\">{\"@context\":\"https:\\\/\\\/schema.org\",\"@graph\":[{\"@type\":\"WebPage\",\"@id\":\"https:\\\/\\\/mf.unsa.ba\\\/fakultet\\\/katedre\\\/onkologija\\\/\",\"url\":\"https:\\\/\\\/mf.unsa.ba\\\/fakultet\\\/katedre\\\/onkologija\\\/\",\"name\":\"ONKOLOGIJA - Medicinski fakultet u Sarajevu\",\"isPartOf\":{\"@id\":\"https:\\\/\\\/mf.unsa.ba\\\/#website\"},\"datePublished\":\"2025-01-09T22:15:39+00:00\",\"dateModified\":\"2026-02-17T11:32:24+00:00\",\"breadcrumb\":{\"@id\":\"https:\\\/\\\/mf.unsa.ba\\\/fakultet\\\/katedre\\\/onkologija\\\/#breadcrumb\"},\"inLanguage\":\"en-US\",\"potentialAction\":[{\"@type\":\"ReadAction\",\"target\":[\"https:\\\/\\\/mf.unsa.ba\\\/fakultet\\\/katedre\\\/onkologija\\\/\"]}]},{\"@type\":\"BreadcrumbList\",\"@id\":\"https:\\\/\\\/mf.unsa.ba\\\/fakultet\\\/katedre\\\/onkologija\\\/#breadcrumb\",\"itemListElement\":[{\"@type\":\"ListItem\",\"position\":1,\"name\":\"Home\",\"item\":\"https:\\\/\\\/mf.unsa.ba\\\/\"},{\"@type\":\"ListItem\",\"position\":2,\"name\":\"Fakultet\",\"item\":\"https:\\\/\\\/mf.unsa.ba\\\/fakultet\\\/\"},{\"@type\":\"ListItem\",\"position\":3,\"name\":\"Katedre\",\"item\":\"https:\\\/\\\/mf.unsa.ba\\\/fakultet\\\/katedre\\\/\"},{\"@type\":\"ListItem\",\"position\":4,\"name\":\"ONKOLOGIJA\"}]},{\"@type\":\"WebSite\",\"@id\":\"https:\\\/\\\/mf.unsa.ba\\\/#website\",\"url\":\"https:\\\/\\\/mf.unsa.ba\\\/\",\"name\":\"Medicinski fakultet u Sarajevu\",\"description\":\"\",\"potentialAction\":[{\"@type\":\"SearchAction\",\"target\":{\"@type\":\"EntryPoint\",\"urlTemplate\":\"https:\\\/\\\/mf.unsa.ba\\\/?s={search_term_string}\"},\"query-input\":{\"@type\":\"PropertyValueSpecification\",\"valueRequired\":true,\"valueName\":\"search_term_string\"}}],\"inLanguage\":\"en-US\"}]}<\/script>\n<!-- \/ Yoast SEO plugin. -->","yoast_head_json":{"title":"ONKOLOGIJA - Medicinski fakultet u Sarajevu","robots":{"index":"index","follow":"follow","max-snippet":"max-snippet:-1","max-image-preview":"max-image-preview:large","max-video-preview":"max-video-preview:-1"},"canonical":"https:\/\/mf.unsa.ba\/en\/fakultet\/katedre\/onkologija\/","og_locale":"en_US","og_type":"article","og_title":"ONKOLOGIJA - Medicinski fakultet u Sarajevu","og_description":"Na Katedri za onkologiju nastavna aktivnost se obavlja kroz teorijsku i prakti\u010dnu nastavu iz oblasti onkologije, s naglaskom na dijagnosticiranje, lije\u010denje malignih oboljenja, uklju\u010duju\u0107i tumore razli\u010ditih organa i sistema, te se fokusira na moderne terapijske pristupe kao \u0161to su hirurgija, radioterapija, hemoterapija i imunoterapija. Kroz svoje istra\u017eiva\u010dke aktivnosti, akademsko osoblje Katedre doprinosi razvoju novih dijagnosti\u010dkih [&hellip;]","og_url":"https:\/\/mf.unsa.ba\/en\/fakultet\/katedre\/onkologija\/","og_site_name":"Medicinski fakultet u Sarajevu","article_publisher":"https:\/\/www.facebook.com\/medicinski.fakultet.unsa\/","article_modified_time":"2026-02-17T11:32:24+00:00","twitter_card":"summary_large_image","twitter_misc":{"Est. reading time":"1 minute"},"schema":{"@context":"https:\/\/schema.org","@graph":[{"@type":"WebPage","@id":"https:\/\/mf.unsa.ba\/fakultet\/katedre\/onkologija\/","url":"https:\/\/mf.unsa.ba\/fakultet\/katedre\/onkologija\/","name":"ONKOLOGIJA - Medicinski fakultet u Sarajevu","isPartOf":{"@id":"https:\/\/mf.unsa.ba\/#website"},"datePublished":"2025-01-09T22:15:39+00:00","dateModified":"2026-02-17T11:32:24+00:00","breadcrumb":{"@id":"https:\/\/mf.unsa.ba\/fakultet\/katedre\/onkologija\/#breadcrumb"},"inLanguage":"en-US","potentialAction":[{"@type":"ReadAction","target":["https:\/\/mf.unsa.ba\/fakultet\/katedre\/onkologija\/"]}]},{"@type":"BreadcrumbList","@id":"https:\/\/mf.unsa.ba\/fakultet\/katedre\/onkologija\/#breadcrumb","itemListElement":[{"@type":"ListItem","position":1,"name":"Home","item":"https:\/\/mf.unsa.ba\/"},{"@type":"ListItem","position":2,"name":"Fakultet","item":"https:\/\/mf.unsa.ba\/fakultet\/"},{"@type":"ListItem","position":3,"name":"Katedre","item":"https:\/\/mf.unsa.ba\/fakultet\/katedre\/"},{"@type":"ListItem","position":4,"name":"ONKOLOGIJA"}]},{"@type":"WebSite","@id":"https:\/\/mf.unsa.ba\/#website","url":"https:\/\/mf.unsa.ba\/","name":"Medicinski fakultet u Sarajevu","description":"","potentialAction":[{"@type":"SearchAction","target":{"@type":"EntryPoint","urlTemplate":"https:\/\/mf.unsa.ba\/?s={search_term_string}"},"query-input":{"@type":"PropertyValueSpecification","valueRequired":true,"valueName":"search_term_string"}}],"inLanguage":"en-US"}]}},"_links":{"self":[{"href":"https:\/\/mf.unsa.ba\/en\/wp-json\/wp\/v2\/pages\/972","targetHints":{"allow":["GET"]}}],"collection":[{"href":"https:\/\/mf.unsa.ba\/en\/wp-json\/wp\/v2\/pages"}],"about":[{"href":"https:\/\/mf.unsa.ba\/en\/wp-json\/wp\/v2\/types\/page"}],"author":[{"embeddable":true,"href":"https:\/\/mf.unsa.ba\/en\/wp-json\/wp\/v2\/users\/1"}],"replies":[{"embeddable":true,"href":"https:\/\/mf.unsa.ba\/en\/wp-json\/wp\/v2\/comments?post=972"}],"version-history":[{"count":12,"href":"https:\/\/mf.unsa.ba\/en\/wp-json\/wp\/v2\/pages\/972\/revisions"}],"predecessor-version":[{"id":8056,"href":"https:\/\/mf.unsa.ba\/en\/wp-json\/wp\/v2\/pages\/972\/revisions\/8056"}],"up":[{"embeddable":true,"href":"https:\/\/mf.unsa.ba\/en\/wp-json\/wp\/v2\/pages\/166"}],"wp:attachment":[{"href":"https:\/\/mf.unsa.ba\/en\/wp-json\/wp\/v2\/media?parent=972"}],"curies":[{"name":"wp","href":"https:\/\/api.w.org\/{rel}","templated":true}]}}